{"id":101,"date":"2019-03-03T17:45:16","date_gmt":"2019-03-03T17:45:16","guid":{"rendered":"http:\/\/www.lamaisondabel.fr\/wordpress_o\/?page_id=101"},"modified":"2019-03-27T14:05:43","modified_gmt":"2019-03-27T14:05:43","slug":"les-commerces","status":"publish","type":"page","link":"https:\/\/www.lamaisondabel.fr\/index.php\/les-commerces\/","title":{"rendered":"Les commerces"},"content":{"rendered":"<p><img loading=\"lazy\" decoding=\"async\" class=\"aligncenter size-large wp-image-1627\" src=\"http:\/\/www.lamaisondabel.fr\/wp-content\/uploads\/2019\/03\/leclerc_1-1024x575.jpg\" alt=\"\" width=\"810\" height=\"455\" srcset=\"https:\/\/www.lamaisondabel.fr\/wp-content\/uploads\/2019\/03\/leclerc_1-1024x575.jpg 1024w, https:\/\/www.lamaisondabel.fr\/wp-content\/uploads\/2019\/03\/leclerc_1-300x169.jpg 300w, https:\/\/www.lamaisondabel.fr\/wp-content\/uploads\/2019\/03\/leclerc_1-768x431.jpg 768w, https:\/\/www.lamaisondabel.fr\/wp-content\/uploads\/2019\/03\/leclerc_1-50x28.jpg 50w, https:\/\/www.lamaisondabel.fr\/wp-content\/uploads\/2019\/03\/leclerc_1.jpg 1812w\" sizes=\"(max-width: 810px) 100vw, 810px\" \/><\/p>\n<p style=\"text-align: center;\"><span style=\"font-size: 28px; color: #0000ff;\">Centre commercial E. Leclerc \u00e0 1.5 km de la maison<\/span><\/p>\n<div class=\"toggle-context toggle-hide toggle-sm-max-only\">\n<div class=\"toggle-content\">\n<p style=\"text-align: center;\">ZAE la m\u00e9ridienne &#8211; Autoroute A75 sortie 54\u00a0<br \/>\n34700\u00a0LE BOSC\u00a0<br \/>\nT\u00e9l. :\u00a004.67.44.92.00\u00a0<\/p>\n<\/div>\n<\/div>\n<div class=\"toggle-context toggle-hide toggle-sm-max-only\">\n<h2 class=\"title-02 toggle-btn\" style=\"text-align: center;\">\u00a0Horaires d&#8217;ouverture<\/h2>\n<div class=\"toggle-content\">\n<p style=\"text-align: center;\"><span class=\"ng-scope ng-binding\">mercredi : 8h30 \u00e0 20h<\/span><\/p>\n<p style=\"text-align: center;\"><span class=\"ng-scope ng-binding\">jeudi : 8h30 \u00e0 20h<\/span><\/p>\n<p style=\"text-align: center;\"><span class=\"ng-scope ng-binding\">vendredi : 8h30 \u00e0 20h<\/span><\/p>\n<p style=\"text-align: center;\"><span class=\"ng-scope ng-binding\">samedi : 8h30 \u00e0 20h<\/span><\/p>\n<p style=\"text-align: center;\"><span class=\"ng-scope ng-binding\">dimanche : 8h30 \u00e0 12h45<\/span><\/p>\n<p style=\"text-align: center;\"><span class=\"ng-scope ng-binding\">lundi : 8h30 \u00e0 20h<\/span><\/p>\n<p style=\"text-align: center;\"><span class=\"ng-scope ng-binding\">mardi : 8h30 \u00e0 20h<\/span><\/p>\n<\/div>\n<\/div>\n<p>&nbsp;<\/p>\n<p style=\"text-align: center;\"><a href=\"http:\/\/www.e-leclerc.com\/le-bosc\" target=\"_blank\" rel=\"noopener noreferrer\">http:\/\/www.e-leclerc.com\/le-bosc<\/a><\/p>\n<p>&nbsp;<\/p>\n<p>&nbsp;<\/p>\n<p>&nbsp;<\/p>\n<p>&nbsp;<\/p>\n<p>&nbsp;<\/p>\n<p style=\"text-align: center;\"><img loading=\"lazy\" decoding=\"async\" class=\"aligncenter  wp-image-104\" src=\"http:\/\/www.lamaisondabel.fr\/wp-content\/uploads\/2019\/03\/super_u.jpg\" alt=\"\" width=\"810\" height=\"262\" srcset=\"https:\/\/www.lamaisondabel.fr\/wp-content\/uploads\/2019\/03\/super_u.jpg 340w, https:\/\/www.lamaisondabel.fr\/wp-content\/uploads\/2019\/03\/super_u-300x97.jpg 300w\" sizes=\"(max-width: 810px) 100vw, 810px\" \/><\/p>\n<p id=\"h.p_lGnRpqjxX1CZ\" class=\"zfr3Q\" style=\"text-align: center;\">A Lod\u00e8ve 5 km : Distributeurs automatiques de billets<\/p>\n<p>&nbsp;<\/p>\n<p>&nbsp;<\/p>\n<p>&nbsp;<\/p>\n<p>&nbsp;<\/p>\n<p id=\"h.p_kc0ST1-xX51d\" class=\"zfr3Q\" style=\"text-align: center;\">Super U &#8211; Netto &#8211; Carrefour Market &#8211; Tous commerces&#8230;<\/p>\n<p id=\"h.p_72leVkF5X51f\" class=\"zfr3Q\" style=\"text-align: center;\">ou<\/p>\n<p id=\"h.p_g1qCi_UZX51g\" class=\"zfr3Q\" style=\"text-align: center;\">\u00e0 Clermont l&#8217;H\u00e9rault : Intermarch\u00e9, Hyper U&#8230;<\/p>\n<p id=\"h.p_kJEVJPN9X51n\" class=\"zfr3Q\" style=\"text-align: center;\">Le mardi, le jeudi et le samedi le boulanger livre le pain dans le hameau de Saint Julien du Bosc\u00a0 (les horaires sont dans le livret d&#8217;accueil)<\/p>\n<p id=\"h.p_FGky62L-X51o\" class=\"zfr3Q\" style=\"text-align: center;\">Passage du facteur aux environs de midi<\/p>\n<p id=\"h.p_9rvjKggwX51q\" class=\"zfr3Q\" style=\"text-align: center;\"><a class=\"dhtgD\" href=\"http:\/\/www.lamaisondabel.fr\/index.php\/les-marches\/\">Les march\u00e9s dans la r\u00e9gion<\/a><\/p>\n","protected":false},"excerpt":{"rendered":"<p>Centre commercial E. Leclerc \u00e0 1.5 km de la maison ZAE la m\u00e9ridienne &#8211; Autoroute A75 sortie 54\u00a0 34700\u00a0LE BOSC\u00a0 T\u00e9l. :\u00a004.67.44.92.00\u00a0 \u00a0Horaires d&#8217;ouverture mercredi : 8h30 \u00e0 20h jeudi : 8h30 \u00e0 20h vendredi : 8h30 \u00e0 20h samedi : 8h30 \u00e0 20h dimanche : 8h30 \u00e0 12h45 lundi : 8h30 \u00e0 20h mardi [&hellip;]<\/p>\n","protected":false},"author":1,"featured_media":0,"parent":0,"menu_order":0,"comment_status":"closed","ping_status":"closed","template":"","meta":{"footnotes":""},"wppr_data":{"cwp_meta_box_check":"No"},"yoast_head":"<!-- This site is optimized with the Yoast SEO plugin v22.8 - https:\/\/yoast.com\/wordpress\/plugins\/seo\/ -->\n<title>Les commerces - La Maison d&#039;Abel<\/title>\n<meta name=\"robots\" content=\"index, follow, max-snippet:-1, max-image-preview:large, max-video-preview:-1\" \/>\n<link rel=\"canonical\" href=\"https:\/\/www.lamaisondabel.fr\/index.php\/les-commerces\/\" \/>\n<meta property=\"og:locale\" content=\"fr_FR\" \/>\n<meta property=\"og:type\" content=\"article\" \/>\n<meta property=\"og:title\" content=\"Les commerces - La Maison d&#039;Abel\" \/>\n<meta property=\"og:description\" content=\"Centre commercial E. Leclerc \u00e0 1.5 km de la maison ZAE la m\u00e9ridienne &#8211; Autoroute A75 sortie 54\u00a0 34700\u00a0LE BOSC\u00a0 T\u00e9l. :\u00a004.67.44.92.00\u00a0 \u00a0Horaires d&#8217;ouverture mercredi : 8h30 \u00e0 20h jeudi : 8h30 \u00e0 20h vendredi : 8h30 \u00e0 20h samedi : 8h30 \u00e0 20h dimanche : 8h30 \u00e0 12h45 lundi : 8h30 \u00e0 20h mardi [&hellip;]\" \/>\n<meta property=\"og:url\" content=\"https:\/\/www.lamaisondabel.fr\/index.php\/les-commerces\/\" \/>\n<meta property=\"og:site_name\" content=\"La Maison d&#039;Abel\" \/>\n<meta property=\"article:modified_time\" content=\"2019-03-27T14:05:43+00:00\" \/>\n<meta property=\"og:image\" content=\"http:\/\/www.lamaisondabel.fr\/wp-content\/uploads\/2019\/03\/leclerc_1-1024x575.jpg\" \/>\n<meta name=\"twitter:card\" content=\"summary_large_image\" \/>\n<meta name=\"twitter:label1\" content=\"Dur\u00e9e de lecture estim\u00e9e\" \/>\n\t<meta name=\"twitter:data1\" content=\"1 minute\" \/>\n<script type=\"application\/ld+json\" class=\"yoast-schema-graph\">{\"@context\":\"https:\/\/schema.org\",\"@graph\":[{\"@type\":\"WebPage\",\"@id\":\"https:\/\/www.lamaisondabel.fr\/index.php\/les-commerces\/\",\"url\":\"https:\/\/www.lamaisondabel.fr\/index.php\/les-commerces\/\",\"name\":\"Les commerces - La Maison d&#039;Abel\",\"isPartOf\":{\"@id\":\"https:\/\/www.lamaisondabel.fr\/#website\"},\"primaryImageOfPage\":{\"@id\":\"https:\/\/www.lamaisondabel.fr\/index.php\/les-commerces\/#primaryimage\"},\"image\":{\"@id\":\"https:\/\/www.lamaisondabel.fr\/index.php\/les-commerces\/#primaryimage\"},\"thumbnailUrl\":\"http:\/\/www.lamaisondabel.fr\/wp-content\/uploads\/2019\/03\/leclerc_1-1024x575.jpg\",\"datePublished\":\"2019-03-03T17:45:16+00:00\",\"dateModified\":\"2019-03-27T14:05:43+00:00\",\"breadcrumb\":{\"@id\":\"https:\/\/www.lamaisondabel.fr\/index.php\/les-commerces\/#breadcrumb\"},\"inLanguage\":\"fr-FR\",\"potentialAction\":[{\"@type\":\"ReadAction\",\"target\":[\"https:\/\/www.lamaisondabel.fr\/index.php\/les-commerces\/\"]}]},{\"@type\":\"ImageObject\",\"inLanguage\":\"fr-FR\",\"@id\":\"https:\/\/www.lamaisondabel.fr\/index.php\/les-commerces\/#primaryimage\",\"url\":\"https:\/\/www.lamaisondabel.fr\/wp-content\/uploads\/2019\/03\/leclerc_1.jpg\",\"contentUrl\":\"https:\/\/www.lamaisondabel.fr\/wp-content\/uploads\/2019\/03\/leclerc_1.jpg\",\"width\":1812,\"height\":1018},{\"@type\":\"BreadcrumbList\",\"@id\":\"https:\/\/www.lamaisondabel.fr\/index.php\/les-commerces\/#breadcrumb\",\"itemListElement\":[{\"@type\":\"ListItem\",\"position\":1,\"name\":\"Accueil\",\"item\":\"https:\/\/www.lamaisondabel.fr\/\"},{\"@type\":\"ListItem\",\"position\":2,\"name\":\"Les commerces\"}]},{\"@type\":\"WebSite\",\"@id\":\"https:\/\/www.lamaisondabel.fr\/#website\",\"url\":\"https:\/\/www.lamaisondabel.fr\/\",\"name\":\"La Maison d&#039;Abel\",\"description\":\"Lac du Salagou - Maison en location saisonni\u00e8re - Ouvert toute l&#039;ann\u00e9e.\",\"potentialAction\":[{\"@type\":\"SearchAction\",\"target\":{\"@type\":\"EntryPoint\",\"urlTemplate\":\"https:\/\/www.lamaisondabel.fr\/?s={search_term_string}\"},\"query-input\":\"required name=search_term_string\"}],\"inLanguage\":\"fr-FR\"}]}<\/script>\n<!-- \/ Yoast SEO plugin. -->","yoast_head_json":{"title":"Les commerces - La Maison d&#039;Abel","robots":{"index":"index","follow":"follow","max-snippet":"max-snippet:-1","max-image-preview":"max-image-preview:large","max-video-preview":"max-video-preview:-1"},"canonical":"https:\/\/www.lamaisondabel.fr\/index.php\/les-commerces\/","og_locale":"fr_FR","og_type":"article","og_title":"Les commerces - La Maison d&#039;Abel","og_description":"Centre commercial E. Leclerc \u00e0 1.5 km de la maison ZAE la m\u00e9ridienne &#8211; Autoroute A75 sortie 54\u00a0 34700\u00a0LE BOSC\u00a0 T\u00e9l. :\u00a004.67.44.92.00\u00a0 \u00a0Horaires d&#8217;ouverture mercredi : 8h30 \u00e0 20h jeudi : 8h30 \u00e0 20h vendredi : 8h30 \u00e0 20h samedi : 8h30 \u00e0 20h dimanche : 8h30 \u00e0 12h45 lundi : 8h30 \u00e0 20h mardi [&hellip;]","og_url":"https:\/\/www.lamaisondabel.fr\/index.php\/les-commerces\/","og_site_name":"La Maison d&#039;Abel","article_modified_time":"2019-03-27T14:05:43+00:00","og_image":[{"url":"http:\/\/www.lamaisondabel.fr\/wp-content\/uploads\/2019\/03\/leclerc_1-1024x575.jpg"}],"twitter_card":"summary_large_image","twitter_misc":{"Dur\u00e9e de lecture estim\u00e9e":"1 minute"},"schema":{"@context":"https:\/\/schema.org","@graph":[{"@type":"WebPage","@id":"https:\/\/www.lamaisondabel.fr\/index.php\/les-commerces\/","url":"https:\/\/www.lamaisondabel.fr\/index.php\/les-commerces\/","name":"Les commerces - La Maison d&#039;Abel","isPartOf":{"@id":"https:\/\/www.lamaisondabel.fr\/#website"},"primaryImageOfPage":{"@id":"https:\/\/www.lamaisondabel.fr\/index.php\/les-commerces\/#primaryimage"},"image":{"@id":"https:\/\/www.lamaisondabel.fr\/index.php\/les-commerces\/#primaryimage"},"thumbnailUrl":"http:\/\/www.lamaisondabel.fr\/wp-content\/uploads\/2019\/03\/leclerc_1-1024x575.jpg","datePublished":"2019-03-03T17:45:16+00:00","dateModified":"2019-03-27T14:05:43+00:00","breadcrumb":{"@id":"https:\/\/www.lamaisondabel.fr\/index.php\/les-commerces\/#breadcrumb"},"inLanguage":"fr-FR","potentialAction":[{"@type":"ReadAction","target":["https:\/\/www.lamaisondabel.fr\/index.php\/les-commerces\/"]}]},{"@type":"ImageObject","inLanguage":"fr-FR","@id":"https:\/\/www.lamaisondabel.fr\/index.php\/les-commerces\/#primaryimage","url":"https:\/\/www.lamaisondabel.fr\/wp-content\/uploads\/2019\/03\/leclerc_1.jpg","contentUrl":"https:\/\/www.lamaisondabel.fr\/wp-content\/uploads\/2019\/03\/leclerc_1.jpg","width":1812,"height":1018},{"@type":"BreadcrumbList","@id":"https:\/\/www.lamaisondabel.fr\/index.php\/les-commerces\/#breadcrumb","itemListElement":[{"@type":"ListItem","position":1,"name":"Accueil","item":"https:\/\/www.lamaisondabel.fr\/"},{"@type":"ListItem","position":2,"name":"Les commerces"}]},{"@type":"WebSite","@id":"https:\/\/www.lamaisondabel.fr\/#website","url":"https:\/\/www.lamaisondabel.fr\/","name":"La Maison d&#039;Abel","description":"Lac du Salagou - Maison en location saisonni\u00e8re - Ouvert toute l&#039;ann\u00e9e.","potentialAction":[{"@type":"SearchAction","target":{"@type":"EntryPoint","urlTemplate":"https:\/\/www.lamaisondabel.fr\/?s={search_term_string}"},"query-input":"required name=search_term_string"}],"inLanguage":"fr-FR"}]}},"_links":{"self":[{"href":"https:\/\/www.lamaisondabel.fr\/index.php\/wp-json\/wp\/v2\/pages\/101"}],"collection":[{"href":"https:\/\/www.lamaisondabel.fr\/index.php\/wp-json\/wp\/v2\/pages"}],"about":[{"href":"https:\/\/www.lamaisondabel.fr\/index.php\/wp-json\/wp\/v2\/types\/page"}],"author":[{"embeddable":true,"href":"https:\/\/www.lamaisondabel.fr\/index.php\/wp-json\/wp\/v2\/users\/1"}],"replies":[{"embeddable":true,"href":"https:\/\/www.lamaisondabel.fr\/index.php\/wp-json\/wp\/v2\/comments?post=101"}],"version-history":[{"count":9,"href":"https:\/\/www.lamaisondabel.fr\/index.php\/wp-json\/wp\/v2\/pages\/101\/revisions"}],"predecessor-version":[{"id":1633,"href":"https:\/\/www.lamaisondabel.fr\/index.php\/wp-json\/wp\/v2\/pages\/101\/revisions\/1633"}],"wp:attachment":[{"href":"https:\/\/www.lamaisondabel.fr\/index.php\/wp-json\/wp\/v2\/media?parent=101"}],"curies":[{"name":"wp","href":"https:\/\/api.w.org\/{rel}","templated":true}]}}