{"id":11,"date":"2019-03-03T17:10:15","date_gmt":"2019-03-03T17:10:15","guid":{"rendered":"http:\/\/www.lamaisondabel.fr\/wordpress_o\/?page_id=11"},"modified":"2019-03-26T22:44:24","modified_gmt":"2019-03-26T22:44:24","slug":"localisation","status":"publish","type":"page","link":"https:\/\/www.lamaisondabel.fr\/index.php\/localisation\/","title":{"rendered":"Localisation"},"content":{"rendered":"<section id=\"h.p_GWBCPXBmNEro\" class=\"yaqOZd LB7kq cJgDec tpmmCb gk8rDe\">\n<div class=\"mYVXT\">\n<div class=\"LS81yb VICjCf\" tabindex=\"-1\">\n<div class=\"hJDwNd-AhqUyc-uQSCkd purZT-AhqUyc-II5mzb pSzOP-AhqUyc-qWD73c JNdkSc\">\n<div class=\"oKdM2c\">\n<div id=\"h.p_s5iXDZq2NEr6\" class=\"hJDwNd-AhqUyc-OiUrBf jXK9ad D2fZ2 OjCsFc wHaque GNzUNc\">\n<div class=\"jXK9ad-SmKAyb jXK9ad-SmKAyb-c4YZDc\">\n<div class=\"tyJCtd mGzaTb baZpAe lkHyyc\">\n<section id=\"h.p_GWBCPXBmNEro\" class=\"yaqOZd LB7kq cJgDec tpmmCb gk8rDe\">\n<div class=\"mYVXT\">\n<div class=\"LS81yb VICjCf\" tabindex=\"-1\">\n<div class=\"hJDwNd-AhqUyc-uQSCkd purZT-AhqUyc-II5mzb pSzOP-AhqUyc-qWD73c JNdkSc\">\n<div class=\"oKdM2c\">\n<div id=\"h.p_s5iXDZq2NEr6\" class=\"hJDwNd-AhqUyc-OiUrBf jXK9ad D2fZ2 OjCsFc wHaque GNzUNc\">\n<div class=\"jXK9ad-SmKAyb jXK9ad-SmKAyb-c4YZDc\">\n<div class=\"tyJCtd mGzaTb baZpAe lkHyyc\" style=\"text-align: center;\">France\u00a0 \u2192 Occitanie \u2192 H\u00e9rault \u2192 Le Bosc \u2192 Saint Julien \u2192 La Maison d&#8217;Abel<\/div>\n<\/div>\n<\/div>\n<\/div>\n<\/div>\n<\/div>\n<\/div>\n<\/section>\n<section id=\"h.p_Ri4C6UKHNYFd\" class=\"yaqOZd\">\n<div class=\"mYVXT\">\n<div class=\"LS81yb VICjCf\" tabindex=\"-1\">\n<div class=\"hJDwNd-AhqUyc-uQSCkd purZT-AhqUyc-II5mzb pSzOP-AhqUyc-qWD73c JNdkSc\">\n<div class=\"oKdM2c\"><center><iframe loading=\"lazy\" style=\"border: 0;\" src=\"https:\/\/www.google.com\/maps\/embed?pb=!1m14!1m8!1m3!1d561963.0408800251!2d3.364408535158044!3d43.62344794824177!3m2!1i1024!2i768!4f13.1!3m3!1m2!1s0x12b16174ba206aa5%3A0xa078823ae406dd0!2sSaint-Julien%2C+34700+Le+Bosc%2C+France!5e0!3m2!1sfr!2sus!4v1551878885620\" width=\"600\" height=\"450\" frameborder=\"0\" allowfullscreen=\"allowfullscreen\"><\/iframe><\/center><\/p>\n<div id=\"h.p_5iwf83VVNYFW\" class=\"hJDwNd-AhqUyc-qWD73c jXK9ad D2fZ2 OjCsFc wHaque\">\n<div class=\"jXK9ad-SmKAyb jXK9ad-SmKAyb-c4YZDc\">\n<div class=\"tyJCtd baZpAe\">\n<div>\n<div class=\"WIdY2d M1aSXe\">\n<div>\u00a0<\/div>\n<\/div>\n<\/div>\n<\/div>\n<\/div>\n<\/div>\n<\/div>\n<\/div>\n<\/div>\n<\/div>\n<\/section>\n<\/div>\n<\/div>\n<\/div>\n<\/div>\n<\/div>\n<\/div>\n<\/div>\n<\/section>\n<section id=\"h.p_tL_qUhl0-l_q\" class=\"yaqOZd\">\n<div class=\"mYVXT\">\n<div class=\"LS81yb VICjCf\" tabindex=\"-1\">\n<div class=\"hJDwNd-AhqUyc-uQSCkd purZT-AhqUyc-II5mzb pSzOP-AhqUyc-qWD73c JNdkSc\">\n<div class=\"oKdM2c\">\n<div id=\"h.p_ruCr_vqq-l_V\" class=\"hJDwNd-AhqUyc-uQSCkd jXK9ad D2fZ2 OjCsFc wHaque GNzUNc\">\n<div class=\"jXK9ad-SmKAyb jXK9ad-SmKAyb-c4YZDc\">\n<div class=\"tyJCtd mGzaTb baZpAe\">\n<p id=\"h.p_oWhfGmFO-l_l\" class=\"zfr3Q\" style=\"text-align: center;\">La Maison d&#8217;Abel est id\u00e9alement situ\u00e9e entre Lod\u00e8ve et Clermont l&#8217;H\u00e9rault &#8211; A cinq minutes du Lac du Salagou avec un acc\u00e8s facile \u00e0 l&#8217;A75 sortie 54 (centre commercial E.Leclerc)<\/p>\n<p id=\"h.p_AnRELBZ5-xWo\" class=\"zfr3Q\" style=\"text-align: center;\">Au centre du triangle form\u00e9 par les villes Montpellier \/ B\u00e9ziers \/ Millau<\/p>\n<\/div>\n<\/div>\n<\/div>\n<\/div>\n<\/div>\n<\/div>\n<\/div>\n<\/section>\n<section id=\"h.p_Ocn_df-gzETz\" class=\"yaqOZd\">\n<div class=\"mYVXT\">\n<div class=\"LS81yb VICjCf\" tabindex=\"-1\">\n<div class=\"hJDwNd-AhqUyc-uQSCkd purZT-AhqUyc-II5mzb pSzOP-AhqUyc-qWD73c JNdkSc\">\n<div class=\"oKdM2c\">\n<div id=\"h.p_x7J4Yb5-zETZ\" class=\"hJDwNd-AhqUyc-uQSCkd jXK9ad D2fZ2 OjCsFc wHaque GNzUNc\">\n<div class=\"jXK9ad-SmKAyb jXK9ad-SmKAyb-c4YZDc\">\n<p style=\"text-align: center;\">\u00a0<\/p>\n<\/div>\n<\/div>\n<\/div>\n<\/div>\n<\/div>\n<\/div>\n<\/section>\n","protected":false},"excerpt":{"rendered":"<p>France\u00a0 \u2192 Occitanie \u2192 H\u00e9rault \u2192 Le Bosc \u2192 Saint Julien \u2192 La Maison d&#8217;Abel \u00a0 La Maison d&#8217;Abel est id\u00e9alement situ\u00e9e entre Lod\u00e8ve et Clermont l&#8217;H\u00e9rault &#8211; A cinq minutes du Lac du Salagou avec un acc\u00e8s facile \u00e0 l&#8217;A75 sortie 54 (centre commercial E.Leclerc) Au centre du triangle form\u00e9 par les villes Montpellier [&hellip;]<\/p>\n","protected":false},"author":1,"featured_media":0,"parent":0,"menu_order":0,"comment_status":"closed","ping_status":"closed","template":"","meta":{"footnotes":""},"wppr_data":{"cwp_meta_box_check":"No"},"yoast_head":"<!-- This site is optimized with the Yoast SEO plugin v22.8 - https:\/\/yoast.com\/wordpress\/plugins\/seo\/ -->\n<title>Localisation - La Maison d&#039;Abel<\/title>\n<meta name=\"robots\" content=\"index, follow, max-snippet:-1, max-image-preview:large, max-video-preview:-1\" \/>\n<link rel=\"canonical\" href=\"https:\/\/www.lamaisondabel.fr\/index.php\/localisation\/\" \/>\n<meta property=\"og:locale\" content=\"fr_FR\" \/>\n<meta property=\"og:type\" content=\"article\" \/>\n<meta property=\"og:title\" content=\"Localisation - La Maison d&#039;Abel\" \/>\n<meta property=\"og:description\" content=\"France\u00a0 \u2192 Occitanie \u2192 H\u00e9rault \u2192 Le Bosc \u2192 Saint Julien \u2192 La Maison d&#8217;Abel \u00a0 La Maison d&#8217;Abel est id\u00e9alement situ\u00e9e entre Lod\u00e8ve et Clermont l&#8217;H\u00e9rault &#8211; A cinq minutes du Lac du Salagou avec un acc\u00e8s facile \u00e0 l&#8217;A75 sortie 54 (centre commercial E.Leclerc) Au centre du triangle form\u00e9 par les villes Montpellier [&hellip;]\" \/>\n<meta property=\"og:url\" content=\"https:\/\/www.lamaisondabel.fr\/index.php\/localisation\/\" \/>\n<meta property=\"og:site_name\" content=\"La Maison d&#039;Abel\" \/>\n<meta property=\"article:modified_time\" content=\"2019-03-26T22:44:24+00:00\" \/>\n<meta name=\"twitter:card\" content=\"summary_large_image\" \/>\n<script type=\"application\/ld+json\" class=\"yoast-schema-graph\">{\"@context\":\"https:\/\/schema.org\",\"@graph\":[{\"@type\":\"WebPage\",\"@id\":\"https:\/\/www.lamaisondabel.fr\/index.php\/localisation\/\",\"url\":\"https:\/\/www.lamaisondabel.fr\/index.php\/localisation\/\",\"name\":\"Localisation - La Maison d&#039;Abel\",\"isPartOf\":{\"@id\":\"https:\/\/www.lamaisondabel.fr\/#website\"},\"datePublished\":\"2019-03-03T17:10:15+00:00\",\"dateModified\":\"2019-03-26T22:44:24+00:00\",\"breadcrumb\":{\"@id\":\"https:\/\/www.lamaisondabel.fr\/index.php\/localisation\/#breadcrumb\"},\"inLanguage\":\"fr-FR\",\"potentialAction\":[{\"@type\":\"ReadAction\",\"target\":[\"https:\/\/www.lamaisondabel.fr\/index.php\/localisation\/\"]}]},{\"@type\":\"BreadcrumbList\",\"@id\":\"https:\/\/www.lamaisondabel.fr\/index.php\/localisation\/#breadcrumb\",\"itemListElement\":[{\"@type\":\"ListItem\",\"position\":1,\"name\":\"Accueil\",\"item\":\"https:\/\/www.lamaisondabel.fr\/\"},{\"@type\":\"ListItem\",\"position\":2,\"name\":\"Localisation\"}]},{\"@type\":\"WebSite\",\"@id\":\"https:\/\/www.lamaisondabel.fr\/#website\",\"url\":\"https:\/\/www.lamaisondabel.fr\/\",\"name\":\"La Maison d&#039;Abel\",\"description\":\"Lac du Salagou - Maison en location saisonni\u00e8re - Ouvert toute l&#039;ann\u00e9e.\",\"potentialAction\":[{\"@type\":\"SearchAction\",\"target\":{\"@type\":\"EntryPoint\",\"urlTemplate\":\"https:\/\/www.lamaisondabel.fr\/?s={search_term_string}\"},\"query-input\":\"required name=search_term_string\"}],\"inLanguage\":\"fr-FR\"}]}<\/script>\n<!-- \/ Yoast SEO plugin. -->","yoast_head_json":{"title":"Localisation - La Maison d&#039;Abel","robots":{"index":"index","follow":"follow","max-snippet":"max-snippet:-1","max-image-preview":"max-image-preview:large","max-video-preview":"max-video-preview:-1"},"canonical":"https:\/\/www.lamaisondabel.fr\/index.php\/localisation\/","og_locale":"fr_FR","og_type":"article","og_title":"Localisation - La Maison d&#039;Abel","og_description":"France\u00a0 \u2192 Occitanie \u2192 H\u00e9rault \u2192 Le Bosc \u2192 Saint Julien \u2192 La Maison d&#8217;Abel \u00a0 La Maison d&#8217;Abel est id\u00e9alement situ\u00e9e entre Lod\u00e8ve et Clermont l&#8217;H\u00e9rault &#8211; A cinq minutes du Lac du Salagou avec un acc\u00e8s facile \u00e0 l&#8217;A75 sortie 54 (centre commercial E.Leclerc) Au centre du triangle form\u00e9 par les villes Montpellier [&hellip;]","og_url":"https:\/\/www.lamaisondabel.fr\/index.php\/localisation\/","og_site_name":"La Maison d&#039;Abel","article_modified_time":"2019-03-26T22:44:24+00:00","twitter_card":"summary_large_image","schema":{"@context":"https:\/\/schema.org","@graph":[{"@type":"WebPage","@id":"https:\/\/www.lamaisondabel.fr\/index.php\/localisation\/","url":"https:\/\/www.lamaisondabel.fr\/index.php\/localisation\/","name":"Localisation - La Maison d&#039;Abel","isPartOf":{"@id":"https:\/\/www.lamaisondabel.fr\/#website"},"datePublished":"2019-03-03T17:10:15+00:00","dateModified":"2019-03-26T22:44:24+00:00","breadcrumb":{"@id":"https:\/\/www.lamaisondabel.fr\/index.php\/localisation\/#breadcrumb"},"inLanguage":"fr-FR","potentialAction":[{"@type":"ReadAction","target":["https:\/\/www.lamaisondabel.fr\/index.php\/localisation\/"]}]},{"@type":"BreadcrumbList","@id":"https:\/\/www.lamaisondabel.fr\/index.php\/localisation\/#breadcrumb","itemListElement":[{"@type":"ListItem","position":1,"name":"Accueil","item":"https:\/\/www.lamaisondabel.fr\/"},{"@type":"ListItem","position":2,"name":"Localisation"}]},{"@type":"WebSite","@id":"https:\/\/www.lamaisondabel.fr\/#website","url":"https:\/\/www.lamaisondabel.fr\/","name":"La Maison d&#039;Abel","description":"Lac du Salagou - Maison en location saisonni\u00e8re - Ouvert toute l&#039;ann\u00e9e.","potentialAction":[{"@type":"SearchAction","target":{"@type":"EntryPoint","urlTemplate":"https:\/\/www.lamaisondabel.fr\/?s={search_term_string}"},"query-input":"required name=search_term_string"}],"inLanguage":"fr-FR"}]}},"_links":{"self":[{"href":"https:\/\/www.lamaisondabel.fr\/index.php\/wp-json\/wp\/v2\/pages\/11"}],"collection":[{"href":"https:\/\/www.lamaisondabel.fr\/index.php\/wp-json\/wp\/v2\/pages"}],"about":[{"href":"https:\/\/www.lamaisondabel.fr\/index.php\/wp-json\/wp\/v2\/types\/page"}],"author":[{"embeddable":true,"href":"https:\/\/www.lamaisondabel.fr\/index.php\/wp-json\/wp\/v2\/users\/1"}],"replies":[{"embeddable":true,"href":"https:\/\/www.lamaisondabel.fr\/index.php\/wp-json\/wp\/v2\/comments?post=11"}],"version-history":[{"count":28,"href":"https:\/\/www.lamaisondabel.fr\/index.php\/wp-json\/wp\/v2\/pages\/11\/revisions"}],"predecessor-version":[{"id":1587,"href":"https:\/\/www.lamaisondabel.fr\/index.php\/wp-json\/wp\/v2\/pages\/11\/revisions\/1587"}],"wp:attachment":[{"href":"https:\/\/www.lamaisondabel.fr\/index.php\/wp-json\/wp\/v2\/media?parent=11"}],"curies":[{"name":"wp","href":"https:\/\/api.w.org\/{rel}","templated":true}]}}