{"id":1195,"date":"2019-03-11T06:42:38","date_gmt":"2019-03-11T06:42:38","guid":{"rendered":"http:\/\/www.lamaisondabel.fr\/?page_id=1195"},"modified":"2024-08-26T09:02:03","modified_gmt":"2024-08-26T09:02:03","slug":"prestations","status":"publish","type":"page","link":"https:\/\/www.lamaisondabel.fr\/index.php\/prestations\/","title":{"rendered":"Prestations"},"content":{"rendered":"<ul class=\"n8H08c UVNKR\">\n<li id=\"h.p__pt0a4AvCIAd\" class=\"zfr3Q TYR86d\"><a class=\"dhtgD\" href=\"http:\/\/www.lamaisondabel.fr\/index.php\/internet-wifi\/\">Le wifi dans toute la maison<\/a><\/li>\n<li id=\"h.p_JSyA38u8CNF_\" class=\"zfr3Q TYR86d\"><a class=\"dhtgD\" href=\"http:\/\/www.lamaisondabel.fr\/index.php\/draps-linge-de-maison\/\">Les draps et le linge de maison<\/a> sont compris dans le loyer<\/li>\n<li id=\"h.p_ronsIKc8Cg5g\" class=\"zfr3Q TYR86d\"><a class=\"dhtgD\" href=\"http:\/\/www.lamaisondabel.fr\/index.php\/televisions-et-lecteur-dvd\/\">Trois t\u00e9l\u00e9visions, un lecteur DVD<\/a><\/li>\n<li id=\"h.p_vrv_KdSfCUaX\" class=\"zfr3Q TYR86d\"><a class=\"dhtgD\" href=\"http:\/\/www.lamaisondabel.fr\/index.php\/votre-animal-de-compagnie\/\">Votre animal de compagnie<\/a><\/li>\n<li id=\"h.p_-Na06KHICm9g\" class=\"zfr3Q TYR86d\"><a class=\"dhtgD\" href=\"http:\/\/www.lamaisondabel.fr\/index.php\/un-lave-vaisselle\/\">Un lave vaisselle<\/a><\/li>\n<li id=\"h.p_oQ8UYQcvCqT4\" class=\"zfr3Q TYR86d\"><a class=\"dhtgD\" href=\"http:\/\/www.lamaisondabel.fr\/index.php\/un-lave-linge\/\">Un lave linge<\/a> (fer \u00e0 repasser, d\u00e9froisseur, pani\u00e8re \u00e0 linge, table \u00e0 repasser&#8230;)<\/li>\n<li id=\"h.p_LP2TNKw2IExO\" class=\"zfr3Q TYR86d\"><a class=\"dhtgD\" href=\"http:\/\/www.lamaisondabel.fr\/index.php\/votre-voiture\/\">Stationnement de votre v\u00e9hicule<\/a> (devant la maison)<\/li>\n<li id=\"h.p_1Ud0ilgFDiyw\" class=\"zfr3Q TYR86d\"><a class=\"dhtgD\" href=\"http:\/\/www.lamaisondabel.fr\/index.php\/les-commerces\/\">Centre commercial \u00e0 2 minutes<\/a> (E.Leclerc Le Bosc Salagou)<\/li>\n<li id=\"h.p_gtoVV8asL7yG\" class=\"zfr3Q TYR86d\"><a class=\"dhtgD\" href=\"http:\/\/www.lamaisondabel.fr\/index.php\/les-dispositifs-de-securite\/\">Les dispositifs de s\u00e9curit\u00e9<\/a> (fum\u00e9e, incendie, monoxyde de carbone, extincteur, trousse de secours.)<\/li>\n<li id=\"h.p_uiCOpmxDC68G\" class=\"zfr3Q TYR86d\">&#8230;<\/li>\n<\/ul>\n","protected":false},"excerpt":{"rendered":"<p>Le wifi dans toute la maison Les draps et le linge de maison sont compris dans le loyer Trois t\u00e9l\u00e9visions, un lecteur DVD Votre animal de compagnie Un lave vaisselle Un lave linge (fer \u00e0 repasser, d\u00e9froisseur, pani\u00e8re \u00e0 linge, table \u00e0 repasser&#8230;) Stationnement de votre v\u00e9hicule (devant la maison) Centre commercial \u00e0 2 minutes [&hellip;]<\/p>\n","protected":false},"author":1,"featured_media":0,"parent":0,"menu_order":0,"comment_status":"closed","ping_status":"closed","template":"","meta":{"footnotes":""},"wppr_data":{"cwp_meta_box_check":"No"},"yoast_head":"<!-- This site is optimized with the Yoast SEO plugin v22.8 - https:\/\/yoast.com\/wordpress\/plugins\/seo\/ -->\n<title>Prestations - La Maison d&#039;Abel<\/title>\n<meta name=\"robots\" content=\"index, follow, max-snippet:-1, max-image-preview:large, max-video-preview:-1\" \/>\n<link rel=\"canonical\" href=\"https:\/\/www.lamaisondabel.fr\/index.php\/prestations\/\" \/>\n<meta property=\"og:locale\" content=\"fr_FR\" \/>\n<meta property=\"og:type\" content=\"article\" \/>\n<meta property=\"og:title\" content=\"Prestations - La Maison d&#039;Abel\" \/>\n<meta property=\"og:description\" content=\"Le wifi dans toute la maison Les draps et le linge de maison sont compris dans le loyer Trois t\u00e9l\u00e9visions, un lecteur DVD Votre animal de compagnie Un lave vaisselle Un lave linge (fer \u00e0 repasser, d\u00e9froisseur, pani\u00e8re \u00e0 linge, table \u00e0 repasser&#8230;) Stationnement de votre v\u00e9hicule (devant la maison) Centre commercial \u00e0 2 minutes [&hellip;]\" \/>\n<meta property=\"og:url\" content=\"https:\/\/www.lamaisondabel.fr\/index.php\/prestations\/\" \/>\n<meta property=\"og:site_name\" content=\"La Maison d&#039;Abel\" \/>\n<meta property=\"article:modified_time\" content=\"2024-08-26T09:02:03+00:00\" \/>\n<meta name=\"twitter:card\" content=\"summary_large_image\" \/>\n<meta name=\"twitter:label1\" content=\"Dur\u00e9e de lecture estim\u00e9e\" \/>\n\t<meta name=\"twitter:data1\" content=\"1 minute\" \/>\n<script type=\"application\/ld+json\" class=\"yoast-schema-graph\">{\"@context\":\"https:\/\/schema.org\",\"@graph\":[{\"@type\":\"WebPage\",\"@id\":\"https:\/\/www.lamaisondabel.fr\/index.php\/prestations\/\",\"url\":\"https:\/\/www.lamaisondabel.fr\/index.php\/prestations\/\",\"name\":\"Prestations - La Maison d&#039;Abel\",\"isPartOf\":{\"@id\":\"https:\/\/www.lamaisondabel.fr\/#website\"},\"datePublished\":\"2019-03-11T06:42:38+00:00\",\"dateModified\":\"2024-08-26T09:02:03+00:00\",\"breadcrumb\":{\"@id\":\"https:\/\/www.lamaisondabel.fr\/index.php\/prestations\/#breadcrumb\"},\"inLanguage\":\"fr-FR\",\"potentialAction\":[{\"@type\":\"ReadAction\",\"target\":[\"https:\/\/www.lamaisondabel.fr\/index.php\/prestations\/\"]}]},{\"@type\":\"BreadcrumbList\",\"@id\":\"https:\/\/www.lamaisondabel.fr\/index.php\/prestations\/#breadcrumb\",\"itemListElement\":[{\"@type\":\"ListItem\",\"position\":1,\"name\":\"Accueil\",\"item\":\"https:\/\/www.lamaisondabel.fr\/\"},{\"@type\":\"ListItem\",\"position\":2,\"name\":\"Prestations\"}]},{\"@type\":\"WebSite\",\"@id\":\"https:\/\/www.lamaisondabel.fr\/#website\",\"url\":\"https:\/\/www.lamaisondabel.fr\/\",\"name\":\"La Maison d&#039;Abel\",\"description\":\"Lac du Salagou - Maison en location saisonni\u00e8re - Ouvert toute l&#039;ann\u00e9e.\",\"potentialAction\":[{\"@type\":\"SearchAction\",\"target\":{\"@type\":\"EntryPoint\",\"urlTemplate\":\"https:\/\/www.lamaisondabel.fr\/?s={search_term_string}\"},\"query-input\":\"required name=search_term_string\"}],\"inLanguage\":\"fr-FR\"}]}<\/script>\n<!-- \/ Yoast SEO plugin. -->","yoast_head_json":{"title":"Prestations - La Maison d&#039;Abel","robots":{"index":"index","follow":"follow","max-snippet":"max-snippet:-1","max-image-preview":"max-image-preview:large","max-video-preview":"max-video-preview:-1"},"canonical":"https:\/\/www.lamaisondabel.fr\/index.php\/prestations\/","og_locale":"fr_FR","og_type":"article","og_title":"Prestations - La Maison d&#039;Abel","og_description":"Le wifi dans toute la maison Les draps et le linge de maison sont compris dans le loyer Trois t\u00e9l\u00e9visions, un lecteur DVD Votre animal de compagnie Un lave vaisselle Un lave linge (fer \u00e0 repasser, d\u00e9froisseur, pani\u00e8re \u00e0 linge, table \u00e0 repasser&#8230;) Stationnement de votre v\u00e9hicule (devant la maison) Centre commercial \u00e0 2 minutes [&hellip;]","og_url":"https:\/\/www.lamaisondabel.fr\/index.php\/prestations\/","og_site_name":"La Maison d&#039;Abel","article_modified_time":"2024-08-26T09:02:03+00:00","twitter_card":"summary_large_image","twitter_misc":{"Dur\u00e9e de lecture estim\u00e9e":"1 minute"},"schema":{"@context":"https:\/\/schema.org","@graph":[{"@type":"WebPage","@id":"https:\/\/www.lamaisondabel.fr\/index.php\/prestations\/","url":"https:\/\/www.lamaisondabel.fr\/index.php\/prestations\/","name":"Prestations - La Maison d&#039;Abel","isPartOf":{"@id":"https:\/\/www.lamaisondabel.fr\/#website"},"datePublished":"2019-03-11T06:42:38+00:00","dateModified":"2024-08-26T09:02:03+00:00","breadcrumb":{"@id":"https:\/\/www.lamaisondabel.fr\/index.php\/prestations\/#breadcrumb"},"inLanguage":"fr-FR","potentialAction":[{"@type":"ReadAction","target":["https:\/\/www.lamaisondabel.fr\/index.php\/prestations\/"]}]},{"@type":"BreadcrumbList","@id":"https:\/\/www.lamaisondabel.fr\/index.php\/prestations\/#breadcrumb","itemListElement":[{"@type":"ListItem","position":1,"name":"Accueil","item":"https:\/\/www.lamaisondabel.fr\/"},{"@type":"ListItem","position":2,"name":"Prestations"}]},{"@type":"WebSite","@id":"https:\/\/www.lamaisondabel.fr\/#website","url":"https:\/\/www.lamaisondabel.fr\/","name":"La Maison d&#039;Abel","description":"Lac du Salagou - Maison en location saisonni\u00e8re - Ouvert toute l&#039;ann\u00e9e.","potentialAction":[{"@type":"SearchAction","target":{"@type":"EntryPoint","urlTemplate":"https:\/\/www.lamaisondabel.fr\/?s={search_term_string}"},"query-input":"required name=search_term_string"}],"inLanguage":"fr-FR"}]}},"_links":{"self":[{"href":"https:\/\/www.lamaisondabel.fr\/index.php\/wp-json\/wp\/v2\/pages\/1195"}],"collection":[{"href":"https:\/\/www.lamaisondabel.fr\/index.php\/wp-json\/wp\/v2\/pages"}],"about":[{"href":"https:\/\/www.lamaisondabel.fr\/index.php\/wp-json\/wp\/v2\/types\/page"}],"author":[{"embeddable":true,"href":"https:\/\/www.lamaisondabel.fr\/index.php\/wp-json\/wp\/v2\/users\/1"}],"replies":[{"embeddable":true,"href":"https:\/\/www.lamaisondabel.fr\/index.php\/wp-json\/wp\/v2\/comments?post=1195"}],"version-history":[{"count":5,"href":"https:\/\/www.lamaisondabel.fr\/index.php\/wp-json\/wp\/v2\/pages\/1195\/revisions"}],"predecessor-version":[{"id":2206,"href":"https:\/\/www.lamaisondabel.fr\/index.php\/wp-json\/wp\/v2\/pages\/1195\/revisions\/2206"}],"wp:attachment":[{"href":"https:\/\/www.lamaisondabel.fr\/index.php\/wp-json\/wp\/v2\/media?parent=1195"}],"curies":[{"name":"wp","href":"https:\/\/api.w.org\/{rel}","templated":true}]}}