{"id":1238,"date":"2019-03-13T15:18:54","date_gmt":"2019-03-13T15:18:54","guid":{"rendered":"http:\/\/www.lamaisondabel.fr\/?page_id=1238"},"modified":"2019-03-26T12:47:09","modified_gmt":"2019-03-26T12:47:09","slug":"plaque-induction","status":"publish","type":"page","link":"https:\/\/www.lamaisondabel.fr\/index.php\/plaque-induction\/","title":{"rendered":"Plaque induction"},"content":{"rendered":"<p style=\"text-align: center;\"><strong><\/strong><\/p>\n<h1 style=\"text-align: center;\">Oc\u00e9anic<\/h1>\n<p style=\"text-align: center;\"><a href=\"http:\/\/oceanic-oceati3z1b-table-de-cuisson-a-induction-3-3612401319284\" target=\"_blank\" rel=\"noopener noreferrer\">Notice de la plaque \u00e0 induction<\/a><\/p>\n<h1>Mise en route :<\/h1>\n<p><span style=\"color: #ff0000;\">Vous devez d\u2019abord enclencher la table de cuisson, puis la zone de chauffe.<\/span><\/p>\n<p>&nbsp;<\/p>\n<ul>\n<li>Pour enclencher\u00a0 ou arr\u00eater la table de cuisson :appuyez sur le bouton [<span style=\"color: #ff0000;\">\u00d8<span style=\"color: #000000;\">]<\/span><\/span><\/li>\n<li>Enclencher \/ arr\u00eater une zone de chauffe : appuyer sur la touche [ 0 ] s\u00e9lection de la zone<\/li>\n<li>\u00a0Augmenter appuyer sur [ + ] [ 1 ] jusqu\u2019\u00e0 [ 9 ] Diminuer appuyer sur [ &#8211; ] [ 9 ] jusqu\u2019\u00e0 [ 1 ]<\/li>\n<li>Arr\u00eater appuyer sur [ &#8211; ] [ 0 ] ou [ H ]<\/li>\n<li>Si aucun r\u00e9glage n\u2019est fait en moins de 20 secondes l\u2019\u00e9lectronique revient en position d\u2019attente.<\/li>\n<\/ul>\n<p>&nbsp;<\/p>\n<h1>D\u00e9tection de r\u00e9cipient :<\/h1>\n<ul>\n<li>La d\u00e9tection de r\u00e9cipient assure une s\u00e9curit\u00e9 parfaite. L\u2019induction ne fonctionne pas.<\/li>\n<li>Lorsqu\u2019il n\u2019y a pas de r\u00e9cipient sur la zone de cuisson ou lorsque ce r\u00e9cipient est inadapt\u00e9 \u00e0 l\u2019induction. Dans ce cas il est impossible d\u2019augmenter la puissance et dans l\u2019afficheur le symbole [ U ] appara\u00eet. Le [ U ] dispara\u00eet lorsqu\u2019une casserole est pos\u00e9e sur le foyer de cuisson.<\/li>\n<li>Si en cours de cuisson le r\u00e9cipient est enlev\u00e9 de la zone de cuisson, le fonctionnement est interrompu. Dans l\u2019afficheur le symbole [ U ] appara\u00eet. Le [ U ] dispara\u00eet lorsque le r\u00e9cipient est remis sur le foyer de cuisson.<\/li>\n<li>La cuisson reprend au niveau de puissance s\u00e9lectionn\u00e9e au pr\u00e9alable. Apr\u00e8s utilisation, \u00e9teignez la zone de chauffe<\/li>\n<\/ul>\n<h1>Indicateur de chauffe r\u00e9siduelle :<\/h1>\n<ul>\n<li>Apr\u00e8s l\u2019arr\u00eat des zones de cuisson ou l\u2019arr\u00eat complet de la table, les zones de cuissons sont encore chaudes et sont signal\u00e9es par le symbole [ H ].<\/li>\n<li>Le symbole [ <span style=\"color: #ff0000;\">H<\/span> ] s\u2019\u00e9teint lorsque les zones de cuisson peuvent \u00eatre touch\u00e9es sans danger.<\/li>\n<li>Tant que les t\u00e9moins de chaleur r\u00e9siduelle sont allum\u00e9s, ne touchez pas les zones de cuisson et ne posez aucun objet sensible \u00e0 la chaleur. Risque de br\u00fblure et d\u2019incendie !<\/li>\n<\/ul>\n<p>&nbsp;<\/p>\n<h1>Fonction minuterie :<\/h1>\n<ul>\n<li>La minuterie peut \u00eatre affect\u00e9e simultan\u00e9ment aux 3 foyers de cuisson.<\/li>\n<li>Des r\u00e9glages de temps de minuterie diff\u00e9rents (de 0 \u00e0 99 minutes) pour chacune des zones.<\/li>\n<li>Appuyez sur la touche de s\u00e9lection de la zone<\/li>\n<li>Appuyez sur les touches\u00a0[<span style=\"color: #ff0000;\">+<\/span><span style=\"color: #ff0000;\"><span style=\"color: #000000;\">] ou\u00a0<\/span><\/span>[<span style=\"color: #ff0000;\">&#8211;<\/span><span style=\"color: #ff0000;\"><span style=\"color: #000000;\">] pour augmenter ou diminuer la dur\u00e9e.<\/span><\/span><\/li>\n<li>Apr\u00e8s quelques secondes le voyant de contr\u00f4le passe de \u00ab clignotement \u00bb \u00e0 \u00ab fixe \u00bb. La dur\u00e9e est s\u00e9lectionn\u00e9e et le d\u00e9compte d\u00e9marre.<\/li>\n<li>D\u00e8s que le temps de cuisson s\u00e9lectionn\u00e9 est \u00e9coul\u00e9 la minuterie affiche en clignotant [ 00 ] et un signal sonore retentit. Pour stopper le son et le clignotement, il suffit d\u2019appuyer sur une touche.<\/li>\n<\/ul>\n<p>&nbsp;<\/p>\n<h1>Verrouillage du bandeau de commande :<\/h1>\n<ul>\n<li>Pour \u00e9viter de modifier une s\u00e9lection de la table de cuisson, notamment dans le cadre du nettoyage de la vitre, le bandeau de commande (\u00e0 l\u2019exception de la touche marche\/arr\u00eat [<span style=\"color: #ff0000;\">\u00d8<span style=\"color: #000000;\">] <\/span><\/span>\u00a0peut \u00eatre verrouill\u00e9.<\/li>\n<li>Pour verrouiller appuyez simultan\u00e9ment<span style=\"color: #ff0000;\"><span style=\"color: #000000;\">\u00a0sur\u00a0 <\/span><\/span>[<span style=\"color: #ff0000;\">&#8211;<\/span><span style=\"color: #ff0000;\"><span style=\"color: #000000;\">] et la touche s\u00e9lection de la zone avant droit et r\u00e9-appuyer sur la touche de s\u00e9lection de la zone avant droit<\/span><\/span><\/li>\n<li>Dans les cinq secondes apr\u00e8s la mise en route\u00a0[<span style=\"color: #ff0000;\">\u00d8<span style=\"color: #000000;\">]\u00a0 appuyez <\/span><\/span>simultan\u00e9ment<span style=\"color: #ff0000;\"><span style=\"color: #000000;\">\u00a0sur\u00a0 <\/span><\/span>[<span style=\"color: #ff0000;\">&#8211;<\/span><span style=\"color: #ff0000;\"><span style=\"color: #000000;\">] et la touche s\u00e9lection de la zone avant droit et r\u00e9-appuyer sur la touche\u00a0<\/span><\/span>[<span style=\"color: #ff0000;\">&#8211;<\/span><span style=\"color: #ff0000;\"><span style=\"color: #000000;\">]<\/span><\/span><\/li>\n<\/ul>\n<h1>Dimension des casseroles :<\/h1>\n<ul>\n<li>Les zones de cuisson s\u2019adaptent automatiquement \u00e0 la dimension du fond de la casserole jusqu\u2019\u00e0 une certaine limite.<\/li>\n<li>Le fond de cette casserole doit cependant avoir un diam\u00e8tre minimum en fonction du diam\u00e8tre de la zone de cuisson correspondante.<\/li>\n<li>Afin d\u2019obtenir le rendement maximum de votre table de cuisson, veuillez placer la casserole bien au centre de la zone de cuisson.<\/li>\n<\/ul>\n<p>&nbsp;<\/p>\n<h1>Exemples de r\u00e9glage des puissances de cuisson :<\/h1>\n<p>(Les valeurs ci-dessous sont indicatives)<br \/>\n<span style=\"color: #ff0000;\">1 \u00e0 2\u00a0<\/span> : Faire fondre R\u00e9chauffer Sauces, beurre, chocolat, g\u00e9latine Plats pr\u00e9-cuisin\u00e9s<\/p>\n<p><span style=\"color: #ff0000;\">2 \u00e0 3 :<\/span> Gonfler D\u00e9cong\u00e9lation &#8211; Riz, pudding et plats cuisin\u00e9s L\u00e9gumes, poisson, produits congel\u00e9s<\/p>\n<p><span style=\"color: #ff0000;\">3 \u00e0 4\u00a0<\/span> : Vapeur L\u00e9gumes, poissons, viande<\/p>\n<p><span style=\"color: #ff0000;\">4 \u00e0 5<\/span> : Eau Pommes de terre \u00e0 l\u2019eau, soupes, p\u00e2tes L\u00e9gumes frais<\/p>\n<p><span style=\"color: #ff0000;\">6 \u00e0 7<\/span> : Cuire \u00e0 feu doux Viandes, foie, \u0153ufs, saucisses Goulasch, roulades, tripes<\/p>\n<p><span style=\"color: #ff0000;\">7 \u00e0 8<\/span> : Cuire Frire Pommes de terre, beignets, galettes<\/p>\n<p><span style=\"color: #ff0000;\">9<\/span> : Frire, Porter \u00e0 \u00e9bullition Steaks, omelettes eau<\/p>\n<p><span style=\"color: #ff0000;\">P<\/span> : Frire, Porter \u00e0 \u00e9bullition Porter \u00e0 \u00e9bullition des quantit\u00e9s importantes d\u2019eau<\/p>\n<p>&nbsp;<\/p>\n<h1>ENTRETIEN ET NETTOYAGE :<\/h1>\n<ul>\n<li>Pour nettoyer il faut mettre l\u2019appareil hors fonctionnement.<\/li>\n<li>Laissez refroidir l\u2019appareil, car risques de br\u00fblures.<\/li>\n<li>Nettoyez les restes de cuisson avec de l\u2019eau additionn\u00e9e de produit vaisselle ou un produit du commerce conseill\u00e9 pour la vitroc\u00e9ramique.<\/li>\n<li>N\u2019utilisez en aucun cas d\u2019appareils \u00ab \u00e0 vapeur \u00bb ou \u00ab \u00e0 pression \u00bb.<\/li>\n<li>Ne pas utiliser d\u2019objets qui risqueraient de rayer la vitroc\u00e9ramique (tel que tampon abrasifs ou pointe de couteau\u2026).<\/li>\n<li>N\u2019utilisez pas de produits de nettoyage abrasifs qui pourraient endommager l\u2019appareil.<\/li>\n<li>S\u00e9chez l\u2019appareil avec un chiffon propre.<\/li>\n<li>Enlevez imm\u00e9diatement le sucre et les mets contenant du sucre.<\/li>\n<\/ul>\n<h1>Le symbole [ U ] s\u2019affiche :<\/h1>\n<ul>\n<li>Il n\u2019y a pas de casserole sur la zone de cuisson<\/li>\n<li>Le r\u00e9cipient utilis\u00e9 n\u2019est pas compatible avec l\u2019induction<\/li>\n<li>Le diam\u00e8tre du fond de casserole est trop petit par rapport \u00e0 la zone de cuisson<\/li>\n<\/ul>\n","protected":false},"excerpt":{"rendered":"<p>Oc\u00e9anic Notice de la plaque \u00e0 induction Mise en route : Vous devez d\u2019abord enclencher la table de cuisson, puis la zone de chauffe. &nbsp; Pour enclencher\u00a0 ou arr\u00eater la table de cuisson :appuyez sur le bouton [\u00d8] Enclencher \/ arr\u00eater une zone de chauffe : appuyer sur la touche [ 0 ] s\u00e9lection de [&hellip;]<\/p>\n","protected":false},"author":1,"featured_media":0,"parent":0,"menu_order":0,"comment_status":"closed","ping_status":"closed","template":"","meta":{"footnotes":""},"wppr_data":{"cwp_meta_box_check":"No"},"yoast_head":"<!-- This site is optimized with the Yoast SEO plugin v22.8 - https:\/\/yoast.com\/wordpress\/plugins\/seo\/ -->\n<title>Plaque induction - La Maison d&#039;Abel<\/title>\n<meta name=\"robots\" content=\"index, follow, max-snippet:-1, max-image-preview:large, max-video-preview:-1\" \/>\n<link rel=\"canonical\" href=\"https:\/\/www.lamaisondabel.fr\/index.php\/plaque-induction\/\" \/>\n<meta property=\"og:locale\" content=\"fr_FR\" \/>\n<meta property=\"og:type\" content=\"article\" \/>\n<meta property=\"og:title\" content=\"Plaque induction - La Maison d&#039;Abel\" \/>\n<meta property=\"og:description\" content=\"Oc\u00e9anic Notice de la plaque \u00e0 induction Mise en route : Vous devez d\u2019abord enclencher la table de cuisson, puis la zone de chauffe. &nbsp; Pour enclencher\u00a0 ou arr\u00eater la table de cuisson :appuyez sur le bouton [\u00d8] Enclencher \/ arr\u00eater une zone de chauffe : appuyer sur la touche [ 0 ] s\u00e9lection de [&hellip;]\" \/>\n<meta property=\"og:url\" content=\"https:\/\/www.lamaisondabel.fr\/index.php\/plaque-induction\/\" \/>\n<meta property=\"og:site_name\" content=\"La Maison d&#039;Abel\" \/>\n<meta property=\"article:modified_time\" content=\"2019-03-26T12:47:09+00:00\" \/>\n<meta name=\"twitter:card\" content=\"summary_large_image\" \/>\n<meta name=\"twitter:label1\" content=\"Dur\u00e9e de lecture estim\u00e9e\" \/>\n\t<meta name=\"twitter:data1\" content=\"4 minutes\" \/>\n<script type=\"application\/ld+json\" class=\"yoast-schema-graph\">{\"@context\":\"https:\/\/schema.org\",\"@graph\":[{\"@type\":\"WebPage\",\"@id\":\"https:\/\/www.lamaisondabel.fr\/index.php\/plaque-induction\/\",\"url\":\"https:\/\/www.lamaisondabel.fr\/index.php\/plaque-induction\/\",\"name\":\"Plaque induction - La Maison d&#039;Abel\",\"isPartOf\":{\"@id\":\"https:\/\/www.lamaisondabel.fr\/#website\"},\"datePublished\":\"2019-03-13T15:18:54+00:00\",\"dateModified\":\"2019-03-26T12:47:09+00:00\",\"breadcrumb\":{\"@id\":\"https:\/\/www.lamaisondabel.fr\/index.php\/plaque-induction\/#breadcrumb\"},\"inLanguage\":\"fr-FR\",\"potentialAction\":[{\"@type\":\"ReadAction\",\"target\":[\"https:\/\/www.lamaisondabel.fr\/index.php\/plaque-induction\/\"]}]},{\"@type\":\"BreadcrumbList\",\"@id\":\"https:\/\/www.lamaisondabel.fr\/index.php\/plaque-induction\/#breadcrumb\",\"itemListElement\":[{\"@type\":\"ListItem\",\"position\":1,\"name\":\"Accueil\",\"item\":\"https:\/\/www.lamaisondabel.fr\/\"},{\"@type\":\"ListItem\",\"position\":2,\"name\":\"Plaque induction\"}]},{\"@type\":\"WebSite\",\"@id\":\"https:\/\/www.lamaisondabel.fr\/#website\",\"url\":\"https:\/\/www.lamaisondabel.fr\/\",\"name\":\"La Maison d&#039;Abel\",\"description\":\"Lac du Salagou - Maison en location saisonni\u00e8re - Ouvert toute l&#039;ann\u00e9e.\",\"potentialAction\":[{\"@type\":\"SearchAction\",\"target\":{\"@type\":\"EntryPoint\",\"urlTemplate\":\"https:\/\/www.lamaisondabel.fr\/?s={search_term_string}\"},\"query-input\":\"required name=search_term_string\"}],\"inLanguage\":\"fr-FR\"}]}<\/script>\n<!-- \/ Yoast SEO plugin. -->","yoast_head_json":{"title":"Plaque induction - La Maison d&#039;Abel","robots":{"index":"index","follow":"follow","max-snippet":"max-snippet:-1","max-image-preview":"max-image-preview:large","max-video-preview":"max-video-preview:-1"},"canonical":"https:\/\/www.lamaisondabel.fr\/index.php\/plaque-induction\/","og_locale":"fr_FR","og_type":"article","og_title":"Plaque induction - La Maison d&#039;Abel","og_description":"Oc\u00e9anic Notice de la plaque \u00e0 induction Mise en route : Vous devez d\u2019abord enclencher la table de cuisson, puis la zone de chauffe. &nbsp; Pour enclencher\u00a0 ou arr\u00eater la table de cuisson :appuyez sur le bouton [\u00d8] Enclencher \/ arr\u00eater une zone de chauffe : appuyer sur la touche [ 0 ] s\u00e9lection de [&hellip;]","og_url":"https:\/\/www.lamaisondabel.fr\/index.php\/plaque-induction\/","og_site_name":"La Maison d&#039;Abel","article_modified_time":"2019-03-26T12:47:09+00:00","twitter_card":"summary_large_image","twitter_misc":{"Dur\u00e9e de lecture estim\u00e9e":"4 minutes"},"schema":{"@context":"https:\/\/schema.org","@graph":[{"@type":"WebPage","@id":"https:\/\/www.lamaisondabel.fr\/index.php\/plaque-induction\/","url":"https:\/\/www.lamaisondabel.fr\/index.php\/plaque-induction\/","name":"Plaque induction - La Maison d&#039;Abel","isPartOf":{"@id":"https:\/\/www.lamaisondabel.fr\/#website"},"datePublished":"2019-03-13T15:18:54+00:00","dateModified":"2019-03-26T12:47:09+00:00","breadcrumb":{"@id":"https:\/\/www.lamaisondabel.fr\/index.php\/plaque-induction\/#breadcrumb"},"inLanguage":"fr-FR","potentialAction":[{"@type":"ReadAction","target":["https:\/\/www.lamaisondabel.fr\/index.php\/plaque-induction\/"]}]},{"@type":"BreadcrumbList","@id":"https:\/\/www.lamaisondabel.fr\/index.php\/plaque-induction\/#breadcrumb","itemListElement":[{"@type":"ListItem","position":1,"name":"Accueil","item":"https:\/\/www.lamaisondabel.fr\/"},{"@type":"ListItem","position":2,"name":"Plaque induction"}]},{"@type":"WebSite","@id":"https:\/\/www.lamaisondabel.fr\/#website","url":"https:\/\/www.lamaisondabel.fr\/","name":"La Maison d&#039;Abel","description":"Lac du Salagou - Maison en location saisonni\u00e8re - Ouvert toute l&#039;ann\u00e9e.","potentialAction":[{"@type":"SearchAction","target":{"@type":"EntryPoint","urlTemplate":"https:\/\/www.lamaisondabel.fr\/?s={search_term_string}"},"query-input":"required name=search_term_string"}],"inLanguage":"fr-FR"}]}},"_links":{"self":[{"href":"https:\/\/www.lamaisondabel.fr\/index.php\/wp-json\/wp\/v2\/pages\/1238"}],"collection":[{"href":"https:\/\/www.lamaisondabel.fr\/index.php\/wp-json\/wp\/v2\/pages"}],"about":[{"href":"https:\/\/www.lamaisondabel.fr\/index.php\/wp-json\/wp\/v2\/types\/page"}],"author":[{"embeddable":true,"href":"https:\/\/www.lamaisondabel.fr\/index.php\/wp-json\/wp\/v2\/users\/1"}],"replies":[{"embeddable":true,"href":"https:\/\/www.lamaisondabel.fr\/index.php\/wp-json\/wp\/v2\/comments?post=1238"}],"version-history":[{"count":14,"href":"https:\/\/www.lamaisondabel.fr\/index.php\/wp-json\/wp\/v2\/pages\/1238\/revisions"}],"predecessor-version":[{"id":1535,"href":"https:\/\/www.lamaisondabel.fr\/index.php\/wp-json\/wp\/v2\/pages\/1238\/revisions\/1535"}],"wp:attachment":[{"href":"https:\/\/www.lamaisondabel.fr\/index.php\/wp-json\/wp\/v2\/media?parent=1238"}],"curies":[{"name":"wp","href":"https:\/\/api.w.org\/{rel}","templated":true}]}}