{"id":13,"date":"2019-03-03T17:10:50","date_gmt":"2019-03-03T17:10:50","guid":{"rendered":"http:\/\/www.lamaisondabel.fr\/wordpress_o\/?page_id=13"},"modified":"2022-09-18T08:54:23","modified_gmt":"2022-09-18T08:54:23","slug":"vacanciers","status":"publish","type":"page","link":"https:\/\/www.lamaisondabel.fr\/index.php\/vacanciers\/","title":{"rendered":"Vacanciers"},"content":{"rendered":"<section id=\"h.p_bCWDpQxUIfOL\" class=\"yaqOZd\">\n<div class=\"mYVXT\">\n<div class=\"LS81yb VICjCf\" tabindex=\"-1\">\n<div class=\"hJDwNd-AhqUyc-uQSCkd purZT-AhqUyc-II5mzb pSzOP-AhqUyc-qWD73c JNdkSc\">\n<div class=\"oKdM2c\">\n<div class=\"hJDwNd-AhqUyc-ibL1re jXK9ad D2fZ2 OjCsFc wHaque L6cTce-purZT L6cTce-pSzOP\">\n<div class=\"jXK9ad-SmKAyb jXK9ad-SmKAyb-c4YZDc\">\n<div class=\"tyJCtd baZpAe\" style=\"text-align: left;\">\u00a0<\/div>\n<\/div>\n<\/div>\n<div id=\"h.p_mY7OE8jeL94D\" class=\"hJDwNd-AhqUyc-OiUrBf jXK9ad D2fZ2 OjCsFc wHaque GNzUNc\">\n<div class=\"jXK9ad-SmKAyb jXK9ad-SmKAyb-c4YZDc\">\n<div class=\"tyJCtd mGzaTb baZpAe\">\n<p id=\"h.p_PQus8ijjL94K\" class=\"zfr3Q\">Les vacanciers appr\u00e9cient entre autres cette maison pour :<\/p>\n<ul class=\"n8H08c UVNKR\">\n<li id=\"h.p_AsnFRV4LRKPb\" class=\"zfr3Q TYR86d\">Le calme<\/li>\n<li id=\"h.p_8vVO-o4NRMdK\" class=\"zfr3Q TYR86d\">L&#8217;espace (superficie de la maison ~ 90m\u00b2 + les terrasses)<\/li>\n<li id=\"h.p_peMZBmBtYvtb\" class=\"zfr3Q TYR86d\">Une r\u00e9gion magnifique &#8211; <a class=\"dhtgD\" href=\"http:\/\/www.lamaisondabel.fr\/index.php\/a-visiter-dans-la-region\/\">De nombreux sites \u00e0 visiter<\/a><\/li>\n<li id=\"h.p_PA5yZLTTRNce\" class=\"zfr3Q TYR86d\"><a class=\"dhtgD\" href=\"http:\/\/www.lamaisondabel.fr\/index.php\/la-terrasse-sud\/\">La terrasse sud<\/a><\/li>\n<li id=\"h.p_9aJuNOR1Yy-7\" class=\"zfr3Q TYR86d\"><a class=\"dhtgD\" href=\"http:\/\/www.lamaisondabel.fr\/index.php\/la-terrasse-nord\/\">La terrasse nord<\/a> (avec son <a class=\"dhtgD\" href=\"http:\/\/www.lamaisondabel.fr\/index.php\/le-barbecue\/\">barbecue<\/a> fixe)<\/li>\n<li id=\"h.p_dKd5qxthL-gT\" class=\"zfr3Q TYR86d\">L&#8217;\u00e9quipement int\u00e9rieur (<a class=\"dhtgD\" href=\"http:\/\/www.lamaisondabel.fr\/index.php\/un-lave-vaisselle\/\">lave vaisselle<\/a>, <a class=\"dhtgD\" href=\"http:\/\/www.lamaisondabel.fr\/index.php\/un-lave-linge\/\">lave linge <\/a>)&#8230; (Lave linge pour les s\u00e9jours de plus de trois nuits)<\/li>\n<li>Une maison enti\u00e8rement \u00e9quip\u00e9e- <a href=\"http:\/\/www.lamaisondabel.fr\/index.php\/les-condiments-de-base\/\">condiments de base.<\/a><\/li>\n<li id=\"h.p_a3Se5dpOL-gU\" class=\"zfr3Q TYR86d\"><a class=\"dhtgD\" href=\"http:\/\/www.lamaisondabel.fr\/wordpress_o\/index.php\/internet-wifi\/\">Une connexion Wifi<\/a><\/li>\n<li id=\"h.p_L1E1ilhLRdGq\" class=\"zfr3Q TYR86d\"><a class=\"dhtgD\" href=\"http:\/\/www.lamaisondabel.fr\/wordpress_o\/index.php\/localisation\/\">Acc\u00e8s facile par A75 &#8211; sortie 54<\/a><\/li>\n<li id=\"h.p_kJGHar3kL-ga\" class=\"zfr3Q TYR86d\">&#8230;<\/li>\n<\/ul>\n<\/div>\n<\/div>\n<\/div>\n<div class=\"hJDwNd-AhqUyc-ibL1re jXK9ad D2fZ2 OjCsFc wHaque L6cTce-purZT L6cTce-pSzOP\">\n<div class=\"jXK9ad-SmKAyb jXK9ad-SmKAyb-c4YZDc\">\n<div class=\"tyJCtd baZpAe\">\u00a0<\/div>\n<\/div>\n<\/div>\n<\/div>\n<\/div>\n<\/div>\n<\/div>\n<\/section>\n<section id=\"h.p_mbuT_DK8Yebp\" class=\"yaqOZd\">\n<div class=\"yaqOZd IFuOkc\">\u00a0<\/div>\n<div class=\"mYVXT\">\n<div class=\"LS81yb VICjCf\" tabindex=\"-1\">\n<div class=\"hJDwNd-AhqUyc-uQSCkd purZT-AhqUyc-II5mzb pSzOP-AhqUyc-II5mzb JNdkSc\">\n<div class=\"oKdM2c\">\n<div class=\"hJDwNd-AhqUyc-II5mzb jXK9ad D2fZ2 OjCsFc wHaque L6cTce-purZT L6cTce-pSzOP\">\n<div class=\"jXK9ad-SmKAyb jXK9ad-SmKAyb-c4YZDc\">\n<div class=\"tyJCtd baZpAe\">\u00a0<\/div>\n<\/div>\n<\/div>\n<div id=\"h.p_VqG0b8ffSKy1\" class=\"hJDwNd-AhqUyc-II5mzb pSzOP-AhqUyc-II5mzb jXK9ad D2fZ2 OjCsFc wHaque\">\n<div class=\"jXK9ad-SmKAyb jXK9ad-SmKAyb-c4YZDc\">\n<div class=\"tyJCtd baZpAe\">\n<div class=\"t3iYD\" style=\"text-align: center;\"><img loading=\"lazy\" decoding=\"async\" class=\"aligncenter size-medium wp-image-619\" src=\"http:\/\/www.lamaisondabel.fr\/wordpress_o\/wp-content\/uploads\/2019\/03\/vacances-300x158.jpg\" alt=\"\" width=\"300\" height=\"158\" srcset=\"https:\/\/www.lamaisondabel.fr\/wp-content\/uploads\/2019\/03\/vacances-300x158.jpg 300w, https:\/\/www.lamaisondabel.fr\/wp-content\/uploads\/2019\/03\/vacances-50x26.jpg 50w, https:\/\/www.lamaisondabel.fr\/wp-content\/uploads\/2019\/03\/vacances.jpg 310w\" sizes=\"(max-width: 300px) 100vw, 300px\" \/><\/div>\n<\/div>\n<\/div>\n<\/div>\n<\/div>\n<\/div>\n<\/div>\n<\/div>\n<\/section>\n","protected":false},"excerpt":{"rendered":"<p>\u00a0 Les vacanciers appr\u00e9cient entre autres cette maison pour : Le calme L&#8217;espace (superficie de la maison ~ 90m\u00b2 + les terrasses) Une r\u00e9gion magnifique &#8211; De nombreux sites \u00e0 visiter La terrasse sud La terrasse nord (avec son barbecue fixe) L&#8217;\u00e9quipement int\u00e9rieur (lave vaisselle, lave linge )&#8230; (Lave linge pour les s\u00e9jours de plus [&hellip;]<\/p>\n","protected":false},"author":1,"featured_media":71,"parent":0,"menu_order":0,"comment_status":"closed","ping_status":"closed","template":"","meta":{"footnotes":""},"wppr_data":{"cwp_meta_box_check":"No"},"yoast_head":"<!-- This site is optimized with the Yoast SEO plugin v22.8 - https:\/\/yoast.com\/wordpress\/plugins\/seo\/ -->\n<title>Vacanciers - La Maison d&#039;Abel<\/title>\n<meta name=\"robots\" content=\"index, follow, max-snippet:-1, max-image-preview:large, max-video-preview:-1\" \/>\n<link rel=\"canonical\" href=\"https:\/\/www.lamaisondabel.fr\/index.php\/vacanciers\/\" \/>\n<meta property=\"og:locale\" content=\"fr_FR\" \/>\n<meta property=\"og:type\" content=\"article\" \/>\n<meta property=\"og:title\" content=\"Vacanciers - La Maison d&#039;Abel\" \/>\n<meta property=\"og:description\" content=\"\u00a0 Les vacanciers appr\u00e9cient entre autres cette maison pour : Le calme L&#8217;espace (superficie de la maison ~ 90m\u00b2 + les terrasses) Une r\u00e9gion magnifique &#8211; De nombreux sites \u00e0 visiter La terrasse sud La terrasse nord (avec son barbecue fixe) L&#8217;\u00e9quipement int\u00e9rieur (lave vaisselle, lave linge )&#8230; (Lave linge pour les s\u00e9jours de plus [&hellip;]\" \/>\n<meta property=\"og:url\" content=\"https:\/\/www.lamaisondabel.fr\/index.php\/vacanciers\/\" \/>\n<meta property=\"og:site_name\" content=\"La Maison d&#039;Abel\" \/>\n<meta property=\"article:modified_time\" content=\"2022-09-18T08:54:23+00:00\" \/>\n<meta property=\"og:image\" content=\"https:\/\/www.lamaisondabel.fr\/wp-content\/uploads\/2019\/03\/table_pierre.jpg\" \/>\n\t<meta property=\"og:image:width\" content=\"572\" \/>\n\t<meta property=\"og:image:height\" content=\"388\" \/>\n\t<meta property=\"og:image:type\" content=\"image\/jpeg\" \/>\n<meta name=\"twitter:card\" content=\"summary_large_image\" \/>\n<meta name=\"twitter:label1\" content=\"Dur\u00e9e de lecture estim\u00e9e\" \/>\n\t<meta name=\"twitter:data1\" content=\"1 minute\" \/>\n<script type=\"application\/ld+json\" class=\"yoast-schema-graph\">{\"@context\":\"https:\/\/schema.org\",\"@graph\":[{\"@type\":\"WebPage\",\"@id\":\"https:\/\/www.lamaisondabel.fr\/index.php\/vacanciers\/\",\"url\":\"https:\/\/www.lamaisondabel.fr\/index.php\/vacanciers\/\",\"name\":\"Vacanciers - La Maison d&#039;Abel\",\"isPartOf\":{\"@id\":\"https:\/\/www.lamaisondabel.fr\/#website\"},\"primaryImageOfPage\":{\"@id\":\"https:\/\/www.lamaisondabel.fr\/index.php\/vacanciers\/#primaryimage\"},\"image\":{\"@id\":\"https:\/\/www.lamaisondabel.fr\/index.php\/vacanciers\/#primaryimage\"},\"thumbnailUrl\":\"https:\/\/www.lamaisondabel.fr\/wp-content\/uploads\/2019\/03\/table_pierre.jpg\",\"datePublished\":\"2019-03-03T17:10:50+00:00\",\"dateModified\":\"2022-09-18T08:54:23+00:00\",\"breadcrumb\":{\"@id\":\"https:\/\/www.lamaisondabel.fr\/index.php\/vacanciers\/#breadcrumb\"},\"inLanguage\":\"fr-FR\",\"potentialAction\":[{\"@type\":\"ReadAction\",\"target\":[\"https:\/\/www.lamaisondabel.fr\/index.php\/vacanciers\/\"]}]},{\"@type\":\"ImageObject\",\"inLanguage\":\"fr-FR\",\"@id\":\"https:\/\/www.lamaisondabel.fr\/index.php\/vacanciers\/#primaryimage\",\"url\":\"https:\/\/www.lamaisondabel.fr\/wp-content\/uploads\/2019\/03\/table_pierre.jpg\",\"contentUrl\":\"https:\/\/www.lamaisondabel.fr\/wp-content\/uploads\/2019\/03\/table_pierre.jpg\",\"width\":572,\"height\":388},{\"@type\":\"BreadcrumbList\",\"@id\":\"https:\/\/www.lamaisondabel.fr\/index.php\/vacanciers\/#breadcrumb\",\"itemListElement\":[{\"@type\":\"ListItem\",\"position\":1,\"name\":\"Accueil\",\"item\":\"https:\/\/www.lamaisondabel.fr\/\"},{\"@type\":\"ListItem\",\"position\":2,\"name\":\"Vacanciers\"}]},{\"@type\":\"WebSite\",\"@id\":\"https:\/\/www.lamaisondabel.fr\/#website\",\"url\":\"https:\/\/www.lamaisondabel.fr\/\",\"name\":\"La Maison d&#039;Abel\",\"description\":\"Lac du Salagou - Maison en location saisonni\u00e8re - Ouvert toute l&#039;ann\u00e9e.\",\"potentialAction\":[{\"@type\":\"SearchAction\",\"target\":{\"@type\":\"EntryPoint\",\"urlTemplate\":\"https:\/\/www.lamaisondabel.fr\/?s={search_term_string}\"},\"query-input\":\"required name=search_term_string\"}],\"inLanguage\":\"fr-FR\"}]}<\/script>\n<!-- \/ Yoast SEO plugin. -->","yoast_head_json":{"title":"Vacanciers - La Maison d&#039;Abel","robots":{"index":"index","follow":"follow","max-snippet":"max-snippet:-1","max-image-preview":"max-image-preview:large","max-video-preview":"max-video-preview:-1"},"canonical":"https:\/\/www.lamaisondabel.fr\/index.php\/vacanciers\/","og_locale":"fr_FR","og_type":"article","og_title":"Vacanciers - La Maison d&#039;Abel","og_description":"\u00a0 Les vacanciers appr\u00e9cient entre autres cette maison pour : Le calme L&#8217;espace (superficie de la maison ~ 90m\u00b2 + les terrasses) Une r\u00e9gion magnifique &#8211; De nombreux sites \u00e0 visiter La terrasse sud La terrasse nord (avec son barbecue fixe) L&#8217;\u00e9quipement int\u00e9rieur (lave vaisselle, lave linge )&#8230; (Lave linge pour les s\u00e9jours de plus [&hellip;]","og_url":"https:\/\/www.lamaisondabel.fr\/index.php\/vacanciers\/","og_site_name":"La Maison d&#039;Abel","article_modified_time":"2022-09-18T08:54:23+00:00","og_image":[{"width":572,"height":388,"url":"https:\/\/www.lamaisondabel.fr\/wp-content\/uploads\/2019\/03\/table_pierre.jpg","type":"image\/jpeg"}],"twitter_card":"summary_large_image","twitter_misc":{"Dur\u00e9e de lecture estim\u00e9e":"1 minute"},"schema":{"@context":"https:\/\/schema.org","@graph":[{"@type":"WebPage","@id":"https:\/\/www.lamaisondabel.fr\/index.php\/vacanciers\/","url":"https:\/\/www.lamaisondabel.fr\/index.php\/vacanciers\/","name":"Vacanciers - La Maison d&#039;Abel","isPartOf":{"@id":"https:\/\/www.lamaisondabel.fr\/#website"},"primaryImageOfPage":{"@id":"https:\/\/www.lamaisondabel.fr\/index.php\/vacanciers\/#primaryimage"},"image":{"@id":"https:\/\/www.lamaisondabel.fr\/index.php\/vacanciers\/#primaryimage"},"thumbnailUrl":"https:\/\/www.lamaisondabel.fr\/wp-content\/uploads\/2019\/03\/table_pierre.jpg","datePublished":"2019-03-03T17:10:50+00:00","dateModified":"2022-09-18T08:54:23+00:00","breadcrumb":{"@id":"https:\/\/www.lamaisondabel.fr\/index.php\/vacanciers\/#breadcrumb"},"inLanguage":"fr-FR","potentialAction":[{"@type":"ReadAction","target":["https:\/\/www.lamaisondabel.fr\/index.php\/vacanciers\/"]}]},{"@type":"ImageObject","inLanguage":"fr-FR","@id":"https:\/\/www.lamaisondabel.fr\/index.php\/vacanciers\/#primaryimage","url":"https:\/\/www.lamaisondabel.fr\/wp-content\/uploads\/2019\/03\/table_pierre.jpg","contentUrl":"https:\/\/www.lamaisondabel.fr\/wp-content\/uploads\/2019\/03\/table_pierre.jpg","width":572,"height":388},{"@type":"BreadcrumbList","@id":"https:\/\/www.lamaisondabel.fr\/index.php\/vacanciers\/#breadcrumb","itemListElement":[{"@type":"ListItem","position":1,"name":"Accueil","item":"https:\/\/www.lamaisondabel.fr\/"},{"@type":"ListItem","position":2,"name":"Vacanciers"}]},{"@type":"WebSite","@id":"https:\/\/www.lamaisondabel.fr\/#website","url":"https:\/\/www.lamaisondabel.fr\/","name":"La Maison d&#039;Abel","description":"Lac du Salagou - Maison en location saisonni\u00e8re - Ouvert toute l&#039;ann\u00e9e.","potentialAction":[{"@type":"SearchAction","target":{"@type":"EntryPoint","urlTemplate":"https:\/\/www.lamaisondabel.fr\/?s={search_term_string}"},"query-input":"required name=search_term_string"}],"inLanguage":"fr-FR"}]}},"_links":{"self":[{"href":"https:\/\/www.lamaisondabel.fr\/index.php\/wp-json\/wp\/v2\/pages\/13"}],"collection":[{"href":"https:\/\/www.lamaisondabel.fr\/index.php\/wp-json\/wp\/v2\/pages"}],"about":[{"href":"https:\/\/www.lamaisondabel.fr\/index.php\/wp-json\/wp\/v2\/types\/page"}],"author":[{"embeddable":true,"href":"https:\/\/www.lamaisondabel.fr\/index.php\/wp-json\/wp\/v2\/users\/1"}],"replies":[{"embeddable":true,"href":"https:\/\/www.lamaisondabel.fr\/index.php\/wp-json\/wp\/v2\/comments?post=13"}],"version-history":[{"count":11,"href":"https:\/\/www.lamaisondabel.fr\/index.php\/wp-json\/wp\/v2\/pages\/13\/revisions"}],"predecessor-version":[{"id":1993,"href":"https:\/\/www.lamaisondabel.fr\/index.php\/wp-json\/wp\/v2\/pages\/13\/revisions\/1993"}],"wp:featuredmedia":[{"embeddable":true,"href":"https:\/\/www.lamaisondabel.fr\/index.php\/wp-json\/wp\/v2\/media\/71"}],"wp:attachment":[{"href":"https:\/\/www.lamaisondabel.fr\/index.php\/wp-json\/wp\/v2\/media?parent=13"}],"curies":[{"name":"wp","href":"https:\/\/api.w.org\/{rel}","templated":true}]}}