{"id":139,"date":"2019-03-04T09:34:46","date_gmt":"2019-03-04T09:34:46","guid":{"rendered":"http:\/\/www.lamaisondabel.fr\/wordpress_o\/?page_id=139"},"modified":"2019-03-10T08:47:32","modified_gmt":"2019-03-10T08:47:32","slug":"le-lac-du-salagou","status":"publish","type":"page","link":"https:\/\/www.lamaisondabel.fr\/index.php\/le-lac-du-salagou\/","title":{"rendered":"Le lac du Salagou"},"content":{"rendered":"<section id=\"h.p_o9U7J-qrNqIG\" class=\"yaqOZd LB7kq tpmmCb gk8rDe\">\n<div class=\"mYVXT\">\n<div class=\"LS81yb VICjCf\" tabindex=\"-1\">\n<div class=\"hJDwNd-AhqUyc-uQSCkd purZT-AhqUyc-II5mzb pSzOP-AhqUyc-qWD73c JNdkSc\">\n<div class=\"oKdM2c\">\n<div id=\"h.p_wpYJBdY_NqIV\" class=\"hJDwNd-AhqUyc-OiUrBf jXK9ad D2fZ2 OjCsFc wHaque GNzUNc\">\n<div class=\"jXK9ad-SmKAyb jXK9ad-SmKAyb-c4YZDc\">\n<div class=\"tyJCtd mGzaTb baZpAe lkHyyc\">\n<h1 id=\"h.p_ZTjVOR27NqIa\" class=\"zfr3Q duRjpb\"><\/h1>\n<\/div>\n<\/div>\n<\/div>\n<\/div>\n<\/div>\n<\/div>\n<\/div>\n<\/section>\n<section id=\"h.p_YVdHiPipN4I9\" class=\"yaqOZd lQAHbd\">\n<h2 class=\"yaqOZd IFuOkc\" style=\"text-align: center;\">Une journ\u00e9e sur le site majestueux du Salagou et de Mour\u00e8ze , un havre de paix et de tranquillit\u00e9<\/h2>\n<div class=\"mYVXT\">\n<div class=\"LS81yb VICjCf\" tabindex=\"-1\">\n<div class=\"hJDwNd-AhqUyc-uQSCkd purZT-AhqUyc-II5mzb pSzOP-AhqUyc-qWD73c JNdkSc yYI8W \">\n<div class=\"oKdM2c\">\n<div id=\"h.p_mRrBog5CN9LW\" class=\"hJDwNd-AhqUyc-uQSCkd jXK9ad D2fZ2 OjCsFc\">\n<div class=\"jXK9ad-SmKAyb jXK9ad-SmKAyb-c4YZDc\">\n<div class=\"tyJCtd baZpAe\">\n<div class=\"t3iYD\"><img loading=\"lazy\" decoding=\"async\" class=\"aligncenter wp-image-466\" src=\"http:\/\/www.lamaisondabel.fr\/wordpress_o\/wp-content\/uploads\/2019\/03\/lac_salagou_1-300x169.jpg\" alt=\"\" width=\"765\" height=\"431\" srcset=\"https:\/\/www.lamaisondabel.fr\/wp-content\/uploads\/2019\/03\/lac_salagou_1-300x169.jpg 300w, https:\/\/www.lamaisondabel.fr\/wp-content\/uploads\/2019\/03\/lac_salagou_1-768x432.jpg 768w, https:\/\/www.lamaisondabel.fr\/wp-content\/uploads\/2019\/03\/lac_salagou_1-1024x576.jpg 1024w, https:\/\/www.lamaisondabel.fr\/wp-content\/uploads\/2019\/03\/lac_salagou_1-50x28.jpg 50w, https:\/\/www.lamaisondabel.fr\/wp-content\/uploads\/2019\/03\/lac_salagou_1.jpg 1175w\" sizes=\"(max-width: 765px) 100vw, 765px\" \/><\/div>\n<\/div>\n<\/div>\n<\/div>\n<\/div>\n<div class=\"oKdM2c\">\n<div id=\"h.p_0nIwNP5IN4I0\" class=\"hJDwNd-AhqUyc-uQSCkd jXK9ad D2fZ2 wHaque GNzUNc\">\n<div class=\"jXK9ad-SmKAyb jXK9ad-SmKAyb-c4YZDc\">\n<div class=\"tyJCtd mGzaTb baZpAe\">\n<div class=\"PwMt2d\">\n<div class=\"a4qjWd EKJj3b\">\n<div class=\"U26fgb mUbCce fKz7Od LRAOtb JrP5Kb\" role=\"presentation\" aria-describedby=\"h.p_mT0yT9KEN4I6\" aria-label=\"Copier le lien du titre\" aria-disabled=\"false\" data-tooltip=\"Copier le lien du titre\" aria-hidden=\"true\" data-tooltip-position=\"top\" data-tooltip-vertical-offset=\"12\" data-tooltip-horizontal-offset=\"0\">\n<div class=\"VTBa7b MbhUzd\"><\/div>\n<\/div>\n<\/div>\n<p style=\"text-align: center;\">\n<\/div>\n<p id=\"h.p_jpVKf8QZGJMu\" class=\"zfr3Q\">Source d&#8217;int\u00e9r\u00eat touristique : par d\u00e9cret du 21 ao\u00fbt 2003 le Salagou obtient le statut de site naturel class\u00e9. Lac de Salagou \u00e0 4 km de votre maison, avec baignade naturelle et activit\u00e9s nautiques (des eaux atteignant les 28\u00b0 en \u00e9t\u00e9) &#8211; Base nautique<\/p>\n<div class=\"PwMt2d\">\n<div class=\"a4qjWd EKJj3b\">\n<div class=\"U26fgb mUbCce fKz7Od LRAOtb JrP5Kb\" role=\"presentation\" aria-describedby=\"h.p_e3BXt3zLOCuo\" aria-label=\"Copier le lien du titre\" aria-disabled=\"false\" data-tooltip=\"Copier le lien du titre\" aria-hidden=\"true\" data-tooltip-position=\"top\" data-tooltip-vertical-offset=\"12\" data-tooltip-horizontal-offset=\"0\">\n<div class=\"VTBa7b MbhUzd\"><\/div>\n<\/div>\n<\/div>\n<p>Quelques chiffres<\/p>\n<\/div>\n<ul class=\"n8H08c UVNKR\">\n<li id=\"h.p_nYRD18U1W3pu\" class=\"zfr3Q TYR86d\">Jadis Le Salagou \u00e9tait un modeste cours d&#8217;eau.<\/li>\n<li class=\"zfr3Q TYR86d\">Il a \u00e9t\u00e9 transform\u00e9 en lac et mis en eau en 1969\u00a0 &#8211; Moins de 2 ans pour le remplir<\/li>\n<li id=\"h.p_rHk-suezXKvN\" class=\"zfr3Q TYR86d\">Il prend naissance dans le ruisseau du Salagou.<\/li>\n<li class=\"zfr3Q TYR86d\">La surface totale du lac : 700 &#8211; 750 hectares<\/li>\n<li id=\"h.p_dcqJD0vjXNkr\" class=\"zfr3Q TYR86d\">Longueur : Avoisine les 7 km<\/li>\n<li id=\"h.p_vZJxcgNIXOxT\" class=\"zfr3Q TYR86d\">Profondeur jusqu&#8217;\u00e0 45 m\u00e8tres<\/li>\n<li id=\"h.p_RGIvQcxwXYPk\" class=\"zfr3Q TYR86d\">Altitude 139 m\u00e8tres<\/li>\n<li id=\"h.p_wtm9vjcsXPpT\" class=\"zfr3Q TYR86d\">Il retient 125 millions de m3 d&#8217;eau. Plan d&#8217;eau douce aux nuances turquoises &#8211; Deux plages am\u00e9nag\u00e9es (dont une c\u00f4t\u00e9 Lod\u00e8ve) &#8211;<\/li>\n<li id=\"h.p_YXuX8CBSXRPb\" class=\"zfr3Q TYR86d\">Possibilit\u00e9 de faire le tour du lac sur un parcours am\u00e9nag\u00e9 28 km environ &#8211;<\/li>\n<li id=\"h.p_lqPpbDqEXFfv\" class=\"zfr3Q TYR86d\">250.000 visiteurs par an<\/li>\n<li>28 km de chemins qui suivent les rives<\/li>\n<\/ul>\n<p id=\"h.p_fDOT8IKyXFfx\" class=\"zfr3Q\">Vous \u00eates \u00e0 5\u00a0 kilom\u00e8tres du Lac du Salagou et \u00e0 40 km du lac d&#8217;Avenne (Av\u00e8ne les Bains &#8211; 34260)<\/p>\n<p class=\"zfr3Q\">voile, funboarders, p\u00eache, chemins p\u00e9destres, VTT, farniente&#8230; le lac du Salagou est interdit au bateaux \u00e0 moteur.<\/p>\n<\/div>\n<p class=\"zfr3Q\"><img loading=\"lazy\" decoding=\"async\" class=\"aligncenter wp-image-470\" src=\"http:\/\/www.lamaisondabel.fr\/wordpress_o\/wp-content\/uploads\/2019\/03\/lac_salagou_2-300x169.jpg\" alt=\"\" width=\"832\" height=\"469\" srcset=\"https:\/\/www.lamaisondabel.fr\/wp-content\/uploads\/2019\/03\/lac_salagou_2-300x169.jpg 300w, https:\/\/www.lamaisondabel.fr\/wp-content\/uploads\/2019\/03\/lac_salagou_2-768x432.jpg 768w, https:\/\/www.lamaisondabel.fr\/wp-content\/uploads\/2019\/03\/lac_salagou_2-1024x576.jpg 1024w, https:\/\/www.lamaisondabel.fr\/wp-content\/uploads\/2019\/03\/lac_salagou_2-50x28.jpg 50w, https:\/\/www.lamaisondabel.fr\/wp-content\/uploads\/2019\/03\/lac_salagou_2.jpg 1175w\" sizes=\"(max-width: 832px) 100vw, 832px\" \/><\/p>\n<\/div>\n<\/div>\n<\/div>\n<\/div>\n<\/div>\n<\/div>\n<\/section>\n<section id=\"h.p_BFzsZdN1OMsA\" class=\"yaqOZd lQAHbd\">\n<div class=\"yaqOZd IFuOkc\"><\/div>\n<div class=\"mYVXT\">\n<div class=\"LS81yb VICjCf\" tabindex=\"-1\">\n<div class=\"hJDwNd-AhqUyc-uQSCkd purZT-AhqUyc-II5mzb pSzOP-AhqUyc-qWD73c JNdkSc\">\n<div class=\"oKdM2c\">\n<div id=\"h.p_udoFGf8XOWHc\" class=\"hJDwNd-AhqUyc-uQSCkd jXK9ad D2fZ2 OjCsFc wHaque\">\n<div class=\"jXK9ad-SmKAyb jXK9ad-SmKAyb-c4YZDc\">\n<div class=\"tyJCtd baZpAe\">\n<div class=\"t3iYD\"><\/div>\n<\/div>\n<\/div>\n<\/div>\n<\/div>\n<\/div>\n<\/div>\n<\/div>\n<\/section>\n<section id=\"h.p_gJSqGnNbOH4-\" class=\"yaqOZd\">\n<div class=\"yaqOZd IFuOkc\"><\/div>\n<div class=\"mYVXT\">\n<div class=\"LS81yb VICjCf\" tabindex=\"-1\">\n<div class=\"hJDwNd-AhqUyc-uQSCkd purZT-AhqUyc-II5mzb pSzOP-AhqUyc-qWD73c JNdkSc\">\n<div class=\"oKdM2c\">\n<div id=\"h.p_ZQ8Thk7FOH40\" class=\"hJDwNd-AhqUyc-uQSCkd jXK9ad D2fZ2 OjCsFc wHaque GNzUNc\">\n<div class=\"jXK9ad-SmKAyb jXK9ad-SmKAyb-c4YZDc\">\n<div class=\"tyJCtd mGzaTb baZpAe\">\n<p id=\"h.p_omiQR7agOJgn\" class=\"zfr3Q\">Bizarre&#8230; Sur les berges du Salagou un grand rocher volcanique juch\u00e9 sur une butte de Ruffe, surmont\u00e9 d&#8217;une croix. Il porte le nom &#8220;La Roque&#8221;. En approchant une boussole \u00e0 moins d&#8217;un m\u00e8tre du rocher, on constate qu&#8217;elle indique le sud au nord et inversement&#8230;\u00a0 Cela est du \u00e0 un \u00e9pisode volcanique (la roche \u00e0 gard\u00e9 la m\u00e9moire) dans la r\u00e9gion \u00e0 une \u00e9poque tr\u00e8s ancienne o\u00f9 la terre vivait sous l&#8217;influence magn\u00e9tique d&#8217;un p\u00f4le diff\u00e9rent de celui d&#8217;aujourd&#8217;hui ! A v\u00e9rifier sur place.<\/p>\n<p id=\"h.p_e2I3DcfmOJgo\" class=\"zfr3Q\">Le lac du Salagou offre de nombreuses activit\u00e9s.<\/p>\n<p id=\"h.p_OqDautfKXeNk\" class=\"zfr3Q\">Renseignements pratiques<\/p>\n<p id=\"h.p_sCtDhQIsOJgq\" class=\"zfr3Q\">Base de plein air du Salagou : Lac du Salagou 34800 Clermont-l&#8217;H\u00e9rault &#8211; T\u00e9l. : 04 67 96 05 71. Fax : 04 67 96 26 13.<\/p>\n<p id=\"h.p_EeoBIYhMOJgs\" class=\"zfr3Q\">Ozone VTT : 1 av. du Lac 34800 Clermont-l&#8217;H\u00e9rault &#8211; T\u00e9l. : 04.67.96.03.99.<\/p>\n<p id=\"h.p_b6-z97hCXnQ7\" class=\"zfr3Q\">Centre de loisirs du Lod\u00e9vois : 04.67.44.31.01<\/p>\n<p id=\"h.p_sIBdma33OJgt\" class=\"zfr3Q\">Offices de tourisme :<\/p>\n<p id=\"h.p_qzWHNWO5XiLK\" class=\"zfr3Q\">Clermont l&#8217;H\u00e9rault : 04.67.96.23.86<\/p>\n<p id=\"h.p_lUZHQVmAXjJD\" class=\"zfr3Q\">Lod\u00e8ve : 04.67.88.86.44<\/p>\n<\/div>\n<\/div>\n<\/div>\n<\/div>\n<\/div>\n<\/div>\n<\/div>\n<\/section>\n<div class=\"yaqOZd IFuOkc\" style=\"text-align: center;\"><\/div>\n<section id=\"h.p_VfQfXvR8tvq-\" class=\"yaqOZd\">\n<div class=\"mYVXT\">\n<div class=\"LS81yb VICjCf\" tabindex=\"-1\">\n<div class=\"hJDwNd-AhqUyc-uQSCkd purZT-AhqUyc-II5mzb pSzOP-AhqUyc-qWD73c JNdkSc\">\n<div class=\"oKdM2c\">\n<div id=\"h.p_ESFO7e_Ztvq4\" class=\"hJDwNd-AhqUyc-uQSCkd jXK9ad D2fZ2 OjCsFc wHaque GNzUNc\">\n<div class=\"jXK9ad-SmKAyb jXK9ad-SmKAyb-c4YZDc\">\n<div class=\"tyJCtd mGzaTb baZpAe\">\n<div class=\"PwMt2d\">\n<div class=\"a4qjWd EKJj3b\">\n<div class=\"U26fgb mUbCce fKz7Od LRAOtb JrP5Kb\" role=\"presentation\" aria-describedby=\"h.p_omDYKbE5tvq7\" aria-label=\"Copier le lien du titre\" aria-disabled=\"false\" data-tooltip=\"Copier le lien du titre\" aria-hidden=\"true\" data-tooltip-position=\"top\" data-tooltip-vertical-offset=\"12\" data-tooltip-horizontal-offset=\"0\">\n<div class=\"VTBa7b MbhUzd\"><\/div>\n<\/div>\n<\/div>\n<\/div>\n<div class=\"tyJCtd mGzaTb baZpAe\">\n<hr \/>\n<\/div>\n<section id=\"h.p_OGmiK-tZKBBm\" class=\"yaqOZd\">\n<p style=\"text-align: center;\"><em><strong>Une belle journ\u00e9e en perspective \u00e0 8 minutes de la maison d&#8217;Abel<\/strong><\/em><\/p>\n<h6 style=\"text-align: center;\">Cliquez sur le logo de Google Map pour voir l&#8217;itin\u00e9raire propos\u00e9<\/h6>\n<p style=\"text-align: center;\"><a href=\"https:\/\/goo.gl\/maps\/VK9Bgx9X5uQ2\" target=\"_blank\" rel=\"noopener noreferrer\"><img loading=\"lazy\" decoding=\"async\" class=\"wp-image-698 aligncenter\" src=\"http:\/\/www.lamaisondabel.fr\/wordpress_o\/wp-content\/uploads\/2019\/03\/google_map.png\" alt=\"\" width=\"134\" height=\"136\" srcset=\"https:\/\/www.lamaisondabel.fr\/wp-content\/uploads\/2019\/03\/google_map.png 223w, https:\/\/www.lamaisondabel.fr\/wp-content\/uploads\/2019\/03\/google_map-50x50.png 50w\" sizes=\"(max-width: 134px) 100vw, 134px\" \/><\/a><\/p>\n<\/section>\n<h6 style=\"text-align: center;\">Vous souhaitant une belle journ\u00e9e dans ce lieu !<\/h6>\n<p style=\"text-align: center;\">Distance approximative : 5 km<\/p>\n<hr \/>\n<\/div>\n<h1><\/h1>\n<h1><\/h1>\n<h1 style=\"text-align: center;\">Le barrage du Salagou<\/h1>\n<p style=\"text-align: center;\"><img loading=\"lazy\" decoding=\"async\" class=\"aligncenter size-medium wp-image-728\" src=\"http:\/\/www.lamaisondabel.fr\/wordpress_o\/wp-content\/uploads\/2019\/03\/salagou_barrage-300x200.jpg\" alt=\"\" width=\"300\" height=\"200\" srcset=\"https:\/\/www.lamaisondabel.fr\/wp-content\/uploads\/2019\/03\/salagou_barrage-300x200.jpg 300w, https:\/\/www.lamaisondabel.fr\/wp-content\/uploads\/2019\/03\/salagou_barrage-50x33.jpg 50w, https:\/\/www.lamaisondabel.fr\/wp-content\/uploads\/2019\/03\/salagou_barrage.jpg 450w\" sizes=\"(max-width: 300px) 100vw, 300px\" \/><\/p>\n<\/div>\n<p>&nbsp;<\/p>\n<\/div>\n<\/div>\n<div class=\"tyJCtd mGzaTb baZpAe\">\n<hr \/>\n<\/div>\n<section id=\"h.p_OGmiK-tZKBBm\" class=\"yaqOZd\">\n<p style=\"text-align: center;\"><em><strong>Une belle visite en perspective \u00e0 16minutes de la maison d&#8217;Abel<\/strong><\/em><\/p>\n<h6 style=\"text-align: center;\">Cliquez sur le logo de Google Map pour voir l&#8217;itin\u00e9raire propos\u00e9<\/h6>\n<p style=\"text-align: center;\"><a href=\"https:\/\/goo.gl\/maps\/QkY64NtFbJt\" target=\"_blank\" rel=\"noopener noreferrer\"><img loading=\"lazy\" decoding=\"async\" class=\"wp-image-698 aligncenter\" src=\"http:\/\/www.lamaisondabel.fr\/wordpress_o\/wp-content\/uploads\/2019\/03\/google_map.png\" alt=\"\" width=\"134\" height=\"136\" srcset=\"https:\/\/www.lamaisondabel.fr\/wp-content\/uploads\/2019\/03\/google_map.png 223w, https:\/\/www.lamaisondabel.fr\/wp-content\/uploads\/2019\/03\/google_map-50x50.png 50w\" sizes=\"(max-width: 134px) 100vw, 134px\" \/><\/a><\/p>\n<\/section>\n<h6 style=\"text-align: center;\">Vous souhaitant une belle journ\u00e9e dans ce lieu !<\/h6>\n<p style=\"text-align: center;\">Distance approximative : 12 km<\/p>\n<hr \/>\n<p>&nbsp;<\/p>\n<div class=\"oKdM2c\">\n<div id=\"h.p_ESFO7e_Ztvq4\" class=\"hJDwNd-AhqUyc-uQSCkd jXK9ad D2fZ2 OjCsFc wHaque GNzUNc\">\n<div class=\"jXK9ad-SmKAyb jXK9ad-SmKAyb-c4YZDc\">\n<div class=\"tyJCtd mGzaTb baZpAe\">\n<p id=\"h.p_SgN75BwDwIo8\" class=\"zfr3Q\" style=\"text-align: center;\">\n<\/div>\n<\/div>\n<\/div>\n<\/div>\n<\/div>\n<\/div>\n<\/div>\n<\/section>\n<section id=\"h.p_oSTlsbaEwVVB\" class=\"yaqOZd\">\n<div class=\"yaqOZd IFuOkc\" style=\"text-align: center;\"><\/div>\n<\/section>\n","protected":false},"excerpt":{"rendered":"<p>Une journ\u00e9e sur le site majestueux du Salagou et de Mour\u00e8ze , un havre de paix et de tranquillit\u00e9 Source d&#8217;int\u00e9r\u00eat touristique : par d\u00e9cret du 21 ao\u00fbt 2003 le Salagou obtient le statut de site naturel class\u00e9. Lac de Salagou \u00e0 4 km de votre maison, avec baignade naturelle et activit\u00e9s nautiques (des eaux [&hellip;]<\/p>\n","protected":false},"author":1,"featured_media":0,"parent":0,"menu_order":0,"comment_status":"closed","ping_status":"closed","template":"","meta":{"footnotes":""},"wppr_data":{"cwp_meta_box_check":"No"},"yoast_head":"<!-- This site is optimized with the Yoast SEO plugin v22.8 - https:\/\/yoast.com\/wordpress\/plugins\/seo\/ -->\n<title>Le lac du Salagou - La Maison d&#039;Abel<\/title>\n<meta name=\"robots\" content=\"index, follow, max-snippet:-1, max-image-preview:large, max-video-preview:-1\" \/>\n<link rel=\"canonical\" href=\"https:\/\/www.lamaisondabel.fr\/index.php\/le-lac-du-salagou\/\" \/>\n<meta property=\"og:locale\" content=\"fr_FR\" \/>\n<meta property=\"og:type\" content=\"article\" \/>\n<meta property=\"og:title\" content=\"Le lac du Salagou - La Maison d&#039;Abel\" \/>\n<meta property=\"og:description\" content=\"Une journ\u00e9e sur le site majestueux du Salagou et de Mour\u00e8ze , un havre de paix et de tranquillit\u00e9 Source d&#8217;int\u00e9r\u00eat touristique : par d\u00e9cret du 21 ao\u00fbt 2003 le Salagou obtient le statut de site naturel class\u00e9. Lac de Salagou \u00e0 4 km de votre maison, avec baignade naturelle et activit\u00e9s nautiques (des eaux [&hellip;]\" \/>\n<meta property=\"og:url\" content=\"https:\/\/www.lamaisondabel.fr\/index.php\/le-lac-du-salagou\/\" \/>\n<meta property=\"og:site_name\" content=\"La Maison d&#039;Abel\" \/>\n<meta property=\"article:modified_time\" content=\"2019-03-10T08:47:32+00:00\" \/>\n<meta property=\"og:image\" content=\"http:\/\/www.lamaisondabel.fr\/wordpress_o\/wp-content\/uploads\/2019\/03\/lac_salagou_1-300x169.jpg\" \/>\n<meta name=\"twitter:card\" content=\"summary_large_image\" \/>\n<meta name=\"twitter:label1\" content=\"Dur\u00e9e de lecture estim\u00e9e\" \/>\n\t<meta name=\"twitter:data1\" content=\"2 minutes\" \/>\n<script type=\"application\/ld+json\" class=\"yoast-schema-graph\">{\"@context\":\"https:\/\/schema.org\",\"@graph\":[{\"@type\":\"WebPage\",\"@id\":\"https:\/\/www.lamaisondabel.fr\/index.php\/le-lac-du-salagou\/\",\"url\":\"https:\/\/www.lamaisondabel.fr\/index.php\/le-lac-du-salagou\/\",\"name\":\"Le lac du Salagou - La Maison d&#039;Abel\",\"isPartOf\":{\"@id\":\"https:\/\/www.lamaisondabel.fr\/#website\"},\"primaryImageOfPage\":{\"@id\":\"https:\/\/www.lamaisondabel.fr\/index.php\/le-lac-du-salagou\/#primaryimage\"},\"image\":{\"@id\":\"https:\/\/www.lamaisondabel.fr\/index.php\/le-lac-du-salagou\/#primaryimage\"},\"thumbnailUrl\":\"http:\/\/www.lamaisondabel.fr\/wordpress_o\/wp-content\/uploads\/2019\/03\/lac_salagou_1-300x169.jpg\",\"datePublished\":\"2019-03-04T09:34:46+00:00\",\"dateModified\":\"2019-03-10T08:47:32+00:00\",\"breadcrumb\":{\"@id\":\"https:\/\/www.lamaisondabel.fr\/index.php\/le-lac-du-salagou\/#breadcrumb\"},\"inLanguage\":\"fr-FR\",\"potentialAction\":[{\"@type\":\"ReadAction\",\"target\":[\"https:\/\/www.lamaisondabel.fr\/index.php\/le-lac-du-salagou\/\"]}]},{\"@type\":\"ImageObject\",\"inLanguage\":\"fr-FR\",\"@id\":\"https:\/\/www.lamaisondabel.fr\/index.php\/le-lac-du-salagou\/#primaryimage\",\"url\":\"https:\/\/www.lamaisondabel.fr\/wp-content\/uploads\/2019\/03\/lac_salagou_1.jpg\",\"contentUrl\":\"https:\/\/www.lamaisondabel.fr\/wp-content\/uploads\/2019\/03\/lac_salagou_1.jpg\",\"width\":1175,\"height\":661},{\"@type\":\"BreadcrumbList\",\"@id\":\"https:\/\/www.lamaisondabel.fr\/index.php\/le-lac-du-salagou\/#breadcrumb\",\"itemListElement\":[{\"@type\":\"ListItem\",\"position\":1,\"name\":\"Accueil\",\"item\":\"https:\/\/www.lamaisondabel.fr\/\"},{\"@type\":\"ListItem\",\"position\":2,\"name\":\"Le lac du Salagou\"}]},{\"@type\":\"WebSite\",\"@id\":\"https:\/\/www.lamaisondabel.fr\/#website\",\"url\":\"https:\/\/www.lamaisondabel.fr\/\",\"name\":\"La Maison d&#039;Abel\",\"description\":\"Lac du Salagou - Maison en location saisonni\u00e8re - Ouvert toute l&#039;ann\u00e9e.\",\"potentialAction\":[{\"@type\":\"SearchAction\",\"target\":{\"@type\":\"EntryPoint\",\"urlTemplate\":\"https:\/\/www.lamaisondabel.fr\/?s={search_term_string}\"},\"query-input\":\"required name=search_term_string\"}],\"inLanguage\":\"fr-FR\"}]}<\/script>\n<!-- \/ Yoast SEO plugin. -->","yoast_head_json":{"title":"Le lac du Salagou - La Maison d&#039;Abel","robots":{"index":"index","follow":"follow","max-snippet":"max-snippet:-1","max-image-preview":"max-image-preview:large","max-video-preview":"max-video-preview:-1"},"canonical":"https:\/\/www.lamaisondabel.fr\/index.php\/le-lac-du-salagou\/","og_locale":"fr_FR","og_type":"article","og_title":"Le lac du Salagou - La Maison d&#039;Abel","og_description":"Une journ\u00e9e sur le site majestueux du Salagou et de Mour\u00e8ze , un havre de paix et de tranquillit\u00e9 Source d&#8217;int\u00e9r\u00eat touristique : par d\u00e9cret du 21 ao\u00fbt 2003 le Salagou obtient le statut de site naturel class\u00e9. Lac de Salagou \u00e0 4 km de votre maison, avec baignade naturelle et activit\u00e9s nautiques (des eaux [&hellip;]","og_url":"https:\/\/www.lamaisondabel.fr\/index.php\/le-lac-du-salagou\/","og_site_name":"La Maison d&#039;Abel","article_modified_time":"2019-03-10T08:47:32+00:00","og_image":[{"url":"http:\/\/www.lamaisondabel.fr\/wordpress_o\/wp-content\/uploads\/2019\/03\/lac_salagou_1-300x169.jpg"}],"twitter_card":"summary_large_image","twitter_misc":{"Dur\u00e9e de lecture estim\u00e9e":"2 minutes"},"schema":{"@context":"https:\/\/schema.org","@graph":[{"@type":"WebPage","@id":"https:\/\/www.lamaisondabel.fr\/index.php\/le-lac-du-salagou\/","url":"https:\/\/www.lamaisondabel.fr\/index.php\/le-lac-du-salagou\/","name":"Le lac du Salagou - La Maison d&#039;Abel","isPartOf":{"@id":"https:\/\/www.lamaisondabel.fr\/#website"},"primaryImageOfPage":{"@id":"https:\/\/www.lamaisondabel.fr\/index.php\/le-lac-du-salagou\/#primaryimage"},"image":{"@id":"https:\/\/www.lamaisondabel.fr\/index.php\/le-lac-du-salagou\/#primaryimage"},"thumbnailUrl":"http:\/\/www.lamaisondabel.fr\/wordpress_o\/wp-content\/uploads\/2019\/03\/lac_salagou_1-300x169.jpg","datePublished":"2019-03-04T09:34:46+00:00","dateModified":"2019-03-10T08:47:32+00:00","breadcrumb":{"@id":"https:\/\/www.lamaisondabel.fr\/index.php\/le-lac-du-salagou\/#breadcrumb"},"inLanguage":"fr-FR","potentialAction":[{"@type":"ReadAction","target":["https:\/\/www.lamaisondabel.fr\/index.php\/le-lac-du-salagou\/"]}]},{"@type":"ImageObject","inLanguage":"fr-FR","@id":"https:\/\/www.lamaisondabel.fr\/index.php\/le-lac-du-salagou\/#primaryimage","url":"https:\/\/www.lamaisondabel.fr\/wp-content\/uploads\/2019\/03\/lac_salagou_1.jpg","contentUrl":"https:\/\/www.lamaisondabel.fr\/wp-content\/uploads\/2019\/03\/lac_salagou_1.jpg","width":1175,"height":661},{"@type":"BreadcrumbList","@id":"https:\/\/www.lamaisondabel.fr\/index.php\/le-lac-du-salagou\/#breadcrumb","itemListElement":[{"@type":"ListItem","position":1,"name":"Accueil","item":"https:\/\/www.lamaisondabel.fr\/"},{"@type":"ListItem","position":2,"name":"Le lac du Salagou"}]},{"@type":"WebSite","@id":"https:\/\/www.lamaisondabel.fr\/#website","url":"https:\/\/www.lamaisondabel.fr\/","name":"La Maison d&#039;Abel","description":"Lac du Salagou - Maison en location saisonni\u00e8re - Ouvert toute l&#039;ann\u00e9e.","potentialAction":[{"@type":"SearchAction","target":{"@type":"EntryPoint","urlTemplate":"https:\/\/www.lamaisondabel.fr\/?s={search_term_string}"},"query-input":"required name=search_term_string"}],"inLanguage":"fr-FR"}]}},"_links":{"self":[{"href":"https:\/\/www.lamaisondabel.fr\/index.php\/wp-json\/wp\/v2\/pages\/139"}],"collection":[{"href":"https:\/\/www.lamaisondabel.fr\/index.php\/wp-json\/wp\/v2\/pages"}],"about":[{"href":"https:\/\/www.lamaisondabel.fr\/index.php\/wp-json\/wp\/v2\/types\/page"}],"author":[{"embeddable":true,"href":"https:\/\/www.lamaisondabel.fr\/index.php\/wp-json\/wp\/v2\/users\/1"}],"replies":[{"embeddable":true,"href":"https:\/\/www.lamaisondabel.fr\/index.php\/wp-json\/wp\/v2\/comments?post=139"}],"version-history":[{"count":10,"href":"https:\/\/www.lamaisondabel.fr\/index.php\/wp-json\/wp\/v2\/pages\/139\/revisions"}],"predecessor-version":[{"id":1097,"href":"https:\/\/www.lamaisondabel.fr\/index.php\/wp-json\/wp\/v2\/pages\/139\/revisions\/1097"}],"wp:attachment":[{"href":"https:\/\/www.lamaisondabel.fr\/index.php\/wp-json\/wp\/v2\/media?parent=139"}],"curies":[{"name":"wp","href":"https:\/\/api.w.org\/{rel}","templated":true}]}}