{"id":142,"date":"2019-03-04T09:35:53","date_gmt":"2019-03-04T09:35:53","guid":{"rendered":"http:\/\/www.lamaisondabel.fr\/wordpress_o\/?page_id=142"},"modified":"2020-07-02T11:31:32","modified_gmt":"2020-07-02T11:31:32","slug":"le-prieure-de-saint-michel-de-grandmont","status":"publish","type":"page","link":"https:\/\/www.lamaisondabel.fr\/index.php\/le-prieure-de-saint-michel-de-grandmont\/","title":{"rendered":"Saint Michel de Grandmont"},"content":{"rendered":"<section id=\"h.p__UTD8V-TFARw\" class=\"yaqOZd LB7kq tpmmCb gk8rDe\">\n<div class=\"mYVXT\">\n<div class=\"LS81yb VICjCf\" tabindex=\"-1\">\n<div class=\"hJDwNd-AhqUyc-uQSCkd purZT-AhqUyc-II5mzb pSzOP-AhqUyc-qWD73c JNdkSc\">\n<div class=\"oKdM2c\">\n<div id=\"h.p_pxZxGbvoFAR0\" class=\"hJDwNd-AhqUyc-OiUrBf jXK9ad D2fZ2 OjCsFc wHaque GNzUNc\">\n<div class=\"jXK9ad-SmKAyb jXK9ad-SmKAyb-c4YZDc\">\n<div class=\"tyJCtd mGzaTb baZpAe lkHyyc\">\u00a0<\/div>\n<\/div>\n<\/div>\n<div class=\"hJDwNd-AhqUyc-ibL1re jXK9ad D2fZ2 OjCsFc wHaque L6cTce-purZT L6cTce-pSzOP\">\n<div class=\"jXK9ad-SmKAyb jXK9ad-SmKAyb-c4YZDc\">\n<h1 class=\"tyJCtd baZpAe\" style=\"text-align: center;\">Le prieur\u00e9 de Saint Michel de Grandmont<\/h1>\n<\/div>\n<\/div>\n<\/div>\n<\/div>\n<\/div>\n<\/div>\n<\/section>\n<section id=\"h.p_94XwV3EhFWxt\" class=\"yaqOZd lQAHbd\">\n<div class=\"mYVXT\">\n<div class=\"LS81yb VICjCf\" tabindex=\"-1\">\n<div class=\"hJDwNd-AhqUyc-uQSCkd purZT-AhqUyc-II5mzb pSzOP-AhqUyc-qWD73c JNdkSc\">\n<div class=\"oKdM2c\">\n<div class=\"hJDwNd-AhqUyc-c5RTEf jXK9ad D2fZ2 OjCsFc wHaque L6cTce-purZT L6cTce-pSzOP\">\n<div class=\"jXK9ad-SmKAyb jXK9ad-SmKAyb-c4YZDc\">\n<div class=\"tyJCtd baZpAe\" style=\"text-align: center;\">\u00a0<\/div>\n<\/div>\n<\/div>\n<div id=\"h.p_TTJqz8OBFZ6L\" class=\"hJDwNd-AhqUyc-qWD73c jXK9ad D2fZ2 OjCsFc wHaque\" style=\"text-align: center;\">\n<div class=\"jXK9ad-SmKAyb jXK9ad-SmKAyb-c4YZDc\">\n<div class=\"tyJCtd baZpAe\">\n<div class=\"t3iYD\">\u00a0<\/div>\n<\/div>\n<\/div>\n<\/div>\n<div class=\"hJDwNd-AhqUyc-c5RTEf jXK9ad D2fZ2 OjCsFc wHaque L6cTce-purZT L6cTce-pSzOP\" style=\"text-align: center;\">\n<div class=\"jXK9ad-SmKAyb jXK9ad-SmKAyb-c4YZDc\">\n<div class=\"tyJCtd baZpAe\">\u00a0<\/div>\n<\/div>\n<\/div>\n<\/div>\n<\/div>\n<\/div>\n<\/div>\n<\/section>\n<section id=\"h.p_k70o_MS5Fggj\" class=\"yaqOZd lQAHbd\">\n<div class=\"yaqOZd IFuOkc\" style=\"text-align: center;\"><img loading=\"lazy\" decoding=\"async\" class=\"aligncenter size-full wp-image-512\" src=\"http:\/\/www.lamaisondabel.fr\/wordpress_o\/wp-content\/uploads\/2019\/03\/region_grandmont_1.jpg\" alt=\"\" width=\"288\" height=\"175\" srcset=\"https:\/\/www.lamaisondabel.fr\/wp-content\/uploads\/2019\/03\/region_grandmont_1.jpg 288w, https:\/\/www.lamaisondabel.fr\/wp-content\/uploads\/2019\/03\/region_grandmont_1-50x30.jpg 50w\" sizes=\"(max-width: 288px) 100vw, 288px\" \/><\/div>\n<div style=\"text-align: center;\">Du dolmen vous apercevrez le hameau de Saint Julien !<\/div>\n<div>\u00a0<\/div>\n<div class=\"yaqOZd IFuOkc\" style=\"text-align: center;\"><img loading=\"lazy\" decoding=\"async\" class=\"aligncenter size-medium wp-image-513\" src=\"http:\/\/www.lamaisondabel.fr\/wordpress_o\/wp-content\/uploads\/2019\/03\/region_grandmont_2.jpg\" alt=\"\" width=\"275\" height=\"184\" srcset=\"https:\/\/www.lamaisondabel.fr\/wp-content\/uploads\/2019\/03\/region_grandmont_2.jpg 275w, https:\/\/www.lamaisondabel.fr\/wp-content\/uploads\/2019\/03\/region_grandmont_2-50x33.jpg 50w\" sizes=\"(max-width: 275px) 100vw, 275px\" \/><\/div>\n<div class=\"mYVXT\">\n<div class=\"LS81yb VICjCf\" tabindex=\"-1\">\n<div class=\"hJDwNd-AhqUyc-uQSCkd purZT-AhqUyc-II5mzb pSzOP-AhqUyc-qWD73c JNdkSc\">\n<div class=\"oKdM2c\">\n<div class=\"hJDwNd-AhqUyc-c5RTEf jXK9ad D2fZ2 OjCsFc wHaque L6cTce-purZT L6cTce-pSzOP\">\n<div class=\"jXK9ad-SmKAyb jXK9ad-SmKAyb-c4YZDc\">\n<div class=\"tyJCtd baZpAe\">\u00a0<\/div>\n<\/div>\n<\/div>\n<div id=\"h.p_2dLYrsE5Fggm\" class=\"hJDwNd-AhqUyc-qWD73c jXK9ad D2fZ2 OjCsFc wHaque\">\n<div class=\"jXK9ad-SmKAyb jXK9ad-SmKAyb-c4YZDc\">\n<div class=\"tyJCtd baZpAe\">\n<div class=\"t3iYD\"><img loading=\"lazy\" decoding=\"async\" class=\"CENy8b aligncenter\" role=\"img\" src=\"https:\/\/lh5.googleusercontent.com\/RSc7HQtOTxS3uWlXg6wbx1dErTzliJ36JqVIKQ9WbpwqhwDFh9tIpNVo4L1D-S5cjHFPcXIQpfFGDfu_UEVnmbC4ulXU9Xyw2saxlV3chRvCVUJWNJw=w572\" alt=\"\" width=\"275\" height=\"184\" \/><\/div>\n<\/div>\n<\/div>\n<\/div>\n<div class=\"hJDwNd-AhqUyc-c5RTEf jXK9ad D2fZ2 OjCsFc wHaque L6cTce-purZT L6cTce-pSzOP\">\n<div class=\"jXK9ad-SmKAyb jXK9ad-SmKAyb-c4YZDc\">\n<div class=\"tyJCtd baZpAe\">\u00a0<\/div>\n<\/div>\n<\/div>\n<\/div>\n<\/div>\n<\/div>\n<\/div>\n<\/section>\n<section id=\"h.p_JIPwRGaoFQIf\" class=\"yaqOZd\">\n<div class=\"yaqOZd IFuOkc\" style=\"text-align: center;\">\u00a0<\/div>\n<div class=\"mYVXT\">\n<div class=\"LS81yb VICjCf\" tabindex=\"-1\">\n<div class=\"hJDwNd-AhqUyc-uQSCkd purZT-AhqUyc-II5mzb pSzOP-AhqUyc-qWD73c JNdkSc\">\n<div class=\"oKdM2c\">\n<div id=\"h.p_IfFCqa98FQIR\" class=\"hJDwNd-AhqUyc-uQSCkd jXK9ad D2fZ2 OjCsFc wHaque GNzUNc\">\n<div class=\"jXK9ad-SmKAyb jXK9ad-SmKAyb-c4YZDc\">\n<div class=\"tyJCtd mGzaTb baZpAe\">\n<h2 id=\"h.p_YmAPJYEYFQId\" class=\"zfr3Q JYVBee\" style=\"text-align: center;\">\u00a0<\/h2>\n<p id=\"h.p_ZeGPmTNnFQp9\" class=\"zfr3Q\" style=\"text-align: center;\">Le prieur\u00e9 Saint-Michel de Grandmont est un ancien monast\u00e8re de l&#8217;Ordre de Grandmont &#8211;<\/p>\n<p id=\"h.p_MF_7sf-2z5ay\" class=\"zfr3Q\" style=\"text-align: center;\">Fond\u00e9 par un Ev\u00e8que de Lod\u00e8ve en 1259<\/p>\n<p id=\"h.p_Ht5YOV8xFQp-\" class=\"zfr3Q\" style=\"text-align: center;\">Ce prieur\u00e9 se trouve sur la commune de Saint-Privat, dans un lieu isol\u00e9, \u00e0 440 m\u00e8tres d&#8217;altitude, dans une for\u00eat de ch\u00eanes et de sapins, \u00e0 moins de 10 km de Saint Julien du Bosc.<\/p>\n<p id=\"h.p_gHhtzQcpFQqC\" class=\"zfr3Q\" style=\"text-align: center;\">Domaine de Grandmont<\/p>\n<p id=\"h.p_mV8oXsddFQqH\" class=\"zfr3Q\" style=\"text-align: center;\">34700 Soumont<\/p>\n<p id=\"h.p_JSwXxodkFQqK\" class=\"zfr3Q\" style=\"text-align: center;\">04 67 44 09\u00a0 31<\/p>\n<div class=\"tyJCtd mGzaTb baZpAe\">\n<hr \/>\n<\/div>\n<section id=\"h.p_OGmiK-tZKBBm\" class=\"yaqOZd\">\n<p style=\"text-align: center;\"><em><strong>Une belle journ\u00e9e en perspective \u00e0 20 minutes de la maison d\u2019Abel<\/strong><\/em><\/p>\n<h6 style=\"text-align: center;\">Cliquez sur le logo de Google Map pour voir l\u2019itin\u00e9raire propos\u00e9<\/h6>\n<\/section>\n<\/div>\n<p style=\"text-align: center;\"><a href=\"https:\/\/goo.gl\/maps\/5zXK3dJvS8N2\" target=\"_blank\" rel=\"noopener noreferrer\"><img loading=\"lazy\" decoding=\"async\" class=\"aligncenter wp-image-698\" src=\"http:\/\/www.lamaisondabel.fr\/wp-content\/uploads\/2019\/03\/google_map.png\" alt=\"\" width=\"169\" height=\"172\" srcset=\"https:\/\/www.lamaisondabel.fr\/wp-content\/uploads\/2019\/03\/google_map.png 223w, https:\/\/www.lamaisondabel.fr\/wp-content\/uploads\/2019\/03\/google_map-50x50.png 50w\" sizes=\"(max-width: 169px) 100vw, 169px\" \/><\/a><\/p>\n<div class=\"tyJCtd mGzaTb baZpAe\">\n<section id=\"h.p_OGmiK-tZKBBm\" class=\"yaqOZd\">\n<p style=\"text-align: center;\"><a href=\"https:\/\/goo.gl\/maps\/iiv5rtJp48x\" target=\"_blank\" rel=\"noopener noreferrer\"><img loading=\"lazy\" decoding=\"async\" class=\"wp-image-698 aligncenter\" src=\"http:\/\/www.lamaisondabel.fr\/wordpress_o\/wp-content\/uploads\/2019\/03\/google_map.png\" sizes=\"(max-width: 134px) 100vw, 134px\" srcset=\"http:\/\/www.lamaisondabel.fr\/wordpress_o\/wp-content\/uploads\/2019\/03\/google_map.png 223w, http:\/\/www.lamaisondabel.fr\/wordpress_o\/wp-content\/uploads\/2019\/03\/google_map-50x50.png 50w\" alt=\"\" width=\"134\" height=\"136\" \/><\/a><\/p>\n<\/section>\n<h6 style=\"text-align: center;\">Vous souhaitant de belles promenade dans ce lieu ! que vous pourrez poursuivre dans la for\u00eat domaniale d&#8217;Usclas du Bosc<\/h6>\n<p style=\"text-align: center;\">Distance approximative : 8 km<\/p>\n<\/div>\n<\/div>\n<\/div>\n<\/div>\n<\/div>\n<\/div>\n<\/div>\n<\/section>\n","protected":false},"excerpt":{"rendered":"<p>\u00a0 Le prieur\u00e9 de Saint Michel de Grandmont \u00a0 \u00a0 \u00a0 Du dolmen vous apercevrez le hameau de Saint Julien ! \u00a0 \u00a0 \u00a0 \u00a0 \u00a0 Le prieur\u00e9 Saint-Michel de Grandmont est un ancien monast\u00e8re de l&#8217;Ordre de Grandmont &#8211; Fond\u00e9 par un Ev\u00e8que de Lod\u00e8ve en 1259 Ce prieur\u00e9 se trouve sur la commune [&hellip;]<\/p>\n","protected":false},"author":1,"featured_media":0,"parent":0,"menu_order":0,"comment_status":"closed","ping_status":"closed","template":"","meta":{"footnotes":""},"wppr_data":{"cwp_meta_box_check":"No"},"yoast_head":"<!-- This site is optimized with the Yoast SEO plugin v22.8 - https:\/\/yoast.com\/wordpress\/plugins\/seo\/ -->\n<title>Saint Michel de Grandmont - La Maison d&#039;Abel<\/title>\n<meta name=\"robots\" content=\"index, follow, max-snippet:-1, max-image-preview:large, max-video-preview:-1\" \/>\n<link rel=\"canonical\" href=\"https:\/\/www.lamaisondabel.fr\/index.php\/le-prieure-de-saint-michel-de-grandmont\/\" \/>\n<meta property=\"og:locale\" content=\"fr_FR\" \/>\n<meta property=\"og:type\" content=\"article\" \/>\n<meta property=\"og:title\" content=\"Saint Michel de Grandmont - La Maison d&#039;Abel\" \/>\n<meta property=\"og:description\" content=\"\u00a0 Le prieur\u00e9 de Saint Michel de Grandmont \u00a0 \u00a0 \u00a0 Du dolmen vous apercevrez le hameau de Saint Julien ! \u00a0 \u00a0 \u00a0 \u00a0 \u00a0 Le prieur\u00e9 Saint-Michel de Grandmont est un ancien monast\u00e8re de l&#8217;Ordre de Grandmont &#8211; Fond\u00e9 par un Ev\u00e8que de Lod\u00e8ve en 1259 Ce prieur\u00e9 se trouve sur la commune [&hellip;]\" \/>\n<meta property=\"og:url\" content=\"https:\/\/www.lamaisondabel.fr\/index.php\/le-prieure-de-saint-michel-de-grandmont\/\" \/>\n<meta property=\"og:site_name\" content=\"La Maison d&#039;Abel\" \/>\n<meta property=\"article:modified_time\" content=\"2020-07-02T11:31:32+00:00\" \/>\n<meta property=\"og:image\" content=\"http:\/\/www.lamaisondabel.fr\/wordpress_o\/wp-content\/uploads\/2019\/03\/region_grandmont_1.jpg\" \/>\n<meta name=\"twitter:card\" content=\"summary_large_image\" \/>\n<meta name=\"twitter:label1\" content=\"Dur\u00e9e de lecture estim\u00e9e\" \/>\n\t<meta name=\"twitter:data1\" content=\"1 minute\" \/>\n<script type=\"application\/ld+json\" class=\"yoast-schema-graph\">{\"@context\":\"https:\/\/schema.org\",\"@graph\":[{\"@type\":\"WebPage\",\"@id\":\"https:\/\/www.lamaisondabel.fr\/index.php\/le-prieure-de-saint-michel-de-grandmont\/\",\"url\":\"https:\/\/www.lamaisondabel.fr\/index.php\/le-prieure-de-saint-michel-de-grandmont\/\",\"name\":\"Saint Michel de Grandmont - La Maison d&#039;Abel\",\"isPartOf\":{\"@id\":\"https:\/\/www.lamaisondabel.fr\/#website\"},\"primaryImageOfPage\":{\"@id\":\"https:\/\/www.lamaisondabel.fr\/index.php\/le-prieure-de-saint-michel-de-grandmont\/#primaryimage\"},\"image\":{\"@id\":\"https:\/\/www.lamaisondabel.fr\/index.php\/le-prieure-de-saint-michel-de-grandmont\/#primaryimage\"},\"thumbnailUrl\":\"http:\/\/www.lamaisondabel.fr\/wordpress_o\/wp-content\/uploads\/2019\/03\/region_grandmont_1.jpg\",\"datePublished\":\"2019-03-04T09:35:53+00:00\",\"dateModified\":\"2020-07-02T11:31:32+00:00\",\"breadcrumb\":{\"@id\":\"https:\/\/www.lamaisondabel.fr\/index.php\/le-prieure-de-saint-michel-de-grandmont\/#breadcrumb\"},\"inLanguage\":\"fr-FR\",\"potentialAction\":[{\"@type\":\"ReadAction\",\"target\":[\"https:\/\/www.lamaisondabel.fr\/index.php\/le-prieure-de-saint-michel-de-grandmont\/\"]}]},{\"@type\":\"ImageObject\",\"inLanguage\":\"fr-FR\",\"@id\":\"https:\/\/www.lamaisondabel.fr\/index.php\/le-prieure-de-saint-michel-de-grandmont\/#primaryimage\",\"url\":\"http:\/\/www.lamaisondabel.fr\/wordpress_o\/wp-content\/uploads\/2019\/03\/region_grandmont_1.jpg\",\"contentUrl\":\"http:\/\/www.lamaisondabel.fr\/wordpress_o\/wp-content\/uploads\/2019\/03\/region_grandmont_1.jpg\"},{\"@type\":\"BreadcrumbList\",\"@id\":\"https:\/\/www.lamaisondabel.fr\/index.php\/le-prieure-de-saint-michel-de-grandmont\/#breadcrumb\",\"itemListElement\":[{\"@type\":\"ListItem\",\"position\":1,\"name\":\"Accueil\",\"item\":\"https:\/\/www.lamaisondabel.fr\/\"},{\"@type\":\"ListItem\",\"position\":2,\"name\":\"Saint Michel de Grandmont\"}]},{\"@type\":\"WebSite\",\"@id\":\"https:\/\/www.lamaisondabel.fr\/#website\",\"url\":\"https:\/\/www.lamaisondabel.fr\/\",\"name\":\"La Maison d&#039;Abel\",\"description\":\"Lac du Salagou - Maison en location saisonni\u00e8re - Ouvert toute l&#039;ann\u00e9e.\",\"potentialAction\":[{\"@type\":\"SearchAction\",\"target\":{\"@type\":\"EntryPoint\",\"urlTemplate\":\"https:\/\/www.lamaisondabel.fr\/?s={search_term_string}\"},\"query-input\":\"required name=search_term_string\"}],\"inLanguage\":\"fr-FR\"}]}<\/script>\n<!-- \/ Yoast SEO plugin. -->","yoast_head_json":{"title":"Saint Michel de Grandmont - La Maison d&#039;Abel","robots":{"index":"index","follow":"follow","max-snippet":"max-snippet:-1","max-image-preview":"max-image-preview:large","max-video-preview":"max-video-preview:-1"},"canonical":"https:\/\/www.lamaisondabel.fr\/index.php\/le-prieure-de-saint-michel-de-grandmont\/","og_locale":"fr_FR","og_type":"article","og_title":"Saint Michel de Grandmont - La Maison d&#039;Abel","og_description":"\u00a0 Le prieur\u00e9 de Saint Michel de Grandmont \u00a0 \u00a0 \u00a0 Du dolmen vous apercevrez le hameau de Saint Julien ! \u00a0 \u00a0 \u00a0 \u00a0 \u00a0 Le prieur\u00e9 Saint-Michel de Grandmont est un ancien monast\u00e8re de l&#8217;Ordre de Grandmont &#8211; Fond\u00e9 par un Ev\u00e8que de Lod\u00e8ve en 1259 Ce prieur\u00e9 se trouve sur la commune [&hellip;]","og_url":"https:\/\/www.lamaisondabel.fr\/index.php\/le-prieure-de-saint-michel-de-grandmont\/","og_site_name":"La Maison d&#039;Abel","article_modified_time":"2020-07-02T11:31:32+00:00","og_image":[{"url":"http:\/\/www.lamaisondabel.fr\/wordpress_o\/wp-content\/uploads\/2019\/03\/region_grandmont_1.jpg"}],"twitter_card":"summary_large_image","twitter_misc":{"Dur\u00e9e de lecture estim\u00e9e":"1 minute"},"schema":{"@context":"https:\/\/schema.org","@graph":[{"@type":"WebPage","@id":"https:\/\/www.lamaisondabel.fr\/index.php\/le-prieure-de-saint-michel-de-grandmont\/","url":"https:\/\/www.lamaisondabel.fr\/index.php\/le-prieure-de-saint-michel-de-grandmont\/","name":"Saint Michel de Grandmont - La Maison d&#039;Abel","isPartOf":{"@id":"https:\/\/www.lamaisondabel.fr\/#website"},"primaryImageOfPage":{"@id":"https:\/\/www.lamaisondabel.fr\/index.php\/le-prieure-de-saint-michel-de-grandmont\/#primaryimage"},"image":{"@id":"https:\/\/www.lamaisondabel.fr\/index.php\/le-prieure-de-saint-michel-de-grandmont\/#primaryimage"},"thumbnailUrl":"http:\/\/www.lamaisondabel.fr\/wordpress_o\/wp-content\/uploads\/2019\/03\/region_grandmont_1.jpg","datePublished":"2019-03-04T09:35:53+00:00","dateModified":"2020-07-02T11:31:32+00:00","breadcrumb":{"@id":"https:\/\/www.lamaisondabel.fr\/index.php\/le-prieure-de-saint-michel-de-grandmont\/#breadcrumb"},"inLanguage":"fr-FR","potentialAction":[{"@type":"ReadAction","target":["https:\/\/www.lamaisondabel.fr\/index.php\/le-prieure-de-saint-michel-de-grandmont\/"]}]},{"@type":"ImageObject","inLanguage":"fr-FR","@id":"https:\/\/www.lamaisondabel.fr\/index.php\/le-prieure-de-saint-michel-de-grandmont\/#primaryimage","url":"http:\/\/www.lamaisondabel.fr\/wordpress_o\/wp-content\/uploads\/2019\/03\/region_grandmont_1.jpg","contentUrl":"http:\/\/www.lamaisondabel.fr\/wordpress_o\/wp-content\/uploads\/2019\/03\/region_grandmont_1.jpg"},{"@type":"BreadcrumbList","@id":"https:\/\/www.lamaisondabel.fr\/index.php\/le-prieure-de-saint-michel-de-grandmont\/#breadcrumb","itemListElement":[{"@type":"ListItem","position":1,"name":"Accueil","item":"https:\/\/www.lamaisondabel.fr\/"},{"@type":"ListItem","position":2,"name":"Saint Michel de Grandmont"}]},{"@type":"WebSite","@id":"https:\/\/www.lamaisondabel.fr\/#website","url":"https:\/\/www.lamaisondabel.fr\/","name":"La Maison d&#039;Abel","description":"Lac du Salagou - Maison en location saisonni\u00e8re - Ouvert toute l&#039;ann\u00e9e.","potentialAction":[{"@type":"SearchAction","target":{"@type":"EntryPoint","urlTemplate":"https:\/\/www.lamaisondabel.fr\/?s={search_term_string}"},"query-input":"required name=search_term_string"}],"inLanguage":"fr-FR"}]}},"_links":{"self":[{"href":"https:\/\/www.lamaisondabel.fr\/index.php\/wp-json\/wp\/v2\/pages\/142"}],"collection":[{"href":"https:\/\/www.lamaisondabel.fr\/index.php\/wp-json\/wp\/v2\/pages"}],"about":[{"href":"https:\/\/www.lamaisondabel.fr\/index.php\/wp-json\/wp\/v2\/types\/page"}],"author":[{"embeddable":true,"href":"https:\/\/www.lamaisondabel.fr\/index.php\/wp-json\/wp\/v2\/users\/1"}],"replies":[{"embeddable":true,"href":"https:\/\/www.lamaisondabel.fr\/index.php\/wp-json\/wp\/v2\/comments?post=142"}],"version-history":[{"count":9,"href":"https:\/\/www.lamaisondabel.fr\/index.php\/wp-json\/wp\/v2\/pages\/142\/revisions"}],"predecessor-version":[{"id":1774,"href":"https:\/\/www.lamaisondabel.fr\/index.php\/wp-json\/wp\/v2\/pages\/142\/revisions\/1774"}],"wp:attachment":[{"href":"https:\/\/www.lamaisondabel.fr\/index.php\/wp-json\/wp\/v2\/media?parent=142"}],"curies":[{"name":"wp","href":"https:\/\/api.w.org\/{rel}","templated":true}]}}