{"id":145,"date":"2019-03-04T09:36:27","date_gmt":"2019-03-04T09:36:27","guid":{"rendered":"http:\/\/www.lamaisondabel.fr\/wordpress_o\/?page_id=145"},"modified":"2019-03-04T09:36:27","modified_gmt":"2019-03-04T09:36:27","slug":"les-grottes-dans-la-region","status":"publish","type":"page","link":"https:\/\/www.lamaisondabel.fr\/index.php\/les-grottes-dans-la-region\/","title":{"rendered":"Les grottes dans la r\u00e9gion"},"content":{"rendered":"<section id=\"h.p_aSAsr6XHIFG5\" class=\"yaqOZd LB7kq tpmmCb gk8rDe\">\n<div class=\"mYVXT\">\n<div class=\"LS81yb VICjCf\" tabindex=\"-1\">\n<div class=\"hJDwNd-AhqUyc-uQSCkd purZT-AhqUyc-II5mzb pSzOP-AhqUyc-qWD73c JNdkSc\">\n<div class=\"oKdM2c\">\n<div id=\"h.p_sG4yARtdIFHB\" class=\"hJDwNd-AhqUyc-OiUrBf jXK9ad D2fZ2 OjCsFc wHaque GNzUNc\">\n<div class=\"jXK9ad-SmKAyb jXK9ad-SmKAyb-c4YZDc\">\n<div class=\"tyJCtd mGzaTb baZpAe lkHyyc\">\n<h1 id=\"h.p_IDlVAlhMIFHE\" class=\"zfr3Q duRjpb\">Les grottes dans la r\u00e9gion<\/h1>\n<\/div>\n<\/div>\n<\/div>\n<div class=\"hJDwNd-AhqUyc-ibL1re jXK9ad D2fZ2 OjCsFc wHaque L6cTce-purZT L6cTce-pSzOP\">\n<div class=\"jXK9ad-SmKAyb jXK9ad-SmKAyb-c4YZDc\">\n<div class=\"tyJCtd baZpAe\"><\/div>\n<\/div>\n<\/div>\n<\/div>\n<\/div>\n<\/div>\n<\/div>\n<\/section>\n<section id=\"h.p_xaldBeBw-yod\" class=\"yaqOZd\">\n<div class=\"yaqOZd IFuOkc\"><\/div>\n<div class=\"mYVXT\">\n<div class=\"LS81yb VICjCf\" tabindex=\"-1\">\n<div class=\"hJDwNd-AhqUyc-uQSCkd purZT-AhqUyc-II5mzb pSzOP-AhqUyc-qWD73c JNdkSc\">\n<div class=\"oKdM2c\">\n<div class=\"hJDwNd-AhqUyc-c5RTEf jXK9ad D2fZ2 OjCsFc wHaque L6cTce-purZT L6cTce-pSzOP\">\n<div class=\"jXK9ad-SmKAyb jXK9ad-SmKAyb-c4YZDc\">\n<div class=\"tyJCtd baZpAe\"><\/div>\n<\/div>\n<\/div>\n<div id=\"h.p_BM7yi8OP-yoa\" class=\"hJDwNd-AhqUyc-qWD73c jXK9ad D2fZ2 OjCsFc wHaque\">\n<div class=\"jXK9ad-SmKAyb jXK9ad-SmKAyb-c4YZDc\">\n<div class=\"tyJCtd baZpAe\">\n<div>\n<div class=\"WIdY2d M1aSXe\">\n<div><\/div>\n<p><iframe class=\"YMEQtf\" src=\"https:\/\/www.youtube.com\/embed\/b0c1PgttAm4\" frameborder=\"0\" allowfullscreen=\"allowfullscreen\" aria-label=\"YouTube Video, grotte Clamouse\" data-iframe-loaded=\"true\" data-mce-fragment=\"1\"><\/iframe><\/div>\n<\/div>\n<\/div>\n<\/div>\n<\/div>\n<div class=\"hJDwNd-AhqUyc-c5RTEf jXK9ad D2fZ2 OjCsFc wHaque L6cTce-purZT L6cTce-pSzOP\">\n<div class=\"jXK9ad-SmKAyb jXK9ad-SmKAyb-c4YZDc\">\n<div class=\"tyJCtd baZpAe\"><\/div>\n<\/div>\n<\/div>\n<\/div>\n<\/div>\n<\/div>\n<\/div>\n<\/section>\n<section id=\"h.p_hJ_dxH1x_xz5\" class=\"yaqOZd\">\n<div class=\"yaqOZd IFuOkc\"><\/div>\n<div class=\"mYVXT\">\n<div class=\"LS81yb VICjCf\" tabindex=\"-1\">\n<div class=\"hJDwNd-AhqUyc-uQSCkd purZT-AhqUyc-II5mzb pSzOP-AhqUyc-qWD73c JNdkSc\">\n<div class=\"oKdM2c\">\n<div id=\"h.p_JPX-Ip08_xzo\" class=\"hJDwNd-AhqUyc-uQSCkd jXK9ad D2fZ2 OjCsFc wHaque GNzUNc\">\n<div class=\"jXK9ad-SmKAyb jXK9ad-SmKAyb-c4YZDc\">\n<div class=\"tyJCtd mGzaTb baZpAe\">\n<p id=\"h.p_2dm-tDMo_xzx\" class=\"zfr3Q\"><a class=\"dhtgD\" href=\"http:\/\/www.google.com\/url?q=http%3A%2F%2Fwww.grotte-de-labeil.com%2F&amp;sa=D&amp;sntz=1&amp;usg=AFQjCNHBGpi-JPJqbgnN1lAwpJIatXwJqQ\" target=\"_blank\" rel=\"noopener noreferrer\">La grotte de Labeil &#8211; Lauroux (Lod\u00e8ve) -04 67 96 49 47 &#8211; Restaurant &#8211; Du vin \u00e9lev\u00e9 en grotte ! <\/a><\/p>\n<p id=\"h.p_rIptoECuAvKb\" class=\"zfr3Q\"><a class=\"dhtgD\" href=\"http:\/\/www.google.com\/url?q=http%3A%2F%2Fwww.grotte-de-labeil.com%2F&amp;sa=D&amp;sntz=1&amp;usg=AFQjCNHBGpi-JPJqbgnN1lAwpJIatXwJqQ\" target=\"_blank\" rel=\"noopener noreferrer\">Vers le site www.grotte-de-labeil.com\/<\/a><\/p>\n<\/div>\n<\/div>\n<\/div>\n<\/div>\n<\/div>\n<\/div>\n<\/div>\n<\/section>\n<section id=\"h.p_bm38OHymIK9f\" class=\"yaqOZd\">\n<div class=\"yaqOZd IFuOkc\"><\/div>\n<div class=\"mYVXT\">\n<div class=\"LS81yb VICjCf\" tabindex=\"-1\">\n<div class=\"hJDwNd-AhqUyc-uQSCkd purZT-AhqUyc-II5mzb pSzOP-AhqUyc-qWD73c JNdkSc\">\n<div class=\"oKdM2c\">\n<div id=\"h.p_8mb9Mn6TIK9b\" class=\"hJDwNd-AhqUyc-uQSCkd jXK9ad D2fZ2 OjCsFc wHaque GNzUNc\">\n<div class=\"jXK9ad-SmKAyb jXK9ad-SmKAyb-c4YZDc\">\n<div class=\"tyJCtd mGzaTb baZpAe\">\n<p id=\"h.p_wvP3wLwvIK9e\" class=\"zfr3Q\"><a class=\"dhtgD\" href=\"http:\/\/www.google.com\/url?q=http%3A%2F%2Fwww.clamouse.com%2F&amp;sa=D&amp;sntz=1&amp;usg=AFQjCNE2gJ3dwc4d16ZuDnA4IfX_EVNKFg\" target=\"_blank\" rel=\"noopener noreferrer\">La Grotte de Clamouse \u00e0 Saint Guillem le D\u00e9sert &#8211; T\u00e9l. 04 67 57 71 05 <\/a><\/p>\n<p id=\"h.p_m7x1vqtxIMye\" class=\"zfr3Q\">Longueur totale : environ 4 km dont &#8211; Un kilom\u00e8tre environ est am\u00e9nag\u00e9 pour la visite touristique (depuis 1965).<\/p>\n<p id=\"h.p_8bhqNsjfIMyg\" class=\"zfr3Q\">&#8211; D\u00e9couverte en 1945 &#8211;<\/p>\n<p id=\"h.p_nPvFIph8IMyh\" class=\"zfr3Q\">(en voie de classement au patrimoine mondial de l&#8217;UNESCO)<\/p>\n<\/div>\n<\/div>\n<\/div>\n<\/div>\n<\/div>\n<\/div>\n<\/div>\n<\/section>\n<section id=\"h.p_1iuBg29t_kQj\" class=\"yaqOZd\">\n<div class=\"yaqOZd IFuOkc\"><\/div>\n<div class=\"mYVXT\">\n<div class=\"LS81yb VICjCf\" tabindex=\"-1\">\n<div class=\"hJDwNd-AhqUyc-uQSCkd purZT-AhqUyc-II5mzb pSzOP-AhqUyc-qWD73c JNdkSc\">\n<div class=\"oKdM2c\">\n<div class=\"hJDwNd-AhqUyc-c5RTEf jXK9ad D2fZ2 OjCsFc wHaque L6cTce-purZT L6cTce-pSzOP\">\n<div class=\"jXK9ad-SmKAyb jXK9ad-SmKAyb-c4YZDc\">\n<div class=\"tyJCtd baZpAe\"><\/div>\n<\/div>\n<\/div>\n<div id=\"h.p_mEU6PdZp_kQJ\" class=\"hJDwNd-AhqUyc-qWD73c jXK9ad D2fZ2 OjCsFc wHaque\">\n<div class=\"jXK9ad-SmKAyb jXK9ad-SmKAyb-c4YZDc\">\n<div class=\"tyJCtd baZpAe\">\n<div>\n<div class=\"WIdY2d M1aSXe\" style=\"text-align: center;\">\n<div><\/div>\n<p><iframe class=\"YMEQtf\" src=\"https:\/\/www.youtube.com\/embed\/US1Sn_r9EJg\" frameborder=\"0\" allowfullscreen=\"allowfullscreen\" aria-label=\"YouTube Video, La grotte des Demoiselles\" data-iframe-loaded=\"true\" data-mce-fragment=\"1\"><\/iframe><\/div>\n<\/div>\n<\/div>\n<\/div>\n<\/div>\n<div class=\"hJDwNd-AhqUyc-c5RTEf jXK9ad D2fZ2 OjCsFc wHaque L6cTce-purZT L6cTce-pSzOP\">\n<div class=\"jXK9ad-SmKAyb jXK9ad-SmKAyb-c4YZDc\">\n<div class=\"tyJCtd baZpAe\"><\/div>\n<\/div>\n<\/div>\n<\/div>\n<\/div>\n<\/div>\n<\/div>\n<\/section>\n<section id=\"h.p_BOQWzLdQ_oer\" class=\"yaqOZd\">\n<div class=\"yaqOZd IFuOkc\"><\/div>\n<div class=\"mYVXT\">\n<div class=\"LS81yb VICjCf\" tabindex=\"-1\">\n<div class=\"hJDwNd-AhqUyc-uQSCkd purZT-AhqUyc-II5mzb pSzOP-AhqUyc-qWD73c JNdkSc\">\n<div class=\"oKdM2c\">\n<div id=\"h.p_UOQOpuNf_oeD\" class=\"hJDwNd-AhqUyc-uQSCkd jXK9ad D2fZ2 OjCsFc wHaque GNzUNc\">\n<div class=\"jXK9ad-SmKAyb jXK9ad-SmKAyb-c4YZDc\">\n<div class=\"tyJCtd mGzaTb baZpAe\">\n<p id=\"h.p_0gARsAcL_oek\" class=\"zfr3Q\"><a class=\"dhtgD\" href=\"http:\/\/www.google.com\/url?q=http%3A%2F%2Fwww.demoiselles.com%2F&amp;sa=D&amp;sntz=1&amp;usg=AFQjCNEeX74HvTzUeMDU-kAh5-F09NyZGw\" target=\"_blank\" rel=\"noopener noreferrer\">La grotte des d\u00e9moiselles<\/a><\/p>\n<div class=\"s1gOZb\">\n<pre id=\"h.p_gGkdpF5T_qHg\" class=\"zfr3Q FVr0A\"><code>Le Thaurac<\/code><\/pre>\n<pre id=\"h.p_7m0minNg_qHj\" class=\"zfr3Q FVr0A\"><code>34190 - Saint Bauzille de Putois <\/code><\/pre>\n<pre id=\"h.p_J4mpSNlk_qHl\" class=\"zfr3Q FVr0A\"><code>T\u00e9l. : 04 67 73 70 02 <\/code><\/pre>\n<\/div>\n<p id=\"h.p_H-6Wio_t_qHm\" class=\"zfr3Q\">52 m de hauteur, 120 m de longueur, 80 m de largeur &#8211; Finiculaire &#8211; La &#8220;Cath\u00e9drale des Ab\u00eemes&#8221; &#8211; Dur\u00e9e visite : 1 heure environ &#8211; Temp\u00e9rature constante : 14\u00b0<\/p>\n<\/div>\n<\/div>\n<\/div>\n<\/div>\n<\/div>\n<\/div>\n<\/div>\n<\/section>\n","protected":false},"excerpt":{"rendered":"<p>Les grottes dans la r\u00e9gion La grotte de Labeil &#8211; Lauroux (Lod\u00e8ve) -04 67 96 49 47 &#8211; Restaurant &#8211; Du vin \u00e9lev\u00e9 en grotte ! Vers le site www.grotte-de-labeil.com\/ La Grotte de Clamouse \u00e0 Saint Guillem le D\u00e9sert &#8211; T\u00e9l. 04 67 57 71 05 Longueur totale : environ 4 km dont &#8211; Un [&hellip;]<\/p>\n","protected":false},"author":1,"featured_media":0,"parent":0,"menu_order":0,"comment_status":"closed","ping_status":"closed","template":"","meta":{"footnotes":""},"wppr_data":[],"yoast_head":"<!-- This site is optimized with the Yoast SEO plugin v22.8 - https:\/\/yoast.com\/wordpress\/plugins\/seo\/ -->\n<title>Les grottes dans la r\u00e9gion - La Maison d&#039;Abel<\/title>\n<meta name=\"robots\" content=\"index, follow, max-snippet:-1, max-image-preview:large, max-video-preview:-1\" \/>\n<link rel=\"canonical\" href=\"https:\/\/www.lamaisondabel.fr\/index.php\/les-grottes-dans-la-region\/\" \/>\n<meta property=\"og:locale\" content=\"fr_FR\" \/>\n<meta property=\"og:type\" content=\"article\" \/>\n<meta property=\"og:title\" content=\"Les grottes dans la r\u00e9gion - La Maison d&#039;Abel\" \/>\n<meta property=\"og:description\" content=\"Les grottes dans la r\u00e9gion La grotte de Labeil &#8211; Lauroux (Lod\u00e8ve) -04 67 96 49 47 &#8211; Restaurant &#8211; Du vin \u00e9lev\u00e9 en grotte ! Vers le site www.grotte-de-labeil.com\/ La Grotte de Clamouse \u00e0 Saint Guillem le D\u00e9sert &#8211; T\u00e9l. 04 67 57 71 05 Longueur totale : environ 4 km dont &#8211; Un [&hellip;]\" \/>\n<meta property=\"og:url\" content=\"https:\/\/www.lamaisondabel.fr\/index.php\/les-grottes-dans-la-region\/\" \/>\n<meta property=\"og:site_name\" content=\"La Maison d&#039;Abel\" \/>\n<meta name=\"twitter:card\" content=\"summary_large_image\" \/>\n<meta name=\"twitter:label1\" content=\"Dur\u00e9e de lecture estim\u00e9e\" \/>\n\t<meta name=\"twitter:data1\" content=\"1 minute\" \/>\n<script type=\"application\/ld+json\" class=\"yoast-schema-graph\">{\"@context\":\"https:\/\/schema.org\",\"@graph\":[{\"@type\":\"WebPage\",\"@id\":\"https:\/\/www.lamaisondabel.fr\/index.php\/les-grottes-dans-la-region\/\",\"url\":\"https:\/\/www.lamaisondabel.fr\/index.php\/les-grottes-dans-la-region\/\",\"name\":\"Les grottes dans la r\u00e9gion - La Maison d&#039;Abel\",\"isPartOf\":{\"@id\":\"https:\/\/www.lamaisondabel.fr\/#website\"},\"datePublished\":\"2019-03-04T09:36:27+00:00\",\"dateModified\":\"2019-03-04T09:36:27+00:00\",\"breadcrumb\":{\"@id\":\"https:\/\/www.lamaisondabel.fr\/index.php\/les-grottes-dans-la-region\/#breadcrumb\"},\"inLanguage\":\"fr-FR\",\"potentialAction\":[{\"@type\":\"ReadAction\",\"target\":[\"https:\/\/www.lamaisondabel.fr\/index.php\/les-grottes-dans-la-region\/\"]}]},{\"@type\":\"BreadcrumbList\",\"@id\":\"https:\/\/www.lamaisondabel.fr\/index.php\/les-grottes-dans-la-region\/#breadcrumb\",\"itemListElement\":[{\"@type\":\"ListItem\",\"position\":1,\"name\":\"Accueil\",\"item\":\"https:\/\/www.lamaisondabel.fr\/\"},{\"@type\":\"ListItem\",\"position\":2,\"name\":\"Les grottes dans la r\u00e9gion\"}]},{\"@type\":\"WebSite\",\"@id\":\"https:\/\/www.lamaisondabel.fr\/#website\",\"url\":\"https:\/\/www.lamaisondabel.fr\/\",\"name\":\"La Maison d&#039;Abel\",\"description\":\"Lac du Salagou - Maison en location saisonni\u00e8re - Ouvert toute l&#039;ann\u00e9e.\",\"potentialAction\":[{\"@type\":\"SearchAction\",\"target\":{\"@type\":\"EntryPoint\",\"urlTemplate\":\"https:\/\/www.lamaisondabel.fr\/?s={search_term_string}\"},\"query-input\":\"required name=search_term_string\"}],\"inLanguage\":\"fr-FR\"}]}<\/script>\n<!-- \/ Yoast SEO plugin. -->","yoast_head_json":{"title":"Les grottes dans la r\u00e9gion - La Maison d&#039;Abel","robots":{"index":"index","follow":"follow","max-snippet":"max-snippet:-1","max-image-preview":"max-image-preview:large","max-video-preview":"max-video-preview:-1"},"canonical":"https:\/\/www.lamaisondabel.fr\/index.php\/les-grottes-dans-la-region\/","og_locale":"fr_FR","og_type":"article","og_title":"Les grottes dans la r\u00e9gion - La Maison d&#039;Abel","og_description":"Les grottes dans la r\u00e9gion La grotte de Labeil &#8211; Lauroux (Lod\u00e8ve) -04 67 96 49 47 &#8211; Restaurant &#8211; Du vin \u00e9lev\u00e9 en grotte ! Vers le site www.grotte-de-labeil.com\/ La Grotte de Clamouse \u00e0 Saint Guillem le D\u00e9sert &#8211; T\u00e9l. 04 67 57 71 05 Longueur totale : environ 4 km dont &#8211; Un [&hellip;]","og_url":"https:\/\/www.lamaisondabel.fr\/index.php\/les-grottes-dans-la-region\/","og_site_name":"La Maison d&#039;Abel","twitter_card":"summary_large_image","twitter_misc":{"Dur\u00e9e de lecture estim\u00e9e":"1 minute"},"schema":{"@context":"https:\/\/schema.org","@graph":[{"@type":"WebPage","@id":"https:\/\/www.lamaisondabel.fr\/index.php\/les-grottes-dans-la-region\/","url":"https:\/\/www.lamaisondabel.fr\/index.php\/les-grottes-dans-la-region\/","name":"Les grottes dans la r\u00e9gion - La Maison d&#039;Abel","isPartOf":{"@id":"https:\/\/www.lamaisondabel.fr\/#website"},"datePublished":"2019-03-04T09:36:27+00:00","dateModified":"2019-03-04T09:36:27+00:00","breadcrumb":{"@id":"https:\/\/www.lamaisondabel.fr\/index.php\/les-grottes-dans-la-region\/#breadcrumb"},"inLanguage":"fr-FR","potentialAction":[{"@type":"ReadAction","target":["https:\/\/www.lamaisondabel.fr\/index.php\/les-grottes-dans-la-region\/"]}]},{"@type":"BreadcrumbList","@id":"https:\/\/www.lamaisondabel.fr\/index.php\/les-grottes-dans-la-region\/#breadcrumb","itemListElement":[{"@type":"ListItem","position":1,"name":"Accueil","item":"https:\/\/www.lamaisondabel.fr\/"},{"@type":"ListItem","position":2,"name":"Les grottes dans la r\u00e9gion"}]},{"@type":"WebSite","@id":"https:\/\/www.lamaisondabel.fr\/#website","url":"https:\/\/www.lamaisondabel.fr\/","name":"La Maison d&#039;Abel","description":"Lac du Salagou - Maison en location saisonni\u00e8re - Ouvert toute l&#039;ann\u00e9e.","potentialAction":[{"@type":"SearchAction","target":{"@type":"EntryPoint","urlTemplate":"https:\/\/www.lamaisondabel.fr\/?s={search_term_string}"},"query-input":"required name=search_term_string"}],"inLanguage":"fr-FR"}]}},"_links":{"self":[{"href":"https:\/\/www.lamaisondabel.fr\/index.php\/wp-json\/wp\/v2\/pages\/145"}],"collection":[{"href":"https:\/\/www.lamaisondabel.fr\/index.php\/wp-json\/wp\/v2\/pages"}],"about":[{"href":"https:\/\/www.lamaisondabel.fr\/index.php\/wp-json\/wp\/v2\/types\/page"}],"author":[{"embeddable":true,"href":"https:\/\/www.lamaisondabel.fr\/index.php\/wp-json\/wp\/v2\/users\/1"}],"replies":[{"embeddable":true,"href":"https:\/\/www.lamaisondabel.fr\/index.php\/wp-json\/wp\/v2\/comments?post=145"}],"version-history":[{"count":1,"href":"https:\/\/www.lamaisondabel.fr\/index.php\/wp-json\/wp\/v2\/pages\/145\/revisions"}],"predecessor-version":[{"id":147,"href":"https:\/\/www.lamaisondabel.fr\/index.php\/wp-json\/wp\/v2\/pages\/145\/revisions\/147"}],"wp:attachment":[{"href":"https:\/\/www.lamaisondabel.fr\/index.php\/wp-json\/wp\/v2\/media?parent=145"}],"curies":[{"name":"wp","href":"https:\/\/api.w.org\/{rel}","templated":true}]}}