{"id":161,"date":"2019-03-04T09:40:47","date_gmt":"2019-03-04T09:40:47","guid":{"rendered":"http:\/\/www.lamaisondabel.fr\/wordpress_o\/?page_id=161"},"modified":"2019-03-06T14:21:03","modified_gmt":"2019-03-06T14:21:03","slug":"saint-guilhem-le-desert","status":"publish","type":"page","link":"https:\/\/www.lamaisondabel.fr\/index.php\/saint-guilhem-le-desert\/","title":{"rendered":"Saint Guilhem le D\u00e9sert"},"content":{"rendered":"<section id=\"h.p_rGhBKyx4K-St\" class=\"yaqOZd LB7kq tpmmCb gk8rDe\">\n<div class=\"mYVXT\">\n<div class=\"LS81yb VICjCf\" tabindex=\"-1\">\n<div class=\"hJDwNd-AhqUyc-uQSCkd purZT-AhqUyc-II5mzb pSzOP-AhqUyc-qWD73c JNdkSc\">\n<div class=\"oKdM2c\">\n<div id=\"h.p_27F8-G4FK-Sy\" class=\"hJDwNd-AhqUyc-OiUrBf jXK9ad D2fZ2 OjCsFc wHaque GNzUNc\">\n<div class=\"jXK9ad-SmKAyb jXK9ad-SmKAyb-c4YZDc\">\n<div class=\"tyJCtd mGzaTb baZpAe lkHyyc\">\n<h1 id=\"h.p_eDyLicwvK-S4\" class=\"zfr3Q duRjpb\"><\/h1>\n<\/div>\n<\/div>\n<\/div>\n<\/div>\n<\/div>\n<\/div>\n<\/div>\n<\/section>\n<section id=\"h.p_DoEX68dqLLNG\" class=\"yaqOZd lQAHbd\">\n<div class=\"mYVXT\">\n<div class=\"LS81yb VICjCf\" tabindex=\"-1\">\n<div class=\"hJDwNd-AhqUyc-uQSCkd purZT-AhqUyc-II5mzb pSzOP-AhqUyc-qWD73c JNdkSc\">\n<div class=\"oKdM2c\">\n<div id=\"h.p_ehY-sn66LLNC\" class=\"hJDwNd-AhqUyc-qWD73c jXK9ad D2fZ2 OjCsFc wHaque\">\n<div class=\"jXK9ad-SmKAyb jXK9ad-SmKAyb-c4YZDc\">\n<div class=\"tyJCtd baZpAe\">\n<div>\n<div class=\"WIdY2d M1aSXe\" style=\"text-align: center;\">\n<div><\/div>\n<p><iframe class=\"YMEQtf\" src=\"https:\/\/www.youtube.com\/embed\/HZ7lhi95XR8\" frameborder=\"0\" allowfullscreen=\"allowfullscreen\" aria-label=\"YouTube Video, Arte Villages de France Saint Guilhem le D\u00e9sert 15 05 2012 17h59 25m 21\" data-iframe-loaded=\"true\" data-mce-fragment=\"1\"><\/iframe><\/p>\n<\/div>\n<\/div>\n<\/div>\n<\/div>\n<\/div>\n<div class=\"hJDwNd-AhqUyc-c5RTEf jXK9ad D2fZ2 OjCsFc wHaque L6cTce-purZT L6cTce-pSzOP\">\n<div class=\"jXK9ad-SmKAyb jXK9ad-SmKAyb-c4YZDc\">\n<div class=\"tyJCtd baZpAe\"><\/div>\n<\/div>\n<\/div>\n<\/div>\n<\/div>\n<\/div>\n<\/div>\n<\/section>\n<section id=\"h.p_74yvN6CK0uJj\" class=\"yaqOZd lQAHbd\">\n<div class=\"yaqOZd IFuOkc\"><\/div>\n<div class=\"mYVXT\">\n<div class=\"LS81yb VICjCf\" tabindex=\"-1\">\n<div class=\"hJDwNd-AhqUyc-uQSCkd purZT-AhqUyc-II5mzb pSzOP-AhqUyc-qWD73c JNdkSc\">\n<div class=\"oKdM2c\">\n<div class=\"hJDwNd-AhqUyc-c5RTEf jXK9ad D2fZ2 OjCsFc wHaque L6cTce-purZT L6cTce-pSzOP\">\n<div class=\"jXK9ad-SmKAyb jXK9ad-SmKAyb-c4YZDc\">\n<div class=\"tyJCtd baZpAe\"><\/div>\n<\/div>\n<\/div>\n<div id=\"h.p_e7bIFioa0uJo\" class=\"hJDwNd-AhqUyc-qWD73c jXK9ad D2fZ2 OjCsFc wHaque\">\n<div class=\"jXK9ad-SmKAyb jXK9ad-SmKAyb-c4YZDc\">\n<div class=\"tyJCtd baZpAe\">\n<div class=\"t3iYD\"><img loading=\"lazy\" decoding=\"async\" class=\"aligncenter size-medium wp-image-507\" src=\"http:\/\/www.lamaisondabel.fr\/wordpress_o\/wp-content\/uploads\/2019\/03\/region_st_guilhem_1-300x203.jpg\" alt=\"\" width=\"300\" height=\"203\" srcset=\"https:\/\/www.lamaisondabel.fr\/wp-content\/uploads\/2019\/03\/region_st_guilhem_1-300x203.jpg 300w, https:\/\/www.lamaisondabel.fr\/wp-content\/uploads\/2019\/03\/region_st_guilhem_1-768x519.jpg 768w, https:\/\/www.lamaisondabel.fr\/wp-content\/uploads\/2019\/03\/region_st_guilhem_1-1024x693.jpg 1024w, https:\/\/www.lamaisondabel.fr\/wp-content\/uploads\/2019\/03\/region_st_guilhem_1-50x34.jpg 50w, https:\/\/www.lamaisondabel.fr\/wp-content\/uploads\/2019\/03\/region_st_guilhem_1.jpg 1400w\" sizes=\"(max-width: 300px) 100vw, 300px\" \/> <img loading=\"lazy\" decoding=\"async\" class=\"aligncenter size-medium wp-image-508\" src=\"http:\/\/www.lamaisondabel.fr\/wordpress_o\/wp-content\/uploads\/2019\/03\/region_st_guilhem_2-300x151.gif\" alt=\"\" width=\"300\" height=\"151\" srcset=\"https:\/\/www.lamaisondabel.fr\/wp-content\/uploads\/2019\/03\/region_st_guilhem_2-300x151.gif 300w, https:\/\/www.lamaisondabel.fr\/wp-content\/uploads\/2019\/03\/region_st_guilhem_2-50x25.gif 50w\" sizes=\"(max-width: 300px) 100vw, 300px\" \/> <img loading=\"lazy\" decoding=\"async\" class=\"aligncenter size-medium wp-image-509\" src=\"http:\/\/www.lamaisondabel.fr\/wordpress_o\/wp-content\/uploads\/2019\/03\/region_st_guilhem_2-300x151.jpg\" alt=\"\" width=\"300\" height=\"151\" srcset=\"https:\/\/www.lamaisondabel.fr\/wp-content\/uploads\/2019\/03\/region_st_guilhem_2-300x151.jpg 300w, https:\/\/www.lamaisondabel.fr\/wp-content\/uploads\/2019\/03\/region_st_guilhem_2-50x25.jpg 50w, https:\/\/www.lamaisondabel.fr\/wp-content\/uploads\/2019\/03\/region_st_guilhem_2.jpg 580w\" sizes=\"(max-width: 300px) 100vw, 300px\" \/><\/div>\n<\/div>\n<\/div>\n<\/div>\n<div class=\"hJDwNd-AhqUyc-c5RTEf jXK9ad D2fZ2 OjCsFc wHaque L6cTce-purZT L6cTce-pSzOP\">\n<div class=\"jXK9ad-SmKAyb jXK9ad-SmKAyb-c4YZDc\"><\/div>\n<\/div>\n<\/div>\n<\/div>\n<\/div>\n<\/div>\n<\/section>\n<section id=\"h.p_5F_H7ZIv0-vj\" class=\"yaqOZd lQAHbd\">\n<div class=\"mYVXT\">\n<div class=\"LS81yb VICjCf\" tabindex=\"-1\">\n<div class=\"hJDwNd-AhqUyc-uQSCkd purZT-AhqUyc-II5mzb pSzOP-AhqUyc-qWD73c JNdkSc\">\n<div class=\"oKdM2c\">\n<div class=\"hJDwNd-AhqUyc-c5RTEf jXK9ad D2fZ2 OjCsFc wHaque L6cTce-purZT L6cTce-pSzOP\">\n<div class=\"jXK9ad-SmKAyb jXK9ad-SmKAyb-c4YZDc\">\n<div class=\"tyJCtd baZpAe\"><\/div>\n<\/div>\n<\/div>\n<\/div>\n<\/div>\n<\/div>\n<\/div>\n<\/section>\n<section id=\"h.p_y0f9Op_CLDWd\" class=\"yaqOZd\">\n<div class=\"yaqOZd IFuOkc\"><\/div>\n<div class=\"mYVXT\">\n<div class=\"LS81yb VICjCf\" tabindex=\"-1\">\n<div class=\"hJDwNd-AhqUyc-uQSCkd purZT-AhqUyc-II5mzb pSzOP-AhqUyc-qWD73c JNdkSc\">\n<div class=\"oKdM2c\">\n<div id=\"h.p_asawVK8FLDWV\" class=\"hJDwNd-AhqUyc-uQSCkd jXK9ad D2fZ2 OjCsFc wHaque GNzUNc\">\n<div class=\"jXK9ad-SmKAyb jXK9ad-SmKAyb-c4YZDc\">\n<div class=\"tyJCtd mGzaTb baZpAe\">\n<p id=\"h.p_xL-O5uaCLDWZ\" class=\"zfr3Q\" style=\"text-align: center;\">Les gorges de l&#8217;H\u00e9rault<\/p>\n<p id=\"h.p_d2-1DmvqLRAI\" class=\"zfr3Q\" style=\"text-align: center;\">Situ\u00e9 \u00e0 30 minutes de Saint Julien du Bosc, votre maison de vacances &#8211; Distance : 25 km environ<\/p>\n<p id=\"h.p_QI4wN4ErLRAN\" class=\"zfr3Q\" style=\"text-align: center;\">Un paysage exceptionnel de collines m\u00e9diterran\u00e9ennes, le site de Saint-Guilhem le D\u00e9sert et les Gorges de l&#8217;H\u00e9rault s&#8217;est d\u00e9velopp\u00e9 autour de l&#8217;Abbaye de Gellone, t\u00e9moin du premier art roman languedocien, fond\u00e9e en 804, et du pont du Diable, passage embl\u00e9matique sur le chemin de Saint-Jacques-de-Compostelle. Saint Guilhem le D\u00e9sert est inscrit au Patrimoine Mondial de l&#8217;Humanit\u00e9 par l&#8217;UNESCO, ces deux monuments font l&#8217;identit\u00e9 du Grand Site. Le village de Saint-Guilhem-le-D\u00e9sert, dominant les gorges de l&#8217;H\u00e9rault,est l&#8217;un des plus beaux villages de France.<\/p>\n<p id=\"h.p_-usmuCDGLRAQ\" class=\"zfr3Q\" style=\"text-align: center;\">04-67-57-58-83<\/p>\n<p id=\"h.p_HGKCwN0PLRAX\" class=\"zfr3Q\" style=\"text-align: center;\">Le Pont du Diable<\/p>\n<hr \/>\n<\/div>\n<section id=\"h.p_OGmiK-tZKBBm\" class=\"yaqOZd\">\n<p style=\"text-align: center;\"><em><strong>Une belle journ\u00e9e en perspective \u00e0 35 minutes de la maison d&#8217;Abel<\/strong><\/em><\/p>\n<h6 style=\"text-align: center;\">Cliquez sur le logo de Google Map pour voir l&#8217;itin\u00e9raire propos\u00e9<\/h6>\n<p style=\"text-align: center;\"><a href=\"https:\/\/goo.gl\/maps\/VK9Bgx9X5uQ2\" target=\"_blank\" rel=\"noopener noreferrer\"><img loading=\"lazy\" decoding=\"async\" class=\"wp-image-698 aligncenter\" src=\"http:\/\/www.lamaisondabel.fr\/wordpress_o\/wp-content\/uploads\/2019\/03\/google_map.png\" alt=\"\" width=\"134\" height=\"136\" srcset=\"https:\/\/www.lamaisondabel.fr\/wp-content\/uploads\/2019\/03\/google_map.png 223w, https:\/\/www.lamaisondabel.fr\/wp-content\/uploads\/2019\/03\/google_map-50x50.png 50w\" sizes=\"(max-width: 134px) 100vw, 134px\" \/><\/a><\/p>\n<\/section>\n<h6 style=\"text-align: center;\">Vous souhaitant une belle journ\u00e9e dans ce lieu !<\/h6>\n<p style=\"text-align: center;\">Distance approximative : 34 km<\/p>\n<hr \/>\n<p>&nbsp;<\/p>\n<\/div>\n<\/div>\n<\/div>\n<\/div>\n<\/div>\n<\/div>\n<\/section>\n","protected":false},"excerpt":{"rendered":"<p>Les gorges de l&#8217;H\u00e9rault Situ\u00e9 \u00e0 30 minutes de Saint Julien du Bosc, votre maison de vacances &#8211; Distance : 25 km environ Un paysage exceptionnel de collines m\u00e9diterran\u00e9ennes, le site de Saint-Guilhem le D\u00e9sert et les Gorges de l&#8217;H\u00e9rault s&#8217;est d\u00e9velopp\u00e9 autour de l&#8217;Abbaye de Gellone, t\u00e9moin du premier art roman languedocien, fond\u00e9e en [&hellip;]<\/p>\n","protected":false},"author":1,"featured_media":0,"parent":0,"menu_order":0,"comment_status":"closed","ping_status":"closed","template":"","meta":{"footnotes":""},"wppr_data":{"cwp_meta_box_check":"No"},"yoast_head":"<!-- This site is optimized with the Yoast SEO plugin v22.8 - https:\/\/yoast.com\/wordpress\/plugins\/seo\/ -->\n<title>Saint Guilhem le D\u00e9sert - La Maison d&#039;Abel<\/title>\n<meta name=\"robots\" content=\"index, follow, max-snippet:-1, max-image-preview:large, max-video-preview:-1\" \/>\n<link rel=\"canonical\" href=\"https:\/\/www.lamaisondabel.fr\/index.php\/saint-guilhem-le-desert\/\" \/>\n<meta property=\"og:locale\" content=\"fr_FR\" \/>\n<meta property=\"og:type\" content=\"article\" \/>\n<meta property=\"og:title\" content=\"Saint Guilhem le D\u00e9sert - La Maison d&#039;Abel\" \/>\n<meta property=\"og:description\" content=\"Les gorges de l&#8217;H\u00e9rault Situ\u00e9 \u00e0 30 minutes de Saint Julien du Bosc, votre maison de vacances &#8211; Distance : 25 km environ Un paysage exceptionnel de collines m\u00e9diterran\u00e9ennes, le site de Saint-Guilhem le D\u00e9sert et les Gorges de l&#8217;H\u00e9rault s&#8217;est d\u00e9velopp\u00e9 autour de l&#8217;Abbaye de Gellone, t\u00e9moin du premier art roman languedocien, fond\u00e9e en [&hellip;]\" \/>\n<meta property=\"og:url\" content=\"https:\/\/www.lamaisondabel.fr\/index.php\/saint-guilhem-le-desert\/\" \/>\n<meta property=\"og:site_name\" content=\"La Maison d&#039;Abel\" \/>\n<meta property=\"article:modified_time\" content=\"2019-03-06T14:21:03+00:00\" \/>\n<meta property=\"og:image\" content=\"http:\/\/www.lamaisondabel.fr\/wordpress_o\/wp-content\/uploads\/2019\/03\/region_st_guilhem_1-300x203.jpg\" \/>\n<meta name=\"twitter:card\" content=\"summary_large_image\" \/>\n<meta name=\"twitter:label1\" content=\"Dur\u00e9e de lecture estim\u00e9e\" \/>\n\t<meta name=\"twitter:data1\" content=\"1 minute\" \/>\n<script type=\"application\/ld+json\" class=\"yoast-schema-graph\">{\"@context\":\"https:\/\/schema.org\",\"@graph\":[{\"@type\":\"WebPage\",\"@id\":\"https:\/\/www.lamaisondabel.fr\/index.php\/saint-guilhem-le-desert\/\",\"url\":\"https:\/\/www.lamaisondabel.fr\/index.php\/saint-guilhem-le-desert\/\",\"name\":\"Saint Guilhem le D\u00e9sert - La Maison d&#039;Abel\",\"isPartOf\":{\"@id\":\"https:\/\/www.lamaisondabel.fr\/#website\"},\"primaryImageOfPage\":{\"@id\":\"https:\/\/www.lamaisondabel.fr\/index.php\/saint-guilhem-le-desert\/#primaryimage\"},\"image\":{\"@id\":\"https:\/\/www.lamaisondabel.fr\/index.php\/saint-guilhem-le-desert\/#primaryimage\"},\"thumbnailUrl\":\"http:\/\/www.lamaisondabel.fr\/wordpress_o\/wp-content\/uploads\/2019\/03\/region_st_guilhem_1-300x203.jpg\",\"datePublished\":\"2019-03-04T09:40:47+00:00\",\"dateModified\":\"2019-03-06T14:21:03+00:00\",\"breadcrumb\":{\"@id\":\"https:\/\/www.lamaisondabel.fr\/index.php\/saint-guilhem-le-desert\/#breadcrumb\"},\"inLanguage\":\"fr-FR\",\"potentialAction\":[{\"@type\":\"ReadAction\",\"target\":[\"https:\/\/www.lamaisondabel.fr\/index.php\/saint-guilhem-le-desert\/\"]}]},{\"@type\":\"ImageObject\",\"inLanguage\":\"fr-FR\",\"@id\":\"https:\/\/www.lamaisondabel.fr\/index.php\/saint-guilhem-le-desert\/#primaryimage\",\"url\":\"https:\/\/www.lamaisondabel.fr\/wp-content\/uploads\/2019\/03\/region_st_guilhem_1.jpg\",\"contentUrl\":\"https:\/\/www.lamaisondabel.fr\/wp-content\/uploads\/2019\/03\/region_st_guilhem_1.jpg\",\"width\":1400,\"height\":947},{\"@type\":\"BreadcrumbList\",\"@id\":\"https:\/\/www.lamaisondabel.fr\/index.php\/saint-guilhem-le-desert\/#breadcrumb\",\"itemListElement\":[{\"@type\":\"ListItem\",\"position\":1,\"name\":\"Accueil\",\"item\":\"https:\/\/www.lamaisondabel.fr\/\"},{\"@type\":\"ListItem\",\"position\":2,\"name\":\"Saint Guilhem le D\u00e9sert\"}]},{\"@type\":\"WebSite\",\"@id\":\"https:\/\/www.lamaisondabel.fr\/#website\",\"url\":\"https:\/\/www.lamaisondabel.fr\/\",\"name\":\"La Maison d&#039;Abel\",\"description\":\"Lac du Salagou - Maison en location saisonni\u00e8re - Ouvert toute l&#039;ann\u00e9e.\",\"potentialAction\":[{\"@type\":\"SearchAction\",\"target\":{\"@type\":\"EntryPoint\",\"urlTemplate\":\"https:\/\/www.lamaisondabel.fr\/?s={search_term_string}\"},\"query-input\":\"required name=search_term_string\"}],\"inLanguage\":\"fr-FR\"}]}<\/script>\n<!-- \/ Yoast SEO plugin. -->","yoast_head_json":{"title":"Saint Guilhem le D\u00e9sert - La Maison d&#039;Abel","robots":{"index":"index","follow":"follow","max-snippet":"max-snippet:-1","max-image-preview":"max-image-preview:large","max-video-preview":"max-video-preview:-1"},"canonical":"https:\/\/www.lamaisondabel.fr\/index.php\/saint-guilhem-le-desert\/","og_locale":"fr_FR","og_type":"article","og_title":"Saint Guilhem le D\u00e9sert - La Maison d&#039;Abel","og_description":"Les gorges de l&#8217;H\u00e9rault Situ\u00e9 \u00e0 30 minutes de Saint Julien du Bosc, votre maison de vacances &#8211; Distance : 25 km environ Un paysage exceptionnel de collines m\u00e9diterran\u00e9ennes, le site de Saint-Guilhem le D\u00e9sert et les Gorges de l&#8217;H\u00e9rault s&#8217;est d\u00e9velopp\u00e9 autour de l&#8217;Abbaye de Gellone, t\u00e9moin du premier art roman languedocien, fond\u00e9e en [&hellip;]","og_url":"https:\/\/www.lamaisondabel.fr\/index.php\/saint-guilhem-le-desert\/","og_site_name":"La Maison d&#039;Abel","article_modified_time":"2019-03-06T14:21:03+00:00","og_image":[{"url":"http:\/\/www.lamaisondabel.fr\/wordpress_o\/wp-content\/uploads\/2019\/03\/region_st_guilhem_1-300x203.jpg"}],"twitter_card":"summary_large_image","twitter_misc":{"Dur\u00e9e de lecture estim\u00e9e":"1 minute"},"schema":{"@context":"https:\/\/schema.org","@graph":[{"@type":"WebPage","@id":"https:\/\/www.lamaisondabel.fr\/index.php\/saint-guilhem-le-desert\/","url":"https:\/\/www.lamaisondabel.fr\/index.php\/saint-guilhem-le-desert\/","name":"Saint Guilhem le D\u00e9sert - La Maison d&#039;Abel","isPartOf":{"@id":"https:\/\/www.lamaisondabel.fr\/#website"},"primaryImageOfPage":{"@id":"https:\/\/www.lamaisondabel.fr\/index.php\/saint-guilhem-le-desert\/#primaryimage"},"image":{"@id":"https:\/\/www.lamaisondabel.fr\/index.php\/saint-guilhem-le-desert\/#primaryimage"},"thumbnailUrl":"http:\/\/www.lamaisondabel.fr\/wordpress_o\/wp-content\/uploads\/2019\/03\/region_st_guilhem_1-300x203.jpg","datePublished":"2019-03-04T09:40:47+00:00","dateModified":"2019-03-06T14:21:03+00:00","breadcrumb":{"@id":"https:\/\/www.lamaisondabel.fr\/index.php\/saint-guilhem-le-desert\/#breadcrumb"},"inLanguage":"fr-FR","potentialAction":[{"@type":"ReadAction","target":["https:\/\/www.lamaisondabel.fr\/index.php\/saint-guilhem-le-desert\/"]}]},{"@type":"ImageObject","inLanguage":"fr-FR","@id":"https:\/\/www.lamaisondabel.fr\/index.php\/saint-guilhem-le-desert\/#primaryimage","url":"https:\/\/www.lamaisondabel.fr\/wp-content\/uploads\/2019\/03\/region_st_guilhem_1.jpg","contentUrl":"https:\/\/www.lamaisondabel.fr\/wp-content\/uploads\/2019\/03\/region_st_guilhem_1.jpg","width":1400,"height":947},{"@type":"BreadcrumbList","@id":"https:\/\/www.lamaisondabel.fr\/index.php\/saint-guilhem-le-desert\/#breadcrumb","itemListElement":[{"@type":"ListItem","position":1,"name":"Accueil","item":"https:\/\/www.lamaisondabel.fr\/"},{"@type":"ListItem","position":2,"name":"Saint Guilhem le D\u00e9sert"}]},{"@type":"WebSite","@id":"https:\/\/www.lamaisondabel.fr\/#website","url":"https:\/\/www.lamaisondabel.fr\/","name":"La Maison d&#039;Abel","description":"Lac du Salagou - Maison en location saisonni\u00e8re - Ouvert toute l&#039;ann\u00e9e.","potentialAction":[{"@type":"SearchAction","target":{"@type":"EntryPoint","urlTemplate":"https:\/\/www.lamaisondabel.fr\/?s={search_term_string}"},"query-input":"required name=search_term_string"}],"inLanguage":"fr-FR"}]}},"_links":{"self":[{"href":"https:\/\/www.lamaisondabel.fr\/index.php\/wp-json\/wp\/v2\/pages\/161"}],"collection":[{"href":"https:\/\/www.lamaisondabel.fr\/index.php\/wp-json\/wp\/v2\/pages"}],"about":[{"href":"https:\/\/www.lamaisondabel.fr\/index.php\/wp-json\/wp\/v2\/types\/page"}],"author":[{"embeddable":true,"href":"https:\/\/www.lamaisondabel.fr\/index.php\/wp-json\/wp\/v2\/users\/1"}],"replies":[{"embeddable":true,"href":"https:\/\/www.lamaisondabel.fr\/index.php\/wp-json\/wp\/v2\/comments?post=161"}],"version-history":[{"count":6,"href":"https:\/\/www.lamaisondabel.fr\/index.php\/wp-json\/wp\/v2\/pages\/161\/revisions"}],"predecessor-version":[{"id":706,"href":"https:\/\/www.lamaisondabel.fr\/index.php\/wp-json\/wp\/v2\/pages\/161\/revisions\/706"}],"wp:attachment":[{"href":"https:\/\/www.lamaisondabel.fr\/index.php\/wp-json\/wp\/v2\/media?parent=161"}],"curies":[{"name":"wp","href":"https:\/\/api.w.org\/{rel}","templated":true}]}}