{"id":164,"date":"2019-03-04T09:41:13","date_gmt":"2019-03-04T09:41:13","guid":{"rendered":"http:\/\/www.lamaisondabel.fr\/wordpress_o\/?page_id=164"},"modified":"2019-03-13T17:11:02","modified_gmt":"2019-03-13T17:11:02","slug":"les-vignobles","status":"publish","type":"page","link":"https:\/\/www.lamaisondabel.fr\/index.php\/les-vignobles\/","title":{"rendered":"Les vignobles"},"content":{"rendered":"<section id=\"h.p_1lDctCkOGcJ3\" class=\"yaqOZd LB7kq tpmmCb gk8rDe\">\n<div class=\"mYVXT\">\n<div class=\"LS81yb VICjCf\" tabindex=\"-1\">\n<div class=\"hJDwNd-AhqUyc-uQSCkd purZT-AhqUyc-II5mzb pSzOP-AhqUyc-qWD73c JNdkSc\">\n<div class=\"oKdM2c\">\n<div id=\"h.p_gTN5oRQ_GcJ6\" class=\"hJDwNd-AhqUyc-OiUrBf jXK9ad D2fZ2 OjCsFc wHaque GNzUNc\">\n<div class=\"jXK9ad-SmKAyb jXK9ad-SmKAyb-c4YZDc\">\n<div class=\"tyJCtd mGzaTb baZpAe lkHyyc\">\n<h1 id=\"h.p_BcoQ5JxyGcJ_\" class=\"zfr3Q duRjpb\"><\/h1>\n<\/div>\n<\/div>\n<\/div>\n<div class=\"hJDwNd-AhqUyc-ibL1re jXK9ad D2fZ2 OjCsFc wHaque L6cTce-purZT L6cTce-pSzOP\">\n<div class=\"jXK9ad-SmKAyb jXK9ad-SmKAyb-c4YZDc\">\n<div class=\"tyJCtd baZpAe\"><\/div>\n<\/div>\n<\/div>\n<\/div>\n<\/div>\n<\/div>\n<\/div>\n<\/section>\n<section id=\"h.p_rs_mPfgXGl8W\" class=\"yaqOZd\">\n<div class=\"mYVXT\">\n<div class=\"LS81yb VICjCf\" tabindex=\"-1\">\n<div class=\"hJDwNd-AhqUyc-uQSCkd purZT-AhqUyc-II5mzb pSzOP-AhqUyc-qWD73c JNdkSc yYI8W \">\n<div class=\"oKdM2c\">\n<div id=\"h.p_qVSAiHNeG4yT\" class=\"hJDwNd-AhqUyc-uQSCkd jXK9ad D2fZ2 OjCsFc\">\n<div class=\"jXK9ad-SmKAyb jXK9ad-SmKAyb-c4YZDc\">\n<div class=\"tyJCtd baZpAe\">\n<div class=\"t3iYD\" style=\"text-align: center;\"><img loading=\"lazy\" decoding=\"async\" class=\"aligncenter wp-image-539\" src=\"http:\/\/www.lamaisondabel.fr\/wordpress_o\/wp-content\/uploads\/2019\/03\/region_vignobles-300x169.jpg\" alt=\"\" width=\"788\" height=\"444\" srcset=\"https:\/\/www.lamaisondabel.fr\/wp-content\/uploads\/2019\/03\/region_vignobles-300x169.jpg 300w, https:\/\/www.lamaisondabel.fr\/wp-content\/uploads\/2019\/03\/region_vignobles-768x432.jpg 768w, https:\/\/www.lamaisondabel.fr\/wp-content\/uploads\/2019\/03\/region_vignobles-1024x576.jpg 1024w, https:\/\/www.lamaisondabel.fr\/wp-content\/uploads\/2019\/03\/region_vignobles-50x28.jpg 50w, https:\/\/www.lamaisondabel.fr\/wp-content\/uploads\/2019\/03\/region_vignobles.jpg 1600w\" sizes=\"(max-width: 788px) 100vw, 788px\" \/><\/div>\n<\/div>\n<\/div>\n<\/div>\n<\/div>\n<div class=\"oKdM2c\">\n<div id=\"h.p_2xktUIvkGl8L\" class=\"hJDwNd-AhqUyc-uQSCkd jXK9ad D2fZ2 wHaque GNzUNc\">\n<div class=\"jXK9ad-SmKAyb jXK9ad-SmKAyb-c4YZDc\">\n<div class=\"tyJCtd mGzaTb baZpAe\"><\/div>\n<\/div>\n<\/div>\n<\/div>\n<\/div>\n<\/div>\n<\/div>\n<\/section>\n<section id=\"h.p_AeW20gkbGoQW\" class=\"yaqOZd\">\n<div class=\"yaqOZd IFuOkc\"><\/div>\n<div class=\"mYVXT\">\n<div class=\"LS81yb VICjCf\" tabindex=\"-1\">\n<div class=\"hJDwNd-AhqUyc-uQSCkd purZT-AhqUyc-II5mzb pSzOP-AhqUyc-qWD73c JNdkSc\">\n<div class=\"oKdM2c\">\n<div id=\"h.p_HYermGSTGoQP\" class=\"hJDwNd-AhqUyc-uQSCkd jXK9ad D2fZ2 OjCsFc wHaque GNzUNc\">\n<div class=\"jXK9ad-SmKAyb jXK9ad-SmKAyb-c4YZDc\">\n<div class=\"tyJCtd mGzaTb baZpAe\">\n<p id=\"h.p_7-Oc9mzpGoQS\" class=\"zfr3Q\"><em><strong>Raisin de table et vin<\/strong><\/em><\/p>\n<p id=\"h.p_Yd9SiIcIGpOW\" class=\"zfr3Q\">Le lod\u00e9vois est aussi la porte du plus grand vignoble du monde.<\/p>\n<p id=\"h.p_jAvwAjegGpOY\" class=\"zfr3Q\">Le vignoble est partout&#8230; Il produit des vins divers et des raisins de table r\u00e9put\u00e9s.<\/p>\n<p id=\"h.p_77HgFWVLGpOZ\" class=\"zfr3Q\">Vous pourrez visiter une vingtaine de caves coop\u00e9ratives et particuli\u00e8res (Coteaux du Languedoc, Vin de Pays d&#8217;Oc)<\/p>\n<p id=\"h.p_CdadOflZGpOZ\" class=\"zfr3Q\">Les vins et Cartag\u00e8ne (\u00e0 Salelles du Bosc &#8211; Liqueur \u00e9labor\u00e9e avec du moult de raison frais)<\/p>\n<p id=\"h.p_Bdkd12LGGpOb\" class=\"zfr3Q\">Route des vins !<\/p>\n<ul class=\"n8H08c UVNKR\">\n<li id=\"h.p_nzh7qZ-yHqP7\" class=\"zfr3Q TYR86d\">Ch\u00e2teau Vaill\u00e9 \u00e0 Salelles du Bosc<\/li>\n<li id=\"h.p_Lj5l1XxzHuCV\" class=\"zfr3Q TYR86d\">Domaine Monr\u00e8ve \u00e0 Cartels du Bosc<\/li>\n<li id=\"h.p_ZUp2PVIxHxM2\" class=\"zfr3Q TYR86d\">Domaine Jordy \u00e0 Loiras du Bosc<\/li>\n<\/ul>\n<\/div>\n<\/div>\n<\/div>\n<\/div>\n<\/div>\n<p>&nbsp;<\/p>\n<h3>Dans la r\u00e9gion :<\/h3>\n<ul>\n<li><a href=\"http:\/\/www.lamaisondabel.fr\/index.php\/abbaye-de-valmagne\/\">L\u2019abbaye de Valmagne est un des plus anciens vignobles du Languedoc.<\/a><\/li>\n<\/ul>\n<\/div>\n<\/div>\n<\/section>\n","protected":false},"excerpt":{"rendered":"<p>Raisin de table et vin Le lod\u00e9vois est aussi la porte du plus grand vignoble du monde. Le vignoble est partout&#8230; Il produit des vins divers et des raisins de table r\u00e9put\u00e9s. Vous pourrez visiter une vingtaine de caves coop\u00e9ratives et particuli\u00e8res (Coteaux du Languedoc, Vin de Pays d&#8217;Oc) Les vins et Cartag\u00e8ne (\u00e0 Salelles [&hellip;]<\/p>\n","protected":false},"author":1,"featured_media":0,"parent":0,"menu_order":0,"comment_status":"closed","ping_status":"closed","template":"","meta":{"footnotes":""},"wppr_data":{"cwp_meta_box_check":"No"},"yoast_head":"<!-- This site is optimized with the Yoast SEO plugin v22.8 - https:\/\/yoast.com\/wordpress\/plugins\/seo\/ -->\n<title>Les vignobles - La Maison d&#039;Abel<\/title>\n<meta name=\"robots\" content=\"index, follow, max-snippet:-1, max-image-preview:large, max-video-preview:-1\" \/>\n<link rel=\"canonical\" href=\"https:\/\/www.lamaisondabel.fr\/index.php\/les-vignobles\/\" \/>\n<meta property=\"og:locale\" content=\"fr_FR\" \/>\n<meta property=\"og:type\" content=\"article\" \/>\n<meta property=\"og:title\" content=\"Les vignobles - La Maison d&#039;Abel\" \/>\n<meta property=\"og:description\" content=\"Raisin de table et vin Le lod\u00e9vois est aussi la porte du plus grand vignoble du monde. Le vignoble est partout&#8230; Il produit des vins divers et des raisins de table r\u00e9put\u00e9s. Vous pourrez visiter une vingtaine de caves coop\u00e9ratives et particuli\u00e8res (Coteaux du Languedoc, Vin de Pays d&#8217;Oc) Les vins et Cartag\u00e8ne (\u00e0 Salelles [&hellip;]\" \/>\n<meta property=\"og:url\" content=\"https:\/\/www.lamaisondabel.fr\/index.php\/les-vignobles\/\" \/>\n<meta property=\"og:site_name\" content=\"La Maison d&#039;Abel\" \/>\n<meta property=\"article:modified_time\" content=\"2019-03-13T17:11:02+00:00\" \/>\n<meta property=\"og:image\" content=\"http:\/\/www.lamaisondabel.fr\/wordpress_o\/wp-content\/uploads\/2019\/03\/region_vignobles-300x169.jpg\" \/>\n<meta name=\"twitter:card\" content=\"summary_large_image\" \/>\n<meta name=\"twitter:label1\" content=\"Dur\u00e9e de lecture estim\u00e9e\" \/>\n\t<meta name=\"twitter:data1\" content=\"1 minute\" \/>\n<script type=\"application\/ld+json\" class=\"yoast-schema-graph\">{\"@context\":\"https:\/\/schema.org\",\"@graph\":[{\"@type\":\"WebPage\",\"@id\":\"https:\/\/www.lamaisondabel.fr\/index.php\/les-vignobles\/\",\"url\":\"https:\/\/www.lamaisondabel.fr\/index.php\/les-vignobles\/\",\"name\":\"Les vignobles - La Maison d&#039;Abel\",\"isPartOf\":{\"@id\":\"https:\/\/www.lamaisondabel.fr\/#website\"},\"primaryImageOfPage\":{\"@id\":\"https:\/\/www.lamaisondabel.fr\/index.php\/les-vignobles\/#primaryimage\"},\"image\":{\"@id\":\"https:\/\/www.lamaisondabel.fr\/index.php\/les-vignobles\/#primaryimage\"},\"thumbnailUrl\":\"http:\/\/www.lamaisondabel.fr\/wordpress_o\/wp-content\/uploads\/2019\/03\/region_vignobles-300x169.jpg\",\"datePublished\":\"2019-03-04T09:41:13+00:00\",\"dateModified\":\"2019-03-13T17:11:02+00:00\",\"breadcrumb\":{\"@id\":\"https:\/\/www.lamaisondabel.fr\/index.php\/les-vignobles\/#breadcrumb\"},\"inLanguage\":\"fr-FR\",\"potentialAction\":[{\"@type\":\"ReadAction\",\"target\":[\"https:\/\/www.lamaisondabel.fr\/index.php\/les-vignobles\/\"]}]},{\"@type\":\"ImageObject\",\"inLanguage\":\"fr-FR\",\"@id\":\"https:\/\/www.lamaisondabel.fr\/index.php\/les-vignobles\/#primaryimage\",\"url\":\"https:\/\/www.lamaisondabel.fr\/wp-content\/uploads\/2019\/03\/region_vignobles.jpg\",\"contentUrl\":\"https:\/\/www.lamaisondabel.fr\/wp-content\/uploads\/2019\/03\/region_vignobles.jpg\",\"width\":1600,\"height\":900},{\"@type\":\"BreadcrumbList\",\"@id\":\"https:\/\/www.lamaisondabel.fr\/index.php\/les-vignobles\/#breadcrumb\",\"itemListElement\":[{\"@type\":\"ListItem\",\"position\":1,\"name\":\"Accueil\",\"item\":\"https:\/\/www.lamaisondabel.fr\/\"},{\"@type\":\"ListItem\",\"position\":2,\"name\":\"Les vignobles\"}]},{\"@type\":\"WebSite\",\"@id\":\"https:\/\/www.lamaisondabel.fr\/#website\",\"url\":\"https:\/\/www.lamaisondabel.fr\/\",\"name\":\"La Maison d&#039;Abel\",\"description\":\"Lac du Salagou - Maison en location saisonni\u00e8re - Ouvert toute l&#039;ann\u00e9e.\",\"potentialAction\":[{\"@type\":\"SearchAction\",\"target\":{\"@type\":\"EntryPoint\",\"urlTemplate\":\"https:\/\/www.lamaisondabel.fr\/?s={search_term_string}\"},\"query-input\":\"required name=search_term_string\"}],\"inLanguage\":\"fr-FR\"}]}<\/script>\n<!-- \/ Yoast SEO plugin. -->","yoast_head_json":{"title":"Les vignobles - La Maison d&#039;Abel","robots":{"index":"index","follow":"follow","max-snippet":"max-snippet:-1","max-image-preview":"max-image-preview:large","max-video-preview":"max-video-preview:-1"},"canonical":"https:\/\/www.lamaisondabel.fr\/index.php\/les-vignobles\/","og_locale":"fr_FR","og_type":"article","og_title":"Les vignobles - La Maison d&#039;Abel","og_description":"Raisin de table et vin Le lod\u00e9vois est aussi la porte du plus grand vignoble du monde. Le vignoble est partout&#8230; Il produit des vins divers et des raisins de table r\u00e9put\u00e9s. Vous pourrez visiter une vingtaine de caves coop\u00e9ratives et particuli\u00e8res (Coteaux du Languedoc, Vin de Pays d&#8217;Oc) Les vins et Cartag\u00e8ne (\u00e0 Salelles [&hellip;]","og_url":"https:\/\/www.lamaisondabel.fr\/index.php\/les-vignobles\/","og_site_name":"La Maison d&#039;Abel","article_modified_time":"2019-03-13T17:11:02+00:00","og_image":[{"url":"http:\/\/www.lamaisondabel.fr\/wordpress_o\/wp-content\/uploads\/2019\/03\/region_vignobles-300x169.jpg"}],"twitter_card":"summary_large_image","twitter_misc":{"Dur\u00e9e de lecture estim\u00e9e":"1 minute"},"schema":{"@context":"https:\/\/schema.org","@graph":[{"@type":"WebPage","@id":"https:\/\/www.lamaisondabel.fr\/index.php\/les-vignobles\/","url":"https:\/\/www.lamaisondabel.fr\/index.php\/les-vignobles\/","name":"Les vignobles - La Maison d&#039;Abel","isPartOf":{"@id":"https:\/\/www.lamaisondabel.fr\/#website"},"primaryImageOfPage":{"@id":"https:\/\/www.lamaisondabel.fr\/index.php\/les-vignobles\/#primaryimage"},"image":{"@id":"https:\/\/www.lamaisondabel.fr\/index.php\/les-vignobles\/#primaryimage"},"thumbnailUrl":"http:\/\/www.lamaisondabel.fr\/wordpress_o\/wp-content\/uploads\/2019\/03\/region_vignobles-300x169.jpg","datePublished":"2019-03-04T09:41:13+00:00","dateModified":"2019-03-13T17:11:02+00:00","breadcrumb":{"@id":"https:\/\/www.lamaisondabel.fr\/index.php\/les-vignobles\/#breadcrumb"},"inLanguage":"fr-FR","potentialAction":[{"@type":"ReadAction","target":["https:\/\/www.lamaisondabel.fr\/index.php\/les-vignobles\/"]}]},{"@type":"ImageObject","inLanguage":"fr-FR","@id":"https:\/\/www.lamaisondabel.fr\/index.php\/les-vignobles\/#primaryimage","url":"https:\/\/www.lamaisondabel.fr\/wp-content\/uploads\/2019\/03\/region_vignobles.jpg","contentUrl":"https:\/\/www.lamaisondabel.fr\/wp-content\/uploads\/2019\/03\/region_vignobles.jpg","width":1600,"height":900},{"@type":"BreadcrumbList","@id":"https:\/\/www.lamaisondabel.fr\/index.php\/les-vignobles\/#breadcrumb","itemListElement":[{"@type":"ListItem","position":1,"name":"Accueil","item":"https:\/\/www.lamaisondabel.fr\/"},{"@type":"ListItem","position":2,"name":"Les vignobles"}]},{"@type":"WebSite","@id":"https:\/\/www.lamaisondabel.fr\/#website","url":"https:\/\/www.lamaisondabel.fr\/","name":"La Maison d&#039;Abel","description":"Lac du Salagou - Maison en location saisonni\u00e8re - Ouvert toute l&#039;ann\u00e9e.","potentialAction":[{"@type":"SearchAction","target":{"@type":"EntryPoint","urlTemplate":"https:\/\/www.lamaisondabel.fr\/?s={search_term_string}"},"query-input":"required name=search_term_string"}],"inLanguage":"fr-FR"}]}},"_links":{"self":[{"href":"https:\/\/www.lamaisondabel.fr\/index.php\/wp-json\/wp\/v2\/pages\/164"}],"collection":[{"href":"https:\/\/www.lamaisondabel.fr\/index.php\/wp-json\/wp\/v2\/pages"}],"about":[{"href":"https:\/\/www.lamaisondabel.fr\/index.php\/wp-json\/wp\/v2\/types\/page"}],"author":[{"embeddable":true,"href":"https:\/\/www.lamaisondabel.fr\/index.php\/wp-json\/wp\/v2\/users\/1"}],"replies":[{"embeddable":true,"href":"https:\/\/www.lamaisondabel.fr\/index.php\/wp-json\/wp\/v2\/comments?post=164"}],"version-history":[{"count":5,"href":"https:\/\/www.lamaisondabel.fr\/index.php\/wp-json\/wp\/v2\/pages\/164\/revisions"}],"predecessor-version":[{"id":1277,"href":"https:\/\/www.lamaisondabel.fr\/index.php\/wp-json\/wp\/v2\/pages\/164\/revisions\/1277"}],"wp:attachment":[{"href":"https:\/\/www.lamaisondabel.fr\/index.php\/wp-json\/wp\/v2\/media?parent=164"}],"curies":[{"name":"wp","href":"https:\/\/api.w.org\/{rel}","templated":true}]}}