{"id":1669,"date":"2019-04-14T12:15:55","date_gmt":"2019-04-14T12:15:55","guid":{"rendered":"http:\/\/www.lamaisondabel.fr\/?page_id=1669"},"modified":"2026-03-29T11:11:24","modified_gmt":"2026-03-29T11:11:24","slug":"paypal-et-carte-bleue","status":"publish","type":"page","link":"https:\/\/www.lamaisondabel.fr\/index.php\/paypal-et-carte-bleue\/","title":{"rendered":"Ch\u00e8que &#8211; Paypal &#8211; Esp\u00e8ces &#8211; Virement &#8211; Swikly&#8230;"},"content":{"rendered":"<p style=\"text-align: center;\"><a href=\"https:\/\/www.swikly.com\" target=\"_blank\" rel=\"noopener noreferrer\"><img loading=\"lazy\" decoding=\"async\" class=\"aligncenter size-full wp-image-1735\" src=\"https:\/\/www.lamaisondabel.fr\/wp-content\/uploads\/2020\/06\/index.png\" alt=\"\" width=\"386\" height=\"130\" srcset=\"https:\/\/www.lamaisondabel.fr\/wp-content\/uploads\/2020\/06\/index.png 386w, https:\/\/www.lamaisondabel.fr\/wp-content\/uploads\/2020\/06\/index-300x101.png 300w, https:\/\/www.lamaisondabel.fr\/wp-content\/uploads\/2020\/06\/index-50x17.png 50w\" sizes=\"(max-width: 386px) 100vw, 386px\" \/><\/a><\/p>\n<p>&nbsp;<\/p>\n<p style=\"text-align: center;\">R\u00e8glement possible par ch\u00e8que, virement, Paypal, esp\u00e8ces&#8230;.\u00a0<\/p>\n<p>&nbsp;<\/p>\n<p style=\"text-align: center;\"><span style=\"color: #ff0000;\">Une quittance de loyer vous est remise sur simple demande<\/span><\/p>\n","protected":false},"excerpt":{"rendered":"<p>&nbsp; R\u00e8glement possible par ch\u00e8que, virement, Paypal, esp\u00e8ces&#8230;.\u00a0 &nbsp; Une quittance de loyer vous est remise sur simple demande<\/p>\n","protected":false},"author":1,"featured_media":0,"parent":0,"menu_order":0,"comment_status":"closed","ping_status":"closed","template":"","meta":{"footnotes":""},"wppr_data":{"cwp_meta_box_check":"No"},"yoast_head":"<!-- This site is optimized with the Yoast SEO plugin v22.8 - https:\/\/yoast.com\/wordpress\/plugins\/seo\/ -->\n<title>Ch\u00e8que - Paypal - Esp\u00e8ces - Virement - Swikly... - La Maison d&#039;Abel<\/title>\n<meta name=\"robots\" content=\"index, follow, max-snippet:-1, max-image-preview:large, max-video-preview:-1\" \/>\n<link rel=\"canonical\" href=\"https:\/\/www.lamaisondabel.fr\/index.php\/paypal-et-carte-bleue\/\" \/>\n<meta property=\"og:locale\" content=\"fr_FR\" \/>\n<meta property=\"og:type\" content=\"article\" \/>\n<meta property=\"og:title\" content=\"Ch\u00e8que - Paypal - Esp\u00e8ces - Virement - Swikly... - La Maison d&#039;Abel\" \/>\n<meta property=\"og:description\" content=\"&nbsp; R\u00e8glement possible par ch\u00e8que, virement, Paypal, esp\u00e8ces&#8230;.\u00a0 &nbsp; Une quittance de loyer vous est remise sur simple demande\" \/>\n<meta property=\"og:url\" content=\"https:\/\/www.lamaisondabel.fr\/index.php\/paypal-et-carte-bleue\/\" \/>\n<meta property=\"og:site_name\" content=\"La Maison d&#039;Abel\" \/>\n<meta property=\"article:modified_time\" content=\"2026-03-29T11:11:24+00:00\" \/>\n<meta property=\"og:image\" content=\"https:\/\/www.lamaisondabel.fr\/wp-content\/uploads\/2020\/06\/index.png\" \/>\n<meta name=\"twitter:card\" content=\"summary_large_image\" \/>\n<meta name=\"twitter:label1\" content=\"Dur\u00e9e de lecture estim\u00e9e\" \/>\n\t<meta name=\"twitter:data1\" content=\"1 minute\" \/>\n<script type=\"application\/ld+json\" class=\"yoast-schema-graph\">{\"@context\":\"https:\/\/schema.org\",\"@graph\":[{\"@type\":\"WebPage\",\"@id\":\"https:\/\/www.lamaisondabel.fr\/index.php\/paypal-et-carte-bleue\/\",\"url\":\"https:\/\/www.lamaisondabel.fr\/index.php\/paypal-et-carte-bleue\/\",\"name\":\"Ch\u00e8que - Paypal - Esp\u00e8ces - Virement - Swikly... - La Maison d&#039;Abel\",\"isPartOf\":{\"@id\":\"https:\/\/www.lamaisondabel.fr\/#website\"},\"primaryImageOfPage\":{\"@id\":\"https:\/\/www.lamaisondabel.fr\/index.php\/paypal-et-carte-bleue\/#primaryimage\"},\"image\":{\"@id\":\"https:\/\/www.lamaisondabel.fr\/index.php\/paypal-et-carte-bleue\/#primaryimage\"},\"thumbnailUrl\":\"https:\/\/www.lamaisondabel.fr\/wp-content\/uploads\/2020\/06\/index.png\",\"datePublished\":\"2019-04-14T12:15:55+00:00\",\"dateModified\":\"2026-03-29T11:11:24+00:00\",\"breadcrumb\":{\"@id\":\"https:\/\/www.lamaisondabel.fr\/index.php\/paypal-et-carte-bleue\/#breadcrumb\"},\"inLanguage\":\"fr-FR\",\"potentialAction\":[{\"@type\":\"ReadAction\",\"target\":[\"https:\/\/www.lamaisondabel.fr\/index.php\/paypal-et-carte-bleue\/\"]}]},{\"@type\":\"ImageObject\",\"inLanguage\":\"fr-FR\",\"@id\":\"https:\/\/www.lamaisondabel.fr\/index.php\/paypal-et-carte-bleue\/#primaryimage\",\"url\":\"https:\/\/www.lamaisondabel.fr\/wp-content\/uploads\/2020\/06\/index.png\",\"contentUrl\":\"https:\/\/www.lamaisondabel.fr\/wp-content\/uploads\/2020\/06\/index.png\",\"width\":386,\"height\":130},{\"@type\":\"BreadcrumbList\",\"@id\":\"https:\/\/www.lamaisondabel.fr\/index.php\/paypal-et-carte-bleue\/#breadcrumb\",\"itemListElement\":[{\"@type\":\"ListItem\",\"position\":1,\"name\":\"Accueil\",\"item\":\"https:\/\/www.lamaisondabel.fr\/\"},{\"@type\":\"ListItem\",\"position\":2,\"name\":\"Ch\u00e8que &#8211; Paypal &#8211; Esp\u00e8ces &#8211; Virement &#8211; Swikly&#8230;\"}]},{\"@type\":\"WebSite\",\"@id\":\"https:\/\/www.lamaisondabel.fr\/#website\",\"url\":\"https:\/\/www.lamaisondabel.fr\/\",\"name\":\"La Maison d&#039;Abel\",\"description\":\"Lac du Salagou - Maison en location saisonni\u00e8re - Ouvert toute l&#039;ann\u00e9e.\",\"potentialAction\":[{\"@type\":\"SearchAction\",\"target\":{\"@type\":\"EntryPoint\",\"urlTemplate\":\"https:\/\/www.lamaisondabel.fr\/?s={search_term_string}\"},\"query-input\":\"required name=search_term_string\"}],\"inLanguage\":\"fr-FR\"}]}<\/script>\n<!-- \/ Yoast SEO plugin. -->","yoast_head_json":{"title":"Ch\u00e8que - Paypal - Esp\u00e8ces - Virement - Swikly... - La Maison d&#039;Abel","robots":{"index":"index","follow":"follow","max-snippet":"max-snippet:-1","max-image-preview":"max-image-preview:large","max-video-preview":"max-video-preview:-1"},"canonical":"https:\/\/www.lamaisondabel.fr\/index.php\/paypal-et-carte-bleue\/","og_locale":"fr_FR","og_type":"article","og_title":"Ch\u00e8que - Paypal - Esp\u00e8ces - Virement - Swikly... - La Maison d&#039;Abel","og_description":"&nbsp; R\u00e8glement possible par ch\u00e8que, virement, Paypal, esp\u00e8ces&#8230;.\u00a0 &nbsp; Une quittance de loyer vous est remise sur simple demande","og_url":"https:\/\/www.lamaisondabel.fr\/index.php\/paypal-et-carte-bleue\/","og_site_name":"La Maison d&#039;Abel","article_modified_time":"2026-03-29T11:11:24+00:00","og_image":[{"url":"https:\/\/www.lamaisondabel.fr\/wp-content\/uploads\/2020\/06\/index.png"}],"twitter_card":"summary_large_image","twitter_misc":{"Dur\u00e9e de lecture estim\u00e9e":"1 minute"},"schema":{"@context":"https:\/\/schema.org","@graph":[{"@type":"WebPage","@id":"https:\/\/www.lamaisondabel.fr\/index.php\/paypal-et-carte-bleue\/","url":"https:\/\/www.lamaisondabel.fr\/index.php\/paypal-et-carte-bleue\/","name":"Ch\u00e8que - Paypal - Esp\u00e8ces - Virement - Swikly... - La Maison d&#039;Abel","isPartOf":{"@id":"https:\/\/www.lamaisondabel.fr\/#website"},"primaryImageOfPage":{"@id":"https:\/\/www.lamaisondabel.fr\/index.php\/paypal-et-carte-bleue\/#primaryimage"},"image":{"@id":"https:\/\/www.lamaisondabel.fr\/index.php\/paypal-et-carte-bleue\/#primaryimage"},"thumbnailUrl":"https:\/\/www.lamaisondabel.fr\/wp-content\/uploads\/2020\/06\/index.png","datePublished":"2019-04-14T12:15:55+00:00","dateModified":"2026-03-29T11:11:24+00:00","breadcrumb":{"@id":"https:\/\/www.lamaisondabel.fr\/index.php\/paypal-et-carte-bleue\/#breadcrumb"},"inLanguage":"fr-FR","potentialAction":[{"@type":"ReadAction","target":["https:\/\/www.lamaisondabel.fr\/index.php\/paypal-et-carte-bleue\/"]}]},{"@type":"ImageObject","inLanguage":"fr-FR","@id":"https:\/\/www.lamaisondabel.fr\/index.php\/paypal-et-carte-bleue\/#primaryimage","url":"https:\/\/www.lamaisondabel.fr\/wp-content\/uploads\/2020\/06\/index.png","contentUrl":"https:\/\/www.lamaisondabel.fr\/wp-content\/uploads\/2020\/06\/index.png","width":386,"height":130},{"@type":"BreadcrumbList","@id":"https:\/\/www.lamaisondabel.fr\/index.php\/paypal-et-carte-bleue\/#breadcrumb","itemListElement":[{"@type":"ListItem","position":1,"name":"Accueil","item":"https:\/\/www.lamaisondabel.fr\/"},{"@type":"ListItem","position":2,"name":"Ch\u00e8que &#8211; Paypal &#8211; Esp\u00e8ces &#8211; Virement &#8211; Swikly&#8230;"}]},{"@type":"WebSite","@id":"https:\/\/www.lamaisondabel.fr\/#website","url":"https:\/\/www.lamaisondabel.fr\/","name":"La Maison d&#039;Abel","description":"Lac du Salagou - Maison en location saisonni\u00e8re - Ouvert toute l&#039;ann\u00e9e.","potentialAction":[{"@type":"SearchAction","target":{"@type":"EntryPoint","urlTemplate":"https:\/\/www.lamaisondabel.fr\/?s={search_term_string}"},"query-input":"required name=search_term_string"}],"inLanguage":"fr-FR"}]}},"_links":{"self":[{"href":"https:\/\/www.lamaisondabel.fr\/index.php\/wp-json\/wp\/v2\/pages\/1669"}],"collection":[{"href":"https:\/\/www.lamaisondabel.fr\/index.php\/wp-json\/wp\/v2\/pages"}],"about":[{"href":"https:\/\/www.lamaisondabel.fr\/index.php\/wp-json\/wp\/v2\/types\/page"}],"author":[{"embeddable":true,"href":"https:\/\/www.lamaisondabel.fr\/index.php\/wp-json\/wp\/v2\/users\/1"}],"replies":[{"embeddable":true,"href":"https:\/\/www.lamaisondabel.fr\/index.php\/wp-json\/wp\/v2\/comments?post=1669"}],"version-history":[{"count":11,"href":"https:\/\/www.lamaisondabel.fr\/index.php\/wp-json\/wp\/v2\/pages\/1669\/revisions"}],"predecessor-version":[{"id":2222,"href":"https:\/\/www.lamaisondabel.fr\/index.php\/wp-json\/wp\/v2\/pages\/1669\/revisions\/2222"}],"wp:attachment":[{"href":"https:\/\/www.lamaisondabel.fr\/index.php\/wp-json\/wp\/v2\/media?parent=1669"}],"curies":[{"name":"wp","href":"https:\/\/api.w.org\/{rel}","templated":true}]}}