{"id":167,"date":"2019-03-04T09:42:03","date_gmt":"2019-03-04T09:42:03","guid":{"rendered":"http:\/\/www.lamaisondabel.fr\/wordpress_o\/?page_id=167"},"modified":"2019-03-06T14:35:45","modified_gmt":"2019-03-06T14:35:45","slug":"le-cirque-de-navacelle","status":"publish","type":"page","link":"https:\/\/www.lamaisondabel.fr\/index.php\/le-cirque-de-navacelle\/","title":{"rendered":"Le cirque de Navacelle"},"content":{"rendered":"<section id=\"h.p_uLEuqYs3L_sC\" class=\"yaqOZd lQAHbd\">\n<div class=\"mYVXT\">\n<div class=\"LS81yb VICjCf\" tabindex=\"-1\">\n<div class=\"hJDwNd-AhqUyc-uQSCkd purZT-AhqUyc-II5mzb pSzOP-AhqUyc-qWD73c JNdkSc\">\n<div class=\"oKdM2c\">\n<div id=\"h.p_bfLAWiTFL_r_\" class=\"hJDwNd-AhqUyc-qWD73c jXK9ad D2fZ2 OjCsFc wHaque\">\n<div class=\"jXK9ad-SmKAyb jXK9ad-SmKAyb-c4YZDc\">\n<div class=\"tyJCtd baZpAe\">\n<div class=\"WIdY2d M1aSXe\">\n<p style=\"text-align: center;\"><iframe class=\"YMEQtf\" src=\"https:\/\/www.youtube.com\/embed\/Hi_D3R4lWyE\" frameborder=\"0\" allowfullscreen=\"allowfullscreen\" aria-label=\"YouTube Video, Le Cirque de Navacelles\" data-iframe-loaded=\"true\" data-mce-fragment=\"1\"><\/iframe><\/p>\n<\/div>\n<\/div>\n<\/div>\n<\/div>\n<div class=\"hJDwNd-AhqUyc-c5RTEf jXK9ad D2fZ2 OjCsFc wHaque L6cTce-purZT L6cTce-pSzOP\">\n<div class=\"jXK9ad-SmKAyb jXK9ad-SmKAyb-c4YZDc\">\n<div class=\"tyJCtd baZpAe\"><\/div>\n<\/div>\n<\/div>\n<\/div>\n<\/div>\n<\/div>\n<\/div>\n<\/section>\n<section id=\"h.p_j_oWheetML4l\" class=\"yaqOZd lQAHbd\">\n<div class=\"yaqOZd IFuOkc\"><\/div>\n<div class=\"mYVXT\">\n<div class=\"LS81yb VICjCf\" tabindex=\"-1\">\n<div class=\"hJDwNd-AhqUyc-uQSCkd purZT-AhqUyc-II5mzb pSzOP-AhqUyc-qWD73c JNdkSc\">\n<div class=\"oKdM2c\">\n<div class=\"hJDwNd-AhqUyc-c5RTEf jXK9ad D2fZ2 OjCsFc wHaque L6cTce-purZT L6cTce-pSzOP\">\n<div class=\"jXK9ad-SmKAyb jXK9ad-SmKAyb-c4YZDc\"><\/div>\n<\/div>\n<\/div>\n<\/div>\n<\/div>\n<\/div>\n<\/section>\n<section id=\"h.p_UlG3IxHgMSf9\" class=\"yaqOZd lQAHbd\">\n<div class=\"mYVXT\">\n<div class=\"LS81yb VICjCf\" tabindex=\"-1\">\n<div class=\"hJDwNd-AhqUyc-uQSCkd purZT-AhqUyc-II5mzb pSzOP-AhqUyc-qWD73c JNdkSc\">\n<div class=\"oKdM2c\">\n<div class=\"hJDwNd-AhqUyc-c5RTEf jXK9ad D2fZ2 OjCsFc wHaque L6cTce-purZT L6cTce-pSzOP\">\n<div class=\"jXK9ad-SmKAyb jXK9ad-SmKAyb-c4YZDc\">\n<div class=\"tyJCtd baZpAe\" style=\"text-align: center;\"><img loading=\"lazy\" decoding=\"async\" class=\"aligncenter wp-image-515\" src=\"http:\/\/www.lamaisondabel.fr\/wordpress_o\/wp-content\/uploads\/2019\/03\/region_navacelle_1.jpg\" alt=\"\" width=\"506\" height=\"335\" srcset=\"https:\/\/www.lamaisondabel.fr\/wp-content\/uploads\/2019\/03\/region_navacelle_1.jpg 272w, https:\/\/www.lamaisondabel.fr\/wp-content\/uploads\/2019\/03\/region_navacelle_1-50x33.jpg 50w\" sizes=\"(max-width: 506px) 100vw, 506px\" \/> <img loading=\"lazy\" decoding=\"async\" class=\"aligncenter wp-image-516\" src=\"http:\/\/www.lamaisondabel.fr\/wordpress_o\/wp-content\/uploads\/2019\/03\/region_navacelle_2.jpg\" alt=\"\" width=\"507\" height=\"336\" srcset=\"https:\/\/www.lamaisondabel.fr\/wp-content\/uploads\/2019\/03\/region_navacelle_2.jpg 276w, https:\/\/www.lamaisondabel.fr\/wp-content\/uploads\/2019\/03\/region_navacelle_2-50x33.jpg 50w\" sizes=\"(max-width: 507px) 100vw, 507px\" \/> <img loading=\"lazy\" decoding=\"async\" class=\"aligncenter wp-image-517\" src=\"http:\/\/www.lamaisondabel.fr\/wordpress_o\/wp-content\/uploads\/2019\/03\/region_navacelle_3-300x225.jpg\" alt=\"\" width=\"507\" height=\"380\" srcset=\"https:\/\/www.lamaisondabel.fr\/wp-content\/uploads\/2019\/03\/region_navacelle_3-300x225.jpg 300w, https:\/\/www.lamaisondabel.fr\/wp-content\/uploads\/2019\/03\/region_navacelle_3-768x576.jpg 768w, https:\/\/www.lamaisondabel.fr\/wp-content\/uploads\/2019\/03\/region_navacelle_3-50x38.jpg 50w, https:\/\/www.lamaisondabel.fr\/wp-content\/uploads\/2019\/03\/region_navacelle_3.jpg 800w\" sizes=\"(max-width: 507px) 100vw, 507px\" \/><\/div>\n<\/div>\n<\/div>\n<\/div>\n<\/div>\n<\/div>\n<\/div>\n<\/section>\n<section id=\"h.p_csnC7ftAy5BK\" class=\"yaqOZd\">\n<div class=\"yaqOZd IFuOkc\" style=\"text-align: center;\"><\/div>\n<div class=\"mYVXT\">\n<div class=\"LS81yb VICjCf\" tabindex=\"-1\">\n<div class=\"hJDwNd-AhqUyc-uQSCkd purZT-AhqUyc-II5mzb pSzOP-AhqUyc-qWD73c JNdkSc\">\n<div class=\"oKdM2c\">\n<div id=\"h.p_jXLubyCwL1p-\" class=\"hJDwNd-AhqUyc-uQSCkd jXK9ad D2fZ2 OjCsFc wHaque GNzUNc\">\n<div class=\"jXK9ad-SmKAyb jXK9ad-SmKAyb-c4YZDc\">\n<div class=\"tyJCtd mGzaTb baZpAe\">\n<p id=\"h.p_PefA4T4lL1qO\" class=\"zfr3Q\" style=\"text-align: center;\">Le cirque de Navacelles<\/p>\n<p id=\"h.p_tog_ByZSL3Q_\" class=\"zfr3Q\" style=\"text-align: center;\">Belv\u00e9d\u00e8re de la Baume Auriol<\/p>\n<p id=\"h.p_fk7pZ_A8L3RA\" class=\"zfr3Q\" style=\"text-align: center;\"><strong>Site class\u00e9 de France<\/strong><\/p>\n<p id=\"h.p_HeNni_hlL4hV\" class=\"zfr3Q\" style=\"text-align: center;\">A 40 minutes environ de votre maison de vacances &#8211; (trajet : 40 km)<\/p>\n<p id=\"h.p_yJVQBVhtL7uQ\" class=\"zfr3Q\" style=\"text-align: center;\">Point panoramique<\/p>\n<p id=\"h.p_urShYKQeL7uT\" class=\"zfr3Q\" style=\"text-align: center;\">Point d&#8217;information touristique<\/p>\n<p id=\"h.p_HyMB1tx9L7uU\" class=\"zfr3Q\" style=\"text-align: center;\">Boutiques et produits du terroir<\/p>\n<p id=\"h.p_fUDzNDJhL7uV\" class=\"zfr3Q\" style=\"text-align: center;\">D\u00e9gustation de produits du terroir<\/p>\n<p id=\"h.p__3jPd1XoL7uW\" class=\"zfr3Q\" style=\"text-align: center;\">Restauration panoramique et brasserie<\/p>\n<p id=\"h.p_jgXYMWXUL7uX\" class=\"zfr3Q\" style=\"text-align: center;\">Exposition permanente (entr\u00e9e libre)<\/p>\n<p id=\"h.p_nGaV6_rRL7uY\" class=\"zfr3Q\" style=\"text-align: center;\">Espace audiovisuel&#8230;<\/p>\n<p id=\"h.p_c5m382UfL7uZ\" class=\"zfr3Q\" style=\"text-align: center;\">Belv\u00e9d\u00e8re de la Baume Auriol &#8211; 34520 SAINT MAURICE DE NAVACELLES &#8211; TEL : 04-67-44-63-10<\/p>\n<\/div>\n<\/div>\n<div class=\"tyJCtd mGzaTb baZpAe\">\n<hr \/>\n<\/div>\n<section id=\"h.p_OGmiK-tZKBBm\" class=\"yaqOZd\">\n<p style=\"text-align: center;\"><em><strong>Une belle journ\u00e9e en perspective \u00e0 40 minutes de la maison d&#8217;Abel<\/strong><\/em><\/p>\n<h6 style=\"text-align: center;\">Cliquez sur le logo de Google Map pour voir l&#8217;itin\u00e9raire propos\u00e9<\/h6>\n<p style=\"text-align: center;\"><a href=\"https:\/\/goo.gl\/maps\/bgGL8uN6J682\" target=\"_blank\" rel=\"noopener noreferrer\"><img loading=\"lazy\" decoding=\"async\" class=\"wp-image-698 aligncenter\" src=\"http:\/\/www.lamaisondabel.fr\/wordpress_o\/wp-content\/uploads\/2019\/03\/google_map.png\" alt=\"\" width=\"134\" height=\"136\" srcset=\"https:\/\/www.lamaisondabel.fr\/wp-content\/uploads\/2019\/03\/google_map.png 223w, https:\/\/www.lamaisondabel.fr\/wp-content\/uploads\/2019\/03\/google_map-50x50.png 50w\" sizes=\"(max-width: 134px) 100vw, 134px\" \/><\/a><\/p>\n<\/section>\n<h6 style=\"text-align: center;\">Vous souhaitant une belle journ\u00e9e dans ce lieu !<\/h6>\n<p style=\"text-align: center;\">Distance approximative : 40 km<\/p>\n<hr \/>\n<p>&nbsp;<\/p>\n<\/div>\n<\/div>\n<\/div>\n<\/div>\n<\/div>\n<\/section>\n","protected":false},"excerpt":{"rendered":"<p>Le cirque de Navacelles Belv\u00e9d\u00e8re de la Baume Auriol Site class\u00e9 de France A 40 minutes environ de votre maison de vacances &#8211; (trajet : 40 km) Point panoramique Point d&#8217;information touristique Boutiques et produits du terroir D\u00e9gustation de produits du terroir Restauration panoramique et brasserie Exposition permanente (entr\u00e9e libre) Espace audiovisuel&#8230; Belv\u00e9d\u00e8re de la [&hellip;]<\/p>\n","protected":false},"author":1,"featured_media":0,"parent":0,"menu_order":0,"comment_status":"closed","ping_status":"closed","template":"","meta":{"footnotes":""},"wppr_data":{"cwp_meta_box_check":"No"},"yoast_head":"<!-- This site is optimized with the Yoast SEO plugin v22.8 - https:\/\/yoast.com\/wordpress\/plugins\/seo\/ -->\n<title>Le cirque de Navacelle - La Maison d&#039;Abel<\/title>\n<meta name=\"robots\" content=\"index, follow, max-snippet:-1, max-image-preview:large, max-video-preview:-1\" \/>\n<link rel=\"canonical\" href=\"https:\/\/www.lamaisondabel.fr\/index.php\/le-cirque-de-navacelle\/\" \/>\n<meta property=\"og:locale\" content=\"fr_FR\" \/>\n<meta property=\"og:type\" content=\"article\" \/>\n<meta property=\"og:title\" content=\"Le cirque de Navacelle - La Maison d&#039;Abel\" \/>\n<meta property=\"og:description\" content=\"Le cirque de Navacelles Belv\u00e9d\u00e8re de la Baume Auriol Site class\u00e9 de France A 40 minutes environ de votre maison de vacances &#8211; (trajet : 40 km) Point panoramique Point d&#8217;information touristique Boutiques et produits du terroir D\u00e9gustation de produits du terroir Restauration panoramique et brasserie Exposition permanente (entr\u00e9e libre) Espace audiovisuel&#8230; Belv\u00e9d\u00e8re de la [&hellip;]\" \/>\n<meta property=\"og:url\" content=\"https:\/\/www.lamaisondabel.fr\/index.php\/le-cirque-de-navacelle\/\" \/>\n<meta property=\"og:site_name\" content=\"La Maison d&#039;Abel\" \/>\n<meta property=\"article:modified_time\" content=\"2019-03-06T14:35:45+00:00\" \/>\n<meta property=\"og:image\" content=\"http:\/\/www.lamaisondabel.fr\/wordpress_o\/wp-content\/uploads\/2019\/03\/region_navacelle_1.jpg\" \/>\n<meta name=\"twitter:card\" content=\"summary_large_image\" \/>\n<meta name=\"twitter:label1\" content=\"Dur\u00e9e de lecture estim\u00e9e\" \/>\n\t<meta name=\"twitter:data1\" content=\"1 minute\" \/>\n<script type=\"application\/ld+json\" class=\"yoast-schema-graph\">{\"@context\":\"https:\/\/schema.org\",\"@graph\":[{\"@type\":\"WebPage\",\"@id\":\"https:\/\/www.lamaisondabel.fr\/index.php\/le-cirque-de-navacelle\/\",\"url\":\"https:\/\/www.lamaisondabel.fr\/index.php\/le-cirque-de-navacelle\/\",\"name\":\"Le cirque de Navacelle - La Maison d&#039;Abel\",\"isPartOf\":{\"@id\":\"https:\/\/www.lamaisondabel.fr\/#website\"},\"primaryImageOfPage\":{\"@id\":\"https:\/\/www.lamaisondabel.fr\/index.php\/le-cirque-de-navacelle\/#primaryimage\"},\"image\":{\"@id\":\"https:\/\/www.lamaisondabel.fr\/index.php\/le-cirque-de-navacelle\/#primaryimage\"},\"thumbnailUrl\":\"http:\/\/www.lamaisondabel.fr\/wordpress_o\/wp-content\/uploads\/2019\/03\/region_navacelle_1.jpg\",\"datePublished\":\"2019-03-04T09:42:03+00:00\",\"dateModified\":\"2019-03-06T14:35:45+00:00\",\"breadcrumb\":{\"@id\":\"https:\/\/www.lamaisondabel.fr\/index.php\/le-cirque-de-navacelle\/#breadcrumb\"},\"inLanguage\":\"fr-FR\",\"potentialAction\":[{\"@type\":\"ReadAction\",\"target\":[\"https:\/\/www.lamaisondabel.fr\/index.php\/le-cirque-de-navacelle\/\"]}]},{\"@type\":\"ImageObject\",\"inLanguage\":\"fr-FR\",\"@id\":\"https:\/\/www.lamaisondabel.fr\/index.php\/le-cirque-de-navacelle\/#primaryimage\",\"url\":\"https:\/\/www.lamaisondabel.fr\/wp-content\/uploads\/2019\/03\/region_navacelle_1.jpg\",\"contentUrl\":\"https:\/\/www.lamaisondabel.fr\/wp-content\/uploads\/2019\/03\/region_navacelle_1.jpg\",\"width\":272,\"height\":180},{\"@type\":\"BreadcrumbList\",\"@id\":\"https:\/\/www.lamaisondabel.fr\/index.php\/le-cirque-de-navacelle\/#breadcrumb\",\"itemListElement\":[{\"@type\":\"ListItem\",\"position\":1,\"name\":\"Accueil\",\"item\":\"https:\/\/www.lamaisondabel.fr\/\"},{\"@type\":\"ListItem\",\"position\":2,\"name\":\"Le cirque de Navacelle\"}]},{\"@type\":\"WebSite\",\"@id\":\"https:\/\/www.lamaisondabel.fr\/#website\",\"url\":\"https:\/\/www.lamaisondabel.fr\/\",\"name\":\"La Maison d&#039;Abel\",\"description\":\"Lac du Salagou - Maison en location saisonni\u00e8re - Ouvert toute l&#039;ann\u00e9e.\",\"potentialAction\":[{\"@type\":\"SearchAction\",\"target\":{\"@type\":\"EntryPoint\",\"urlTemplate\":\"https:\/\/www.lamaisondabel.fr\/?s={search_term_string}\"},\"query-input\":\"required name=search_term_string\"}],\"inLanguage\":\"fr-FR\"}]}<\/script>\n<!-- \/ Yoast SEO plugin. -->","yoast_head_json":{"title":"Le cirque de Navacelle - La Maison d&#039;Abel","robots":{"index":"index","follow":"follow","max-snippet":"max-snippet:-1","max-image-preview":"max-image-preview:large","max-video-preview":"max-video-preview:-1"},"canonical":"https:\/\/www.lamaisondabel.fr\/index.php\/le-cirque-de-navacelle\/","og_locale":"fr_FR","og_type":"article","og_title":"Le cirque de Navacelle - La Maison d&#039;Abel","og_description":"Le cirque de Navacelles Belv\u00e9d\u00e8re de la Baume Auriol Site class\u00e9 de France A 40 minutes environ de votre maison de vacances &#8211; (trajet : 40 km) Point panoramique Point d&#8217;information touristique Boutiques et produits du terroir D\u00e9gustation de produits du terroir Restauration panoramique et brasserie Exposition permanente (entr\u00e9e libre) Espace audiovisuel&#8230; Belv\u00e9d\u00e8re de la [&hellip;]","og_url":"https:\/\/www.lamaisondabel.fr\/index.php\/le-cirque-de-navacelle\/","og_site_name":"La Maison d&#039;Abel","article_modified_time":"2019-03-06T14:35:45+00:00","og_image":[{"url":"http:\/\/www.lamaisondabel.fr\/wordpress_o\/wp-content\/uploads\/2019\/03\/region_navacelle_1.jpg"}],"twitter_card":"summary_large_image","twitter_misc":{"Dur\u00e9e de lecture estim\u00e9e":"1 minute"},"schema":{"@context":"https:\/\/schema.org","@graph":[{"@type":"WebPage","@id":"https:\/\/www.lamaisondabel.fr\/index.php\/le-cirque-de-navacelle\/","url":"https:\/\/www.lamaisondabel.fr\/index.php\/le-cirque-de-navacelle\/","name":"Le cirque de Navacelle - La Maison d&#039;Abel","isPartOf":{"@id":"https:\/\/www.lamaisondabel.fr\/#website"},"primaryImageOfPage":{"@id":"https:\/\/www.lamaisondabel.fr\/index.php\/le-cirque-de-navacelle\/#primaryimage"},"image":{"@id":"https:\/\/www.lamaisondabel.fr\/index.php\/le-cirque-de-navacelle\/#primaryimage"},"thumbnailUrl":"http:\/\/www.lamaisondabel.fr\/wordpress_o\/wp-content\/uploads\/2019\/03\/region_navacelle_1.jpg","datePublished":"2019-03-04T09:42:03+00:00","dateModified":"2019-03-06T14:35:45+00:00","breadcrumb":{"@id":"https:\/\/www.lamaisondabel.fr\/index.php\/le-cirque-de-navacelle\/#breadcrumb"},"inLanguage":"fr-FR","potentialAction":[{"@type":"ReadAction","target":["https:\/\/www.lamaisondabel.fr\/index.php\/le-cirque-de-navacelle\/"]}]},{"@type":"ImageObject","inLanguage":"fr-FR","@id":"https:\/\/www.lamaisondabel.fr\/index.php\/le-cirque-de-navacelle\/#primaryimage","url":"https:\/\/www.lamaisondabel.fr\/wp-content\/uploads\/2019\/03\/region_navacelle_1.jpg","contentUrl":"https:\/\/www.lamaisondabel.fr\/wp-content\/uploads\/2019\/03\/region_navacelle_1.jpg","width":272,"height":180},{"@type":"BreadcrumbList","@id":"https:\/\/www.lamaisondabel.fr\/index.php\/le-cirque-de-navacelle\/#breadcrumb","itemListElement":[{"@type":"ListItem","position":1,"name":"Accueil","item":"https:\/\/www.lamaisondabel.fr\/"},{"@type":"ListItem","position":2,"name":"Le cirque de Navacelle"}]},{"@type":"WebSite","@id":"https:\/\/www.lamaisondabel.fr\/#website","url":"https:\/\/www.lamaisondabel.fr\/","name":"La Maison d&#039;Abel","description":"Lac du Salagou - Maison en location saisonni\u00e8re - Ouvert toute l&#039;ann\u00e9e.","potentialAction":[{"@type":"SearchAction","target":{"@type":"EntryPoint","urlTemplate":"https:\/\/www.lamaisondabel.fr\/?s={search_term_string}"},"query-input":"required name=search_term_string"}],"inLanguage":"fr-FR"}]}},"_links":{"self":[{"href":"https:\/\/www.lamaisondabel.fr\/index.php\/wp-json\/wp\/v2\/pages\/167"}],"collection":[{"href":"https:\/\/www.lamaisondabel.fr\/index.php\/wp-json\/wp\/v2\/pages"}],"about":[{"href":"https:\/\/www.lamaisondabel.fr\/index.php\/wp-json\/wp\/v2\/types\/page"}],"author":[{"embeddable":true,"href":"https:\/\/www.lamaisondabel.fr\/index.php\/wp-json\/wp\/v2\/users\/1"}],"replies":[{"embeddable":true,"href":"https:\/\/www.lamaisondabel.fr\/index.php\/wp-json\/wp\/v2\/comments?post=167"}],"version-history":[{"count":7,"href":"https:\/\/www.lamaisondabel.fr\/index.php\/wp-json\/wp\/v2\/pages\/167\/revisions"}],"predecessor-version":[{"id":715,"href":"https:\/\/www.lamaisondabel.fr\/index.php\/wp-json\/wp\/v2\/pages\/167\/revisions\/715"}],"wp:attachment":[{"href":"https:\/\/www.lamaisondabel.fr\/index.php\/wp-json\/wp\/v2\/media?parent=167"}],"curies":[{"name":"wp","href":"https:\/\/api.w.org\/{rel}","templated":true}]}}