{"id":174,"date":"2019-03-04T09:43:31","date_gmt":"2019-03-04T09:43:31","guid":{"rendered":"http:\/\/www.lamaisondabel.fr\/wordpress_o\/?page_id=174"},"modified":"2019-03-04T09:43:40","modified_gmt":"2019-03-04T09:43:40","slug":"villes-et-villages","status":"publish","type":"page","link":"https:\/\/www.lamaisondabel.fr\/index.php\/villes-et-villages\/","title":{"rendered":"Villes et villages"},"content":{"rendered":"<p id=\"h.p_MKmga9bXR5mM\" class=\"zfr3Q\" style=\"text-align: center;\">Av\u00e8ne<\/p>\n<p id=\"h.p_Qa6GACPQR7MI\" class=\"zfr3Q\" style=\"text-align: center;\">Canet<\/p>\n<p id=\"h.p_keG_km2KR7MK\" class=\"zfr3Q\" style=\"text-align: center;\">Saint-Jean-de-Bu\u00e8ges<\/p>\n<p id=\"h.p_cCV-r43xR7ML\" class=\"zfr3Q\" style=\"text-align: center;\">P\u00e9zenes-les-Mines<\/p>\n<p id=\"h.p_Z8LSqsOAR7MN\" class=\"zfr3Q\" style=\"text-align: center;\">Vissec<\/p>\n<p id=\"h.p_EGG8O8GaR7MO\" class=\"zfr3Q\" style=\"text-align: center;\">Lagamas<\/p>\n<p id=\"h.p_a_zTH5s3R7MQ\" class=\"zfr3Q\" style=\"text-align: center;\">Lavalette<\/p>\n<p id=\"h.p_MDzLBzpYR7MR\" class=\"zfr3Q\" style=\"text-align: center;\">P\u00e9gairolles-de-Bu\u00e8ges<\/p>\n<p id=\"h.p_gqCasXmOR7MS\" class=\"zfr3Q\" style=\"text-align: center;\">Lieuran-Cabri\u00e8res<\/p>\n<p id=\"h.p__jxU7q9BR7MU\" class=\"zfr3Q\" style=\"text-align: center;\">Mour\u00e8ze<\/p>\n<p id=\"h.p_o3DP2qSHR7MV\" class=\"zfr3Q\" style=\"text-align: center;\">Roqueredonde<\/p>\n<p id=\"h.p_xUTuacYwR7MW\" class=\"zfr3Q\" style=\"text-align: center;\">Camplong<\/p>\n<p id=\"h.p_IRoGZMBBR7MX\" class=\"zfr3Q\" style=\"text-align: center;\">Popian<\/p>\n<p id=\"h.p_Ju95RQ0mR7MZ\" class=\"zfr3Q\" style=\"text-align: center;\">Pu\u00e9chabon<\/p>\n<p id=\"h.p_6M0RxFqpR7Mb\" class=\"zfr3Q\" style=\"text-align: center;\">M\u00e9rifons<\/p>\n<p id=\"h.p_AhLyfcqQR7Mc\" class=\"zfr3Q\" style=\"text-align: center;\">Paulhan<\/p>\n<p id=\"h.p_mQ9_CGTvR7Me\" class=\"zfr3Q\" style=\"text-align: center;\">Celles<\/p>\n<p id=\"h.p_3y9DGQiWR7Mf\" class=\"zfr3Q\" style=\"text-align: center;\">Lacoste<\/p>\n<p id=\"h.p_T1LEMGMpR7Mj\" class=\"zfr3Q\" style=\"text-align: center;\">Joncels<\/p>\n<p id=\"h.p_wz1QjnnSR7Mk\" class=\"zfr3Q\" style=\"text-align: center;\">Puilacher<\/p>\n<p id=\"h.p_MpI57ArVR7Ml\" class=\"zfr3Q\" style=\"text-align: center;\">Lauroux<\/p>\n<p id=\"h.p_H59CYBGMR7Mm\" class=\"zfr3Q\" style=\"text-align: center;\">Saint-Guilhemle-D\u00e9sert<\/p>\n<p id=\"h.p_Mqp1EqFXR7Mn\" class=\"zfr3Q\" style=\"text-align: center;\">Gignac<\/p>\n<p id=\"h.p_i_aqo454R7Mo\" class=\"zfr3Q\" style=\"text-align: center;\">&#8211; Saint-Michel<\/p>\n<p id=\"h.p_wT8bkANaR7Mp\" class=\"zfr3Q\" style=\"text-align: center;\">La Tour-sur-Orb<\/p>\n<p id=\"h.p_etystwQFR7Mq\" class=\"zfr3Q\" style=\"text-align: center;\">Le Caylar<\/p>\n<p id=\"h.p_RlSRz6wGR7Ms\" class=\"zfr3Q\" style=\"text-align: center;\">Arboras<\/p>\n<p id=\"h.p_ISOD-AsvR7Ms\" class=\"zfr3Q\" style=\"text-align: center;\">Le Clapier<\/p>\n<p id=\"h.p_jG-Gat4wR7Mt\" class=\"zfr3Q\" style=\"text-align: center;\">Nizas<\/p>\n<p id=\"h.p_knhfKqb1R7Mv\" class=\"zfr3Q\" style=\"text-align: center;\">Adissan<\/p>\n<p id=\"h.p_mw1rmbUcR7Mx\" class=\"zfr3Q\" style=\"text-align: center;\">Rogues<\/p>\n<p id=\"h.p_j1ROIjlwR7My\" class=\"zfr3Q\" style=\"text-align: center;\">Saint-Pons-de-Mauchiens<\/p>\n<p id=\"h.p_QksDf1jbR7Mz\" class=\"zfr3Q\" style=\"text-align: center;\">Saint-Pierre-de-la-Fage<\/p>\n<p id=\"h.p_wypgm5L5R7M0\" class=\"zfr3Q\" style=\"text-align: center;\">&#8211; Saint-Jean-de-Fos<\/p>\n<p id=\"h.p_B2IGGvQLR7M3\" class=\"zfr3Q\" style=\"text-align: center;\">Saint-Bauzille-de-la-Sylve<\/p>\n<p id=\"h.p_eWHm-hSdR7M4\" class=\"zfr3Q\" style=\"text-align: center;\">Font\u00e8s<\/p>\n<p id=\"h.p_MY7roneBR7M8\" class=\"zfr3Q\" style=\"text-align: center;\">Les Aires<\/p>\n<p id=\"h.p_1x5ELxQzR7M-\" class=\"zfr3Q\" style=\"text-align: center;\">Cabri\u00e8res<\/p>\n<p id=\"h.p_6jamfolDR7NA\" class=\"zfr3Q\" style=\"text-align: center;\">Saint-Andr\u00e9-de-Sangonis<\/p>\n<p id=\"h.p_V87_vMIkR7NB\" class=\"zfr3Q\" style=\"text-align: center;\">Roquessels<\/p>\n<p id=\"h.p_2IV0Hc4NR7NC\" class=\"zfr3Q\" style=\"text-align: center;\">Fos<\/p>\n<p id=\"h.p_YAvYdypVR7NE\" class=\"zfr3Q\" style=\"text-align: center;\">Lod\u00e8ve<\/p>\n<p id=\"h.p_6dJlBpTdR7NG\" class=\"zfr3Q\" style=\"text-align: center;\">Aspiran<\/p>\n<p id=\"h.p_vFqjBxBbR7NH\" class=\"zfr3Q\" style=\"text-align: center;\">Romigui\u00e8res<\/p>\n<p id=\"h.p_QD1UwAK0R7NI\" class=\"zfr3Q\" style=\"text-align: center;\">Pouzols<\/p>\n","protected":false},"excerpt":{"rendered":"<p>Av\u00e8ne Canet Saint-Jean-de-Bu\u00e8ges P\u00e9zenes-les-Mines Vissec Lagamas Lavalette P\u00e9gairolles-de-Bu\u00e8ges Lieuran-Cabri\u00e8res Mour\u00e8ze Roqueredonde Camplong Popian Pu\u00e9chabon M\u00e9rifons Paulhan Celles Lacoste Joncels Puilacher Lauroux Saint-Guilhemle-D\u00e9sert Gignac &#8211; Saint-Michel La Tour-sur-Orb Le Caylar Arboras Le Clapier Nizas Adissan Rogues Saint-Pons-de-Mauchiens Saint-Pierre-de-la-Fage &#8211; Saint-Jean-de-Fos Saint-Bauzille-de-la-Sylve Font\u00e8s Les Aires Cabri\u00e8res Saint-Andr\u00e9-de-Sangonis Roquessels Fos Lod\u00e8ve Aspiran Romigui\u00e8res Pouzols<\/p>\n","protected":false},"author":1,"featured_media":0,"parent":0,"menu_order":0,"comment_status":"closed","ping_status":"closed","template":"","meta":{"footnotes":""},"wppr_data":[],"yoast_head":"<!-- This site is optimized with the Yoast SEO plugin v22.8 - https:\/\/yoast.com\/wordpress\/plugins\/seo\/ -->\n<title>Villes et villages - La Maison d&#039;Abel<\/title>\n<meta name=\"robots\" content=\"index, follow, max-snippet:-1, max-image-preview:large, max-video-preview:-1\" \/>\n<link rel=\"canonical\" href=\"https:\/\/www.lamaisondabel.fr\/index.php\/villes-et-villages\/\" \/>\n<meta property=\"og:locale\" content=\"fr_FR\" \/>\n<meta property=\"og:type\" content=\"article\" \/>\n<meta property=\"og:title\" content=\"Villes et villages - La Maison d&#039;Abel\" \/>\n<meta property=\"og:description\" content=\"Av\u00e8ne Canet Saint-Jean-de-Bu\u00e8ges P\u00e9zenes-les-Mines Vissec Lagamas Lavalette P\u00e9gairolles-de-Bu\u00e8ges Lieuran-Cabri\u00e8res Mour\u00e8ze Roqueredonde Camplong Popian Pu\u00e9chabon M\u00e9rifons Paulhan Celles Lacoste Joncels Puilacher Lauroux Saint-Guilhemle-D\u00e9sert Gignac &#8211; Saint-Michel La Tour-sur-Orb Le Caylar Arboras Le Clapier Nizas Adissan Rogues Saint-Pons-de-Mauchiens Saint-Pierre-de-la-Fage &#8211; Saint-Jean-de-Fos Saint-Bauzille-de-la-Sylve Font\u00e8s Les Aires Cabri\u00e8res Saint-Andr\u00e9-de-Sangonis Roquessels Fos Lod\u00e8ve Aspiran Romigui\u00e8res Pouzols\" \/>\n<meta property=\"og:url\" content=\"https:\/\/www.lamaisondabel.fr\/index.php\/villes-et-villages\/\" \/>\n<meta property=\"og:site_name\" content=\"La Maison d&#039;Abel\" \/>\n<meta property=\"article:modified_time\" content=\"2019-03-04T09:43:40+00:00\" \/>\n<meta name=\"twitter:card\" content=\"summary_large_image\" \/>\n<script type=\"application\/ld+json\" class=\"yoast-schema-graph\">{\"@context\":\"https:\/\/schema.org\",\"@graph\":[{\"@type\":\"WebPage\",\"@id\":\"https:\/\/www.lamaisondabel.fr\/index.php\/villes-et-villages\/\",\"url\":\"https:\/\/www.lamaisondabel.fr\/index.php\/villes-et-villages\/\",\"name\":\"Villes et villages - La Maison d&#039;Abel\",\"isPartOf\":{\"@id\":\"https:\/\/www.lamaisondabel.fr\/#website\"},\"datePublished\":\"2019-03-04T09:43:31+00:00\",\"dateModified\":\"2019-03-04T09:43:40+00:00\",\"breadcrumb\":{\"@id\":\"https:\/\/www.lamaisondabel.fr\/index.php\/villes-et-villages\/#breadcrumb\"},\"inLanguage\":\"fr-FR\",\"potentialAction\":[{\"@type\":\"ReadAction\",\"target\":[\"https:\/\/www.lamaisondabel.fr\/index.php\/villes-et-villages\/\"]}]},{\"@type\":\"BreadcrumbList\",\"@id\":\"https:\/\/www.lamaisondabel.fr\/index.php\/villes-et-villages\/#breadcrumb\",\"itemListElement\":[{\"@type\":\"ListItem\",\"position\":1,\"name\":\"Accueil\",\"item\":\"https:\/\/www.lamaisondabel.fr\/\"},{\"@type\":\"ListItem\",\"position\":2,\"name\":\"Villes et villages\"}]},{\"@type\":\"WebSite\",\"@id\":\"https:\/\/www.lamaisondabel.fr\/#website\",\"url\":\"https:\/\/www.lamaisondabel.fr\/\",\"name\":\"La Maison d&#039;Abel\",\"description\":\"Lac du Salagou - Maison en location saisonni\u00e8re - Ouvert toute l&#039;ann\u00e9e.\",\"potentialAction\":[{\"@type\":\"SearchAction\",\"target\":{\"@type\":\"EntryPoint\",\"urlTemplate\":\"https:\/\/www.lamaisondabel.fr\/?s={search_term_string}\"},\"query-input\":\"required name=search_term_string\"}],\"inLanguage\":\"fr-FR\"}]}<\/script>\n<!-- \/ Yoast SEO plugin. -->","yoast_head_json":{"title":"Villes et villages - La Maison d&#039;Abel","robots":{"index":"index","follow":"follow","max-snippet":"max-snippet:-1","max-image-preview":"max-image-preview:large","max-video-preview":"max-video-preview:-1"},"canonical":"https:\/\/www.lamaisondabel.fr\/index.php\/villes-et-villages\/","og_locale":"fr_FR","og_type":"article","og_title":"Villes et villages - La Maison d&#039;Abel","og_description":"Av\u00e8ne Canet Saint-Jean-de-Bu\u00e8ges P\u00e9zenes-les-Mines Vissec Lagamas Lavalette P\u00e9gairolles-de-Bu\u00e8ges Lieuran-Cabri\u00e8res Mour\u00e8ze Roqueredonde Camplong Popian Pu\u00e9chabon M\u00e9rifons Paulhan Celles Lacoste Joncels Puilacher Lauroux Saint-Guilhemle-D\u00e9sert Gignac &#8211; Saint-Michel La Tour-sur-Orb Le Caylar Arboras Le Clapier Nizas Adissan Rogues Saint-Pons-de-Mauchiens Saint-Pierre-de-la-Fage &#8211; Saint-Jean-de-Fos Saint-Bauzille-de-la-Sylve Font\u00e8s Les Aires Cabri\u00e8res Saint-Andr\u00e9-de-Sangonis Roquessels Fos Lod\u00e8ve Aspiran Romigui\u00e8res Pouzols","og_url":"https:\/\/www.lamaisondabel.fr\/index.php\/villes-et-villages\/","og_site_name":"La Maison d&#039;Abel","article_modified_time":"2019-03-04T09:43:40+00:00","twitter_card":"summary_large_image","schema":{"@context":"https:\/\/schema.org","@graph":[{"@type":"WebPage","@id":"https:\/\/www.lamaisondabel.fr\/index.php\/villes-et-villages\/","url":"https:\/\/www.lamaisondabel.fr\/index.php\/villes-et-villages\/","name":"Villes et villages - La Maison d&#039;Abel","isPartOf":{"@id":"https:\/\/www.lamaisondabel.fr\/#website"},"datePublished":"2019-03-04T09:43:31+00:00","dateModified":"2019-03-04T09:43:40+00:00","breadcrumb":{"@id":"https:\/\/www.lamaisondabel.fr\/index.php\/villes-et-villages\/#breadcrumb"},"inLanguage":"fr-FR","potentialAction":[{"@type":"ReadAction","target":["https:\/\/www.lamaisondabel.fr\/index.php\/villes-et-villages\/"]}]},{"@type":"BreadcrumbList","@id":"https:\/\/www.lamaisondabel.fr\/index.php\/villes-et-villages\/#breadcrumb","itemListElement":[{"@type":"ListItem","position":1,"name":"Accueil","item":"https:\/\/www.lamaisondabel.fr\/"},{"@type":"ListItem","position":2,"name":"Villes et villages"}]},{"@type":"WebSite","@id":"https:\/\/www.lamaisondabel.fr\/#website","url":"https:\/\/www.lamaisondabel.fr\/","name":"La Maison d&#039;Abel","description":"Lac du Salagou - Maison en location saisonni\u00e8re - Ouvert toute l&#039;ann\u00e9e.","potentialAction":[{"@type":"SearchAction","target":{"@type":"EntryPoint","urlTemplate":"https:\/\/www.lamaisondabel.fr\/?s={search_term_string}"},"query-input":"required name=search_term_string"}],"inLanguage":"fr-FR"}]}},"_links":{"self":[{"href":"https:\/\/www.lamaisondabel.fr\/index.php\/wp-json\/wp\/v2\/pages\/174"}],"collection":[{"href":"https:\/\/www.lamaisondabel.fr\/index.php\/wp-json\/wp\/v2\/pages"}],"about":[{"href":"https:\/\/www.lamaisondabel.fr\/index.php\/wp-json\/wp\/v2\/types\/page"}],"author":[{"embeddable":true,"href":"https:\/\/www.lamaisondabel.fr\/index.php\/wp-json\/wp\/v2\/users\/1"}],"replies":[{"embeddable":true,"href":"https:\/\/www.lamaisondabel.fr\/index.php\/wp-json\/wp\/v2\/comments?post=174"}],"version-history":[{"count":1,"href":"https:\/\/www.lamaisondabel.fr\/index.php\/wp-json\/wp\/v2\/pages\/174\/revisions"}],"predecessor-version":[{"id":176,"href":"https:\/\/www.lamaisondabel.fr\/index.php\/wp-json\/wp\/v2\/pages\/174\/revisions\/176"}],"wp:attachment":[{"href":"https:\/\/www.lamaisondabel.fr\/index.php\/wp-json\/wp\/v2\/media?parent=174"}],"curies":[{"name":"wp","href":"https:\/\/api.w.org\/{rel}","templated":true}]}}