{"id":1860,"date":"2021-07-08T09:11:38","date_gmt":"2021-07-08T09:11:38","guid":{"rendered":"https:\/\/www.lamaisondabel.fr\/?page_id=1860"},"modified":"2023-11-21T16:44:44","modified_gmt":"2023-11-21T16:44:44","slug":"festivites-locales","status":"publish","type":"page","link":"https:\/\/www.lamaisondabel.fr\/index.php\/festivites-locales\/","title":{"rendered":"Le Bosc : Festivit\u00e9s locales"},"content":{"rendered":"<p>&nbsp;<\/p>\n<p style=\"text-align: center;\"><img loading=\"lazy\" decoding=\"async\" class=\"aligncenter size-full wp-image-1870\" src=\"https:\/\/www.lamaisondabel.fr\/wp-content\/uploads\/2021\/07\/94124118_110159257335856_5401905489166467072_n.jpg\" alt=\"\" width=\"206\" height=\"206\" srcset=\"https:\/\/www.lamaisondabel.fr\/wp-content\/uploads\/2021\/07\/94124118_110159257335856_5401905489166467072_n.jpg 206w, https:\/\/www.lamaisondabel.fr\/wp-content\/uploads\/2021\/07\/94124118_110159257335856_5401905489166467072_n-150x150.jpg 150w, https:\/\/www.lamaisondabel.fr\/wp-content\/uploads\/2021\/07\/94124118_110159257335856_5401905489166467072_n-50x50.jpg 50w\" sizes=\"(max-width: 206px) 100vw, 206px\" \/><\/p>\n<p style=\"text-align: center;\">Voir sur ce site la page consacr\u00e9e \u00e0\u00a0<\/p>\n<p style=\"text-align: center;\"><a href=\"https:\/\/www.lamaisondabel.fr\/index.php\/la-commubne-le-bosc-34\/\">Le Bosc<\/a><\/p>\n<p>&nbsp;<\/p>\n","protected":false},"excerpt":{"rendered":"<p>&nbsp; Voir sur ce site la page consacr\u00e9e \u00e0\u00a0 Le Bosc &nbsp;<\/p>\n","protected":false},"author":1,"featured_media":0,"parent":0,"menu_order":0,"comment_status":"closed","ping_status":"closed","template":"","meta":{"footnotes":""},"wppr_data":{"cwp_meta_box_check":"No"},"yoast_head":"<!-- This site is optimized with the Yoast SEO plugin v22.8 - https:\/\/yoast.com\/wordpress\/plugins\/seo\/ -->\n<title>Le Bosc : Festivit\u00e9s locales - La Maison d&#039;Abel<\/title>\n<meta name=\"robots\" content=\"index, follow, max-snippet:-1, max-image-preview:large, max-video-preview:-1\" \/>\n<link rel=\"canonical\" href=\"https:\/\/www.lamaisondabel.fr\/index.php\/festivites-locales\/\" \/>\n<meta property=\"og:locale\" content=\"fr_FR\" \/>\n<meta property=\"og:type\" content=\"article\" \/>\n<meta property=\"og:title\" content=\"Le Bosc : Festivit\u00e9s locales - La Maison d&#039;Abel\" \/>\n<meta property=\"og:description\" content=\"&nbsp; Voir sur ce site la page consacr\u00e9e \u00e0\u00a0 Le Bosc &nbsp;\" \/>\n<meta property=\"og:url\" content=\"https:\/\/www.lamaisondabel.fr\/index.php\/festivites-locales\/\" \/>\n<meta property=\"og:site_name\" content=\"La Maison d&#039;Abel\" \/>\n<meta property=\"article:modified_time\" content=\"2023-11-21T16:44:44+00:00\" \/>\n<meta property=\"og:image\" content=\"https:\/\/www.lamaisondabel.fr\/wp-content\/uploads\/2021\/07\/94124118_110159257335856_5401905489166467072_n.jpg\" \/>\n<meta name=\"twitter:card\" content=\"summary_large_image\" \/>\n<meta name=\"twitter:label1\" content=\"Dur\u00e9e de lecture estim\u00e9e\" \/>\n\t<meta name=\"twitter:data1\" content=\"1 minute\" \/>\n<script type=\"application\/ld+json\" class=\"yoast-schema-graph\">{\"@context\":\"https:\/\/schema.org\",\"@graph\":[{\"@type\":\"WebPage\",\"@id\":\"https:\/\/www.lamaisondabel.fr\/index.php\/festivites-locales\/\",\"url\":\"https:\/\/www.lamaisondabel.fr\/index.php\/festivites-locales\/\",\"name\":\"Le Bosc : Festivit\u00e9s locales - La Maison d&#039;Abel\",\"isPartOf\":{\"@id\":\"https:\/\/www.lamaisondabel.fr\/#website\"},\"primaryImageOfPage\":{\"@id\":\"https:\/\/www.lamaisondabel.fr\/index.php\/festivites-locales\/#primaryimage\"},\"image\":{\"@id\":\"https:\/\/www.lamaisondabel.fr\/index.php\/festivites-locales\/#primaryimage\"},\"thumbnailUrl\":\"https:\/\/www.lamaisondabel.fr\/wp-content\/uploads\/2021\/07\/94124118_110159257335856_5401905489166467072_n.jpg\",\"datePublished\":\"2021-07-08T09:11:38+00:00\",\"dateModified\":\"2023-11-21T16:44:44+00:00\",\"breadcrumb\":{\"@id\":\"https:\/\/www.lamaisondabel.fr\/index.php\/festivites-locales\/#breadcrumb\"},\"inLanguage\":\"fr-FR\",\"potentialAction\":[{\"@type\":\"ReadAction\",\"target\":[\"https:\/\/www.lamaisondabel.fr\/index.php\/festivites-locales\/\"]}]},{\"@type\":\"ImageObject\",\"inLanguage\":\"fr-FR\",\"@id\":\"https:\/\/www.lamaisondabel.fr\/index.php\/festivites-locales\/#primaryimage\",\"url\":\"https:\/\/www.lamaisondabel.fr\/wp-content\/uploads\/2021\/07\/94124118_110159257335856_5401905489166467072_n.jpg\",\"contentUrl\":\"https:\/\/www.lamaisondabel.fr\/wp-content\/uploads\/2021\/07\/94124118_110159257335856_5401905489166467072_n.jpg\",\"width\":206,\"height\":206},{\"@type\":\"BreadcrumbList\",\"@id\":\"https:\/\/www.lamaisondabel.fr\/index.php\/festivites-locales\/#breadcrumb\",\"itemListElement\":[{\"@type\":\"ListItem\",\"position\":1,\"name\":\"Accueil\",\"item\":\"https:\/\/www.lamaisondabel.fr\/\"},{\"@type\":\"ListItem\",\"position\":2,\"name\":\"Le Bosc : Festivit\u00e9s locales\"}]},{\"@type\":\"WebSite\",\"@id\":\"https:\/\/www.lamaisondabel.fr\/#website\",\"url\":\"https:\/\/www.lamaisondabel.fr\/\",\"name\":\"La Maison d&#039;Abel\",\"description\":\"Lac du Salagou - Maison en location saisonni\u00e8re - Ouvert toute l&#039;ann\u00e9e.\",\"potentialAction\":[{\"@type\":\"SearchAction\",\"target\":{\"@type\":\"EntryPoint\",\"urlTemplate\":\"https:\/\/www.lamaisondabel.fr\/?s={search_term_string}\"},\"query-input\":\"required name=search_term_string\"}],\"inLanguage\":\"fr-FR\"}]}<\/script>\n<!-- \/ Yoast SEO plugin. -->","yoast_head_json":{"title":"Le Bosc : Festivit\u00e9s locales - La Maison d&#039;Abel","robots":{"index":"index","follow":"follow","max-snippet":"max-snippet:-1","max-image-preview":"max-image-preview:large","max-video-preview":"max-video-preview:-1"},"canonical":"https:\/\/www.lamaisondabel.fr\/index.php\/festivites-locales\/","og_locale":"fr_FR","og_type":"article","og_title":"Le Bosc : Festivit\u00e9s locales - La Maison d&#039;Abel","og_description":"&nbsp; Voir sur ce site la page consacr\u00e9e \u00e0\u00a0 Le Bosc &nbsp;","og_url":"https:\/\/www.lamaisondabel.fr\/index.php\/festivites-locales\/","og_site_name":"La Maison d&#039;Abel","article_modified_time":"2023-11-21T16:44:44+00:00","og_image":[{"url":"https:\/\/www.lamaisondabel.fr\/wp-content\/uploads\/2021\/07\/94124118_110159257335856_5401905489166467072_n.jpg"}],"twitter_card":"summary_large_image","twitter_misc":{"Dur\u00e9e de lecture estim\u00e9e":"1 minute"},"schema":{"@context":"https:\/\/schema.org","@graph":[{"@type":"WebPage","@id":"https:\/\/www.lamaisondabel.fr\/index.php\/festivites-locales\/","url":"https:\/\/www.lamaisondabel.fr\/index.php\/festivites-locales\/","name":"Le Bosc : Festivit\u00e9s locales - La Maison d&#039;Abel","isPartOf":{"@id":"https:\/\/www.lamaisondabel.fr\/#website"},"primaryImageOfPage":{"@id":"https:\/\/www.lamaisondabel.fr\/index.php\/festivites-locales\/#primaryimage"},"image":{"@id":"https:\/\/www.lamaisondabel.fr\/index.php\/festivites-locales\/#primaryimage"},"thumbnailUrl":"https:\/\/www.lamaisondabel.fr\/wp-content\/uploads\/2021\/07\/94124118_110159257335856_5401905489166467072_n.jpg","datePublished":"2021-07-08T09:11:38+00:00","dateModified":"2023-11-21T16:44:44+00:00","breadcrumb":{"@id":"https:\/\/www.lamaisondabel.fr\/index.php\/festivites-locales\/#breadcrumb"},"inLanguage":"fr-FR","potentialAction":[{"@type":"ReadAction","target":["https:\/\/www.lamaisondabel.fr\/index.php\/festivites-locales\/"]}]},{"@type":"ImageObject","inLanguage":"fr-FR","@id":"https:\/\/www.lamaisondabel.fr\/index.php\/festivites-locales\/#primaryimage","url":"https:\/\/www.lamaisondabel.fr\/wp-content\/uploads\/2021\/07\/94124118_110159257335856_5401905489166467072_n.jpg","contentUrl":"https:\/\/www.lamaisondabel.fr\/wp-content\/uploads\/2021\/07\/94124118_110159257335856_5401905489166467072_n.jpg","width":206,"height":206},{"@type":"BreadcrumbList","@id":"https:\/\/www.lamaisondabel.fr\/index.php\/festivites-locales\/#breadcrumb","itemListElement":[{"@type":"ListItem","position":1,"name":"Accueil","item":"https:\/\/www.lamaisondabel.fr\/"},{"@type":"ListItem","position":2,"name":"Le Bosc : Festivit\u00e9s locales"}]},{"@type":"WebSite","@id":"https:\/\/www.lamaisondabel.fr\/#website","url":"https:\/\/www.lamaisondabel.fr\/","name":"La Maison d&#039;Abel","description":"Lac du Salagou - Maison en location saisonni\u00e8re - Ouvert toute l&#039;ann\u00e9e.","potentialAction":[{"@type":"SearchAction","target":{"@type":"EntryPoint","urlTemplate":"https:\/\/www.lamaisondabel.fr\/?s={search_term_string}"},"query-input":"required name=search_term_string"}],"inLanguage":"fr-FR"}]}},"_links":{"self":[{"href":"https:\/\/www.lamaisondabel.fr\/index.php\/wp-json\/wp\/v2\/pages\/1860"}],"collection":[{"href":"https:\/\/www.lamaisondabel.fr\/index.php\/wp-json\/wp\/v2\/pages"}],"about":[{"href":"https:\/\/www.lamaisondabel.fr\/index.php\/wp-json\/wp\/v2\/types\/page"}],"author":[{"embeddable":true,"href":"https:\/\/www.lamaisondabel.fr\/index.php\/wp-json\/wp\/v2\/users\/1"}],"replies":[{"embeddable":true,"href":"https:\/\/www.lamaisondabel.fr\/index.php\/wp-json\/wp\/v2\/comments?post=1860"}],"version-history":[{"count":7,"href":"https:\/\/www.lamaisondabel.fr\/index.php\/wp-json\/wp\/v2\/pages\/1860\/revisions"}],"predecessor-version":[{"id":2019,"href":"https:\/\/www.lamaisondabel.fr\/index.php\/wp-json\/wp\/v2\/pages\/1860\/revisions\/2019"}],"wp:attachment":[{"href":"https:\/\/www.lamaisondabel.fr\/index.php\/wp-json\/wp\/v2\/media?parent=1860"}],"curies":[{"name":"wp","href":"https:\/\/api.w.org\/{rel}","templated":true}]}}