{"id":1896,"date":"2021-11-10T09:09:25","date_gmt":"2021-11-10T09:09:25","guid":{"rendered":"https:\/\/www.lamaisondabel.fr\/?page_id=1896"},"modified":"2023-12-31T14:47:39","modified_gmt":"2023-12-31T14:47:39","slug":"climatisation","status":"publish","type":"page","link":"https:\/\/www.lamaisondabel.fr\/index.php\/climatisation\/","title":{"rendered":"La climatisation r\u00e9versible"},"content":{"rendered":"<p style=\"text-align: center;\">\u00a0<\/p>\n<p style=\"text-align: center;\">\u00a0<\/p>\n<p align=\"center\"><span style=\"font-family: Liberation Sans, sans-serif;\"><span style=\"font-size: xx-large;\"><b>Consignes<\/b><\/span><\/span><\/p>\n<p align=\"center\">Climatisation Mitsubishi<\/p>\n<p>&nbsp;<\/p>\n<p align=\"center\">\u00a0<\/p>\n<h1 class=\"western\">Informations<\/h1>\n<p>Pendant votre s\u00e9jour, en p\u00e9riode hivernale si vous souhaitez une temp\u00e9rature inf\u00e9rieure \u00e0 celle programm\u00e9e (19\u00b0) ou pas de chauffage dans un cr\u00e9neau horaire particulier, n&#8217;h\u00e9sitez pas \u00e0 le pr\u00e9ciser par tout moyen \u00e0 votre convenance.\u00a0<\/p>\n<p>Dans le cadre de l&#8217;\u00e9conomie d&#8217;\u00e9nergie les plages maximales de temp\u00e9rature sont pr\u00e9-r\u00e9gl\u00e9es. Une action sur le thermostat de chaque pi\u00e8ce restera sans effet. Merci de votre compr\u00e9hension.\u00a0\u00a0<\/p>\n<h1 class=\"western\">Les thermostats<\/h1>\n<p align=\"center\"><span style=\"color: #c9211e;\">NE PAS OUVRIR LES BO\u00ceTIERS THERMOSTATS<\/span><\/p>\n<p align=\"center\"><span style=\"color: #c9211e;\"> (Boitier environ 10&#215;10 &#8211; de couleur noire dans chaque pi\u00e8ce)<\/span><\/p>\n<p>La climatisation gainable de votre maison est r\u00e9gul\u00e9e par 5 thermostats. La chaleur est ainsi uniform\u00e9ment r\u00e9partie dans la toute la maison. Les thermostats dans chaque pi\u00e8ce ne servent qu&#8217;\u00e0 remonter l&#8217;information de la temp\u00e9rature locale.\u00a0<\/p>\n<ol>\n<li>\n<p>La cuisine<\/p>\n<\/li>\n<li>\n<p>Le s\u00e9jour<\/p>\n<\/li>\n<li>\n<p>La chambre sud<\/p>\n<\/li>\n<li>\n<p>La chambre nord<\/p>\n<\/li>\n<li>\n<p>Le bloc sanitaire<\/p>\n<\/li>\n<\/ol>\n<h1 class=\"western\">Chauffage de la salle de bain<\/h1>\n<ul>\n<li>Un chauffage soufflant ind\u00e9pendant est pr\u00e9sent dans la salle de bain.<\/li>\n<li>Une fois en route, en tirant sur la cordelette, il restera en marche pendant quinze minutes<\/li>\n<li>Arr\u00eat automatique.<\/li>\n<li>Ne pas tirer sur la cordelette pour l&#8217;arr\u00eater.\u00a0<\/li>\n<\/ul>\n<p>&nbsp;<\/p>\n<h1 class=\"western\">Temp\u00e9rature p\u00e9riode hivernale<\/h1>\n<ul>\n<li>\n<p>19 Degr\u00e9s<\/p>\n<\/li>\n<li>\n<p>Aucune hausse de temp\u00e9rature n\u2019est possible sans intervention sur le thermostat de commande g\u00e9n\u00e9rale situ\u00e9 dans les combles (param\u00e9trage des plages de temp\u00e9rature enregistr\u00e9es)<\/p>\n<\/li>\n<li>\n<p>Modifications en dessous, ou arr\u00eat,\u00a0 possible sur simple demande pendant votre s\u00e9jour.<\/p>\n<\/li>\n<\/ul>\n<p>&nbsp;<\/p>\n<h1 class=\"western\">Temp\u00e9rature p\u00e9riode estivale<\/h1>\n<ul>\n<li>\n<p>26 degr\u00e9s<\/p>\n<\/li>\n<\/ul>\n<h1 class=\"western\">Les bo\u00eetiers thermostats<\/h1>\n<ul>\n<li>\n<p>Les thermostats sont prot\u00e9g\u00e9s par des bo\u00eetiers.\u00a0<\/p>\n<\/li>\n<li>\n<p>Les bo\u00eetiers sont scell\u00e9s et plomb\u00e9s pour \u00e9viter les manipulations intempestives.<\/p>\n<\/li>\n<li>\n<p>Chaque bo\u00eetier contient\u00a0 le thermostat de la pi\u00e8ce et un autre module (protocole Zigbee) renvoyant la temp\u00e9rature et le taux d\u2019humidit\u00e9 de la pi\u00e8ce.<\/p>\n<\/li>\n<\/ul>\n<h1 class=\"western\">Ouverture des fen\u00eatres<\/h1>\n<ul>\n<li>\n<p>Une ouverture de fen\u00eatre sup\u00e9rieure \u00e0 trente minutes entra\u00eene la coupure automatique de la climatisation.<\/p>\n<\/li>\n<li><span style=\"color: #ff0000;\">Attention : les fen\u00eatres des chambres pouvant \u00eatre utilis\u00e9es en oscillo-battant, penser \u00e0 la refermer apr\u00e8s a\u00e9ration.<\/span><\/li>\n<\/ul>\n<h1 class=\"western\">Les cinq radiateurs mureaux<\/h1>\n<ul>\n<li>Ne sont pas en service lorsque la climatisation fonctionne.<\/li>\n<\/ul>\n<h1 class=\"western\">En cas de probl\u00e8me<\/h1>\n<ul>\n<li>\n<p>Contacter le propri\u00e9taire au 06.51.41.02.80<\/p>\n<\/li>\n<\/ul>\n<p>&nbsp;<\/p>\n<p><img loading=\"lazy\" decoding=\"async\" class=\"aligncenter size-full wp-image-1902\" src=\"https:\/\/www.lamaisondabel.fr\/wp-content\/uploads\/2021\/11\/infographie_temperatures_piece-scaled.jpg\" alt=\"\" width=\"2560\" height=\"2103\" srcset=\"https:\/\/www.lamaisondabel.fr\/wp-content\/uploads\/2021\/11\/infographie_temperatures_piece-scaled.jpg 2560w, https:\/\/www.lamaisondabel.fr\/wp-content\/uploads\/2021\/11\/infographie_temperatures_piece-300x246.jpg 300w, https:\/\/www.lamaisondabel.fr\/wp-content\/uploads\/2021\/11\/infographie_temperatures_piece-1024x841.jpg 1024w, https:\/\/www.lamaisondabel.fr\/wp-content\/uploads\/2021\/11\/infographie_temperatures_piece-768x631.jpg 768w, https:\/\/www.lamaisondabel.fr\/wp-content\/uploads\/2021\/11\/infographie_temperatures_piece-1536x1262.jpg 1536w, https:\/\/www.lamaisondabel.fr\/wp-content\/uploads\/2021\/11\/infographie_temperatures_piece-2048x1682.jpg 2048w, https:\/\/www.lamaisondabel.fr\/wp-content\/uploads\/2021\/11\/infographie_temperatures_piece-50x41.jpg 50w\" sizes=\"(max-width: 2560px) 100vw, 2560px\" \/><\/p>\n<p>&nbsp;<\/p>\n<p>&nbsp;<\/p>\n<p><img loading=\"lazy\" decoding=\"async\" class=\"aligncenter size-medium wp-image-1904\" src=\"https:\/\/www.lamaisondabel.fr\/wp-content\/uploads\/2021\/11\/post-1027-800x800-1-300x300.jpg\" alt=\"\" width=\"300\" height=\"300\" srcset=\"https:\/\/www.lamaisondabel.fr\/wp-content\/uploads\/2021\/11\/post-1027-800x800-1-300x300.jpg 300w, https:\/\/www.lamaisondabel.fr\/wp-content\/uploads\/2021\/11\/post-1027-800x800-1-150x150.jpg 150w, https:\/\/www.lamaisondabel.fr\/wp-content\/uploads\/2021\/11\/post-1027-800x800-1-768x768.jpg 768w, https:\/\/www.lamaisondabel.fr\/wp-content\/uploads\/2021\/11\/post-1027-800x800-1-50x50.jpg 50w, https:\/\/www.lamaisondabel.fr\/wp-content\/uploads\/2021\/11\/post-1027-800x800-1.jpg 800w\" sizes=\"(max-width: 300px) 100vw, 300px\" \/><\/p>\n<p style=\"text-align: center;\">Chauffage suppl\u00e9mentaire dans la salle de bain &#8211; fonctionnement 15 minutes, ensuite arr\u00eat automatique.<\/p>\n<p><img loading=\"lazy\" decoding=\"async\" class=\"aligncenter size-full wp-image-1893\" src=\"https:\/\/www.lamaisondabel.fr\/wp-content\/uploads\/2021\/11\/tempIdeale.jpg\" alt=\"\" width=\"921\" height=\"628\" srcset=\"https:\/\/www.lamaisondabel.fr\/wp-content\/uploads\/2021\/11\/tempIdeale.jpg 921w, https:\/\/www.lamaisondabel.fr\/wp-content\/uploads\/2021\/11\/tempIdeale-300x205.jpg 300w, https:\/\/www.lamaisondabel.fr\/wp-content\/uploads\/2021\/11\/tempIdeale-768x524.jpg 768w, https:\/\/www.lamaisondabel.fr\/wp-content\/uploads\/2021\/11\/tempIdeale-50x34.jpg 50w\" sizes=\"(max-width: 921px) 100vw, 921px\" \/><\/p>\n<p>&nbsp;<\/p>\n<p style=\"text-align: left;\">\u00a0<\/p>\n","protected":false},"excerpt":{"rendered":"<p>\u00a0 \u00a0 Consignes Climatisation Mitsubishi &nbsp; \u00a0 Informations Pendant votre s\u00e9jour, en p\u00e9riode hivernale si vous souhaitez une temp\u00e9rature inf\u00e9rieure \u00e0 celle programm\u00e9e (19\u00b0) ou pas de chauffage dans un cr\u00e9neau horaire particulier, n&#8217;h\u00e9sitez pas \u00e0 le pr\u00e9ciser par tout moyen \u00e0 votre convenance.\u00a0 Dans le cadre de l&#8217;\u00e9conomie d&#8217;\u00e9nergie les plages maximales de temp\u00e9rature [&hellip;]<\/p>\n","protected":false},"author":1,"featured_media":0,"parent":0,"menu_order":0,"comment_status":"closed","ping_status":"closed","template":"","meta":{"footnotes":""},"wppr_data":{"cwp_meta_box_check":"No"},"yoast_head":"<!-- This site is optimized with the Yoast SEO plugin v22.8 - https:\/\/yoast.com\/wordpress\/plugins\/seo\/ -->\n<title>La climatisation r\u00e9versible - La Maison d&#039;Abel<\/title>\n<meta name=\"robots\" content=\"index, follow, max-snippet:-1, max-image-preview:large, max-video-preview:-1\" \/>\n<link rel=\"canonical\" href=\"https:\/\/www.lamaisondabel.fr\/index.php\/climatisation\/\" \/>\n<meta property=\"og:locale\" content=\"fr_FR\" \/>\n<meta property=\"og:type\" content=\"article\" \/>\n<meta property=\"og:title\" content=\"La climatisation r\u00e9versible - La Maison d&#039;Abel\" \/>\n<meta property=\"og:description\" content=\"\u00a0 \u00a0 Consignes Climatisation Mitsubishi &nbsp; \u00a0 Informations Pendant votre s\u00e9jour, en p\u00e9riode hivernale si vous souhaitez une temp\u00e9rature inf\u00e9rieure \u00e0 celle programm\u00e9e (19\u00b0) ou pas de chauffage dans un cr\u00e9neau horaire particulier, n&#8217;h\u00e9sitez pas \u00e0 le pr\u00e9ciser par tout moyen \u00e0 votre convenance.\u00a0 Dans le cadre de l&#8217;\u00e9conomie d&#8217;\u00e9nergie les plages maximales de temp\u00e9rature [&hellip;]\" \/>\n<meta property=\"og:url\" content=\"https:\/\/www.lamaisondabel.fr\/index.php\/climatisation\/\" \/>\n<meta property=\"og:site_name\" content=\"La Maison d&#039;Abel\" \/>\n<meta property=\"article:modified_time\" content=\"2023-12-31T14:47:39+00:00\" \/>\n<meta property=\"og:image\" content=\"https:\/\/www.lamaisondabel.fr\/wp-content\/uploads\/2021\/11\/infographie_temperatures_piece-scaled.jpg\" \/>\n<meta name=\"twitter:card\" content=\"summary_large_image\" \/>\n<meta name=\"twitter:label1\" content=\"Dur\u00e9e de lecture estim\u00e9e\" \/>\n\t<meta name=\"twitter:data1\" content=\"3 minutes\" \/>\n<script type=\"application\/ld+json\" class=\"yoast-schema-graph\">{\"@context\":\"https:\/\/schema.org\",\"@graph\":[{\"@type\":\"WebPage\",\"@id\":\"https:\/\/www.lamaisondabel.fr\/index.php\/climatisation\/\",\"url\":\"https:\/\/www.lamaisondabel.fr\/index.php\/climatisation\/\",\"name\":\"La climatisation r\u00e9versible - La Maison d&#039;Abel\",\"isPartOf\":{\"@id\":\"https:\/\/www.lamaisondabel.fr\/#website\"},\"primaryImageOfPage\":{\"@id\":\"https:\/\/www.lamaisondabel.fr\/index.php\/climatisation\/#primaryimage\"},\"image\":{\"@id\":\"https:\/\/www.lamaisondabel.fr\/index.php\/climatisation\/#primaryimage\"},\"thumbnailUrl\":\"https:\/\/www.lamaisondabel.fr\/wp-content\/uploads\/2021\/11\/infographie_temperatures_piece-scaled.jpg\",\"datePublished\":\"2021-11-10T09:09:25+00:00\",\"dateModified\":\"2023-12-31T14:47:39+00:00\",\"breadcrumb\":{\"@id\":\"https:\/\/www.lamaisondabel.fr\/index.php\/climatisation\/#breadcrumb\"},\"inLanguage\":\"fr-FR\",\"potentialAction\":[{\"@type\":\"ReadAction\",\"target\":[\"https:\/\/www.lamaisondabel.fr\/index.php\/climatisation\/\"]}]},{\"@type\":\"ImageObject\",\"inLanguage\":\"fr-FR\",\"@id\":\"https:\/\/www.lamaisondabel.fr\/index.php\/climatisation\/#primaryimage\",\"url\":\"https:\/\/www.lamaisondabel.fr\/wp-content\/uploads\/2021\/11\/infographie_temperatures_piece-scaled.jpg\",\"contentUrl\":\"https:\/\/www.lamaisondabel.fr\/wp-content\/uploads\/2021\/11\/infographie_temperatures_piece-scaled.jpg\",\"width\":2560,\"height\":2103},{\"@type\":\"BreadcrumbList\",\"@id\":\"https:\/\/www.lamaisondabel.fr\/index.php\/climatisation\/#breadcrumb\",\"itemListElement\":[{\"@type\":\"ListItem\",\"position\":1,\"name\":\"Accueil\",\"item\":\"https:\/\/www.lamaisondabel.fr\/\"},{\"@type\":\"ListItem\",\"position\":2,\"name\":\"La climatisation r\u00e9versible\"}]},{\"@type\":\"WebSite\",\"@id\":\"https:\/\/www.lamaisondabel.fr\/#website\",\"url\":\"https:\/\/www.lamaisondabel.fr\/\",\"name\":\"La Maison d&#039;Abel\",\"description\":\"Lac du Salagou - Maison en location saisonni\u00e8re - Ouvert toute l&#039;ann\u00e9e.\",\"potentialAction\":[{\"@type\":\"SearchAction\",\"target\":{\"@type\":\"EntryPoint\",\"urlTemplate\":\"https:\/\/www.lamaisondabel.fr\/?s={search_term_string}\"},\"query-input\":\"required name=search_term_string\"}],\"inLanguage\":\"fr-FR\"}]}<\/script>\n<!-- \/ Yoast SEO plugin. -->","yoast_head_json":{"title":"La climatisation r\u00e9versible - La Maison d&#039;Abel","robots":{"index":"index","follow":"follow","max-snippet":"max-snippet:-1","max-image-preview":"max-image-preview:large","max-video-preview":"max-video-preview:-1"},"canonical":"https:\/\/www.lamaisondabel.fr\/index.php\/climatisation\/","og_locale":"fr_FR","og_type":"article","og_title":"La climatisation r\u00e9versible - La Maison d&#039;Abel","og_description":"\u00a0 \u00a0 Consignes Climatisation Mitsubishi &nbsp; \u00a0 Informations Pendant votre s\u00e9jour, en p\u00e9riode hivernale si vous souhaitez une temp\u00e9rature inf\u00e9rieure \u00e0 celle programm\u00e9e (19\u00b0) ou pas de chauffage dans un cr\u00e9neau horaire particulier, n&#8217;h\u00e9sitez pas \u00e0 le pr\u00e9ciser par tout moyen \u00e0 votre convenance.\u00a0 Dans le cadre de l&#8217;\u00e9conomie d&#8217;\u00e9nergie les plages maximales de temp\u00e9rature [&hellip;]","og_url":"https:\/\/www.lamaisondabel.fr\/index.php\/climatisation\/","og_site_name":"La Maison d&#039;Abel","article_modified_time":"2023-12-31T14:47:39+00:00","og_image":[{"url":"https:\/\/www.lamaisondabel.fr\/wp-content\/uploads\/2021\/11\/infographie_temperatures_piece-scaled.jpg"}],"twitter_card":"summary_large_image","twitter_misc":{"Dur\u00e9e de lecture estim\u00e9e":"3 minutes"},"schema":{"@context":"https:\/\/schema.org","@graph":[{"@type":"WebPage","@id":"https:\/\/www.lamaisondabel.fr\/index.php\/climatisation\/","url":"https:\/\/www.lamaisondabel.fr\/index.php\/climatisation\/","name":"La climatisation r\u00e9versible - La Maison d&#039;Abel","isPartOf":{"@id":"https:\/\/www.lamaisondabel.fr\/#website"},"primaryImageOfPage":{"@id":"https:\/\/www.lamaisondabel.fr\/index.php\/climatisation\/#primaryimage"},"image":{"@id":"https:\/\/www.lamaisondabel.fr\/index.php\/climatisation\/#primaryimage"},"thumbnailUrl":"https:\/\/www.lamaisondabel.fr\/wp-content\/uploads\/2021\/11\/infographie_temperatures_piece-scaled.jpg","datePublished":"2021-11-10T09:09:25+00:00","dateModified":"2023-12-31T14:47:39+00:00","breadcrumb":{"@id":"https:\/\/www.lamaisondabel.fr\/index.php\/climatisation\/#breadcrumb"},"inLanguage":"fr-FR","potentialAction":[{"@type":"ReadAction","target":["https:\/\/www.lamaisondabel.fr\/index.php\/climatisation\/"]}]},{"@type":"ImageObject","inLanguage":"fr-FR","@id":"https:\/\/www.lamaisondabel.fr\/index.php\/climatisation\/#primaryimage","url":"https:\/\/www.lamaisondabel.fr\/wp-content\/uploads\/2021\/11\/infographie_temperatures_piece-scaled.jpg","contentUrl":"https:\/\/www.lamaisondabel.fr\/wp-content\/uploads\/2021\/11\/infographie_temperatures_piece-scaled.jpg","width":2560,"height":2103},{"@type":"BreadcrumbList","@id":"https:\/\/www.lamaisondabel.fr\/index.php\/climatisation\/#breadcrumb","itemListElement":[{"@type":"ListItem","position":1,"name":"Accueil","item":"https:\/\/www.lamaisondabel.fr\/"},{"@type":"ListItem","position":2,"name":"La climatisation r\u00e9versible"}]},{"@type":"WebSite","@id":"https:\/\/www.lamaisondabel.fr\/#website","url":"https:\/\/www.lamaisondabel.fr\/","name":"La Maison d&#039;Abel","description":"Lac du Salagou - Maison en location saisonni\u00e8re - Ouvert toute l&#039;ann\u00e9e.","potentialAction":[{"@type":"SearchAction","target":{"@type":"EntryPoint","urlTemplate":"https:\/\/www.lamaisondabel.fr\/?s={search_term_string}"},"query-input":"required name=search_term_string"}],"inLanguage":"fr-FR"}]}},"_links":{"self":[{"href":"https:\/\/www.lamaisondabel.fr\/index.php\/wp-json\/wp\/v2\/pages\/1896"}],"collection":[{"href":"https:\/\/www.lamaisondabel.fr\/index.php\/wp-json\/wp\/v2\/pages"}],"about":[{"href":"https:\/\/www.lamaisondabel.fr\/index.php\/wp-json\/wp\/v2\/types\/page"}],"author":[{"embeddable":true,"href":"https:\/\/www.lamaisondabel.fr\/index.php\/wp-json\/wp\/v2\/users\/1"}],"replies":[{"embeddable":true,"href":"https:\/\/www.lamaisondabel.fr\/index.php\/wp-json\/wp\/v2\/comments?post=1896"}],"version-history":[{"count":15,"href":"https:\/\/www.lamaisondabel.fr\/index.php\/wp-json\/wp\/v2\/pages\/1896\/revisions"}],"predecessor-version":[{"id":2048,"href":"https:\/\/www.lamaisondabel.fr\/index.php\/wp-json\/wp\/v2\/pages\/1896\/revisions\/2048"}],"wp:attachment":[{"href":"https:\/\/www.lamaisondabel.fr\/index.php\/wp-json\/wp\/v2\/media?parent=1896"}],"curies":[{"name":"wp","href":"https:\/\/api.w.org\/{rel}","templated":true}]}}