{"id":190,"date":"2019-03-04T09:48:07","date_gmt":"2019-03-04T09:48:07","guid":{"rendered":"http:\/\/www.lamaisondabel.fr\/wordpress_o\/?page_id=190"},"modified":"2019-03-06T14:47:01","modified_gmt":"2019-03-06T14:47:01","slug":"le-viaduc-de-millau","status":"publish","type":"page","link":"https:\/\/www.lamaisondabel.fr\/index.php\/le-viaduc-de-millau\/","title":{"rendered":"Le viaduc de Millau"},"content":{"rendered":"<section id=\"h.p_Mc00R2I4Wbta\" class=\"yaqOZd lQAHbd\">\n<div class=\"mYVXT\">\n<div class=\"LS81yb VICjCf\" tabindex=\"-1\">\n<div class=\"hJDwNd-AhqUyc-uQSCkd purZT-AhqUyc-II5mzb pSzOP-AhqUyc-qWD73c JNdkSc\">\n<div class=\"oKdM2c\">\n<div id=\"h.p_6D77_FaHWbtd\" class=\"hJDwNd-AhqUyc-qWD73c jXK9ad D2fZ2 OjCsFc wHaque\">\n<div class=\"jXK9ad-SmKAyb jXK9ad-SmKAyb-c4YZDc\">\n<div class=\"tyJCtd baZpAe\"><\/div>\n<\/div>\n<\/div>\n<\/div>\n<\/div>\n<\/div>\n<\/div>\n<\/section>\n<section id=\"h.p__skkV8MxWokl\" class=\"yaqOZd lQAHbd\">\n<div class=\"mYVXT\">\n<div class=\"LS81yb VICjCf\" tabindex=\"-1\">\n<div class=\"hJDwNd-AhqUyc-uQSCkd purZT-AhqUyc-II5mzb pSzOP-AhqUyc-qWD73c JNdkSc\">\n<div class=\"oKdM2c\">\n<div id=\"h.p_vytSeleuWokq\" class=\"hJDwNd-AhqUyc-qWD73c jXK9ad D2fZ2 OjCsFc wHaque\">\n<div class=\"jXK9ad-SmKAyb jXK9ad-SmKAyb-c4YZDc\">\n<div class=\"tyJCtd baZpAe\">\n<div class=\"t3iYD\" style=\"text-align: center;\"><img loading=\"lazy\" decoding=\"async\" class=\"aligncenter size-full wp-image-535\" src=\"http:\/\/www.lamaisondabel.fr\/wordpress_o\/wp-content\/uploads\/2019\/03\/region_viaduc_1.jpg\" alt=\"\" width=\"275\" height=\"183\" srcset=\"https:\/\/www.lamaisondabel.fr\/wp-content\/uploads\/2019\/03\/region_viaduc_1.jpg 275w, https:\/\/www.lamaisondabel.fr\/wp-content\/uploads\/2019\/03\/region_viaduc_1-50x33.jpg 50w\" sizes=\"(max-width: 275px) 100vw, 275px\" \/> <img loading=\"lazy\" decoding=\"async\" class=\"aligncenter size-medium wp-image-536\" src=\"http:\/\/www.lamaisondabel.fr\/wordpress_o\/wp-content\/uploads\/2019\/03\/region_viaduc_2.jpg\" alt=\"\" width=\"290\" height=\"174\" srcset=\"https:\/\/www.lamaisondabel.fr\/wp-content\/uploads\/2019\/03\/region_viaduc_2.jpg 290w, https:\/\/www.lamaisondabel.fr\/wp-content\/uploads\/2019\/03\/region_viaduc_2-50x30.jpg 50w\" sizes=\"(max-width: 290px) 100vw, 290px\" \/><\/div>\n<\/div>\n<\/div>\n<\/div>\n<div class=\"hJDwNd-AhqUyc-ibL1re jXK9ad D2fZ2 OjCsFc wHaque L6cTce-purZT L6cTce-pSzOP\">\n<div class=\"jXK9ad-SmKAyb jXK9ad-SmKAyb-c4YZDc\">\n<div class=\"tyJCtd baZpAe\"><\/div>\n<\/div>\n<\/div>\n<\/div>\n<\/div>\n<\/div>\n<\/div>\n<\/section>\n<section id=\"h.p_jhTzg8-DyhwS\" class=\"yaqOZd WxWicb lQAHbd\">\n<div class=\"yaqOZd IFuOkc\"><\/div>\n<div class=\"mYVXT\">\n<div class=\"LS81yb VICjCf\" tabindex=\"-1\">\n<div class=\"hJDwNd-AhqUyc-uQSCkd purZT-AhqUyc-II5mzb pSzOP-AhqUyc-qWD73c JNdkSc\">\n<div class=\"oKdM2c\">\n<div id=\"h.p_HUFn2MeSyhwa\" class=\"hJDwNd-AhqUyc-uQSCkd jXK9ad D2fZ2 OjCsFc wHaque\">\n<div class=\"jXK9ad-SmKAyb jXK9ad-SmKAyb-c4YZDc\">\n<div class=\"tyJCtd baZpAe\">\n<div class=\"iwQgFb\" role=\"presentation\"><\/div>\n<\/div>\n<\/div>\n<\/div>\n<\/div>\n<\/div>\n<\/div>\n<\/div>\n<\/section>\n<section id=\"h.p_c1RvqmsuWEHj\" class=\"yaqOZd\">\n<div class=\"yaqOZd IFuOkc\"><\/div>\n<div class=\"mYVXT\">\n<div class=\"LS81yb VICjCf\" tabindex=\"-1\">\n<div class=\"hJDwNd-AhqUyc-uQSCkd purZT-AhqUyc-II5mzb pSzOP-AhqUyc-qWD73c JNdkSc\">\n<div class=\"oKdM2c\">\n<div id=\"h.p_AXcaaOa0WEHU\" class=\"hJDwNd-AhqUyc-uQSCkd jXK9ad D2fZ2 OjCsFc wHaque GNzUNc\">\n<div class=\"jXK9ad-SmKAyb jXK9ad-SmKAyb-c4YZDc\">\n<div class=\"tyJCtd mGzaTb baZpAe\">\n<p id=\"h.p_QHKNyuJMWEHg\" class=\"zfr3Q\" style=\"text-align: center;\">Le pont le plus haut du monde ! 20 m\u00e8tres de plus que la Tour Effel<\/p>\n<p id=\"h.p_QIkrk_0iWFoM\" class=\"zfr3Q\" style=\"text-align: center;\">Lors de votre s\u00e9jour profitez-en pour visiter le Viaduc et la ville de Millau (\u00e0 75 km)<\/p>\n<p id=\"h.p_jKimxD20WFoQ\" class=\"zfr3Q\" style=\"text-align: center;\">&#8211; Millau ville du cuir : ganteries, mus\u00e9e, site arch\u00e9ologique de la Graufesenque &#8211; Mais aussi les caves de Roquefort&#8230;<\/p>\n<p id=\"h.p_JA_sN6uNWFoR\" class=\"zfr3Q\" style=\"text-align: center;\">A Millau le march\u00e9 c&#8217;est le vendredi matin<\/p>\n<p id=\"h.p_B5fQJeI8WFoS\" class=\"zfr3Q\" style=\"text-align: center;\">Pour info Les chiffres clefs du Viaduc de Millau&#8230;.<\/p>\n<p id=\"h.p_NRGvcop9WFoX\" class=\"zfr3Q\" style=\"text-align: center;\">Longueur : 2 460 m<\/p>\n<p id=\"h.p_ZoOYUcULWFoY\" class=\"zfr3Q\" style=\"text-align: center;\">Largeur : 32 m<\/p>\n<p id=\"h.p_jp-OGt5wWFoh\" class=\"zfr3Q\" style=\"text-align: center;\">Hauteur maximale : 343 m, soit 20 m de plus que la Tour Eiffel<\/p>\n<p id=\"h.p_b-lG5iF1WFoi\" class=\"zfr3Q\" style=\"text-align: center;\">Pente : 3,015 %, en mont\u00e9e nord-sud dans le sens Clermont-Ferrand \u2013 B\u00e9ziers<\/p>\n<p id=\"h.p__xTwH2unWFoj\" class=\"zfr3Q\" style=\"text-align: center;\">Rayon de courbure : 20 km<\/p>\n<p id=\"h.p_iQmfbpL9WFol\" class=\"zfr3Q\" style=\"text-align: center;\">Hauteur de la plus haute pile (P2) : 245 m<\/p>\n<p id=\"h.p_Lt7fHl0WWFon\" class=\"zfr3Q\" style=\"text-align: center;\">Hauteur des pyl\u00f4nes : 87 m<\/p>\n<p id=\"h.p_UNOTi8YwWFop\" class=\"zfr3Q\" style=\"text-align: center;\">Nombre de piles : 7<\/p>\n<p id=\"h.p_KwEKrIJmWFoq\" class=\"zfr3Q\" style=\"text-align: center;\">Longueur: 342 m<\/p>\n<p id=\"h.p_uWjHACwIWFox\" class=\"zfr3Q\" style=\"text-align: center;\">Nombre de haubans : 154 (11 paires par pyl\u00f4ne dispos\u00e9es en une seule nappe monoaxiale)<\/p>\n<p id=\"h.p_-rBwfftfWFoy\" class=\"zfr3Q\" style=\"text-align: center;\">Tension des haubans : 900 t pour les plus longs<\/p>\n<p id=\"h.p_zbH9Sn00WFo0\" class=\"zfr3Q\" style=\"text-align: center;\">Poids du tablier d\u2019acier : 36 000 t, soit 4 fois la Tour Eiffel<\/p>\n<p id=\"h.p_xW5WJYwuWFo1\" class=\"zfr3Q\" style=\"text-align: center;\">Volume de b\u00e9ton : 85 000 m3, soit 206 000 t<\/p>\n<p id=\"h.p_NTcx3LfBWFo1\" class=\"zfr3Q\" style=\"text-align: center;\">Co\u00fbt de la construction : 400 M\u20ac<\/p>\n<p id=\"h.p_VRRGJSpXWFo3\" class=\"zfr3Q\" style=\"text-align: center;\">Dur\u00e9e de la concession : 78 ans \u2013 3 ans de construction et 75 ans d\u2019exploitation<\/p>\n<p id=\"h.p_HF9iTM5bWFo4\" class=\"zfr3Q\" style=\"text-align: center;\">Garantie de l\u2019ouvrage : 120 ans<\/p>\n<p id=\"h.p_yB8sso99WFo5\" class=\"zfr3Q\" style=\"text-align: center;\">Dur\u00e9e des travaux : 3 ans.<\/p>\n<p id=\"h.p_XKqJPLtsWFo7\" class=\"zfr3Q\" style=\"text-align: center;\">Inauguration officielle : mardi 14 d\u00e9cembre 2004<\/p>\n<p id=\"h.p_3_nMg-t-WFo9\" class=\"zfr3Q\" style=\"text-align: center;\">Ouverture aux automobilistes : Vendredi 17 d\u00e9cembre 2004<\/p>\n<\/div>\n<\/div>\n<div class=\"tyJCtd mGzaTb baZpAe\">\n<hr \/>\n<\/div>\n<section id=\"h.p_OGmiK-tZKBBm\" class=\"yaqOZd\">\n<p style=\"text-align: center;\"><em><strong>Une belle journ\u00e9e en perspective \u00e0 35 minutes de la maison d&#8217;Abel<\/strong><\/em><\/p>\n<h6 style=\"text-align: center;\">Cliquez sur le logo de Google Map pour voir l&#8217;itin\u00e9raire propos\u00e9<\/h6>\n<p style=\"text-align: center;\"><a href=\"https:\/\/goo.gl\/maps\/GG7stSgzQ8S2\" target=\"_blank\" rel=\"noopener noreferrer\"><img loading=\"lazy\" decoding=\"async\" class=\"wp-image-698 aligncenter\" src=\"http:\/\/www.lamaisondabel.fr\/wordpress_o\/wp-content\/uploads\/2019\/03\/google_map.png\" alt=\"\" width=\"134\" height=\"136\" srcset=\"https:\/\/www.lamaisondabel.fr\/wp-content\/uploads\/2019\/03\/google_map.png 223w, https:\/\/www.lamaisondabel.fr\/wp-content\/uploads\/2019\/03\/google_map-50x50.png 50w\" sizes=\"(max-width: 134px) 100vw, 134px\" \/><\/a><\/p>\n<\/section>\n<h6 style=\"text-align: center;\">Vous souhaitant une belle journ\u00e9e dans ce lieu ! Vendredi matin le march\u00e9 de Millau &#8211; Vall\u00e9e de la Dourbie<\/h6>\n<p style=\"text-align: center;\">Distance approximative : 54 km<\/p>\n<hr \/>\n<p>&nbsp;<\/p>\n<\/div>\n<\/div>\n<\/div>\n<\/div>\n<\/div>\n<\/section>\n","protected":false},"excerpt":{"rendered":"<p>Le pont le plus haut du monde ! 20 m\u00e8tres de plus que la Tour Effel Lors de votre s\u00e9jour profitez-en pour visiter le Viaduc et la ville de Millau (\u00e0 75 km) &#8211; Millau ville du cuir : ganteries, mus\u00e9e, site arch\u00e9ologique de la Graufesenque &#8211; Mais aussi les caves de Roquefort&#8230; A Millau [&hellip;]<\/p>\n","protected":false},"author":1,"featured_media":0,"parent":0,"menu_order":0,"comment_status":"closed","ping_status":"closed","template":"","meta":{"footnotes":""},"wppr_data":{"cwp_meta_box_check":"No"},"yoast_head":"<!-- This site is optimized with the Yoast SEO plugin v22.8 - https:\/\/yoast.com\/wordpress\/plugins\/seo\/ -->\n<title>Le viaduc de Millau - La Maison d&#039;Abel<\/title>\n<meta name=\"robots\" content=\"index, follow, max-snippet:-1, max-image-preview:large, max-video-preview:-1\" \/>\n<link rel=\"canonical\" href=\"https:\/\/www.lamaisondabel.fr\/index.php\/le-viaduc-de-millau\/\" \/>\n<meta property=\"og:locale\" content=\"fr_FR\" \/>\n<meta property=\"og:type\" content=\"article\" \/>\n<meta property=\"og:title\" content=\"Le viaduc de Millau - La Maison d&#039;Abel\" \/>\n<meta property=\"og:description\" content=\"Le pont le plus haut du monde ! 20 m\u00e8tres de plus que la Tour Effel Lors de votre s\u00e9jour profitez-en pour visiter le Viaduc et la ville de Millau (\u00e0 75 km) &#8211; Millau ville du cuir : ganteries, mus\u00e9e, site arch\u00e9ologique de la Graufesenque &#8211; Mais aussi les caves de Roquefort&#8230; A Millau [&hellip;]\" \/>\n<meta property=\"og:url\" content=\"https:\/\/www.lamaisondabel.fr\/index.php\/le-viaduc-de-millau\/\" \/>\n<meta property=\"og:site_name\" content=\"La Maison d&#039;Abel\" \/>\n<meta property=\"article:modified_time\" content=\"2019-03-06T14:47:01+00:00\" \/>\n<meta property=\"og:image\" content=\"http:\/\/www.lamaisondabel.fr\/wordpress_o\/wp-content\/uploads\/2019\/03\/region_viaduc_1.jpg\" \/>\n<meta name=\"twitter:card\" content=\"summary_large_image\" \/>\n<meta name=\"twitter:label1\" content=\"Dur\u00e9e de lecture estim\u00e9e\" \/>\n\t<meta name=\"twitter:data1\" content=\"1 minute\" \/>\n<script type=\"application\/ld+json\" class=\"yoast-schema-graph\">{\"@context\":\"https:\/\/schema.org\",\"@graph\":[{\"@type\":\"WebPage\",\"@id\":\"https:\/\/www.lamaisondabel.fr\/index.php\/le-viaduc-de-millau\/\",\"url\":\"https:\/\/www.lamaisondabel.fr\/index.php\/le-viaduc-de-millau\/\",\"name\":\"Le viaduc de Millau - La Maison d&#039;Abel\",\"isPartOf\":{\"@id\":\"https:\/\/www.lamaisondabel.fr\/#website\"},\"primaryImageOfPage\":{\"@id\":\"https:\/\/www.lamaisondabel.fr\/index.php\/le-viaduc-de-millau\/#primaryimage\"},\"image\":{\"@id\":\"https:\/\/www.lamaisondabel.fr\/index.php\/le-viaduc-de-millau\/#primaryimage\"},\"thumbnailUrl\":\"http:\/\/www.lamaisondabel.fr\/wordpress_o\/wp-content\/uploads\/2019\/03\/region_viaduc_1.jpg\",\"datePublished\":\"2019-03-04T09:48:07+00:00\",\"dateModified\":\"2019-03-06T14:47:01+00:00\",\"breadcrumb\":{\"@id\":\"https:\/\/www.lamaisondabel.fr\/index.php\/le-viaduc-de-millau\/#breadcrumb\"},\"inLanguage\":\"fr-FR\",\"potentialAction\":[{\"@type\":\"ReadAction\",\"target\":[\"https:\/\/www.lamaisondabel.fr\/index.php\/le-viaduc-de-millau\/\"]}]},{\"@type\":\"ImageObject\",\"inLanguage\":\"fr-FR\",\"@id\":\"https:\/\/www.lamaisondabel.fr\/index.php\/le-viaduc-de-millau\/#primaryimage\",\"url\":\"https:\/\/www.lamaisondabel.fr\/wp-content\/uploads\/2019\/03\/region_viaduc_1.jpg\",\"contentUrl\":\"https:\/\/www.lamaisondabel.fr\/wp-content\/uploads\/2019\/03\/region_viaduc_1.jpg\",\"width\":275,\"height\":183},{\"@type\":\"BreadcrumbList\",\"@id\":\"https:\/\/www.lamaisondabel.fr\/index.php\/le-viaduc-de-millau\/#breadcrumb\",\"itemListElement\":[{\"@type\":\"ListItem\",\"position\":1,\"name\":\"Accueil\",\"item\":\"https:\/\/www.lamaisondabel.fr\/\"},{\"@type\":\"ListItem\",\"position\":2,\"name\":\"Le viaduc de Millau\"}]},{\"@type\":\"WebSite\",\"@id\":\"https:\/\/www.lamaisondabel.fr\/#website\",\"url\":\"https:\/\/www.lamaisondabel.fr\/\",\"name\":\"La Maison d&#039;Abel\",\"description\":\"Lac du Salagou - Maison en location saisonni\u00e8re - Ouvert toute l&#039;ann\u00e9e.\",\"potentialAction\":[{\"@type\":\"SearchAction\",\"target\":{\"@type\":\"EntryPoint\",\"urlTemplate\":\"https:\/\/www.lamaisondabel.fr\/?s={search_term_string}\"},\"query-input\":\"required name=search_term_string\"}],\"inLanguage\":\"fr-FR\"}]}<\/script>\n<!-- \/ Yoast SEO plugin. -->","yoast_head_json":{"title":"Le viaduc de Millau - La Maison d&#039;Abel","robots":{"index":"index","follow":"follow","max-snippet":"max-snippet:-1","max-image-preview":"max-image-preview:large","max-video-preview":"max-video-preview:-1"},"canonical":"https:\/\/www.lamaisondabel.fr\/index.php\/le-viaduc-de-millau\/","og_locale":"fr_FR","og_type":"article","og_title":"Le viaduc de Millau - La Maison d&#039;Abel","og_description":"Le pont le plus haut du monde ! 20 m\u00e8tres de plus que la Tour Effel Lors de votre s\u00e9jour profitez-en pour visiter le Viaduc et la ville de Millau (\u00e0 75 km) &#8211; Millau ville du cuir : ganteries, mus\u00e9e, site arch\u00e9ologique de la Graufesenque &#8211; Mais aussi les caves de Roquefort&#8230; A Millau [&hellip;]","og_url":"https:\/\/www.lamaisondabel.fr\/index.php\/le-viaduc-de-millau\/","og_site_name":"La Maison d&#039;Abel","article_modified_time":"2019-03-06T14:47:01+00:00","og_image":[{"url":"http:\/\/www.lamaisondabel.fr\/wordpress_o\/wp-content\/uploads\/2019\/03\/region_viaduc_1.jpg"}],"twitter_card":"summary_large_image","twitter_misc":{"Dur\u00e9e de lecture estim\u00e9e":"1 minute"},"schema":{"@context":"https:\/\/schema.org","@graph":[{"@type":"WebPage","@id":"https:\/\/www.lamaisondabel.fr\/index.php\/le-viaduc-de-millau\/","url":"https:\/\/www.lamaisondabel.fr\/index.php\/le-viaduc-de-millau\/","name":"Le viaduc de Millau - La Maison d&#039;Abel","isPartOf":{"@id":"https:\/\/www.lamaisondabel.fr\/#website"},"primaryImageOfPage":{"@id":"https:\/\/www.lamaisondabel.fr\/index.php\/le-viaduc-de-millau\/#primaryimage"},"image":{"@id":"https:\/\/www.lamaisondabel.fr\/index.php\/le-viaduc-de-millau\/#primaryimage"},"thumbnailUrl":"http:\/\/www.lamaisondabel.fr\/wordpress_o\/wp-content\/uploads\/2019\/03\/region_viaduc_1.jpg","datePublished":"2019-03-04T09:48:07+00:00","dateModified":"2019-03-06T14:47:01+00:00","breadcrumb":{"@id":"https:\/\/www.lamaisondabel.fr\/index.php\/le-viaduc-de-millau\/#breadcrumb"},"inLanguage":"fr-FR","potentialAction":[{"@type":"ReadAction","target":["https:\/\/www.lamaisondabel.fr\/index.php\/le-viaduc-de-millau\/"]}]},{"@type":"ImageObject","inLanguage":"fr-FR","@id":"https:\/\/www.lamaisondabel.fr\/index.php\/le-viaduc-de-millau\/#primaryimage","url":"https:\/\/www.lamaisondabel.fr\/wp-content\/uploads\/2019\/03\/region_viaduc_1.jpg","contentUrl":"https:\/\/www.lamaisondabel.fr\/wp-content\/uploads\/2019\/03\/region_viaduc_1.jpg","width":275,"height":183},{"@type":"BreadcrumbList","@id":"https:\/\/www.lamaisondabel.fr\/index.php\/le-viaduc-de-millau\/#breadcrumb","itemListElement":[{"@type":"ListItem","position":1,"name":"Accueil","item":"https:\/\/www.lamaisondabel.fr\/"},{"@type":"ListItem","position":2,"name":"Le viaduc de Millau"}]},{"@type":"WebSite","@id":"https:\/\/www.lamaisondabel.fr\/#website","url":"https:\/\/www.lamaisondabel.fr\/","name":"La Maison d&#039;Abel","description":"Lac du Salagou - Maison en location saisonni\u00e8re - Ouvert toute l&#039;ann\u00e9e.","potentialAction":[{"@type":"SearchAction","target":{"@type":"EntryPoint","urlTemplate":"https:\/\/www.lamaisondabel.fr\/?s={search_term_string}"},"query-input":"required name=search_term_string"}],"inLanguage":"fr-FR"}]}},"_links":{"self":[{"href":"https:\/\/www.lamaisondabel.fr\/index.php\/wp-json\/wp\/v2\/pages\/190"}],"collection":[{"href":"https:\/\/www.lamaisondabel.fr\/index.php\/wp-json\/wp\/v2\/pages"}],"about":[{"href":"https:\/\/www.lamaisondabel.fr\/index.php\/wp-json\/wp\/v2\/types\/page"}],"author":[{"embeddable":true,"href":"https:\/\/www.lamaisondabel.fr\/index.php\/wp-json\/wp\/v2\/users\/1"}],"replies":[{"embeddable":true,"href":"https:\/\/www.lamaisondabel.fr\/index.php\/wp-json\/wp\/v2\/comments?post=190"}],"version-history":[{"count":6,"href":"https:\/\/www.lamaisondabel.fr\/index.php\/wp-json\/wp\/v2\/pages\/190\/revisions"}],"predecessor-version":[{"id":726,"href":"https:\/\/www.lamaisondabel.fr\/index.php\/wp-json\/wp\/v2\/pages\/190\/revisions\/726"}],"wp:attachment":[{"href":"https:\/\/www.lamaisondabel.fr\/index.php\/wp-json\/wp\/v2\/media?parent=190"}],"curies":[{"name":"wp","href":"https:\/\/api.w.org\/{rel}","templated":true}]}}