{"id":193,"date":"2019-03-04T09:49:31","date_gmt":"2019-03-04T09:49:31","guid":{"rendered":"http:\/\/www.lamaisondabel.fr\/wordpress_o\/?page_id=193"},"modified":"2023-12-31T14:24:57","modified_gmt":"2023-12-31T14:24:57","slug":"piscines-baignades","status":"publish","type":"page","link":"https:\/\/www.lamaisondabel.fr\/index.php\/a-visiter-dans-la-region\/piscines-baignades\/","title":{"rendered":"Piscines &#038; baignades"},"content":{"rendered":"<section id=\"h.p_ZO2rWYzrOiKR\" class=\"yaqOZd LB7kq tpmmCb gk8rDe\">\n<div class=\"tyJCtd baZpAe\" style=\"text-align: center;\"><img loading=\"lazy\" decoding=\"async\" class=\"aligncenter size-full wp-image-479\" src=\"http:\/\/www.lamaisondabel.fr\/wordpress_o\/wp-content\/uploads\/2019\/03\/picine_1.jpg\" alt=\"\" width=\"278\" height=\"180\" srcset=\"https:\/\/www.lamaisondabel.fr\/wp-content\/uploads\/2019\/03\/picine_1.jpg 278w, https:\/\/www.lamaisondabel.fr\/wp-content\/uploads\/2019\/03\/picine_1-50x32.jpg 50w\" sizes=\"(max-width: 278px) 100vw, 278px\" \/><\/div>\n<\/section>\n<section id=\"h.p_lqcO1UB7OvCO\" class=\"yaqOZd lQAHbd\">\n<div class=\"yaqOZd IFuOkc\">\u00a0<\/div>\n<div class=\"mYVXT\">\n<div class=\"LS81yb VICjCf\" tabindex=\"-1\">\n<div class=\"hJDwNd-AhqUyc-uQSCkd purZT-AhqUyc-II5mzb pSzOP-AhqUyc-qWD73c JNdkSc yYI8W \">\n<div class=\"oKdM2c\">\n<div id=\"h.p_rQlwOFF_5RwK\" class=\"hJDwNd-AhqUyc-uQSCkd jXK9ad D2fZ2 OjCsFc\">\n<div class=\"t3iYD\">\u00a0<\/div>\n<\/div>\n<\/div>\n<div class=\"oKdM2c\">\n<div id=\"h.p_jbcF8E6aOvB9\" class=\"hJDwNd-AhqUyc-uQSCkd jXK9ad D2fZ2 GNzUNc\">\n<div class=\"jXK9ad-SmKAyb jXK9ad-SmKAyb-c4YZDc\">\n<div class=\"tyJCtd mGzaTb baZpAe\">\n<p id=\"h.p_IVHO6WQ_Oy1P\" class=\"zfr3Q\" style=\"text-align: center;\">Baignades naturelles au <a class=\"dhtgD\" href=\"http:\/\/www.lamaisondabel.fr\/index.php\/le-lac-du-salagou\/\">Lac du Salagou<\/a> avec des eaux atteignant les 28\u00b0 en \u00e9t\u00e9,<\/p>\n<p id=\"h.p__oibFDccOy1i\" class=\"zfr3Q\" style=\"text-align: center;\">Sur les berges du lac vous aurez le choix entre les plages, les criques, les dunes, ou les rochers.<\/p>\n<p id=\"h.p_auaCvQowOy1i\" class=\"zfr3Q\" style=\"text-align: center;\">Am\u00e9nagement de 2 plages : une du c\u00f4t\u00e9 de Lod\u00e8ve l&#8217;autre du c\u00f4t\u00e9 de Clermont l&#8217;H\u00e9rault.<\/p>\n<p id=\"h.p_QXINEYdQOy1j\" class=\"zfr3Q\" style=\"text-align: center;\">Des promenades \u00e0 p\u00e9dalo sont possibles.<\/p>\n<\/div>\n<p>&nbsp;<\/p>\n<div class=\"tyJCtd mGzaTb baZpAe\">\n<p>&nbsp;<\/p>\n<p id=\"h.p_jT2MOd-D5-8h\" class=\"zfr3Q\" style=\"text-align: center;\">Au <a class=\"dhtgD\" href=\"http:\/\/www.lamaisondabel.fr\/index.php\/saint-guilhem-le-desert\/\">Pont du Diable<\/a> (A proximit\u00e9 de <a class=\"dhtgD\" href=\"http:\/\/www.lamaisondabel.fr\/index.php\/saint-guilhem-le-desert\/\">Saint Guillem le D\u00e9sert<\/a>) : Un des plus beaux sites de baignade du d\u00e9partement (A 15 km de la maison)<\/p>\n<\/div>\n<\/div>\n<\/div>\n<\/div>\n<\/div>\n<\/div>\n<\/div>\n<\/section>\n<div class=\"yaqOZd IFuOkc\">\u00a0<\/div>\n<div>\u00a0<\/div>\n<h3 style=\"text-align: center;\">Acc\u00e8s piscine du\u00a0 camping les Peupliers (Tarif visiteur)<\/h3>\n<p><img loading=\"lazy\" decoding=\"async\" class=\"aligncenter wp-image-480\" src=\"http:\/\/www.lamaisondabel.fr\/wordpress_o\/wp-content\/uploads\/2019\/03\/piscine_camping-300x101.jpg\" alt=\"\" width=\"866\" height=\"291\" srcset=\"https:\/\/www.lamaisondabel.fr\/wp-content\/uploads\/2019\/03\/piscine_camping-300x101.jpg 300w, https:\/\/www.lamaisondabel.fr\/wp-content\/uploads\/2019\/03\/piscine_camping-50x17.jpg 50w, https:\/\/www.lamaisondabel.fr\/wp-content\/uploads\/2019\/03\/piscine_camping.jpg 387w\" sizes=\"(max-width: 866px) 100vw, 866px\" \/><\/p>\n<div class=\"UtePc RCETm yxgWrb\" dir=\"ltr\" role=\"main\" aria-hidden=\"false\">\n<section id=\"h.p_ivq7CR4vEvOe\" class=\"yaqOZd\">\n<div class=\"mYVXT\">\n<div class=\"LS81yb VICjCf\" tabindex=\"-1\">\n<div class=\"hJDwNd-AhqUyc-uQSCkd purZT-AhqUyc-II5mzb pSzOP-AhqUyc-wNfPc JNdkSc\">\n<div class=\"oKdM2c\">\n<div class=\"hJDwNd-AhqUyc-II5mzb jXK9ad D2fZ2 OjCsFc wHaque L6cTce-purZT L6cTce-pSzOP\">\n<div class=\"jXK9ad-SmKAyb jXK9ad-SmKAyb-c4YZDc\">\n<div class=\"tyJCtd baZpAe\" style=\"text-align: center;\">\n<div class=\"Xpil1b\" style=\"text-align: center;\">\n<section id=\"h.p_OGmiK-tZKBBm\" class=\"yaqOZd\">\n<p style=\"text-align: center;\"><em><strong>Une bel apr\u00e8s midi en perspective \u00e0 3 minutes de la maison d&#8217;Abel<\/strong><\/em><\/p>\n<p style=\"text-align: center;\"><a href=\"https:\/\/goo.gl\/maps\/EC3J3EkqdRP2\" target=\"_blank\" rel=\"noopener noreferrer\"><img loading=\"lazy\" decoding=\"async\" class=\"wp-image-698 aligncenter\" src=\"http:\/\/www.lamaisondabel.fr\/wordpress_o\/wp-content\/uploads\/2019\/03\/google_map.png\" alt=\"\" width=\"31\" height=\"32\" srcset=\"https:\/\/www.lamaisondabel.fr\/wp-content\/uploads\/2019\/03\/google_map.png 223w, https:\/\/www.lamaisondabel.fr\/wp-content\/uploads\/2019\/03\/google_map-150x150.png 150w, https:\/\/www.lamaisondabel.fr\/wp-content\/uploads\/2019\/03\/google_map-50x50.png 50w\" sizes=\"(max-width: 31px) 100vw, 31px\" \/><\/a><\/p>\n<\/section>\n<p style=\"text-align: center;\">\u00a0<\/p>\n<\/div>\n<footer class=\"BCtCv yxgWrb\" data-create-site-url=\"https:\/\/sites.google.com\/new\/?usp=viewer_footer\" aria-hidden=\"false\">\n<div class=\"uByue\">\n<div class=\"yYF4Mc\">\n<div class=\"qmpcfe\"><a href=\"http:\/\/www.campinglespeupliers.net\">Camping &#8220;Les Peupliers&#8221;<\/a> : D\u00e8s que la piscine est en eau, sur pr\u00e9sentation, en accord avec le G\u00e9rant, vous pouvez acc\u00e9der \u00e0 la piscine du Camping &#8220;Les Peupliers&#8221; &#8211; Au tarif : simple visiteur &#8211;<\/div>\n<\/div>\n<\/div>\n<\/footer>\n<\/div>\n<\/div>\n<\/div>\n<\/div>\n<\/div>\n<\/div>\n<\/div>\n<\/section>\n<\/div>\n<section id=\"h.p_57hKAG6e2kz7\" class=\"yaqOZd lQAHbd\">\n<div class=\"mYVXT\">\n<div class=\"LS81yb VICjCf\" tabindex=\"-1\">\n<div class=\"hJDwNd-AhqUyc-uQSCkd purZT-AhqUyc-II5mzb pSzOP-AhqUyc-qWD73c JNdkSc yYI8W \">\n<div class=\"oKdM2c\">\n<div id=\"h.p_a1T5JAYK2nWa\" class=\"hJDwNd-AhqUyc-uQSCkd jXK9ad D2fZ2 wHaque GNzUNc\">\n<div class=\"jXK9ad-SmKAyb jXK9ad-SmKAyb-c4YZDc\">\n<div class=\"tyJCtd mGzaTb baZpAe\">\n<p id=\"h.p_dOT6-zxV2r8C\" class=\"zfr3Q\" style=\"text-align: center;\">En saison, \u00e0 partir de 18h00 vente de pizzas sur place ou \u00e0 emporter.<\/p>\n<\/div>\n<\/div>\n<\/div>\n<\/div>\n<\/div>\n<\/div>\n<\/div>\n<\/section>\n<div>\u00a0<\/div>\n<h1 style=\"text-align: center;\">La piscine de Lod\u00e8ve<\/h1>\n<section id=\"h.p_jC5rYKk95r1E\" class=\"yaqOZd lQAHbd\">\n<div class=\"mYVXT\">\n<div class=\"LS81yb VICjCf\" tabindex=\"-1\">\n<div class=\"hJDwNd-AhqUyc-ibL1re JNdkSc L6cTce-purZT L6cTce-pSzOP\"><img loading=\"lazy\" decoding=\"async\" class=\"aligncenter wp-image-481\" src=\"http:\/\/www.lamaisondabel.fr\/wordpress_o\/wp-content\/uploads\/2019\/03\/piscine_lodeve.jpg\" alt=\"\" width=\"457\" height=\"227\" srcset=\"https:\/\/www.lamaisondabel.fr\/wp-content\/uploads\/2019\/03\/piscine_lodeve.jpg 274w, https:\/\/www.lamaisondabel.fr\/wp-content\/uploads\/2019\/03\/piscine_lodeve-50x25.jpg 50w\" sizes=\"(max-width: 457px) 100vw, 457px\" \/><\/div>\n<div class=\"hJDwNd-AhqUyc-OiUrBf purZT-AhqUyc-II5mzb pSzOP-AhqUyc-qWD73c JNdkSc yYI8W \">\n<div class=\"oKdM2c\">\n<div id=\"h.p_MEO4aN8t5r1J\" class=\"hJDwNd-AhqUyc-OiUrBf jXK9ad D2fZ2 OjCsFc\">\n<div class=\"t3iYD\">\u00a0<\/div>\n<\/div>\n<\/div>\n<div class=\"oKdM2c\">\n<div id=\"h.p_IKdmGVlI5YQB\" class=\"hJDwNd-AhqUyc-OiUrBf jXK9ad D2fZ2 wHaque GNzUNc\">\n<div class=\"jXK9ad-SmKAyb jXK9ad-SmKAyb-c4YZDc\">\n<div class=\"tyJCtd mGzaTb baZpAe\">\n<p id=\"h.p_AF3RxeqR5YQG\" class=\"zfr3Q\" style=\"text-align: center;\">Vous trouverez \u00e9galement une piscine publique \u00e0 Lod\u00e8ve : 279 avenue Joseph Vallot &#8211; 34700 LODEVE T\u00e9l\u00e9phone : 04.67.88.86.43<\/p>\n<\/div>\n<\/div>\n<\/div>\n<\/div>\n<\/div>\n<\/div>\n<\/div>\n<\/section>\n<p>&nbsp;<\/p>\n<p>&nbsp;<\/p>\n","protected":false},"excerpt":{"rendered":"<p>\u00a0 \u00a0 Baignades naturelles au Lac du Salagou avec des eaux atteignant les 28\u00b0 en \u00e9t\u00e9, Sur les berges du lac vous aurez le choix entre les plages, les criques, les dunes, ou les rochers. Am\u00e9nagement de 2 plages : une du c\u00f4t\u00e9 de Lod\u00e8ve l&#8217;autre du c\u00f4t\u00e9 de Clermont l&#8217;H\u00e9rault. Des promenades \u00e0 p\u00e9dalo [&hellip;]<\/p>\n","protected":false},"author":1,"featured_media":0,"parent":97,"menu_order":0,"comment_status":"closed","ping_status":"closed","template":"","meta":{"footnotes":""},"wppr_data":{"cwp_meta_box_check":"No"},"yoast_head":"<!-- This site is optimized with the Yoast SEO plugin v22.8 - https:\/\/yoast.com\/wordpress\/plugins\/seo\/ -->\n<title>Piscines &amp; baignades - La Maison d&#039;Abel<\/title>\n<meta name=\"robots\" content=\"index, follow, max-snippet:-1, max-image-preview:large, max-video-preview:-1\" \/>\n<link rel=\"canonical\" href=\"https:\/\/www.lamaisondabel.fr\/index.php\/a-visiter-dans-la-region\/piscines-baignades\/\" \/>\n<meta property=\"og:locale\" content=\"fr_FR\" \/>\n<meta property=\"og:type\" content=\"article\" \/>\n<meta property=\"og:title\" content=\"Piscines &amp; baignades - La Maison d&#039;Abel\" \/>\n<meta property=\"og:description\" content=\"\u00a0 \u00a0 Baignades naturelles au Lac du Salagou avec des eaux atteignant les 28\u00b0 en \u00e9t\u00e9, Sur les berges du lac vous aurez le choix entre les plages, les criques, les dunes, ou les rochers. Am\u00e9nagement de 2 plages : une du c\u00f4t\u00e9 de Lod\u00e8ve l&#8217;autre du c\u00f4t\u00e9 de Clermont l&#8217;H\u00e9rault. Des promenades \u00e0 p\u00e9dalo [&hellip;]\" \/>\n<meta property=\"og:url\" content=\"https:\/\/www.lamaisondabel.fr\/index.php\/a-visiter-dans-la-region\/piscines-baignades\/\" \/>\n<meta property=\"og:site_name\" content=\"La Maison d&#039;Abel\" \/>\n<meta property=\"article:modified_time\" content=\"2023-12-31T14:24:57+00:00\" \/>\n<meta property=\"og:image\" content=\"http:\/\/www.lamaisondabel.fr\/wordpress_o\/wp-content\/uploads\/2019\/03\/picine_1.jpg\" \/>\n<meta name=\"twitter:card\" content=\"summary_large_image\" \/>\n<meta name=\"twitter:label1\" content=\"Dur\u00e9e de lecture estim\u00e9e\" \/>\n\t<meta name=\"twitter:data1\" content=\"2 minutes\" \/>\n<script type=\"application\/ld+json\" class=\"yoast-schema-graph\">{\"@context\":\"https:\/\/schema.org\",\"@graph\":[{\"@type\":\"WebPage\",\"@id\":\"https:\/\/www.lamaisondabel.fr\/index.php\/a-visiter-dans-la-region\/piscines-baignades\/\",\"url\":\"https:\/\/www.lamaisondabel.fr\/index.php\/a-visiter-dans-la-region\/piscines-baignades\/\",\"name\":\"Piscines & baignades - La Maison d&#039;Abel\",\"isPartOf\":{\"@id\":\"https:\/\/www.lamaisondabel.fr\/#website\"},\"primaryImageOfPage\":{\"@id\":\"https:\/\/www.lamaisondabel.fr\/index.php\/a-visiter-dans-la-region\/piscines-baignades\/#primaryimage\"},\"image\":{\"@id\":\"https:\/\/www.lamaisondabel.fr\/index.php\/a-visiter-dans-la-region\/piscines-baignades\/#primaryimage\"},\"thumbnailUrl\":\"http:\/\/www.lamaisondabel.fr\/wordpress_o\/wp-content\/uploads\/2019\/03\/picine_1.jpg\",\"datePublished\":\"2019-03-04T09:49:31+00:00\",\"dateModified\":\"2023-12-31T14:24:57+00:00\",\"breadcrumb\":{\"@id\":\"https:\/\/www.lamaisondabel.fr\/index.php\/a-visiter-dans-la-region\/piscines-baignades\/#breadcrumb\"},\"inLanguage\":\"fr-FR\",\"potentialAction\":[{\"@type\":\"ReadAction\",\"target\":[\"https:\/\/www.lamaisondabel.fr\/index.php\/a-visiter-dans-la-region\/piscines-baignades\/\"]}]},{\"@type\":\"ImageObject\",\"inLanguage\":\"fr-FR\",\"@id\":\"https:\/\/www.lamaisondabel.fr\/index.php\/a-visiter-dans-la-region\/piscines-baignades\/#primaryimage\",\"url\":\"https:\/\/www.lamaisondabel.fr\/wp-content\/uploads\/2019\/03\/picine_1.jpg\",\"contentUrl\":\"https:\/\/www.lamaisondabel.fr\/wp-content\/uploads\/2019\/03\/picine_1.jpg\",\"width\":278,\"height\":180},{\"@type\":\"BreadcrumbList\",\"@id\":\"https:\/\/www.lamaisondabel.fr\/index.php\/a-visiter-dans-la-region\/piscines-baignades\/#breadcrumb\",\"itemListElement\":[{\"@type\":\"ListItem\",\"position\":1,\"name\":\"Accueil\",\"item\":\"https:\/\/www.lamaisondabel.fr\/\"},{\"@type\":\"ListItem\",\"position\":2,\"name\":\"R\u00e9gion\",\"item\":\"https:\/\/www.lamaisondabel.fr\/index.php\/a-visiter-dans-la-region\/\"},{\"@type\":\"ListItem\",\"position\":3,\"name\":\"Piscines &#038; baignades\"}]},{\"@type\":\"WebSite\",\"@id\":\"https:\/\/www.lamaisondabel.fr\/#website\",\"url\":\"https:\/\/www.lamaisondabel.fr\/\",\"name\":\"La Maison d&#039;Abel\",\"description\":\"Lac du Salagou - Maison en location saisonni\u00e8re - Ouvert toute l&#039;ann\u00e9e.\",\"potentialAction\":[{\"@type\":\"SearchAction\",\"target\":{\"@type\":\"EntryPoint\",\"urlTemplate\":\"https:\/\/www.lamaisondabel.fr\/?s={search_term_string}\"},\"query-input\":\"required name=search_term_string\"}],\"inLanguage\":\"fr-FR\"}]}<\/script>\n<!-- \/ Yoast SEO plugin. -->","yoast_head_json":{"title":"Piscines & baignades - La Maison d&#039;Abel","robots":{"index":"index","follow":"follow","max-snippet":"max-snippet:-1","max-image-preview":"max-image-preview:large","max-video-preview":"max-video-preview:-1"},"canonical":"https:\/\/www.lamaisondabel.fr\/index.php\/a-visiter-dans-la-region\/piscines-baignades\/","og_locale":"fr_FR","og_type":"article","og_title":"Piscines & baignades - La Maison d&#039;Abel","og_description":"\u00a0 \u00a0 Baignades naturelles au Lac du Salagou avec des eaux atteignant les 28\u00b0 en \u00e9t\u00e9, Sur les berges du lac vous aurez le choix entre les plages, les criques, les dunes, ou les rochers. Am\u00e9nagement de 2 plages : une du c\u00f4t\u00e9 de Lod\u00e8ve l&#8217;autre du c\u00f4t\u00e9 de Clermont l&#8217;H\u00e9rault. Des promenades \u00e0 p\u00e9dalo [&hellip;]","og_url":"https:\/\/www.lamaisondabel.fr\/index.php\/a-visiter-dans-la-region\/piscines-baignades\/","og_site_name":"La Maison d&#039;Abel","article_modified_time":"2023-12-31T14:24:57+00:00","og_image":[{"url":"http:\/\/www.lamaisondabel.fr\/wordpress_o\/wp-content\/uploads\/2019\/03\/picine_1.jpg"}],"twitter_card":"summary_large_image","twitter_misc":{"Dur\u00e9e de lecture estim\u00e9e":"2 minutes"},"schema":{"@context":"https:\/\/schema.org","@graph":[{"@type":"WebPage","@id":"https:\/\/www.lamaisondabel.fr\/index.php\/a-visiter-dans-la-region\/piscines-baignades\/","url":"https:\/\/www.lamaisondabel.fr\/index.php\/a-visiter-dans-la-region\/piscines-baignades\/","name":"Piscines & baignades - La Maison d&#039;Abel","isPartOf":{"@id":"https:\/\/www.lamaisondabel.fr\/#website"},"primaryImageOfPage":{"@id":"https:\/\/www.lamaisondabel.fr\/index.php\/a-visiter-dans-la-region\/piscines-baignades\/#primaryimage"},"image":{"@id":"https:\/\/www.lamaisondabel.fr\/index.php\/a-visiter-dans-la-region\/piscines-baignades\/#primaryimage"},"thumbnailUrl":"http:\/\/www.lamaisondabel.fr\/wordpress_o\/wp-content\/uploads\/2019\/03\/picine_1.jpg","datePublished":"2019-03-04T09:49:31+00:00","dateModified":"2023-12-31T14:24:57+00:00","breadcrumb":{"@id":"https:\/\/www.lamaisondabel.fr\/index.php\/a-visiter-dans-la-region\/piscines-baignades\/#breadcrumb"},"inLanguage":"fr-FR","potentialAction":[{"@type":"ReadAction","target":["https:\/\/www.lamaisondabel.fr\/index.php\/a-visiter-dans-la-region\/piscines-baignades\/"]}]},{"@type":"ImageObject","inLanguage":"fr-FR","@id":"https:\/\/www.lamaisondabel.fr\/index.php\/a-visiter-dans-la-region\/piscines-baignades\/#primaryimage","url":"https:\/\/www.lamaisondabel.fr\/wp-content\/uploads\/2019\/03\/picine_1.jpg","contentUrl":"https:\/\/www.lamaisondabel.fr\/wp-content\/uploads\/2019\/03\/picine_1.jpg","width":278,"height":180},{"@type":"BreadcrumbList","@id":"https:\/\/www.lamaisondabel.fr\/index.php\/a-visiter-dans-la-region\/piscines-baignades\/#breadcrumb","itemListElement":[{"@type":"ListItem","position":1,"name":"Accueil","item":"https:\/\/www.lamaisondabel.fr\/"},{"@type":"ListItem","position":2,"name":"R\u00e9gion","item":"https:\/\/www.lamaisondabel.fr\/index.php\/a-visiter-dans-la-region\/"},{"@type":"ListItem","position":3,"name":"Piscines &#038; baignades"}]},{"@type":"WebSite","@id":"https:\/\/www.lamaisondabel.fr\/#website","url":"https:\/\/www.lamaisondabel.fr\/","name":"La Maison d&#039;Abel","description":"Lac du Salagou - Maison en location saisonni\u00e8re - Ouvert toute l&#039;ann\u00e9e.","potentialAction":[{"@type":"SearchAction","target":{"@type":"EntryPoint","urlTemplate":"https:\/\/www.lamaisondabel.fr\/?s={search_term_string}"},"query-input":"required name=search_term_string"}],"inLanguage":"fr-FR"}]}},"_links":{"self":[{"href":"https:\/\/www.lamaisondabel.fr\/index.php\/wp-json\/wp\/v2\/pages\/193"}],"collection":[{"href":"https:\/\/www.lamaisondabel.fr\/index.php\/wp-json\/wp\/v2\/pages"}],"about":[{"href":"https:\/\/www.lamaisondabel.fr\/index.php\/wp-json\/wp\/v2\/types\/page"}],"author":[{"embeddable":true,"href":"https:\/\/www.lamaisondabel.fr\/index.php\/wp-json\/wp\/v2\/users\/1"}],"replies":[{"embeddable":true,"href":"https:\/\/www.lamaisondabel.fr\/index.php\/wp-json\/wp\/v2\/comments?post=193"}],"version-history":[{"count":11,"href":"https:\/\/www.lamaisondabel.fr\/index.php\/wp-json\/wp\/v2\/pages\/193\/revisions"}],"predecessor-version":[{"id":2041,"href":"https:\/\/www.lamaisondabel.fr\/index.php\/wp-json\/wp\/v2\/pages\/193\/revisions\/2041"}],"up":[{"embeddable":true,"href":"https:\/\/www.lamaisondabel.fr\/index.php\/wp-json\/wp\/v2\/pages\/97"}],"wp:attachment":[{"href":"https:\/\/www.lamaisondabel.fr\/index.php\/wp-json\/wp\/v2\/media?parent=193"}],"curies":[{"name":"wp","href":"https:\/\/api.w.org\/{rel}","templated":true}]}}