{"id":212,"date":"2019-03-04T09:54:51","date_gmt":"2019-03-04T09:54:51","guid":{"rendered":"http:\/\/www.lamaisondabel.fr\/wordpress_o\/?page_id=212"},"modified":"2023-12-31T14:07:52","modified_gmt":"2023-12-31T14:07:52","slug":"la-taxe-de-sejour","status":"publish","type":"page","link":"https:\/\/www.lamaisondabel.fr\/index.php\/la-taxe-de-sejour\/","title":{"rendered":"La taxe de s\u00e9jour"},"content":{"rendered":"<p style=\"text-align: center;\">\u00a0<\/p>\n<div class=\"title_display mt1\">\n<p>&nbsp;<\/p>\n<\/div>\n<p id=\"h.p_wBo5HPTK9HEn\" class=\"zfr3Q\" style=\"text-align: center;\">La taxe de s\u00e9jour, conform\u00e9ment \u00e0 la l\u00e9gislation en vigueur, doit \u00eatre factur\u00e9e \u00e0 part !<\/p>\n<p id=\"h.p_Pb8gTdDH2MmZ\" class=\"zfr3Q\" style=\"text-align: center;\">Cette taxe est per\u00e7ue pour chaque jour de l&#8217;ann\u00e9e.<\/p>\n<p>&nbsp;<\/p>\n<p id=\"h.p_3_i8m5HPT_qt\" class=\"zfr3Q\" style=\"text-align: center;\"><strong> Taxe applicable par nuit et par adulte<\/strong><\/p>\n<p id=\"h.p_e5P-3R1E2Mmg\" class=\"zfr3Q\" style=\"text-align: center;\"><strong>Plus d&#8217;infos<\/strong><\/p>\n<p id=\"h.p__2QvumQSSqXE\" class=\"zfr3Q\" style=\"text-align: center;\">La communaut\u00e9 de communes Lod\u00e9vois &amp; Larzac<\/p>\n<p id=\"h.p_L4UC5pPfSrcw\" class=\"zfr3Q\" style=\"text-align: center;\">9 Place Alsace Lorraine &#8211; 34700 LODEVE<\/p>\n<p id=\"h.p_T_AxrS55Ss1A\" class=\"zfr3Q\" style=\"text-align: center;\">T\u00e9l.: 04-67-88-90-90<\/p>\n","protected":false},"excerpt":{"rendered":"<p>\u00a0 &nbsp; La taxe de s\u00e9jour, conform\u00e9ment \u00e0 la l\u00e9gislation en vigueur, doit \u00eatre factur\u00e9e \u00e0 part ! Cette taxe est per\u00e7ue pour chaque jour de l&#8217;ann\u00e9e. &nbsp; Taxe applicable par nuit et par adulte Plus d&#8217;infos La communaut\u00e9 de communes Lod\u00e9vois &amp; Larzac 9 Place Alsace Lorraine &#8211; 34700 LODEVE T\u00e9l.: 04-67-88-90-90<\/p>\n","protected":false},"author":1,"featured_media":0,"parent":0,"menu_order":0,"comment_status":"closed","ping_status":"closed","template":"","meta":{"footnotes":""},"wppr_data":{"cwp_meta_box_check":"No"},"yoast_head":"<!-- This site is optimized with the Yoast SEO plugin v22.8 - https:\/\/yoast.com\/wordpress\/plugins\/seo\/ -->\n<title>La taxe de s\u00e9jour - La Maison d&#039;Abel<\/title>\n<meta name=\"robots\" content=\"index, follow, max-snippet:-1, max-image-preview:large, max-video-preview:-1\" \/>\n<link rel=\"canonical\" href=\"https:\/\/www.lamaisondabel.fr\/index.php\/la-taxe-de-sejour\/\" \/>\n<meta property=\"og:locale\" content=\"fr_FR\" \/>\n<meta property=\"og:type\" content=\"article\" \/>\n<meta property=\"og:title\" content=\"La taxe de s\u00e9jour - La Maison d&#039;Abel\" \/>\n<meta property=\"og:description\" content=\"\u00a0 &nbsp; La taxe de s\u00e9jour, conform\u00e9ment \u00e0 la l\u00e9gislation en vigueur, doit \u00eatre factur\u00e9e \u00e0 part ! Cette taxe est per\u00e7ue pour chaque jour de l&#8217;ann\u00e9e. &nbsp; Taxe applicable par nuit et par adulte Plus d&#8217;infos La communaut\u00e9 de communes Lod\u00e9vois &amp; Larzac 9 Place Alsace Lorraine &#8211; 34700 LODEVE T\u00e9l.: 04-67-88-90-90\" \/>\n<meta property=\"og:url\" content=\"https:\/\/www.lamaisondabel.fr\/index.php\/la-taxe-de-sejour\/\" \/>\n<meta property=\"og:site_name\" content=\"La Maison d&#039;Abel\" \/>\n<meta property=\"article:modified_time\" content=\"2023-12-31T14:07:52+00:00\" \/>\n<meta name=\"twitter:card\" content=\"summary_large_image\" \/>\n<meta name=\"twitter:label1\" content=\"Dur\u00e9e de lecture estim\u00e9e\" \/>\n\t<meta name=\"twitter:data1\" content=\"1 minute\" \/>\n<script type=\"application\/ld+json\" class=\"yoast-schema-graph\">{\"@context\":\"https:\/\/schema.org\",\"@graph\":[{\"@type\":\"WebPage\",\"@id\":\"https:\/\/www.lamaisondabel.fr\/index.php\/la-taxe-de-sejour\/\",\"url\":\"https:\/\/www.lamaisondabel.fr\/index.php\/la-taxe-de-sejour\/\",\"name\":\"La taxe de s\u00e9jour - La Maison d&#039;Abel\",\"isPartOf\":{\"@id\":\"https:\/\/www.lamaisondabel.fr\/#website\"},\"datePublished\":\"2019-03-04T09:54:51+00:00\",\"dateModified\":\"2023-12-31T14:07:52+00:00\",\"breadcrumb\":{\"@id\":\"https:\/\/www.lamaisondabel.fr\/index.php\/la-taxe-de-sejour\/#breadcrumb\"},\"inLanguage\":\"fr-FR\",\"potentialAction\":[{\"@type\":\"ReadAction\",\"target\":[\"https:\/\/www.lamaisondabel.fr\/index.php\/la-taxe-de-sejour\/\"]}]},{\"@type\":\"BreadcrumbList\",\"@id\":\"https:\/\/www.lamaisondabel.fr\/index.php\/la-taxe-de-sejour\/#breadcrumb\",\"itemListElement\":[{\"@type\":\"ListItem\",\"position\":1,\"name\":\"Accueil\",\"item\":\"https:\/\/www.lamaisondabel.fr\/\"},{\"@type\":\"ListItem\",\"position\":2,\"name\":\"La taxe de s\u00e9jour\"}]},{\"@type\":\"WebSite\",\"@id\":\"https:\/\/www.lamaisondabel.fr\/#website\",\"url\":\"https:\/\/www.lamaisondabel.fr\/\",\"name\":\"La Maison d&#039;Abel\",\"description\":\"Lac du Salagou - Maison en location saisonni\u00e8re - Ouvert toute l&#039;ann\u00e9e.\",\"potentialAction\":[{\"@type\":\"SearchAction\",\"target\":{\"@type\":\"EntryPoint\",\"urlTemplate\":\"https:\/\/www.lamaisondabel.fr\/?s={search_term_string}\"},\"query-input\":\"required name=search_term_string\"}],\"inLanguage\":\"fr-FR\"}]}<\/script>\n<!-- \/ Yoast SEO plugin. -->","yoast_head_json":{"title":"La taxe de s\u00e9jour - La Maison d&#039;Abel","robots":{"index":"index","follow":"follow","max-snippet":"max-snippet:-1","max-image-preview":"max-image-preview:large","max-video-preview":"max-video-preview:-1"},"canonical":"https:\/\/www.lamaisondabel.fr\/index.php\/la-taxe-de-sejour\/","og_locale":"fr_FR","og_type":"article","og_title":"La taxe de s\u00e9jour - La Maison d&#039;Abel","og_description":"\u00a0 &nbsp; La taxe de s\u00e9jour, conform\u00e9ment \u00e0 la l\u00e9gislation en vigueur, doit \u00eatre factur\u00e9e \u00e0 part ! Cette taxe est per\u00e7ue pour chaque jour de l&#8217;ann\u00e9e. &nbsp; Taxe applicable par nuit et par adulte Plus d&#8217;infos La communaut\u00e9 de communes Lod\u00e9vois &amp; Larzac 9 Place Alsace Lorraine &#8211; 34700 LODEVE T\u00e9l.: 04-67-88-90-90","og_url":"https:\/\/www.lamaisondabel.fr\/index.php\/la-taxe-de-sejour\/","og_site_name":"La Maison d&#039;Abel","article_modified_time":"2023-12-31T14:07:52+00:00","twitter_card":"summary_large_image","twitter_misc":{"Dur\u00e9e de lecture estim\u00e9e":"1 minute"},"schema":{"@context":"https:\/\/schema.org","@graph":[{"@type":"WebPage","@id":"https:\/\/www.lamaisondabel.fr\/index.php\/la-taxe-de-sejour\/","url":"https:\/\/www.lamaisondabel.fr\/index.php\/la-taxe-de-sejour\/","name":"La taxe de s\u00e9jour - La Maison d&#039;Abel","isPartOf":{"@id":"https:\/\/www.lamaisondabel.fr\/#website"},"datePublished":"2019-03-04T09:54:51+00:00","dateModified":"2023-12-31T14:07:52+00:00","breadcrumb":{"@id":"https:\/\/www.lamaisondabel.fr\/index.php\/la-taxe-de-sejour\/#breadcrumb"},"inLanguage":"fr-FR","potentialAction":[{"@type":"ReadAction","target":["https:\/\/www.lamaisondabel.fr\/index.php\/la-taxe-de-sejour\/"]}]},{"@type":"BreadcrumbList","@id":"https:\/\/www.lamaisondabel.fr\/index.php\/la-taxe-de-sejour\/#breadcrumb","itemListElement":[{"@type":"ListItem","position":1,"name":"Accueil","item":"https:\/\/www.lamaisondabel.fr\/"},{"@type":"ListItem","position":2,"name":"La taxe de s\u00e9jour"}]},{"@type":"WebSite","@id":"https:\/\/www.lamaisondabel.fr\/#website","url":"https:\/\/www.lamaisondabel.fr\/","name":"La Maison d&#039;Abel","description":"Lac du Salagou - Maison en location saisonni\u00e8re - Ouvert toute l&#039;ann\u00e9e.","potentialAction":[{"@type":"SearchAction","target":{"@type":"EntryPoint","urlTemplate":"https:\/\/www.lamaisondabel.fr\/?s={search_term_string}"},"query-input":"required name=search_term_string"}],"inLanguage":"fr-FR"}]}},"_links":{"self":[{"href":"https:\/\/www.lamaisondabel.fr\/index.php\/wp-json\/wp\/v2\/pages\/212"}],"collection":[{"href":"https:\/\/www.lamaisondabel.fr\/index.php\/wp-json\/wp\/v2\/pages"}],"about":[{"href":"https:\/\/www.lamaisondabel.fr\/index.php\/wp-json\/wp\/v2\/types\/page"}],"author":[{"embeddable":true,"href":"https:\/\/www.lamaisondabel.fr\/index.php\/wp-json\/wp\/v2\/users\/1"}],"replies":[{"embeddable":true,"href":"https:\/\/www.lamaisondabel.fr\/index.php\/wp-json\/wp\/v2\/comments?post=212"}],"version-history":[{"count":19,"href":"https:\/\/www.lamaisondabel.fr\/index.php\/wp-json\/wp\/v2\/pages\/212\/revisions"}],"predecessor-version":[{"id":2026,"href":"https:\/\/www.lamaisondabel.fr\/index.php\/wp-json\/wp\/v2\/pages\/212\/revisions\/2026"}],"wp:attachment":[{"href":"https:\/\/www.lamaisondabel.fr\/index.php\/wp-json\/wp\/v2\/media?parent=212"}],"curies":[{"name":"wp","href":"https:\/\/api.w.org\/{rel}","templated":true}]}}