{"id":215,"date":"2019-03-04T09:55:10","date_gmt":"2019-03-04T09:55:10","guid":{"rendered":"http:\/\/www.lamaisondabel.fr\/wordpress_o\/?page_id=215"},"modified":"2020-06-01T07:50:35","modified_gmt":"2020-06-01T07:50:35","slug":"la-caution","status":"publish","type":"page","link":"https:\/\/www.lamaisondabel.fr\/index.php\/la-caution\/","title":{"rendered":"La caution"},"content":{"rendered":"<div class=\"UtePc RCETm yxgWrb\" dir=\"ltr\" role=\"main\" aria-hidden=\"false\">\n<section id=\"h.p_tRSUP0G58WgK\" class=\"yaqOZd\">\n<div class=\"mYVXT\">\n<div class=\"LS81yb VICjCf\" tabindex=\"-1\">\n<div class=\"hJDwNd-AhqUyc-uQSCkd purZT-AhqUyc-II5mzb pSzOP-AhqUyc-qWD73c JNdkSc\">\n<div class=\"oKdM2c\">\n<div id=\"h.p_x6sJYpAy8WgD\" class=\"hJDwNd-AhqUyc-uQSCkd jXK9ad D2fZ2 OjCsFc wHaque GNzUNc\">\n<div class=\"jXK9ad-SmKAyb jXK9ad-SmKAyb-c4YZDc\">\n<div class=\"tyJCtd mGzaTb baZpAe\">\n<h3><span style=\"color: #ff0000;\">Co\u00fbt : 0 \u20ac<\/span><\/h3>\n<ul class=\"n8H08c UVNKR\">\n<li id=\"h.p_p5iVKJTe8WgH\" class=\"zfr3Q TYR86d\">D\u00e9p\u00f4t obligatoire d&#8217;une caution quelle que soit la dur\u00e9e du s\u00e9jour.<\/li>\n<li id=\"h.p_4Wiss6vMUTkl\" class=\"zfr3Q TYR86d\">Montant de la caution : 500 \u20ac<\/li>\n<li id=\"h.p_dhZlL0uxUV00\" class=\"zfr3Q TYR86d\">Le jour d&#8217;arriv\u00e9e, \u00e0 la remise des clefs.<\/li>\n<li id=\"h.p_GZVmMwWNUZfc\" class=\"zfr3Q TYR86d\">Par ch\u00e8que\u00a0 (non encaiss\u00e9), en esp\u00e8ces, par virement.<\/li>\n<li id=\"h.p_2CFXRZkKUb5k\" class=\"zfr3Q TYR86d\">Un re\u00e7u est remis au locataire pour le versement de la caution (ch\u00e8que ou esp\u00e8ces).<\/li>\n<\/ul>\n<\/div>\n<p style=\"text-align: center;\"><img loading=\"lazy\" decoding=\"async\" class=\"aligncenter wp-image-872\" src=\"http:\/\/www.lamaisondabel.fr\/wp-content\/uploads\/2019\/03\/caution-300x225.jpg\" alt=\"\" width=\"143\" height=\"107\" srcset=\"https:\/\/www.lamaisondabel.fr\/wp-content\/uploads\/2019\/03\/caution-300x225.jpg 300w, https:\/\/www.lamaisondabel.fr\/wp-content\/uploads\/2019\/03\/caution-50x38.jpg 50w, https:\/\/www.lamaisondabel.fr\/wp-content\/uploads\/2019\/03\/caution.jpg 325w\" sizes=\"(max-width: 143px) 100vw, 143px\" \/><\/p>\n<\/div>\n<\/div>\n<h1>Optionnel : Caution en ligne empreinte carte bleue :<\/h1>\n<h3><span style=\"color: #ff0000;\">Co\u00fbt : 5 \u20ac<\/span><\/h3>\n<\/div>\n<\/div>\n<\/div>\n<\/div>\n<\/section>\n<\/div>\n<p>Afin prendre en compte de nombreuses\u00a0 demandes, j\u2019utilise le service Swikly qui vous permet de d\u00e9poser en ligne votre caution simplement par une empreinte CB sans payer \u00e0 l\u2019avance. Ceci n&#8217;est pas un paiement : <strong>Vous ne serez pas d\u00e9bit\u00e9 du montant demand\u00e9 mais vous autorisez ce d\u00e9bit en cas de probl\u00e8me<\/strong>. Dans ce cas, Swikly sera notre m\u00e9diateur et v\u00e9rifiera les conditions de paiement de la caution.<\/p>\n<p>&nbsp;<\/p>\n<p>Si vous choisissez\u00a0 cette option m&#8217;en tenir inform\u00e9 le plus t\u00f4t possible afin d&#8217;effectuer la mise en place. Ensuite il vous suffira de cliquer sur le lien du mail de Swikly,\u00a0 et de suivre les quelques \u00e9tapes demand\u00e9es. Vous recevez \u00e9galement un SMS de cet organisme.<\/p>\n<p>La caution est valable pour\u00a0 la p\u00e9riode comprise du jour d&#8217;arriv\u00e9e au jour de d\u00e9part. Vous pouvez donc envisager de planifier cette d\u00e9marche avant votre arriv\u00e9e. Tout est ainsi pr\u00eat pour la remise des clefs et simplifie les formalit\u00e9s.<\/p>\n<div class=\"UtePc RCETm yxgWrb\" dir=\"ltr\" role=\"main\" aria-hidden=\"false\">\n<section id=\"h.p_tRSUP0G58WgK\" class=\"yaqOZd\">\n<div class=\"mYVXT\">\n<div class=\"LS81yb VICjCf\" tabindex=\"-1\">\n<div class=\"hJDwNd-AhqUyc-uQSCkd purZT-AhqUyc-II5mzb pSzOP-AhqUyc-qWD73c JNdkSc\"><center><\/p>\n<div class=\"oKdM2c\"><iframe loading=\"lazy\" src=\"https:\/\/www.youtube.com\/embed\/H1NnkHHq_0A\" width=\"640\" height=\"360\" frameborder=\"0\" allowfullscreen=\"allowfullscreen\"><\/iframe><\/div>\n<p><\/center><\/p>\n<ul>\n<li>Plus d&#8217;infos en consultant le site : <a href=\"https:\/\/www.swikly.com\/\" target=\"_blank\" rel=\"noopener noreferrer\">https:\/\/www.swikly.com\/<\/a> et particuli\u00e8rement l&#8217;onglet\u00a0 FAQ &#8220;<em>Je re\u00e7ois une demande se Swik<\/em>&#8220;<\/li>\n<li>Il n&#8217;est pas utile de vous inscrire\u00a0 sur ce site.<\/li>\n<li>La limite sup\u00e9rieure de votre carte bancaire n&#8217;est pas affect\u00e9e par une demande de swik!<\/li>\n<li>Le site est traduit en Fran\u00e7ais, Anglais, Espagnol, Italien.-<\/li>\n<li>Les mails que vous recevez de SWIKLY sont soit en Fran\u00e7ais &#8211; Anglais &#8211; N\u00e9erlandais &#8211;\u00a0 Allemand &#8211; Espagnol\u00a0 (\u00e0 pr\u00e9ciser)<\/li>\n<li><a href=\"http:\/\/www.lamaisondabel.fr\/wp-content\/uploads\/2019\/03\/notice_swikly.pdf\">Consulter la fiche client fournie par Swikly\u00a0 en fran\u00e7ais et en anglais (Doc. PDF)<\/a><\/li>\n<li><span style=\"color: #000000;\">Pour cette prestation,\u00a0 effectu\u00e9e \u00e0 votre demande expresse, il vous en co\u00fbtera 6\u20ac, \u00e0 r\u00e9gler le jour d&#8217;arriv\u00e9e. Il s&#8217;agit des frais per\u00e7us par cet organisme.<\/span><\/li>\n<\/ul>\n<p>&nbsp;<\/p>\n<p style=\"text-align: center;\"><a href=\"https:\/\/www.swikly.com\/\"><img loading=\"lazy\" decoding=\"async\" class=\"aligncenter size-full wp-image-881\" src=\"http:\/\/www.lamaisondabel.fr\/wp-content\/uploads\/2019\/03\/swikly.png\" alt=\"\" width=\"101\" height=\"101\" srcset=\"https:\/\/www.lamaisondabel.fr\/wp-content\/uploads\/2019\/03\/swikly.png 101w, https:\/\/www.lamaisondabel.fr\/wp-content\/uploads\/2019\/03\/swikly-50x50.png 50w\" sizes=\"(max-width: 101px) 100vw, 101px\" \/><\/a><\/p>\n<\/div>\n<\/div>\n<\/div>\n<\/section>\n<\/div>\n<p>&nbsp;<\/p>\n<p>&nbsp;<\/p>\n<p>&nbsp;<\/p>\n","protected":false},"excerpt":{"rendered":"<p>Co\u00fbt : 0 \u20ac D\u00e9p\u00f4t obligatoire d&#8217;une caution quelle que soit la dur\u00e9e du s\u00e9jour. Montant de la caution : 500 \u20ac Le jour d&#8217;arriv\u00e9e, \u00e0 la remise des clefs. Par ch\u00e8que\u00a0 (non encaiss\u00e9), en esp\u00e8ces, par virement. Un re\u00e7u est remis au locataire pour le versement de la caution (ch\u00e8que ou esp\u00e8ces). Optionnel : [&hellip;]<\/p>\n","protected":false},"author":1,"featured_media":0,"parent":0,"menu_order":0,"comment_status":"closed","ping_status":"closed","template":"","meta":{"footnotes":""},"wppr_data":{"cwp_meta_box_check":"No"},"yoast_head":"<!-- This site is optimized with the Yoast SEO plugin v22.8 - https:\/\/yoast.com\/wordpress\/plugins\/seo\/ -->\n<title>La caution - La Maison d&#039;Abel<\/title>\n<meta name=\"robots\" content=\"index, follow, max-snippet:-1, max-image-preview:large, max-video-preview:-1\" \/>\n<link rel=\"canonical\" href=\"https:\/\/www.lamaisondabel.fr\/index.php\/la-caution\/\" \/>\n<meta property=\"og:locale\" content=\"fr_FR\" \/>\n<meta property=\"og:type\" content=\"article\" \/>\n<meta property=\"og:title\" content=\"La caution - La Maison d&#039;Abel\" \/>\n<meta property=\"og:description\" content=\"Co\u00fbt : 0 \u20ac D\u00e9p\u00f4t obligatoire d&#8217;une caution quelle que soit la dur\u00e9e du s\u00e9jour. Montant de la caution : 500 \u20ac Le jour d&#8217;arriv\u00e9e, \u00e0 la remise des clefs. Par ch\u00e8que\u00a0 (non encaiss\u00e9), en esp\u00e8ces, par virement. Un re\u00e7u est remis au locataire pour le versement de la caution (ch\u00e8que ou esp\u00e8ces). Optionnel : [&hellip;]\" \/>\n<meta property=\"og:url\" content=\"https:\/\/www.lamaisondabel.fr\/index.php\/la-caution\/\" \/>\n<meta property=\"og:site_name\" content=\"La Maison d&#039;Abel\" \/>\n<meta property=\"article:modified_time\" content=\"2020-06-01T07:50:35+00:00\" \/>\n<meta property=\"og:image\" content=\"http:\/\/www.lamaisondabel.fr\/wp-content\/uploads\/2019\/03\/caution-300x225.jpg\" \/>\n<meta name=\"twitter:card\" content=\"summary_large_image\" \/>\n<meta name=\"twitter:label1\" content=\"Dur\u00e9e de lecture estim\u00e9e\" \/>\n\t<meta name=\"twitter:data1\" content=\"2 minutes\" \/>\n<script type=\"application\/ld+json\" class=\"yoast-schema-graph\">{\"@context\":\"https:\/\/schema.org\",\"@graph\":[{\"@type\":\"WebPage\",\"@id\":\"https:\/\/www.lamaisondabel.fr\/index.php\/la-caution\/\",\"url\":\"https:\/\/www.lamaisondabel.fr\/index.php\/la-caution\/\",\"name\":\"La caution - La Maison d&#039;Abel\",\"isPartOf\":{\"@id\":\"https:\/\/www.lamaisondabel.fr\/#website\"},\"primaryImageOfPage\":{\"@id\":\"https:\/\/www.lamaisondabel.fr\/index.php\/la-caution\/#primaryimage\"},\"image\":{\"@id\":\"https:\/\/www.lamaisondabel.fr\/index.php\/la-caution\/#primaryimage\"},\"thumbnailUrl\":\"http:\/\/www.lamaisondabel.fr\/wp-content\/uploads\/2019\/03\/caution-300x225.jpg\",\"datePublished\":\"2019-03-04T09:55:10+00:00\",\"dateModified\":\"2020-06-01T07:50:35+00:00\",\"breadcrumb\":{\"@id\":\"https:\/\/www.lamaisondabel.fr\/index.php\/la-caution\/#breadcrumb\"},\"inLanguage\":\"fr-FR\",\"potentialAction\":[{\"@type\":\"ReadAction\",\"target\":[\"https:\/\/www.lamaisondabel.fr\/index.php\/la-caution\/\"]}]},{\"@type\":\"ImageObject\",\"inLanguage\":\"fr-FR\",\"@id\":\"https:\/\/www.lamaisondabel.fr\/index.php\/la-caution\/#primaryimage\",\"url\":\"https:\/\/www.lamaisondabel.fr\/wp-content\/uploads\/2019\/03\/caution.jpg\",\"contentUrl\":\"https:\/\/www.lamaisondabel.fr\/wp-content\/uploads\/2019\/03\/caution.jpg\",\"width\":325,\"height\":244},{\"@type\":\"BreadcrumbList\",\"@id\":\"https:\/\/www.lamaisondabel.fr\/index.php\/la-caution\/#breadcrumb\",\"itemListElement\":[{\"@type\":\"ListItem\",\"position\":1,\"name\":\"Accueil\",\"item\":\"https:\/\/www.lamaisondabel.fr\/\"},{\"@type\":\"ListItem\",\"position\":2,\"name\":\"La caution\"}]},{\"@type\":\"WebSite\",\"@id\":\"https:\/\/www.lamaisondabel.fr\/#website\",\"url\":\"https:\/\/www.lamaisondabel.fr\/\",\"name\":\"La Maison d&#039;Abel\",\"description\":\"Lac du Salagou - Maison en location saisonni\u00e8re - Ouvert toute l&#039;ann\u00e9e.\",\"potentialAction\":[{\"@type\":\"SearchAction\",\"target\":{\"@type\":\"EntryPoint\",\"urlTemplate\":\"https:\/\/www.lamaisondabel.fr\/?s={search_term_string}\"},\"query-input\":\"required name=search_term_string\"}],\"inLanguage\":\"fr-FR\"}]}<\/script>\n<!-- \/ Yoast SEO plugin. -->","yoast_head_json":{"title":"La caution - La Maison d&#039;Abel","robots":{"index":"index","follow":"follow","max-snippet":"max-snippet:-1","max-image-preview":"max-image-preview:large","max-video-preview":"max-video-preview:-1"},"canonical":"https:\/\/www.lamaisondabel.fr\/index.php\/la-caution\/","og_locale":"fr_FR","og_type":"article","og_title":"La caution - La Maison d&#039;Abel","og_description":"Co\u00fbt : 0 \u20ac D\u00e9p\u00f4t obligatoire d&#8217;une caution quelle que soit la dur\u00e9e du s\u00e9jour. Montant de la caution : 500 \u20ac Le jour d&#8217;arriv\u00e9e, \u00e0 la remise des clefs. Par ch\u00e8que\u00a0 (non encaiss\u00e9), en esp\u00e8ces, par virement. Un re\u00e7u est remis au locataire pour le versement de la caution (ch\u00e8que ou esp\u00e8ces). Optionnel : [&hellip;]","og_url":"https:\/\/www.lamaisondabel.fr\/index.php\/la-caution\/","og_site_name":"La Maison d&#039;Abel","article_modified_time":"2020-06-01T07:50:35+00:00","og_image":[{"url":"http:\/\/www.lamaisondabel.fr\/wp-content\/uploads\/2019\/03\/caution-300x225.jpg"}],"twitter_card":"summary_large_image","twitter_misc":{"Dur\u00e9e de lecture estim\u00e9e":"2 minutes"},"schema":{"@context":"https:\/\/schema.org","@graph":[{"@type":"WebPage","@id":"https:\/\/www.lamaisondabel.fr\/index.php\/la-caution\/","url":"https:\/\/www.lamaisondabel.fr\/index.php\/la-caution\/","name":"La caution - La Maison d&#039;Abel","isPartOf":{"@id":"https:\/\/www.lamaisondabel.fr\/#website"},"primaryImageOfPage":{"@id":"https:\/\/www.lamaisondabel.fr\/index.php\/la-caution\/#primaryimage"},"image":{"@id":"https:\/\/www.lamaisondabel.fr\/index.php\/la-caution\/#primaryimage"},"thumbnailUrl":"http:\/\/www.lamaisondabel.fr\/wp-content\/uploads\/2019\/03\/caution-300x225.jpg","datePublished":"2019-03-04T09:55:10+00:00","dateModified":"2020-06-01T07:50:35+00:00","breadcrumb":{"@id":"https:\/\/www.lamaisondabel.fr\/index.php\/la-caution\/#breadcrumb"},"inLanguage":"fr-FR","potentialAction":[{"@type":"ReadAction","target":["https:\/\/www.lamaisondabel.fr\/index.php\/la-caution\/"]}]},{"@type":"ImageObject","inLanguage":"fr-FR","@id":"https:\/\/www.lamaisondabel.fr\/index.php\/la-caution\/#primaryimage","url":"https:\/\/www.lamaisondabel.fr\/wp-content\/uploads\/2019\/03\/caution.jpg","contentUrl":"https:\/\/www.lamaisondabel.fr\/wp-content\/uploads\/2019\/03\/caution.jpg","width":325,"height":244},{"@type":"BreadcrumbList","@id":"https:\/\/www.lamaisondabel.fr\/index.php\/la-caution\/#breadcrumb","itemListElement":[{"@type":"ListItem","position":1,"name":"Accueil","item":"https:\/\/www.lamaisondabel.fr\/"},{"@type":"ListItem","position":2,"name":"La caution"}]},{"@type":"WebSite","@id":"https:\/\/www.lamaisondabel.fr\/#website","url":"https:\/\/www.lamaisondabel.fr\/","name":"La Maison d&#039;Abel","description":"Lac du Salagou - Maison en location saisonni\u00e8re - Ouvert toute l&#039;ann\u00e9e.","potentialAction":[{"@type":"SearchAction","target":{"@type":"EntryPoint","urlTemplate":"https:\/\/www.lamaisondabel.fr\/?s={search_term_string}"},"query-input":"required name=search_term_string"}],"inLanguage":"fr-FR"}]}},"_links":{"self":[{"href":"https:\/\/www.lamaisondabel.fr\/index.php\/wp-json\/wp\/v2\/pages\/215"}],"collection":[{"href":"https:\/\/www.lamaisondabel.fr\/index.php\/wp-json\/wp\/v2\/pages"}],"about":[{"href":"https:\/\/www.lamaisondabel.fr\/index.php\/wp-json\/wp\/v2\/types\/page"}],"author":[{"embeddable":true,"href":"https:\/\/www.lamaisondabel.fr\/index.php\/wp-json\/wp\/v2\/users\/1"}],"replies":[{"embeddable":true,"href":"https:\/\/www.lamaisondabel.fr\/index.php\/wp-json\/wp\/v2\/comments?post=215"}],"version-history":[{"count":47,"href":"https:\/\/www.lamaisondabel.fr\/index.php\/wp-json\/wp\/v2\/pages\/215\/revisions"}],"predecessor-version":[{"id":1747,"href":"https:\/\/www.lamaisondabel.fr\/index.php\/wp-json\/wp\/v2\/pages\/215\/revisions\/1747"}],"wp:attachment":[{"href":"https:\/\/www.lamaisondabel.fr\/index.php\/wp-json\/wp\/v2\/media?parent=215"}],"curies":[{"name":"wp","href":"https:\/\/api.w.org\/{rel}","templated":true}]}}