{"id":36,"date":"2019-03-03T17:17:53","date_gmt":"2019-03-03T17:17:53","guid":{"rendered":"http:\/\/www.lamaisondabel.fr\/wordpress_o\/?page_id=36"},"modified":"2024-08-26T09:01:15","modified_gmt":"2024-08-26T09:01:15","slug":"internet-wifi-fibre","status":"publish","type":"page","link":"https:\/\/www.lamaisondabel.fr\/index.php\/internet-wifi-fibre\/","title":{"rendered":"Internet Wifi : SpaceX STARLINK"},"content":{"rendered":"<p style=\"text-align: center;\"><img loading=\"lazy\" decoding=\"async\" class=\"aligncenter size-full wp-image-483\" src=\"http:\/\/www.lamaisondabel.fr\/wordpress_o\/wp-content\/uploads\/2019\/03\/wifi.png\" alt=\"\" width=\"263\" height=\"191\" srcset=\"https:\/\/www.lamaisondabel.fr\/wp-content\/uploads\/2019\/03\/wifi.png 263w, https:\/\/www.lamaisondabel.fr\/wp-content\/uploads\/2019\/03\/wifi-50x36.png 50w\" sizes=\"(max-width: 263px) 100vw, 263px\" \/><\/p>\n<p>&nbsp;<\/p>\n<p id=\"h.p_DNGE_HCDBh1a\" class=\"zfr3Q\" style=\"text-align: center;\">Vous b\u00e9n\u00e9ficiez gratuitement d&#8217;un acc\u00e8s INTERNET STARLINK SpaceX WIFI dans toute la maison et sur les deux terrasses<\/p>\n<p id=\"h.p_nQtrjhw-BkIJ\" class=\"zfr3Q\" style=\"text-align: center;\">Acc\u00e8s &#8211; 24 \/ 24 &#8211; 7 jours \/ 7 &#8211; Compris dans le loyer<\/p>\n<p style=\"text-align: center;\">\u00a0<\/p>\n<p style=\"text-align: center;\">\u00a0<\/p>\n<p style=\"text-align: center;\"><a href=\"http:\/\/www.lamaisondabel.fr\/index.php\/acces-protege\/\">Les voyageurs \u00e0 partir du Livret d&#8217;accueil disposent d&#8217;une page d\u00e9di\u00e9e au Wifi (mot de passe, routeur&#8230;)<\/a><\/p>\n","protected":false},"excerpt":{"rendered":"<p>&nbsp; Vous b\u00e9n\u00e9ficiez gratuitement d&#8217;un acc\u00e8s INTERNET STARLINK SpaceX WIFI dans toute la maison et sur les deux terrasses Acc\u00e8s &#8211; 24 \/ 24 &#8211; 7 jours \/ 7 &#8211; Compris dans le loyer \u00a0 \u00a0 Les voyageurs \u00e0 partir du Livret d&#8217;accueil disposent d&#8217;une page d\u00e9di\u00e9e au Wifi (mot de passe, routeur&#8230;)<\/p>\n","protected":false},"author":1,"featured_media":0,"parent":0,"menu_order":0,"comment_status":"closed","ping_status":"closed","template":"","meta":{"footnotes":""},"wppr_data":{"cwp_meta_box_check":"No"},"yoast_head":"<!-- This site is optimized with the Yoast SEO plugin v22.8 - https:\/\/yoast.com\/wordpress\/plugins\/seo\/ -->\n<title>Internet Wifi : SpaceX STARLINK - La Maison d&#039;Abel<\/title>\n<meta name=\"description\" content=\"%\" \/>\n<meta name=\"robots\" content=\"index, follow, max-snippet:-1, max-image-preview:large, max-video-preview:-1\" \/>\n<link rel=\"canonical\" href=\"https:\/\/www.lamaisondabel.fr\/index.php\/internet-wifi-fibre\/\" \/>\n<meta property=\"og:locale\" content=\"fr_FR\" \/>\n<meta property=\"og:type\" content=\"article\" \/>\n<meta property=\"og:title\" content=\"Internet Wifi : SpaceX STARLINK - La Maison d&#039;Abel\" \/>\n<meta property=\"og:description\" content=\"%\" \/>\n<meta property=\"og:url\" content=\"https:\/\/www.lamaisondabel.fr\/index.php\/internet-wifi-fibre\/\" \/>\n<meta property=\"og:site_name\" content=\"La Maison d&#039;Abel\" \/>\n<meta property=\"article:modified_time\" content=\"2024-08-26T09:01:15+00:00\" \/>\n<meta property=\"og:image\" content=\"http:\/\/www.lamaisondabel.fr\/wordpress_o\/wp-content\/uploads\/2019\/03\/wifi.png\" \/>\n<meta name=\"twitter:card\" content=\"summary_large_image\" \/>\n<meta name=\"twitter:label1\" content=\"Dur\u00e9e de lecture estim\u00e9e\" \/>\n\t<meta name=\"twitter:data1\" content=\"1 minute\" \/>\n<script type=\"application\/ld+json\" class=\"yoast-schema-graph\">{\"@context\":\"https:\/\/schema.org\",\"@graph\":[{\"@type\":\"WebPage\",\"@id\":\"https:\/\/www.lamaisondabel.fr\/index.php\/internet-wifi-fibre\/\",\"url\":\"https:\/\/www.lamaisondabel.fr\/index.php\/internet-wifi-fibre\/\",\"name\":\"Internet Wifi : SpaceX STARLINK - La Maison d&#039;Abel\",\"isPartOf\":{\"@id\":\"https:\/\/www.lamaisondabel.fr\/#website\"},\"primaryImageOfPage\":{\"@id\":\"https:\/\/www.lamaisondabel.fr\/index.php\/internet-wifi-fibre\/#primaryimage\"},\"image\":{\"@id\":\"https:\/\/www.lamaisondabel.fr\/index.php\/internet-wifi-fibre\/#primaryimage\"},\"thumbnailUrl\":\"http:\/\/www.lamaisondabel.fr\/wordpress_o\/wp-content\/uploads\/2019\/03\/wifi.png\",\"datePublished\":\"2019-03-03T17:17:53+00:00\",\"dateModified\":\"2024-08-26T09:01:15+00:00\",\"description\":\"%\",\"breadcrumb\":{\"@id\":\"https:\/\/www.lamaisondabel.fr\/index.php\/internet-wifi-fibre\/#breadcrumb\"},\"inLanguage\":\"fr-FR\",\"potentialAction\":[{\"@type\":\"ReadAction\",\"target\":[\"https:\/\/www.lamaisondabel.fr\/index.php\/internet-wifi-fibre\/\"]}]},{\"@type\":\"ImageObject\",\"inLanguage\":\"fr-FR\",\"@id\":\"https:\/\/www.lamaisondabel.fr\/index.php\/internet-wifi-fibre\/#primaryimage\",\"url\":\"http:\/\/www.lamaisondabel.fr\/wordpress_o\/wp-content\/uploads\/2019\/03\/wifi.png\",\"contentUrl\":\"http:\/\/www.lamaisondabel.fr\/wordpress_o\/wp-content\/uploads\/2019\/03\/wifi.png\"},{\"@type\":\"BreadcrumbList\",\"@id\":\"https:\/\/www.lamaisondabel.fr\/index.php\/internet-wifi-fibre\/#breadcrumb\",\"itemListElement\":[{\"@type\":\"ListItem\",\"position\":1,\"name\":\"Accueil\",\"item\":\"https:\/\/www.lamaisondabel.fr\/\"},{\"@type\":\"ListItem\",\"position\":2,\"name\":\"Internet Wifi : SpaceX STARLINK\"}]},{\"@type\":\"WebSite\",\"@id\":\"https:\/\/www.lamaisondabel.fr\/#website\",\"url\":\"https:\/\/www.lamaisondabel.fr\/\",\"name\":\"La Maison d&#039;Abel\",\"description\":\"Lac du Salagou - Maison en location saisonni\u00e8re - Ouvert toute l&#039;ann\u00e9e.\",\"potentialAction\":[{\"@type\":\"SearchAction\",\"target\":{\"@type\":\"EntryPoint\",\"urlTemplate\":\"https:\/\/www.lamaisondabel.fr\/?s={search_term_string}\"},\"query-input\":\"required name=search_term_string\"}],\"inLanguage\":\"fr-FR\"}]}<\/script>\n<!-- \/ Yoast SEO plugin. -->","yoast_head_json":{"title":"Internet Wifi : SpaceX STARLINK - La Maison d&#039;Abel","description":"%","robots":{"index":"index","follow":"follow","max-snippet":"max-snippet:-1","max-image-preview":"max-image-preview:large","max-video-preview":"max-video-preview:-1"},"canonical":"https:\/\/www.lamaisondabel.fr\/index.php\/internet-wifi-fibre\/","og_locale":"fr_FR","og_type":"article","og_title":"Internet Wifi : SpaceX STARLINK - La Maison d&#039;Abel","og_description":"%","og_url":"https:\/\/www.lamaisondabel.fr\/index.php\/internet-wifi-fibre\/","og_site_name":"La Maison d&#039;Abel","article_modified_time":"2024-08-26T09:01:15+00:00","og_image":[{"url":"http:\/\/www.lamaisondabel.fr\/wordpress_o\/wp-content\/uploads\/2019\/03\/wifi.png"}],"twitter_card":"summary_large_image","twitter_misc":{"Dur\u00e9e de lecture estim\u00e9e":"1 minute"},"schema":{"@context":"https:\/\/schema.org","@graph":[{"@type":"WebPage","@id":"https:\/\/www.lamaisondabel.fr\/index.php\/internet-wifi-fibre\/","url":"https:\/\/www.lamaisondabel.fr\/index.php\/internet-wifi-fibre\/","name":"Internet Wifi : SpaceX STARLINK - La Maison d&#039;Abel","isPartOf":{"@id":"https:\/\/www.lamaisondabel.fr\/#website"},"primaryImageOfPage":{"@id":"https:\/\/www.lamaisondabel.fr\/index.php\/internet-wifi-fibre\/#primaryimage"},"image":{"@id":"https:\/\/www.lamaisondabel.fr\/index.php\/internet-wifi-fibre\/#primaryimage"},"thumbnailUrl":"http:\/\/www.lamaisondabel.fr\/wordpress_o\/wp-content\/uploads\/2019\/03\/wifi.png","datePublished":"2019-03-03T17:17:53+00:00","dateModified":"2024-08-26T09:01:15+00:00","description":"%","breadcrumb":{"@id":"https:\/\/www.lamaisondabel.fr\/index.php\/internet-wifi-fibre\/#breadcrumb"},"inLanguage":"fr-FR","potentialAction":[{"@type":"ReadAction","target":["https:\/\/www.lamaisondabel.fr\/index.php\/internet-wifi-fibre\/"]}]},{"@type":"ImageObject","inLanguage":"fr-FR","@id":"https:\/\/www.lamaisondabel.fr\/index.php\/internet-wifi-fibre\/#primaryimage","url":"http:\/\/www.lamaisondabel.fr\/wordpress_o\/wp-content\/uploads\/2019\/03\/wifi.png","contentUrl":"http:\/\/www.lamaisondabel.fr\/wordpress_o\/wp-content\/uploads\/2019\/03\/wifi.png"},{"@type":"BreadcrumbList","@id":"https:\/\/www.lamaisondabel.fr\/index.php\/internet-wifi-fibre\/#breadcrumb","itemListElement":[{"@type":"ListItem","position":1,"name":"Accueil","item":"https:\/\/www.lamaisondabel.fr\/"},{"@type":"ListItem","position":2,"name":"Internet Wifi : SpaceX STARLINK"}]},{"@type":"WebSite","@id":"https:\/\/www.lamaisondabel.fr\/#website","url":"https:\/\/www.lamaisondabel.fr\/","name":"La Maison d&#039;Abel","description":"Lac du Salagou - Maison en location saisonni\u00e8re - Ouvert toute l&#039;ann\u00e9e.","potentialAction":[{"@type":"SearchAction","target":{"@type":"EntryPoint","urlTemplate":"https:\/\/www.lamaisondabel.fr\/?s={search_term_string}"},"query-input":"required name=search_term_string"}],"inLanguage":"fr-FR"}]}},"_links":{"self":[{"href":"https:\/\/www.lamaisondabel.fr\/index.php\/wp-json\/wp\/v2\/pages\/36"}],"collection":[{"href":"https:\/\/www.lamaisondabel.fr\/index.php\/wp-json\/wp\/v2\/pages"}],"about":[{"href":"https:\/\/www.lamaisondabel.fr\/index.php\/wp-json\/wp\/v2\/types\/page"}],"author":[{"embeddable":true,"href":"https:\/\/www.lamaisondabel.fr\/index.php\/wp-json\/wp\/v2\/users\/1"}],"replies":[{"embeddable":true,"href":"https:\/\/www.lamaisondabel.fr\/index.php\/wp-json\/wp\/v2\/comments?post=36"}],"version-history":[{"count":15,"href":"https:\/\/www.lamaisondabel.fr\/index.php\/wp-json\/wp\/v2\/pages\/36\/revisions"}],"predecessor-version":[{"id":2205,"href":"https:\/\/www.lamaisondabel.fr\/index.php\/wp-json\/wp\/v2\/pages\/36\/revisions\/2205"}],"wp:attachment":[{"href":"https:\/\/www.lamaisondabel.fr\/index.php\/wp-json\/wp\/v2\/media?parent=36"}],"curies":[{"name":"wp","href":"https:\/\/api.w.org\/{rel}","templated":true}]}}