{"id":399,"date":"2019-03-04T15:15:19","date_gmt":"2019-03-04T15:15:19","guid":{"rendered":"http:\/\/www.lamaisondabel.fr\/wordpress_o\/?page_id=399"},"modified":"2019-03-26T12:51:24","modified_gmt":"2019-03-26T12:51:24","slug":"dispositifs-de-securite","status":"publish","type":"page","link":"https:\/\/www.lamaisondabel.fr\/index.php\/dispositifs-de-securite\/","title":{"rendered":"Dispositifs de s\u00e9curit\u00e9"},"content":{"rendered":"<div class=\"UtePc RCETm yxgWrb\" dir=\"ltr\" role=\"main\" aria-hidden=\"false\">\n<section id=\"h.p_PTHbltUrGDF-\" class=\"yaqOZd\">\n<div class=\"mYVXT\">\n<div class=\"LS81yb VICjCf\" tabindex=\"-1\">\n<div class=\"hJDwNd-AhqUyc-uQSCkd purZT-AhqUyc-II5mzb pSzOP-AhqUyc-qWD73c JNdkSc\">\n<div class=\"oKdM2c\">\n<div id=\"h.p_iI0dqmKsGDFl\" class=\"hJDwNd-AhqUyc-uQSCkd jXK9ad D2fZ2 OjCsFc wHaque GNzUNc\">\n<div class=\"jXK9ad-SmKAyb jXK9ad-SmKAyb-c4YZDc\">\n<div class=\"tyJCtd mGzaTb baZpAe\">\n<p style=\"text-align: center;\"><strong><\/strong><\/p>\n<p id=\"h.p_lfI-kiILGDF8\" class=\"zfr3Q\" style=\"text-align: center;\"><span style=\"color: #ff0000;\">TROIS D\u00c9TECTEURS DE FUM\u00c9E<\/span><\/p>\n<p id=\"h.p_D6bLf2VHGHlk\" class=\"zfr3Q\" style=\"text-align: center;\"><span style=\"color: #ff0000;\">UN D\u00c9TECTEUR DE MONOXYDE DE CARBONE<\/span><\/p>\n<p id=\"h.p_Nw65kV8zGMOz\" class=\"zfr3Q\" style=\"text-align: center;\"><span style=\"color: #ff0000;\">UN EXTINCTEUR<\/span><\/p>\n<p style=\"text-align: center;\"><span style=\"color: #ff0000;\">UNE TROUSSE DE SECOURS<\/span><\/p>\n<p id=\"h.p_huDqqWSWGEt9\" class=\"zfr3Q\" style=\"text-align: center;\">Trois d\u00e9tecteurs de fum\u00e9es sont en place<\/p>\n<p id=\"h.p_1icSnNApGEt_\" class=\"zfr3Q\" style=\"text-align: center;\">Un dans le couloir central (au dessus de la porte donnant de la cuisine au couloir)<\/p>\n<p id=\"h.p_gYHDF775GEuB\" class=\"zfr3Q\" style=\"text-align: center;\">Un dans le couloir desservant les sanitaires (au dessus de la porte donnant acc\u00e8s au garage)<\/p>\n<p id=\"h.p_CDOeYnpPGEuE\" class=\"zfr3Q\" style=\"text-align: center;\">Un dans l&#8217;escalier donnant dans les combles (au dessus de la porte face, en haut de l&#8217;escalier)<\/p>\n<p id=\"h.p_n2y7x5lsGEuG\" class=\"zfr3Q\" style=\"text-align: center;\">En cas de d\u00e9clenchement intempestif il suffit d&#8217;appuyer sur la partie centrale pour neutraliser l&#8217;alarme.<\/p>\n<\/div>\n<p style=\"text-align: center;\"><img loading=\"lazy\" decoding=\"async\" class=\"aligncenter size-full wp-image-498\" src=\"http:\/\/www.lamaisondabel.fr\/wp-content\/uploads\/2019\/03\/securite_2.jpg\" alt=\"\" width=\"170\" height=\"178\" srcset=\"https:\/\/www.lamaisondabel.fr\/wp-content\/uploads\/2019\/03\/securite_2.jpg 170w, https:\/\/www.lamaisondabel.fr\/wp-content\/uploads\/2019\/03\/securite_2-48x50.jpg 48w\" sizes=\"(max-width: 170px) 100vw, 170px\" \/><\/p>\n<p style=\"text-align: center;\"><span style=\"color: #ff0000;\">Attention : La poudre de l&#8217;extincteur rend inutilisable tout produit ou objets ayant \u00e9t\u00e9 br\u00fbl\u00e9s ou non ! La poudre est toxique dans la maison cela veut dire une d\u00e9claration syst\u00e9matique aux assurances ET blocage de la caution vers\u00e9e. L&#8217;utilisation intempestive ou accidentelle implique le changement syst\u00e9matique de l&#8217;extincteur &#8211; En ext\u00e9rieur sera factur\u00e9 50\u20ac &#8211; S\u00e9curit\u00e9 : manom\u00e8tre = vert.<\/span><\/p>\n<p style=\"text-align: center;\"><img loading=\"lazy\" decoding=\"async\" class=\"aligncenter size-full wp-image-499\" src=\"http:\/\/www.lamaisondabel.fr\/wp-content\/uploads\/2019\/03\/securite_3.jpg\" alt=\"\" width=\"155\" height=\"230\" srcset=\"https:\/\/www.lamaisondabel.fr\/wp-content\/uploads\/2019\/03\/securite_3.jpg 155w, https:\/\/www.lamaisondabel.fr\/wp-content\/uploads\/2019\/03\/securite_3-34x50.jpg 34w\" sizes=\"(max-width: 155px) 100vw, 155px\" \/><img loading=\"lazy\" decoding=\"async\" class=\"aligncenter size-full wp-image-497\" src=\"http:\/\/www.lamaisondabel.fr\/wp-content\/uploads\/2019\/03\/securite_1.jpg\" alt=\"\" width=\"170\" height=\"186\" srcset=\"https:\/\/www.lamaisondabel.fr\/wp-content\/uploads\/2019\/03\/securite_1.jpg 170w, https:\/\/www.lamaisondabel.fr\/wp-content\/uploads\/2019\/03\/securite_1-46x50.jpg 46w\" sizes=\"(max-width: 170px) 100vw, 170px\" \/><img loading=\"lazy\" decoding=\"async\" class=\"aligncenter size-full wp-image-497\" src=\"http:\/\/www.lamaisondabel.fr\/wp-content\/uploads\/2019\/03\/securite_1.jpg\" alt=\"\" width=\"170\" height=\"186\" srcset=\"https:\/\/www.lamaisondabel.fr\/wp-content\/uploads\/2019\/03\/securite_1.jpg 170w, https:\/\/www.lamaisondabel.fr\/wp-content\/uploads\/2019\/03\/securite_1-46x50.jpg 46w\" sizes=\"(max-width: 170px) 100vw, 170px\" \/><\/p>\n<p style=\"text-align: center;\"><img loading=\"lazy\" decoding=\"async\" class=\"aligncenter size-full wp-image-497\" src=\"http:\/\/www.lamaisondabel.fr\/wp-content\/uploads\/2019\/03\/securite_1.jpg\" alt=\"\" width=\"170\" height=\"186\" srcset=\"https:\/\/www.lamaisondabel.fr\/wp-content\/uploads\/2019\/03\/securite_1.jpg 170w, https:\/\/www.lamaisondabel.fr\/wp-content\/uploads\/2019\/03\/securite_1-46x50.jpg 46w\" sizes=\"(max-width: 170px) 100vw, 170px\" \/><\/p>\n<p style=\"text-align: center;\"><span style=\"color: #ff0000;\">Si vous utilisez la trousse merci de le faire savoir afin de la compl\u00e9ter \u00e0 nouveau.<\/span><\/p>\n<p style=\"text-align: center;\"><img loading=\"lazy\" decoding=\"async\" class=\"aligncenter size-medium wp-image-278\" src=\"http:\/\/www.lamaisondabel.fr\/wp-content\/uploads\/2019\/03\/trousse-de-secours-300x300.jpg\" alt=\"\" width=\"300\" height=\"300\" srcset=\"https:\/\/www.lamaisondabel.fr\/wp-content\/uploads\/2019\/03\/trousse-de-secours-300x300.jpg 300w, https:\/\/www.lamaisondabel.fr\/wp-content\/uploads\/2019\/03\/trousse-de-secours-150x150.jpg 150w, https:\/\/www.lamaisondabel.fr\/wp-content\/uploads\/2019\/03\/trousse-de-secours-768x768.jpg 768w, https:\/\/www.lamaisondabel.fr\/wp-content\/uploads\/2019\/03\/trousse-de-secours-50x50.jpg 50w, https:\/\/www.lamaisondabel.fr\/wp-content\/uploads\/2019\/03\/trousse-de-secours.jpg 800w\" sizes=\"(max-width: 300px) 100vw, 300px\" \/><\/p>\n<\/div>\n<\/div>\n<\/div>\n<\/div>\n<\/div>\n<\/div>\n<\/section>\n<\/div>\n","protected":false},"excerpt":{"rendered":"<p>TROIS D\u00c9TECTEURS DE FUM\u00c9E UN D\u00c9TECTEUR DE MONOXYDE DE CARBONE UN EXTINCTEUR UNE TROUSSE DE SECOURS Trois d\u00e9tecteurs de fum\u00e9es sont en place Un dans le couloir central (au dessus de la porte donnant de la cuisine au couloir) Un dans le couloir desservant les sanitaires (au dessus de la porte donnant acc\u00e8s au garage) [&hellip;]<\/p>\n","protected":false},"author":1,"featured_media":0,"parent":0,"menu_order":0,"comment_status":"closed","ping_status":"closed","template":"","meta":{"footnotes":""},"wppr_data":{"cwp_meta_box_check":"No"},"yoast_head":"<!-- This site is optimized with the Yoast SEO plugin v22.8 - https:\/\/yoast.com\/wordpress\/plugins\/seo\/ -->\n<title>Dispositifs de s\u00e9curit\u00e9 - La Maison d&#039;Abel<\/title>\n<meta name=\"robots\" content=\"index, follow, max-snippet:-1, max-image-preview:large, max-video-preview:-1\" \/>\n<link rel=\"canonical\" href=\"https:\/\/www.lamaisondabel.fr\/index.php\/dispositifs-de-securite\/\" \/>\n<meta property=\"og:locale\" content=\"fr_FR\" \/>\n<meta property=\"og:type\" content=\"article\" \/>\n<meta property=\"og:title\" content=\"Dispositifs de s\u00e9curit\u00e9 - La Maison d&#039;Abel\" \/>\n<meta property=\"og:description\" content=\"TROIS D\u00c9TECTEURS DE FUM\u00c9E UN D\u00c9TECTEUR DE MONOXYDE DE CARBONE UN EXTINCTEUR UNE TROUSSE DE SECOURS Trois d\u00e9tecteurs de fum\u00e9es sont en place Un dans le couloir central (au dessus de la porte donnant de la cuisine au couloir) Un dans le couloir desservant les sanitaires (au dessus de la porte donnant acc\u00e8s au garage) [&hellip;]\" \/>\n<meta property=\"og:url\" content=\"https:\/\/www.lamaisondabel.fr\/index.php\/dispositifs-de-securite\/\" \/>\n<meta property=\"og:site_name\" content=\"La Maison d&#039;Abel\" \/>\n<meta property=\"article:modified_time\" content=\"2019-03-26T12:51:24+00:00\" \/>\n<meta property=\"og:image\" content=\"http:\/\/www.lamaisondabel.fr\/wp-content\/uploads\/2019\/03\/securite_2.jpg\" \/>\n<meta name=\"twitter:card\" content=\"summary_large_image\" \/>\n<meta name=\"twitter:label1\" content=\"Dur\u00e9e de lecture estim\u00e9e\" \/>\n\t<meta name=\"twitter:data1\" content=\"1 minute\" \/>\n<script type=\"application\/ld+json\" class=\"yoast-schema-graph\">{\"@context\":\"https:\/\/schema.org\",\"@graph\":[{\"@type\":\"WebPage\",\"@id\":\"https:\/\/www.lamaisondabel.fr\/index.php\/dispositifs-de-securite\/\",\"url\":\"https:\/\/www.lamaisondabel.fr\/index.php\/dispositifs-de-securite\/\",\"name\":\"Dispositifs de s\u00e9curit\u00e9 - La Maison d&#039;Abel\",\"isPartOf\":{\"@id\":\"https:\/\/www.lamaisondabel.fr\/#website\"},\"primaryImageOfPage\":{\"@id\":\"https:\/\/www.lamaisondabel.fr\/index.php\/dispositifs-de-securite\/#primaryimage\"},\"image\":{\"@id\":\"https:\/\/www.lamaisondabel.fr\/index.php\/dispositifs-de-securite\/#primaryimage\"},\"thumbnailUrl\":\"http:\/\/www.lamaisondabel.fr\/wp-content\/uploads\/2019\/03\/securite_2.jpg\",\"datePublished\":\"2019-03-04T15:15:19+00:00\",\"dateModified\":\"2019-03-26T12:51:24+00:00\",\"breadcrumb\":{\"@id\":\"https:\/\/www.lamaisondabel.fr\/index.php\/dispositifs-de-securite\/#breadcrumb\"},\"inLanguage\":\"fr-FR\",\"potentialAction\":[{\"@type\":\"ReadAction\",\"target\":[\"https:\/\/www.lamaisondabel.fr\/index.php\/dispositifs-de-securite\/\"]}]},{\"@type\":\"ImageObject\",\"inLanguage\":\"fr-FR\",\"@id\":\"https:\/\/www.lamaisondabel.fr\/index.php\/dispositifs-de-securite\/#primaryimage\",\"url\":\"https:\/\/www.lamaisondabel.fr\/wp-content\/uploads\/2019\/03\/securite_2.jpg\",\"contentUrl\":\"https:\/\/www.lamaisondabel.fr\/wp-content\/uploads\/2019\/03\/securite_2.jpg\",\"width\":170,\"height\":178},{\"@type\":\"BreadcrumbList\",\"@id\":\"https:\/\/www.lamaisondabel.fr\/index.php\/dispositifs-de-securite\/#breadcrumb\",\"itemListElement\":[{\"@type\":\"ListItem\",\"position\":1,\"name\":\"Accueil\",\"item\":\"https:\/\/www.lamaisondabel.fr\/\"},{\"@type\":\"ListItem\",\"position\":2,\"name\":\"Dispositifs de s\u00e9curit\u00e9\"}]},{\"@type\":\"WebSite\",\"@id\":\"https:\/\/www.lamaisondabel.fr\/#website\",\"url\":\"https:\/\/www.lamaisondabel.fr\/\",\"name\":\"La Maison d&#039;Abel\",\"description\":\"Lac du Salagou - Maison en location saisonni\u00e8re - Ouvert toute l&#039;ann\u00e9e.\",\"potentialAction\":[{\"@type\":\"SearchAction\",\"target\":{\"@type\":\"EntryPoint\",\"urlTemplate\":\"https:\/\/www.lamaisondabel.fr\/?s={search_term_string}\"},\"query-input\":\"required name=search_term_string\"}],\"inLanguage\":\"fr-FR\"}]}<\/script>\n<!-- \/ Yoast SEO plugin. -->","yoast_head_json":{"title":"Dispositifs de s\u00e9curit\u00e9 - La Maison d&#039;Abel","robots":{"index":"index","follow":"follow","max-snippet":"max-snippet:-1","max-image-preview":"max-image-preview:large","max-video-preview":"max-video-preview:-1"},"canonical":"https:\/\/www.lamaisondabel.fr\/index.php\/dispositifs-de-securite\/","og_locale":"fr_FR","og_type":"article","og_title":"Dispositifs de s\u00e9curit\u00e9 - La Maison d&#039;Abel","og_description":"TROIS D\u00c9TECTEURS DE FUM\u00c9E UN D\u00c9TECTEUR DE MONOXYDE DE CARBONE UN EXTINCTEUR UNE TROUSSE DE SECOURS Trois d\u00e9tecteurs de fum\u00e9es sont en place Un dans le couloir central (au dessus de la porte donnant de la cuisine au couloir) Un dans le couloir desservant les sanitaires (au dessus de la porte donnant acc\u00e8s au garage) [&hellip;]","og_url":"https:\/\/www.lamaisondabel.fr\/index.php\/dispositifs-de-securite\/","og_site_name":"La Maison d&#039;Abel","article_modified_time":"2019-03-26T12:51:24+00:00","og_image":[{"url":"http:\/\/www.lamaisondabel.fr\/wp-content\/uploads\/2019\/03\/securite_2.jpg"}],"twitter_card":"summary_large_image","twitter_misc":{"Dur\u00e9e de lecture estim\u00e9e":"1 minute"},"schema":{"@context":"https:\/\/schema.org","@graph":[{"@type":"WebPage","@id":"https:\/\/www.lamaisondabel.fr\/index.php\/dispositifs-de-securite\/","url":"https:\/\/www.lamaisondabel.fr\/index.php\/dispositifs-de-securite\/","name":"Dispositifs de s\u00e9curit\u00e9 - La Maison d&#039;Abel","isPartOf":{"@id":"https:\/\/www.lamaisondabel.fr\/#website"},"primaryImageOfPage":{"@id":"https:\/\/www.lamaisondabel.fr\/index.php\/dispositifs-de-securite\/#primaryimage"},"image":{"@id":"https:\/\/www.lamaisondabel.fr\/index.php\/dispositifs-de-securite\/#primaryimage"},"thumbnailUrl":"http:\/\/www.lamaisondabel.fr\/wp-content\/uploads\/2019\/03\/securite_2.jpg","datePublished":"2019-03-04T15:15:19+00:00","dateModified":"2019-03-26T12:51:24+00:00","breadcrumb":{"@id":"https:\/\/www.lamaisondabel.fr\/index.php\/dispositifs-de-securite\/#breadcrumb"},"inLanguage":"fr-FR","potentialAction":[{"@type":"ReadAction","target":["https:\/\/www.lamaisondabel.fr\/index.php\/dispositifs-de-securite\/"]}]},{"@type":"ImageObject","inLanguage":"fr-FR","@id":"https:\/\/www.lamaisondabel.fr\/index.php\/dispositifs-de-securite\/#primaryimage","url":"https:\/\/www.lamaisondabel.fr\/wp-content\/uploads\/2019\/03\/securite_2.jpg","contentUrl":"https:\/\/www.lamaisondabel.fr\/wp-content\/uploads\/2019\/03\/securite_2.jpg","width":170,"height":178},{"@type":"BreadcrumbList","@id":"https:\/\/www.lamaisondabel.fr\/index.php\/dispositifs-de-securite\/#breadcrumb","itemListElement":[{"@type":"ListItem","position":1,"name":"Accueil","item":"https:\/\/www.lamaisondabel.fr\/"},{"@type":"ListItem","position":2,"name":"Dispositifs de s\u00e9curit\u00e9"}]},{"@type":"WebSite","@id":"https:\/\/www.lamaisondabel.fr\/#website","url":"https:\/\/www.lamaisondabel.fr\/","name":"La Maison d&#039;Abel","description":"Lac du Salagou - Maison en location saisonni\u00e8re - Ouvert toute l&#039;ann\u00e9e.","potentialAction":[{"@type":"SearchAction","target":{"@type":"EntryPoint","urlTemplate":"https:\/\/www.lamaisondabel.fr\/?s={search_term_string}"},"query-input":"required name=search_term_string"}],"inLanguage":"fr-FR"}]}},"_links":{"self":[{"href":"https:\/\/www.lamaisondabel.fr\/index.php\/wp-json\/wp\/v2\/pages\/399"}],"collection":[{"href":"https:\/\/www.lamaisondabel.fr\/index.php\/wp-json\/wp\/v2\/pages"}],"about":[{"href":"https:\/\/www.lamaisondabel.fr\/index.php\/wp-json\/wp\/v2\/types\/page"}],"author":[{"embeddable":true,"href":"https:\/\/www.lamaisondabel.fr\/index.php\/wp-json\/wp\/v2\/users\/1"}],"replies":[{"embeddable":true,"href":"https:\/\/www.lamaisondabel.fr\/index.php\/wp-json\/wp\/v2\/comments?post=399"}],"version-history":[{"count":8,"href":"https:\/\/www.lamaisondabel.fr\/index.php\/wp-json\/wp\/v2\/pages\/399\/revisions"}],"predecessor-version":[{"id":1543,"href":"https:\/\/www.lamaisondabel.fr\/index.php\/wp-json\/wp\/v2\/pages\/399\/revisions\/1543"}],"wp:attachment":[{"href":"https:\/\/www.lamaisondabel.fr\/index.php\/wp-json\/wp\/v2\/media?parent=399"}],"curies":[{"name":"wp","href":"https:\/\/api.w.org\/{rel}","templated":true}]}}