{"id":417,"date":"2019-03-04T15:26:36","date_gmt":"2019-03-04T15:26:36","guid":{"rendered":"http:\/\/www.lamaisondabel.fr\/wordpress_o\/?page_id=417"},"modified":"2019-03-26T13:14:16","modified_gmt":"2019-03-26T13:14:16","slug":"panne","status":"publish","type":"page","link":"https:\/\/www.lamaisondabel.fr\/index.php\/panne\/","title":{"rendered":"Panne !"},"content":{"rendered":"<section id=\"h.p_6e1pS523CQoe\" class=\"yaqOZd\">\n<div class=\"mYVXT\">\n<div class=\"LS81yb VICjCf\" tabindex=\"-1\">\n<div class=\"hJDwNd-AhqUyc-uQSCkd purZT-AhqUyc-II5mzb pSzOP-AhqUyc-qWD73c JNdkSc\">\n<div class=\"oKdM2c\">\n<div id=\"h.p_3Inigz-vCQoL\" class=\"hJDwNd-AhqUyc-uQSCkd jXK9ad D2fZ2 OjCsFc wHaque GNzUNc\">\n<div class=\"jXK9ad-SmKAyb jXK9ad-SmKAyb-c4YZDc\">\n<div class=\"tyJCtd mGzaTb baZpAe\">\n<h1 style=\"text-align: center;\"><\/h1>\n<h1 id=\"h.p_0Cw5JaRdCQoc\" class=\"zfr3Q\" style=\"text-align: center;\"><span style=\"color: #ff0000;\">Contacter le propri\u00e9taire imm\u00e9diatement<\/span><\/h1>\n<h1 id=\"h.p_flPtsDsOCZal\" class=\"zfr3Q\" style=\"text-align: center;\"><span style=\"color: #ff0000;\">06-51-41-02-80<\/span><\/h1>\n<p style=\"text-align: center;\">Tout sera mis en oeuvre pour vous d\u00e9panner rapidement.<\/p>\n<\/div>\n<\/div>\n<\/div>\n<\/div>\n<\/div>\n<\/div>\n<\/div>\n<\/section>\n<section id=\"h.p_a9gCLLSZCSbK\" class=\"yaqOZd\">\n<div class=\"yaqOZd IFuOkc\">\u00a0<\/div>\n<div class=\"mYVXT\">\n<div class=\"LS81yb VICjCf\" tabindex=\"-1\">\n<div class=\"hJDwNd-AhqUyc-uQSCkd purZT-AhqUyc-II5mzb pSzOP-AhqUyc-wNfPc JNdkSc\">\n<div class=\"oKdM2c\">\n<div class=\"hJDwNd-AhqUyc-II5mzb jXK9ad D2fZ2 OjCsFc wHaque L6cTce-purZT L6cTce-pSzOP\">\n<div class=\"jXK9ad-SmKAyb jXK9ad-SmKAyb-c4YZDc\">\n<div class=\"tyJCtd baZpAe\" style=\"text-align: center;\"><a href=\"http:\/\/www.lamaisondabel.fr\/index.php\/eau-chaude-cumulus\/\"><img loading=\"lazy\" decoding=\"async\" class=\"aligncenter size-full wp-image-929\" src=\"http:\/\/www.lamaisondabel.fr\/wp-content\/uploads\/2019\/03\/eau.jpg\" alt=\"\" width=\"256\" height=\"197\" srcset=\"https:\/\/www.lamaisondabel.fr\/wp-content\/uploads\/2019\/03\/eau.jpg 256w, https:\/\/www.lamaisondabel.fr\/wp-content\/uploads\/2019\/03\/eau-50x38.jpg 50w\" sizes=\"(max-width: 256px) 100vw, 256px\" \/><\/a><\/div>\n<div>\u00a0<\/div>\n<div class=\"tyJCtd baZpAe\" style=\"text-align: center;\"><a href=\"http:\/\/www.lamaisondabel.fr\/index.php\/electricite\/\"> <img loading=\"lazy\" decoding=\"async\" class=\"aligncenter size-medium wp-image-930\" src=\"http:\/\/www.lamaisondabel.fr\/wp-content\/uploads\/2019\/03\/electricite.jpg\" alt=\"\" width=\"192\" height=\"263\" srcset=\"https:\/\/www.lamaisondabel.fr\/wp-content\/uploads\/2019\/03\/electricite.jpg 192w, https:\/\/www.lamaisondabel.fr\/wp-content\/uploads\/2019\/03\/electricite-37x50.jpg 37w\" sizes=\"(max-width: 192px) 100vw, 192px\" \/><\/a><\/div>\n<\/div>\n<\/div>\n<div id=\"h.p_cOPsh7R6CSbM\" class=\"hJDwNd-AhqUyc-wNfPc pSzOP-AhqUyc-wNfPc jXK9ad D2fZ2 OjCsFc wHaque\">\n<div class=\"jXK9ad-SmKAyb jXK9ad-SmKAyb-c4YZDc\">\n<div class=\"tyJCtd baZpAe\">\n<div class=\"t3iYD\"><a href=\"http:\/\/www.lamaisondabel.fr\/wordpress_o\/index.php\/eau-chaude-cumulus\/\"><img loading=\"lazy\" decoding=\"async\" class=\"CENy8b aligncenter\" src=\"https:\/\/lh3.googleusercontent.com\/XW7uA7Xc9P15DRQMjvIGOJLNNiQxSSh7UR1ctXJRT0kidjpUHp0aZ5Q7i3-Tbwku\" alt=\"\" width=\"256\" height=\"197\" \/><\/a><\/div>\n<\/div>\n<\/div>\n<\/div>\n<div class=\"hJDwNd-AhqUyc-c5RTEf jXK9ad D2fZ2 OjCsFc wHaque L6cTce-purZT L6cTce-pSzOP\">\n<div class=\"jXK9ad-SmKAyb jXK9ad-SmKAyb-c4YZDc\">\n<div class=\"tyJCtd baZpAe\">\u00a0<\/div>\n<\/div>\n<\/div>\n<\/div>\n<\/div>\n<\/div>\n<\/div>\n<\/section>\n<section id=\"h.p_DVsEMQeHCfxE\" class=\"yaqOZd\">\n<div class=\"yaqOZd IFuOkc\">\u00a0<\/div>\n<div class=\"mYVXT\">\n<div class=\"LS81yb VICjCf\" tabindex=\"-1\">\n<div class=\"hJDwNd-AhqUyc-uQSCkd purZT-AhqUyc-II5mzb pSzOP-AhqUyc-II5mzb JNdkSc\">\n<div class=\"oKdM2c\">\n<div class=\"hJDwNd-AhqUyc-II5mzb jXK9ad D2fZ2 OjCsFc wHaque L6cTce-purZT L6cTce-pSzOP\">\n<div class=\"jXK9ad-SmKAyb jXK9ad-SmKAyb-c4YZDc\">\n<div class=\"tyJCtd baZpAe\">\u00a0<\/div>\n<\/div>\n<\/div>\n<div id=\"h.p_K9zsdI1mCfC2\" class=\"hJDwNd-AhqUyc-II5mzb pSzOP-AhqUyc-II5mzb jXK9ad D2fZ2 OjCsFc wHaque\">\n<div class=\"jXK9ad-SmKAyb jXK9ad-SmKAyb-c4YZDc\">\n<div class=\"tyJCtd baZpAe\">\n<div class=\"t3iYD\" style=\"text-align: center;\"><a href=\"http:\/\/www.lamaisondabel.fr\/index.php\/plaque-de-cuisson\/\"><img loading=\"lazy\" decoding=\"async\" class=\"aligncenter size-full wp-image-896\" src=\"http:\/\/www.lamaisondabel.fr\/wp-content\/uploads\/2019\/03\/gaz_3.jpg\" alt=\"\" width=\"224\" height=\"225\" \/><\/a><\/div>\n<\/div>\n<\/div>\n<\/div>\n<div class=\"hJDwNd-AhqUyc-II5mzb jXK9ad D2fZ2 OjCsFc wHaque L6cTce-purZT L6cTce-pSzOP\">\n<div class=\"jXK9ad-SmKAyb jXK9ad-SmKAyb-c4YZDc\">\n<div class=\"tyJCtd baZpAe\">\u00a0<\/div>\n<\/div>\n<\/div>\n<\/div>\n<\/div>\n<\/div>\n<\/div>\n<\/section>\n<section id=\"h.p_sqTk_R2MDSqt\" class=\"yaqOZd\">\n<div class=\"yaqOZd IFuOkc\">\u00a0<\/div>\n<div class=\"mYVXT\">\n<div class=\"LS81yb VICjCf\" tabindex=\"-1\">\n<div class=\"hJDwNd-AhqUyc-uQSCkd purZT-AhqUyc-II5mzb pSzOP-AhqUyc-qWD73c JNdkSc\">\n<div class=\"oKdM2c\">\n<div class=\"hJDwNd-AhqUyc-c5RTEf jXK9ad D2fZ2 OjCsFc wHaque L6cTce-purZT L6cTce-pSzOP\">\n<div class=\"jXK9ad-SmKAyb jXK9ad-SmKAyb-c4YZDc\">\n<div class=\"tyJCtd baZpAe\">\u00a0<\/div>\n<\/div>\n<\/div>\n<div id=\"h.p_TBr5qaO1DSqw\" class=\"hJDwNd-AhqUyc-qWD73c jXK9ad D2fZ2 OjCsFc wHaque\">\n<div class=\"jXK9ad-SmKAyb jXK9ad-SmKAyb-c4YZDc\">\n<div class=\"tyJCtd baZpAe\">\n<div class=\"t3iYD\">\u00a0<\/div>\n<\/div>\n<\/div>\n<\/div>\n<div class=\"hJDwNd-AhqUyc-c5RTEf jXK9ad D2fZ2 OjCsFc wHaque L6cTce-purZT L6cTce-pSzOP\">\n<div class=\"jXK9ad-SmKAyb jXK9ad-SmKAyb-c4YZDc\">\n<div class=\"tyJCtd baZpAe\">\u00a0<\/div>\n<\/div>\n<\/div>\n<\/div>\n<\/div>\n<\/div>\n<\/div>\n<\/section>\n<section id=\"h.p_DRwv2fpCDdEh\" class=\"yaqOZd\">\n<div class=\"yaqOZd IFuOkc\">\u00a0<\/div>\n<div class=\"mYVXT\">\n<div class=\"LS81yb VICjCf\" tabindex=\"-1\">\n<div class=\"hJDwNd-AhqUyc-uQSCkd purZT-AhqUyc-II5mzb pSzOP-AhqUyc-II5mzb JNdkSc\">\n<div class=\"oKdM2c\">\n<div class=\"hJDwNd-AhqUyc-II5mzb jXK9ad D2fZ2 OjCsFc wHaque L6cTce-purZT L6cTce-pSzOP\">\n<div class=\"jXK9ad-SmKAyb jXK9ad-SmKAyb-c4YZDc\">\n<div class=\"tyJCtd baZpAe\">\u00a0<\/div>\n<\/div>\n<\/div>\n<div id=\"h.p_ahfVeDkxDdEm\" class=\"hJDwNd-AhqUyc-II5mzb pSzOP-AhqUyc-II5mzb jXK9ad D2fZ2 OjCsFc wHaque\">\n<div class=\"jXK9ad-SmKAyb jXK9ad-SmKAyb-c4YZDc\">\n<div class=\"t3iYD\" style=\"text-align: center;\"><a href=\"http:\/\/www.lamaisondabel.fr\/index.php\/chauffage-electrique\/\"><img loading=\"lazy\" decoding=\"async\" class=\"aligncenter size-medium wp-image-931\" src=\"http:\/\/www.lamaisondabel.fr\/wp-content\/uploads\/2019\/03\/chauffage-300x300.jpg\" alt=\"\" width=\"300\" height=\"300\" srcset=\"https:\/\/www.lamaisondabel.fr\/wp-content\/uploads\/2019\/03\/chauffage-300x300.jpg 300w, https:\/\/www.lamaisondabel.fr\/wp-content\/uploads\/2019\/03\/chauffage-150x150.jpg 150w, https:\/\/www.lamaisondabel.fr\/wp-content\/uploads\/2019\/03\/chauffage-50x50.jpg 50w, https:\/\/www.lamaisondabel.fr\/wp-content\/uploads\/2019\/03\/chauffage.jpg 700w\" sizes=\"(max-width: 300px) 100vw, 300px\" \/><\/a> <a href=\"http:\/\/www.lamaisondabel.fr\/index.php\/les-clefs\/\"><img loading=\"lazy\" decoding=\"async\" class=\"aligncenter size-medium wp-image-932\" src=\"http:\/\/www.lamaisondabel.fr\/wp-content\/uploads\/2019\/03\/clefs.jpg\" alt=\"\" width=\"276\" height=\"183\" srcset=\"https:\/\/www.lamaisondabel.fr\/wp-content\/uploads\/2019\/03\/clefs.jpg 276w, https:\/\/www.lamaisondabel.fr\/wp-content\/uploads\/2019\/03\/clefs-50x33.jpg 50w\" sizes=\"(max-width: 276px) 100vw, 276px\" \/><\/a><\/div>\n<\/div>\n<\/div>\n<\/div>\n<\/div>\n<\/div>\n<\/div>\n<\/section>\n","protected":false},"excerpt":{"rendered":"<p>Contacter le propri\u00e9taire imm\u00e9diatement 06-51-41-02-80 Tout sera mis en oeuvre pour vous d\u00e9panner rapidement. \u00a0 \u00a0 \u00a0 \u00a0 \u00a0 \u00a0 \u00a0 \u00a0 \u00a0 \u00a0 \u00a0 \u00a0<\/p>\n","protected":false},"author":1,"featured_media":0,"parent":0,"menu_order":0,"comment_status":"closed","ping_status":"closed","template":"","meta":{"footnotes":""},"wppr_data":{"cwp_meta_box_check":"No"},"yoast_head":"<!-- This site is optimized with the Yoast SEO plugin v22.8 - https:\/\/yoast.com\/wordpress\/plugins\/seo\/ -->\n<title>Panne ! - La Maison d&#039;Abel<\/title>\n<meta name=\"robots\" content=\"index, follow, max-snippet:-1, max-image-preview:large, max-video-preview:-1\" \/>\n<link rel=\"canonical\" href=\"https:\/\/www.lamaisondabel.fr\/index.php\/panne\/\" \/>\n<meta property=\"og:locale\" content=\"fr_FR\" \/>\n<meta property=\"og:type\" content=\"article\" \/>\n<meta property=\"og:title\" content=\"Panne ! - La Maison d&#039;Abel\" \/>\n<meta property=\"og:description\" content=\"Contacter le propri\u00e9taire imm\u00e9diatement 06-51-41-02-80 Tout sera mis en oeuvre pour vous d\u00e9panner rapidement. \u00a0 \u00a0 \u00a0 \u00a0 \u00a0 \u00a0 \u00a0 \u00a0 \u00a0 \u00a0 \u00a0 \u00a0\" \/>\n<meta property=\"og:url\" content=\"https:\/\/www.lamaisondabel.fr\/index.php\/panne\/\" \/>\n<meta property=\"og:site_name\" content=\"La Maison d&#039;Abel\" \/>\n<meta property=\"article:modified_time\" content=\"2019-03-26T13:14:16+00:00\" \/>\n<meta property=\"og:image\" content=\"http:\/\/www.lamaisondabel.fr\/wp-content\/uploads\/2019\/03\/eau.jpg\" \/>\n<meta name=\"twitter:card\" content=\"summary_large_image\" \/>\n<script type=\"application\/ld+json\" class=\"yoast-schema-graph\">{\"@context\":\"https:\/\/schema.org\",\"@graph\":[{\"@type\":\"WebPage\",\"@id\":\"https:\/\/www.lamaisondabel.fr\/index.php\/panne\/\",\"url\":\"https:\/\/www.lamaisondabel.fr\/index.php\/panne\/\",\"name\":\"Panne ! - La Maison d&#039;Abel\",\"isPartOf\":{\"@id\":\"https:\/\/www.lamaisondabel.fr\/#website\"},\"primaryImageOfPage\":{\"@id\":\"https:\/\/www.lamaisondabel.fr\/index.php\/panne\/#primaryimage\"},\"image\":{\"@id\":\"https:\/\/www.lamaisondabel.fr\/index.php\/panne\/#primaryimage\"},\"thumbnailUrl\":\"http:\/\/www.lamaisondabel.fr\/wp-content\/uploads\/2019\/03\/eau.jpg\",\"datePublished\":\"2019-03-04T15:26:36+00:00\",\"dateModified\":\"2019-03-26T13:14:16+00:00\",\"breadcrumb\":{\"@id\":\"https:\/\/www.lamaisondabel.fr\/index.php\/panne\/#breadcrumb\"},\"inLanguage\":\"fr-FR\",\"potentialAction\":[{\"@type\":\"ReadAction\",\"target\":[\"https:\/\/www.lamaisondabel.fr\/index.php\/panne\/\"]}]},{\"@type\":\"ImageObject\",\"inLanguage\":\"fr-FR\",\"@id\":\"https:\/\/www.lamaisondabel.fr\/index.php\/panne\/#primaryimage\",\"url\":\"http:\/\/www.lamaisondabel.fr\/wp-content\/uploads\/2019\/03\/eau.jpg\",\"contentUrl\":\"http:\/\/www.lamaisondabel.fr\/wp-content\/uploads\/2019\/03\/eau.jpg\"},{\"@type\":\"BreadcrumbList\",\"@id\":\"https:\/\/www.lamaisondabel.fr\/index.php\/panne\/#breadcrumb\",\"itemListElement\":[{\"@type\":\"ListItem\",\"position\":1,\"name\":\"Accueil\",\"item\":\"https:\/\/www.lamaisondabel.fr\/\"},{\"@type\":\"ListItem\",\"position\":2,\"name\":\"Panne !\"}]},{\"@type\":\"WebSite\",\"@id\":\"https:\/\/www.lamaisondabel.fr\/#website\",\"url\":\"https:\/\/www.lamaisondabel.fr\/\",\"name\":\"La Maison d&#039;Abel\",\"description\":\"Lac du Salagou - Maison en location saisonni\u00e8re - Ouvert toute l&#039;ann\u00e9e.\",\"potentialAction\":[{\"@type\":\"SearchAction\",\"target\":{\"@type\":\"EntryPoint\",\"urlTemplate\":\"https:\/\/www.lamaisondabel.fr\/?s={search_term_string}\"},\"query-input\":\"required name=search_term_string\"}],\"inLanguage\":\"fr-FR\"}]}<\/script>\n<!-- \/ Yoast SEO plugin. -->","yoast_head_json":{"title":"Panne ! - La Maison d&#039;Abel","robots":{"index":"index","follow":"follow","max-snippet":"max-snippet:-1","max-image-preview":"max-image-preview:large","max-video-preview":"max-video-preview:-1"},"canonical":"https:\/\/www.lamaisondabel.fr\/index.php\/panne\/","og_locale":"fr_FR","og_type":"article","og_title":"Panne ! - La Maison d&#039;Abel","og_description":"Contacter le propri\u00e9taire imm\u00e9diatement 06-51-41-02-80 Tout sera mis en oeuvre pour vous d\u00e9panner rapidement. \u00a0 \u00a0 \u00a0 \u00a0 \u00a0 \u00a0 \u00a0 \u00a0 \u00a0 \u00a0 \u00a0 \u00a0","og_url":"https:\/\/www.lamaisondabel.fr\/index.php\/panne\/","og_site_name":"La Maison d&#039;Abel","article_modified_time":"2019-03-26T13:14:16+00:00","og_image":[{"url":"http:\/\/www.lamaisondabel.fr\/wp-content\/uploads\/2019\/03\/eau.jpg"}],"twitter_card":"summary_large_image","schema":{"@context":"https:\/\/schema.org","@graph":[{"@type":"WebPage","@id":"https:\/\/www.lamaisondabel.fr\/index.php\/panne\/","url":"https:\/\/www.lamaisondabel.fr\/index.php\/panne\/","name":"Panne ! - La Maison d&#039;Abel","isPartOf":{"@id":"https:\/\/www.lamaisondabel.fr\/#website"},"primaryImageOfPage":{"@id":"https:\/\/www.lamaisondabel.fr\/index.php\/panne\/#primaryimage"},"image":{"@id":"https:\/\/www.lamaisondabel.fr\/index.php\/panne\/#primaryimage"},"thumbnailUrl":"http:\/\/www.lamaisondabel.fr\/wp-content\/uploads\/2019\/03\/eau.jpg","datePublished":"2019-03-04T15:26:36+00:00","dateModified":"2019-03-26T13:14:16+00:00","breadcrumb":{"@id":"https:\/\/www.lamaisondabel.fr\/index.php\/panne\/#breadcrumb"},"inLanguage":"fr-FR","potentialAction":[{"@type":"ReadAction","target":["https:\/\/www.lamaisondabel.fr\/index.php\/panne\/"]}]},{"@type":"ImageObject","inLanguage":"fr-FR","@id":"https:\/\/www.lamaisondabel.fr\/index.php\/panne\/#primaryimage","url":"http:\/\/www.lamaisondabel.fr\/wp-content\/uploads\/2019\/03\/eau.jpg","contentUrl":"http:\/\/www.lamaisondabel.fr\/wp-content\/uploads\/2019\/03\/eau.jpg"},{"@type":"BreadcrumbList","@id":"https:\/\/www.lamaisondabel.fr\/index.php\/panne\/#breadcrumb","itemListElement":[{"@type":"ListItem","position":1,"name":"Accueil","item":"https:\/\/www.lamaisondabel.fr\/"},{"@type":"ListItem","position":2,"name":"Panne !"}]},{"@type":"WebSite","@id":"https:\/\/www.lamaisondabel.fr\/#website","url":"https:\/\/www.lamaisondabel.fr\/","name":"La Maison d&#039;Abel","description":"Lac du Salagou - Maison en location saisonni\u00e8re - Ouvert toute l&#039;ann\u00e9e.","potentialAction":[{"@type":"SearchAction","target":{"@type":"EntryPoint","urlTemplate":"https:\/\/www.lamaisondabel.fr\/?s={search_term_string}"},"query-input":"required name=search_term_string"}],"inLanguage":"fr-FR"}]}},"_links":{"self":[{"href":"https:\/\/www.lamaisondabel.fr\/index.php\/wp-json\/wp\/v2\/pages\/417"}],"collection":[{"href":"https:\/\/www.lamaisondabel.fr\/index.php\/wp-json\/wp\/v2\/pages"}],"about":[{"href":"https:\/\/www.lamaisondabel.fr\/index.php\/wp-json\/wp\/v2\/types\/page"}],"author":[{"embeddable":true,"href":"https:\/\/www.lamaisondabel.fr\/index.php\/wp-json\/wp\/v2\/users\/1"}],"replies":[{"embeddable":true,"href":"https:\/\/www.lamaisondabel.fr\/index.php\/wp-json\/wp\/v2\/comments?post=417"}],"version-history":[{"count":8,"href":"https:\/\/www.lamaisondabel.fr\/index.php\/wp-json\/wp\/v2\/pages\/417\/revisions"}],"predecessor-version":[{"id":1567,"href":"https:\/\/www.lamaisondabel.fr\/index.php\/wp-json\/wp\/v2\/pages\/417\/revisions\/1567"}],"wp:attachment":[{"href":"https:\/\/www.lamaisondabel.fr\/index.php\/wp-json\/wp\/v2\/media?parent=417"}],"curies":[{"name":"wp","href":"https:\/\/api.w.org\/{rel}","templated":true}]}}