{"id":54,"date":"2019-03-03T17:25:14","date_gmt":"2019-03-03T17:25:14","guid":{"rendered":"http:\/\/www.lamaisondabel.fr\/wordpress_o\/?page_id=54"},"modified":"2023-06-13T07:20:07","modified_gmt":"2023-06-13T07:20:07","slug":"televisions-et-lecteur-dvd","status":"publish","type":"page","link":"https:\/\/www.lamaisondabel.fr\/index.php\/televisions-et-lecteur-dvd\/","title":{"rendered":"Trois t\u00e9l\u00e9visions"},"content":{"rendered":"<p style=\"text-align: center;\"><img loading=\"lazy\" decoding=\"async\" class=\"aligncenter size-medium wp-image-995\" src=\"http:\/\/www.lamaisondabel.fr\/wp-content\/uploads\/2019\/03\/samsung-300x300.jpg\" alt=\"\" width=\"300\" height=\"300\" srcset=\"https:\/\/www.lamaisondabel.fr\/wp-content\/uploads\/2019\/03\/samsung-300x300.jpg 300w, https:\/\/www.lamaisondabel.fr\/wp-content\/uploads\/2019\/03\/samsung-150x150.jpg 150w, https:\/\/www.lamaisondabel.fr\/wp-content\/uploads\/2019\/03\/samsung-50x50.jpg 50w, https:\/\/www.lamaisondabel.fr\/wp-content\/uploads\/2019\/03\/samsung.jpg 600w\" sizes=\"(max-width: 300px) 100vw, 300px\" \/><\/p>\n<p>&nbsp;<\/p>\n<ul class=\"n8H08c UVNKR\">\n<li id=\"h.p_RDEYPD1GbMln\" class=\"zfr3Q TYR86d\"><a href=\"http:\/\/www.lamaisondabel.fr\/index.php\/le-sejour\/\">S\u00e9jour<\/a> TV Samsung\u00a0 grand \u00e9cran 55 pouces<\/li>\n<li id=\"h.p_AgwYN_hkbXEN\" class=\"zfr3Q TYR86d\"><a href=\"http:\/\/www.lamaisondabel.fr\/index.php\/deux-chambres\/\">Chambre un lit<\/a> : TV Samsung \u00e9cran plat<\/li>\n<li id=\"h.p_3Q1OBsTzbcCF\" class=\"zfr3Q TYR86d\"><a href=\"http:\/\/www.lamaisondabel.fr\/index.php\/deux-chambres\/\">Chambre deux lits<\/a> : TV Samsung \u00e9cran plat<\/li>\n<\/ul>\n<p>&nbsp;<\/p>\n<p>&nbsp;<\/p>\n<p>&nbsp;<\/p>\n<p style=\"text-align: center;\"><img loading=\"lazy\" decoding=\"async\" class=\"aligncenter size-medium wp-image-817\" src=\"http:\/\/www.lamaisondabel.fr\/wp-content\/uploads\/2019\/03\/samsung-300x99.png\" alt=\"\" width=\"300\" height=\"99\" srcset=\"https:\/\/www.lamaisondabel.fr\/wp-content\/uploads\/2019\/03\/samsung-300x99.png 300w, https:\/\/www.lamaisondabel.fr\/wp-content\/uploads\/2019\/03\/samsung-50x17.png 50w, https:\/\/www.lamaisondabel.fr\/wp-content\/uploads\/2019\/03\/samsung.png 390w\" sizes=\"(max-width: 300px) 100vw, 300px\" \/><\/p>\n","protected":false},"excerpt":{"rendered":"<p>&nbsp; S\u00e9jour TV Samsung\u00a0 grand \u00e9cran 55 pouces Chambre un lit : TV Samsung \u00e9cran plat Chambre deux lits : TV Samsung \u00e9cran plat &nbsp; &nbsp; &nbsp;<\/p>\n","protected":false},"author":1,"featured_media":0,"parent":0,"menu_order":0,"comment_status":"closed","ping_status":"closed","template":"","meta":{"footnotes":""},"wppr_data":{"cwp_meta_box_check":"No"},"yoast_head":"<!-- This site is optimized with the Yoast SEO plugin v22.8 - https:\/\/yoast.com\/wordpress\/plugins\/seo\/ -->\n<title>Trois t\u00e9l\u00e9visions - La Maison d&#039;Abel<\/title>\n<meta name=\"robots\" content=\"index, follow, max-snippet:-1, max-image-preview:large, max-video-preview:-1\" \/>\n<link rel=\"canonical\" href=\"https:\/\/www.lamaisondabel.fr\/index.php\/televisions-et-lecteur-dvd\/\" \/>\n<meta property=\"og:locale\" content=\"fr_FR\" \/>\n<meta property=\"og:type\" content=\"article\" \/>\n<meta property=\"og:title\" content=\"Trois t\u00e9l\u00e9visions - La Maison d&#039;Abel\" \/>\n<meta property=\"og:description\" content=\"&nbsp; S\u00e9jour TV Samsung\u00a0 grand \u00e9cran 55 pouces Chambre un lit : TV Samsung \u00e9cran plat Chambre deux lits : TV Samsung \u00e9cran plat &nbsp; &nbsp; &nbsp;\" \/>\n<meta property=\"og:url\" content=\"https:\/\/www.lamaisondabel.fr\/index.php\/televisions-et-lecteur-dvd\/\" \/>\n<meta property=\"og:site_name\" content=\"La Maison d&#039;Abel\" \/>\n<meta property=\"article:modified_time\" content=\"2023-06-13T07:20:07+00:00\" \/>\n<meta property=\"og:image\" content=\"http:\/\/www.lamaisondabel.fr\/wp-content\/uploads\/2019\/03\/samsung-300x300.jpg\" \/>\n<meta name=\"twitter:card\" content=\"summary_large_image\" \/>\n<meta name=\"twitter:label1\" content=\"Dur\u00e9e de lecture estim\u00e9e\" \/>\n\t<meta name=\"twitter:data1\" content=\"1 minute\" \/>\n<script type=\"application\/ld+json\" class=\"yoast-schema-graph\">{\"@context\":\"https:\/\/schema.org\",\"@graph\":[{\"@type\":\"WebPage\",\"@id\":\"https:\/\/www.lamaisondabel.fr\/index.php\/televisions-et-lecteur-dvd\/\",\"url\":\"https:\/\/www.lamaisondabel.fr\/index.php\/televisions-et-lecteur-dvd\/\",\"name\":\"Trois t\u00e9l\u00e9visions - La Maison d&#039;Abel\",\"isPartOf\":{\"@id\":\"https:\/\/www.lamaisondabel.fr\/#website\"},\"primaryImageOfPage\":{\"@id\":\"https:\/\/www.lamaisondabel.fr\/index.php\/televisions-et-lecteur-dvd\/#primaryimage\"},\"image\":{\"@id\":\"https:\/\/www.lamaisondabel.fr\/index.php\/televisions-et-lecteur-dvd\/#primaryimage\"},\"thumbnailUrl\":\"http:\/\/www.lamaisondabel.fr\/wp-content\/uploads\/2019\/03\/samsung-300x300.jpg\",\"datePublished\":\"2019-03-03T17:25:14+00:00\",\"dateModified\":\"2023-06-13T07:20:07+00:00\",\"breadcrumb\":{\"@id\":\"https:\/\/www.lamaisondabel.fr\/index.php\/televisions-et-lecteur-dvd\/#breadcrumb\"},\"inLanguage\":\"fr-FR\",\"potentialAction\":[{\"@type\":\"ReadAction\",\"target\":[\"https:\/\/www.lamaisondabel.fr\/index.php\/televisions-et-lecteur-dvd\/\"]}]},{\"@type\":\"ImageObject\",\"inLanguage\":\"fr-FR\",\"@id\":\"https:\/\/www.lamaisondabel.fr\/index.php\/televisions-et-lecteur-dvd\/#primaryimage\",\"url\":\"https:\/\/www.lamaisondabel.fr\/wp-content\/uploads\/2019\/03\/samsung.jpg\",\"contentUrl\":\"https:\/\/www.lamaisondabel.fr\/wp-content\/uploads\/2019\/03\/samsung.jpg\",\"width\":600,\"height\":600},{\"@type\":\"BreadcrumbList\",\"@id\":\"https:\/\/www.lamaisondabel.fr\/index.php\/televisions-et-lecteur-dvd\/#breadcrumb\",\"itemListElement\":[{\"@type\":\"ListItem\",\"position\":1,\"name\":\"Accueil\",\"item\":\"https:\/\/www.lamaisondabel.fr\/\"},{\"@type\":\"ListItem\",\"position\":2,\"name\":\"Trois t\u00e9l\u00e9visions\"}]},{\"@type\":\"WebSite\",\"@id\":\"https:\/\/www.lamaisondabel.fr\/#website\",\"url\":\"https:\/\/www.lamaisondabel.fr\/\",\"name\":\"La Maison d&#039;Abel\",\"description\":\"Lac du Salagou - Maison en location saisonni\u00e8re - Ouvert toute l&#039;ann\u00e9e.\",\"potentialAction\":[{\"@type\":\"SearchAction\",\"target\":{\"@type\":\"EntryPoint\",\"urlTemplate\":\"https:\/\/www.lamaisondabel.fr\/?s={search_term_string}\"},\"query-input\":\"required name=search_term_string\"}],\"inLanguage\":\"fr-FR\"}]}<\/script>\n<!-- \/ Yoast SEO plugin. -->","yoast_head_json":{"title":"Trois t\u00e9l\u00e9visions - La Maison d&#039;Abel","robots":{"index":"index","follow":"follow","max-snippet":"max-snippet:-1","max-image-preview":"max-image-preview:large","max-video-preview":"max-video-preview:-1"},"canonical":"https:\/\/www.lamaisondabel.fr\/index.php\/televisions-et-lecteur-dvd\/","og_locale":"fr_FR","og_type":"article","og_title":"Trois t\u00e9l\u00e9visions - La Maison d&#039;Abel","og_description":"&nbsp; S\u00e9jour TV Samsung\u00a0 grand \u00e9cran 55 pouces Chambre un lit : TV Samsung \u00e9cran plat Chambre deux lits : TV Samsung \u00e9cran plat &nbsp; &nbsp; &nbsp;","og_url":"https:\/\/www.lamaisondabel.fr\/index.php\/televisions-et-lecteur-dvd\/","og_site_name":"La Maison d&#039;Abel","article_modified_time":"2023-06-13T07:20:07+00:00","og_image":[{"url":"http:\/\/www.lamaisondabel.fr\/wp-content\/uploads\/2019\/03\/samsung-300x300.jpg"}],"twitter_card":"summary_large_image","twitter_misc":{"Dur\u00e9e de lecture estim\u00e9e":"1 minute"},"schema":{"@context":"https:\/\/schema.org","@graph":[{"@type":"WebPage","@id":"https:\/\/www.lamaisondabel.fr\/index.php\/televisions-et-lecteur-dvd\/","url":"https:\/\/www.lamaisondabel.fr\/index.php\/televisions-et-lecteur-dvd\/","name":"Trois t\u00e9l\u00e9visions - La Maison d&#039;Abel","isPartOf":{"@id":"https:\/\/www.lamaisondabel.fr\/#website"},"primaryImageOfPage":{"@id":"https:\/\/www.lamaisondabel.fr\/index.php\/televisions-et-lecteur-dvd\/#primaryimage"},"image":{"@id":"https:\/\/www.lamaisondabel.fr\/index.php\/televisions-et-lecteur-dvd\/#primaryimage"},"thumbnailUrl":"http:\/\/www.lamaisondabel.fr\/wp-content\/uploads\/2019\/03\/samsung-300x300.jpg","datePublished":"2019-03-03T17:25:14+00:00","dateModified":"2023-06-13T07:20:07+00:00","breadcrumb":{"@id":"https:\/\/www.lamaisondabel.fr\/index.php\/televisions-et-lecteur-dvd\/#breadcrumb"},"inLanguage":"fr-FR","potentialAction":[{"@type":"ReadAction","target":["https:\/\/www.lamaisondabel.fr\/index.php\/televisions-et-lecteur-dvd\/"]}]},{"@type":"ImageObject","inLanguage":"fr-FR","@id":"https:\/\/www.lamaisondabel.fr\/index.php\/televisions-et-lecteur-dvd\/#primaryimage","url":"https:\/\/www.lamaisondabel.fr\/wp-content\/uploads\/2019\/03\/samsung.jpg","contentUrl":"https:\/\/www.lamaisondabel.fr\/wp-content\/uploads\/2019\/03\/samsung.jpg","width":600,"height":600},{"@type":"BreadcrumbList","@id":"https:\/\/www.lamaisondabel.fr\/index.php\/televisions-et-lecteur-dvd\/#breadcrumb","itemListElement":[{"@type":"ListItem","position":1,"name":"Accueil","item":"https:\/\/www.lamaisondabel.fr\/"},{"@type":"ListItem","position":2,"name":"Trois t\u00e9l\u00e9visions"}]},{"@type":"WebSite","@id":"https:\/\/www.lamaisondabel.fr\/#website","url":"https:\/\/www.lamaisondabel.fr\/","name":"La Maison d&#039;Abel","description":"Lac du Salagou - Maison en location saisonni\u00e8re - Ouvert toute l&#039;ann\u00e9e.","potentialAction":[{"@type":"SearchAction","target":{"@type":"EntryPoint","urlTemplate":"https:\/\/www.lamaisondabel.fr\/?s={search_term_string}"},"query-input":"required name=search_term_string"}],"inLanguage":"fr-FR"}]}},"_links":{"self":[{"href":"https:\/\/www.lamaisondabel.fr\/index.php\/wp-json\/wp\/v2\/pages\/54"}],"collection":[{"href":"https:\/\/www.lamaisondabel.fr\/index.php\/wp-json\/wp\/v2\/pages"}],"about":[{"href":"https:\/\/www.lamaisondabel.fr\/index.php\/wp-json\/wp\/v2\/types\/page"}],"author":[{"embeddable":true,"href":"https:\/\/www.lamaisondabel.fr\/index.php\/wp-json\/wp\/v2\/users\/1"}],"replies":[{"embeddable":true,"href":"https:\/\/www.lamaisondabel.fr\/index.php\/wp-json\/wp\/v2\/comments?post=54"}],"version-history":[{"count":10,"href":"https:\/\/www.lamaisondabel.fr\/index.php\/wp-json\/wp\/v2\/pages\/54\/revisions"}],"predecessor-version":[{"id":2003,"href":"https:\/\/www.lamaisondabel.fr\/index.php\/wp-json\/wp\/v2\/pages\/54\/revisions\/2003"}],"wp:attachment":[{"href":"https:\/\/www.lamaisondabel.fr\/index.php\/wp-json\/wp\/v2\/media?parent=54"}],"curies":[{"name":"wp","href":"https:\/\/api.w.org\/{rel}","templated":true}]}}