{"id":58,"date":"2019-03-03T17:26:50","date_gmt":"2019-03-03T17:26:50","guid":{"rendered":"http:\/\/www.lamaisondabel.fr\/wordpress_o\/?page_id=58"},"modified":"2023-12-31T14:21:40","modified_gmt":"2023-12-31T14:21:40","slug":"un-lave-linge","status":"publish","type":"page","link":"https:\/\/www.lamaisondabel.fr\/index.php\/un-lave-linge\/","title":{"rendered":"Un lave linge (conditions)"},"content":{"rendered":"<p style=\"text-align: center;\"><img loading=\"lazy\" decoding=\"async\" class=\"aligncenter size-full wp-image-491\" src=\"http:\/\/www.lamaisondabel.fr\/wordpress_o\/wp-content\/uploads\/2019\/03\/lave_linge.png\" alt=\"\" width=\"213\" height=\"237\" srcset=\"https:\/\/www.lamaisondabel.fr\/wp-content\/uploads\/2019\/03\/lave_linge.png 213w, https:\/\/www.lamaisondabel.fr\/wp-content\/uploads\/2019\/03\/lave_linge-45x50.png 45w\" sizes=\"(max-width: 213px) 100vw, 213px\" \/><\/p>\n<p id=\"h.p_MBBLklS5C6dc\" class=\"zfr3Q\">Tout est pr\u00e9vu pour le nettoyage du linge pendant vos s\u00e9jours, vous trouverez<\/p>\n<ul class=\"n8H08c UVNKR\">\n<li id=\"h.p_SsTHOoCeC_UM\" class=\"zfr3Q TYR86d\">Un lave linge (gratuit pour les s\u00e9jours de plus de 3 nuits), sur demande ou Payant (5\u20ac)<\/li>\n<li id=\"h.p_BFw0NjMaC_UO\" class=\"zfr3Q TYR86d\">Un \u00e9tendoir \u00e0 linge et pinces<\/li>\n<li id=\"h.p_3ODV_pPqC_UP\" class=\"zfr3Q TYR86d\">Un fer \u00e0 repasser,<\/li>\n<li id=\"h.p_sTLhz0lglKX9\" class=\"zfr3Q TYR86d\">Un d\u00e9froisseur vapeur sur pied.<\/li>\n<li id=\"h.p_P9bViticC_UQ\" class=\"zfr3Q TYR86d\">Une table \u00e0 repasser,<\/li>\n<li id=\"h.p_cQl8MQWnC_UV\" class=\"zfr3Q TYR86d\">Un support \u00e0 linge (cinq niveaux),<\/li>\n<li id=\"h.p_HJyUIwclC_UY\" class=\"zfr3Q TYR86d\">Pr\u00e9voyez votre savon !<\/li>\n<\/ul>\n<p><img loading=\"lazy\" decoding=\"async\" class=\"aligncenter size-full wp-image-494\" src=\"http:\/\/www.lamaisondabel.fr\/wp-content\/uploads\/2019\/03\/linge_4.jpg\" alt=\"\" width=\"170\" height=\"170\" srcset=\"https:\/\/www.lamaisondabel.fr\/wp-content\/uploads\/2019\/03\/linge_4.jpg 170w, https:\/\/www.lamaisondabel.fr\/wp-content\/uploads\/2019\/03\/linge_4-150x150.jpg 150w, https:\/\/www.lamaisondabel.fr\/wp-content\/uploads\/2019\/03\/linge_4-50x50.jpg 50w\" sizes=\"(max-width: 170px) 100vw, 170px\" \/> <img loading=\"lazy\" decoding=\"async\" class=\"aligncenter size-full wp-image-495\" src=\"http:\/\/www.lamaisondabel.fr\/wp-content\/uploads\/2019\/03\/linge_5.png\" alt=\"\" width=\"170\" height=\"225\" srcset=\"https:\/\/www.lamaisondabel.fr\/wp-content\/uploads\/2019\/03\/linge_5.png 170w, https:\/\/www.lamaisondabel.fr\/wp-content\/uploads\/2019\/03\/linge_5-38x50.png 38w\" sizes=\"(max-width: 170px) 100vw, 170px\" \/> <img loading=\"lazy\" decoding=\"async\" class=\"aligncenter size-full wp-image-493\" src=\"http:\/\/www.lamaisondabel.fr\/wp-content\/uploads\/2019\/03\/linge_3.jpg\" alt=\"\" width=\"170\" height=\"152\" srcset=\"https:\/\/www.lamaisondabel.fr\/wp-content\/uploads\/2019\/03\/linge_3.jpg 170w, https:\/\/www.lamaisondabel.fr\/wp-content\/uploads\/2019\/03\/linge_3-50x45.jpg 50w\" sizes=\"(max-width: 170px) 100vw, 170px\" \/> <img loading=\"lazy\" decoding=\"async\" class=\"aligncenter size-full wp-image-492\" src=\"http:\/\/www.lamaisondabel.fr\/wp-content\/uploads\/2019\/03\/line_2.jpg\" alt=\"\" width=\"170\" height=\"67\" srcset=\"https:\/\/www.lamaisondabel.fr\/wp-content\/uploads\/2019\/03\/line_2.jpg 170w, https:\/\/www.lamaisondabel.fr\/wp-content\/uploads\/2019\/03\/line_2-50x20.jpg 50w\" sizes=\"(max-width: 170px) 100vw, 170px\" \/><\/p>\n","protected":false},"excerpt":{"rendered":"<p>Tout est pr\u00e9vu pour le nettoyage du linge pendant vos s\u00e9jours, vous trouverez Un lave linge (gratuit pour les s\u00e9jours de plus de 3 nuits), sur demande ou Payant (5\u20ac) Un \u00e9tendoir \u00e0 linge et pinces Un fer \u00e0 repasser, Un d\u00e9froisseur vapeur sur pied. Une table \u00e0 repasser, Un support \u00e0 linge (cinq niveaux), [&hellip;]<\/p>\n","protected":false},"author":1,"featured_media":0,"parent":0,"menu_order":0,"comment_status":"closed","ping_status":"closed","template":"","meta":{"footnotes":""},"wppr_data":{"cwp_meta_box_check":"No"},"yoast_head":"<!-- This site is optimized with the Yoast SEO plugin v22.8 - https:\/\/yoast.com\/wordpress\/plugins\/seo\/ -->\n<title>Un lave linge (conditions) - La Maison d&#039;Abel<\/title>\n<meta name=\"robots\" content=\"index, follow, max-snippet:-1, max-image-preview:large, max-video-preview:-1\" \/>\n<link rel=\"canonical\" href=\"https:\/\/www.lamaisondabel.fr\/index.php\/un-lave-linge\/\" \/>\n<meta property=\"og:locale\" content=\"fr_FR\" \/>\n<meta property=\"og:type\" content=\"article\" \/>\n<meta property=\"og:title\" content=\"Un lave linge (conditions) - La Maison d&#039;Abel\" \/>\n<meta property=\"og:description\" content=\"Tout est pr\u00e9vu pour le nettoyage du linge pendant vos s\u00e9jours, vous trouverez Un lave linge (gratuit pour les s\u00e9jours de plus de 3 nuits), sur demande ou Payant (5\u20ac) Un \u00e9tendoir \u00e0 linge et pinces Un fer \u00e0 repasser, Un d\u00e9froisseur vapeur sur pied. Une table \u00e0 repasser, Un support \u00e0 linge (cinq niveaux), [&hellip;]\" \/>\n<meta property=\"og:url\" content=\"https:\/\/www.lamaisondabel.fr\/index.php\/un-lave-linge\/\" \/>\n<meta property=\"og:site_name\" content=\"La Maison d&#039;Abel\" \/>\n<meta property=\"article:modified_time\" content=\"2023-12-31T14:21:40+00:00\" \/>\n<meta property=\"og:image\" content=\"http:\/\/www.lamaisondabel.fr\/wordpress_o\/wp-content\/uploads\/2019\/03\/lave_linge.png\" \/>\n<meta name=\"twitter:card\" content=\"summary_large_image\" \/>\n<meta name=\"twitter:label1\" content=\"Dur\u00e9e de lecture estim\u00e9e\" \/>\n\t<meta name=\"twitter:data1\" content=\"2 minutes\" \/>\n<script type=\"application\/ld+json\" class=\"yoast-schema-graph\">{\"@context\":\"https:\/\/schema.org\",\"@graph\":[{\"@type\":\"WebPage\",\"@id\":\"https:\/\/www.lamaisondabel.fr\/index.php\/un-lave-linge\/\",\"url\":\"https:\/\/www.lamaisondabel.fr\/index.php\/un-lave-linge\/\",\"name\":\"Un lave linge (conditions) - La Maison d&#039;Abel\",\"isPartOf\":{\"@id\":\"https:\/\/www.lamaisondabel.fr\/#website\"},\"primaryImageOfPage\":{\"@id\":\"https:\/\/www.lamaisondabel.fr\/index.php\/un-lave-linge\/#primaryimage\"},\"image\":{\"@id\":\"https:\/\/www.lamaisondabel.fr\/index.php\/un-lave-linge\/#primaryimage\"},\"thumbnailUrl\":\"http:\/\/www.lamaisondabel.fr\/wordpress_o\/wp-content\/uploads\/2019\/03\/lave_linge.png\",\"datePublished\":\"2019-03-03T17:26:50+00:00\",\"dateModified\":\"2023-12-31T14:21:40+00:00\",\"breadcrumb\":{\"@id\":\"https:\/\/www.lamaisondabel.fr\/index.php\/un-lave-linge\/#breadcrumb\"},\"inLanguage\":\"fr-FR\",\"potentialAction\":[{\"@type\":\"ReadAction\",\"target\":[\"https:\/\/www.lamaisondabel.fr\/index.php\/un-lave-linge\/\"]}]},{\"@type\":\"ImageObject\",\"inLanguage\":\"fr-FR\",\"@id\":\"https:\/\/www.lamaisondabel.fr\/index.php\/un-lave-linge\/#primaryimage\",\"url\":\"https:\/\/www.lamaisondabel.fr\/wp-content\/uploads\/2019\/03\/lave_linge.png\",\"contentUrl\":\"https:\/\/www.lamaisondabel.fr\/wp-content\/uploads\/2019\/03\/lave_linge.png\",\"width\":213,\"height\":237},{\"@type\":\"BreadcrumbList\",\"@id\":\"https:\/\/www.lamaisondabel.fr\/index.php\/un-lave-linge\/#breadcrumb\",\"itemListElement\":[{\"@type\":\"ListItem\",\"position\":1,\"name\":\"Accueil\",\"item\":\"https:\/\/www.lamaisondabel.fr\/\"},{\"@type\":\"ListItem\",\"position\":2,\"name\":\"Un lave linge (conditions)\"}]},{\"@type\":\"WebSite\",\"@id\":\"https:\/\/www.lamaisondabel.fr\/#website\",\"url\":\"https:\/\/www.lamaisondabel.fr\/\",\"name\":\"La Maison d&#039;Abel\",\"description\":\"Lac du Salagou - Maison en location saisonni\u00e8re - Ouvert toute l&#039;ann\u00e9e.\",\"potentialAction\":[{\"@type\":\"SearchAction\",\"target\":{\"@type\":\"EntryPoint\",\"urlTemplate\":\"https:\/\/www.lamaisondabel.fr\/?s={search_term_string}\"},\"query-input\":\"required name=search_term_string\"}],\"inLanguage\":\"fr-FR\"}]}<\/script>\n<!-- \/ Yoast SEO plugin. -->","yoast_head_json":{"title":"Un lave linge (conditions) - La Maison d&#039;Abel","robots":{"index":"index","follow":"follow","max-snippet":"max-snippet:-1","max-image-preview":"max-image-preview:large","max-video-preview":"max-video-preview:-1"},"canonical":"https:\/\/www.lamaisondabel.fr\/index.php\/un-lave-linge\/","og_locale":"fr_FR","og_type":"article","og_title":"Un lave linge (conditions) - La Maison d&#039;Abel","og_description":"Tout est pr\u00e9vu pour le nettoyage du linge pendant vos s\u00e9jours, vous trouverez Un lave linge (gratuit pour les s\u00e9jours de plus de 3 nuits), sur demande ou Payant (5\u20ac) Un \u00e9tendoir \u00e0 linge et pinces Un fer \u00e0 repasser, Un d\u00e9froisseur vapeur sur pied. Une table \u00e0 repasser, Un support \u00e0 linge (cinq niveaux), [&hellip;]","og_url":"https:\/\/www.lamaisondabel.fr\/index.php\/un-lave-linge\/","og_site_name":"La Maison d&#039;Abel","article_modified_time":"2023-12-31T14:21:40+00:00","og_image":[{"url":"http:\/\/www.lamaisondabel.fr\/wordpress_o\/wp-content\/uploads\/2019\/03\/lave_linge.png"}],"twitter_card":"summary_large_image","twitter_misc":{"Dur\u00e9e de lecture estim\u00e9e":"2 minutes"},"schema":{"@context":"https:\/\/schema.org","@graph":[{"@type":"WebPage","@id":"https:\/\/www.lamaisondabel.fr\/index.php\/un-lave-linge\/","url":"https:\/\/www.lamaisondabel.fr\/index.php\/un-lave-linge\/","name":"Un lave linge (conditions) - La Maison d&#039;Abel","isPartOf":{"@id":"https:\/\/www.lamaisondabel.fr\/#website"},"primaryImageOfPage":{"@id":"https:\/\/www.lamaisondabel.fr\/index.php\/un-lave-linge\/#primaryimage"},"image":{"@id":"https:\/\/www.lamaisondabel.fr\/index.php\/un-lave-linge\/#primaryimage"},"thumbnailUrl":"http:\/\/www.lamaisondabel.fr\/wordpress_o\/wp-content\/uploads\/2019\/03\/lave_linge.png","datePublished":"2019-03-03T17:26:50+00:00","dateModified":"2023-12-31T14:21:40+00:00","breadcrumb":{"@id":"https:\/\/www.lamaisondabel.fr\/index.php\/un-lave-linge\/#breadcrumb"},"inLanguage":"fr-FR","potentialAction":[{"@type":"ReadAction","target":["https:\/\/www.lamaisondabel.fr\/index.php\/un-lave-linge\/"]}]},{"@type":"ImageObject","inLanguage":"fr-FR","@id":"https:\/\/www.lamaisondabel.fr\/index.php\/un-lave-linge\/#primaryimage","url":"https:\/\/www.lamaisondabel.fr\/wp-content\/uploads\/2019\/03\/lave_linge.png","contentUrl":"https:\/\/www.lamaisondabel.fr\/wp-content\/uploads\/2019\/03\/lave_linge.png","width":213,"height":237},{"@type":"BreadcrumbList","@id":"https:\/\/www.lamaisondabel.fr\/index.php\/un-lave-linge\/#breadcrumb","itemListElement":[{"@type":"ListItem","position":1,"name":"Accueil","item":"https:\/\/www.lamaisondabel.fr\/"},{"@type":"ListItem","position":2,"name":"Un lave linge (conditions)"}]},{"@type":"WebSite","@id":"https:\/\/www.lamaisondabel.fr\/#website","url":"https:\/\/www.lamaisondabel.fr\/","name":"La Maison d&#039;Abel","description":"Lac du Salagou - Maison en location saisonni\u00e8re - Ouvert toute l&#039;ann\u00e9e.","potentialAction":[{"@type":"SearchAction","target":{"@type":"EntryPoint","urlTemplate":"https:\/\/www.lamaisondabel.fr\/?s={search_term_string}"},"query-input":"required name=search_term_string"}],"inLanguage":"fr-FR"}]}},"_links":{"self":[{"href":"https:\/\/www.lamaisondabel.fr\/index.php\/wp-json\/wp\/v2\/pages\/58"}],"collection":[{"href":"https:\/\/www.lamaisondabel.fr\/index.php\/wp-json\/wp\/v2\/pages"}],"about":[{"href":"https:\/\/www.lamaisondabel.fr\/index.php\/wp-json\/wp\/v2\/types\/page"}],"author":[{"embeddable":true,"href":"https:\/\/www.lamaisondabel.fr\/index.php\/wp-json\/wp\/v2\/users\/1"}],"replies":[{"embeddable":true,"href":"https:\/\/www.lamaisondabel.fr\/index.php\/wp-json\/wp\/v2\/comments?post=58"}],"version-history":[{"count":14,"href":"https:\/\/www.lamaisondabel.fr\/index.php\/wp-json\/wp\/v2\/pages\/58\/revisions"}],"predecessor-version":[{"id":2038,"href":"https:\/\/www.lamaisondabel.fr\/index.php\/wp-json\/wp\/v2\/pages\/58\/revisions\/2038"}],"wp:attachment":[{"href":"https:\/\/www.lamaisondabel.fr\/index.php\/wp-json\/wp\/v2\/media?parent=58"}],"curies":[{"name":"wp","href":"https:\/\/api.w.org\/{rel}","templated":true}]}}