{"id":6,"date":"2019-03-03T17:13:01","date_gmt":"2019-03-03T17:13:01","guid":{"rendered":"http:\/\/www.lamaisondabel.fr\/wordpress_o\/?page_id=6"},"modified":"2026-03-29T11:10:33","modified_gmt":"2026-03-29T11:10:33","slug":"la-maison-dabel-2","status":"publish","type":"page","link":"https:\/\/www.lamaisondabel.fr\/","title":{"rendered":""},"content":{"rendered":"<h1 style=\"text-align: center;\">2026<\/h1>\n<h1 style=\"text-align: center;\"><span style=\"color: #0000ff; font-family: impact, sans-serif; font-size: 36px;\">Bienvenue \u00e0 la Maison d&#8217;Abel<\/span><\/h1>\n<h1 style=\"text-align: center;\"><span style=\"color: #0000ff; font-family: impact, sans-serif; font-size: 60px;\"><span style=\"font-size: 36px;\">G\u00eete ouvert toute l&#8217;ann\u00e9e<\/span><br \/>\n<\/span><\/h1>\n<p style=\"text-align: center;\"><span style=\"font-size: 28px; color: #339966;\">Maison ind\u00e9pendante \u00e0 la campagne<\/span><\/p>\n<p style=\"text-align: center;\">\u00a0<\/p>\n<p style=\"text-align: center;\">En location saisonni\u00e8re depuis vingt ans cette ann\u00e9e.<\/p>\n<p>&nbsp;<\/p>\n<p style=\"text-align: center;\">Votre maison de vacances id\u00e9ale pour des s\u00e9jours inoubliables !<\/p>\n<p style=\"text-align: center;\"><img loading=\"lazy\" decoding=\"async\" class=\"aligncenter wp-image-2155 size-large\" src=\"https:\/\/www.lamaisondabel.fr\/wp-content\/uploads\/2024\/06\/Arnaud-Reichert-Photographe-Small-21-1024x683.jpg\" alt=\"\" width=\"810\" height=\"540\" srcset=\"https:\/\/www.lamaisondabel.fr\/wp-content\/uploads\/2024\/06\/Arnaud-Reichert-Photographe-Small-21-1024x683.jpg 1024w, https:\/\/www.lamaisondabel.fr\/wp-content\/uploads\/2024\/06\/Arnaud-Reichert-Photographe-Small-21-300x200.jpg 300w, https:\/\/www.lamaisondabel.fr\/wp-content\/uploads\/2024\/06\/Arnaud-Reichert-Photographe-Small-21-768x512.jpg 768w, https:\/\/www.lamaisondabel.fr\/wp-content\/uploads\/2024\/06\/Arnaud-Reichert-Photographe-Small-21-1536x1024.jpg 1536w, https:\/\/www.lamaisondabel.fr\/wp-content\/uploads\/2024\/06\/Arnaud-Reichert-Photographe-Small-21-2048x1365.jpg 2048w, https:\/\/www.lamaisondabel.fr\/wp-content\/uploads\/2024\/06\/Arnaud-Reichert-Photographe-Small-21-50x33.jpg 50w\" sizes=\"(max-width: 810px) 100vw, 810px\" \/><\/p>\n<p style=\"text-align: center;\"><img loading=\"lazy\" decoding=\"async\" class=\"aligncenter size-large wp-image-2168\" src=\"https:\/\/www.lamaisondabel.fr\/wp-content\/uploads\/2024\/06\/Arnaud-Reichert-Photographe-Small-34-1024x683.jpg\" alt=\"\" width=\"810\" height=\"540\" srcset=\"https:\/\/www.lamaisondabel.fr\/wp-content\/uploads\/2024\/06\/Arnaud-Reichert-Photographe-Small-34-1024x683.jpg 1024w, https:\/\/www.lamaisondabel.fr\/wp-content\/uploads\/2024\/06\/Arnaud-Reichert-Photographe-Small-34-300x200.jpg 300w, https:\/\/www.lamaisondabel.fr\/wp-content\/uploads\/2024\/06\/Arnaud-Reichert-Photographe-Small-34-768x512.jpg 768w, https:\/\/www.lamaisondabel.fr\/wp-content\/uploads\/2024\/06\/Arnaud-Reichert-Photographe-Small-34-1536x1024.jpg 1536w, https:\/\/www.lamaisondabel.fr\/wp-content\/uploads\/2024\/06\/Arnaud-Reichert-Photographe-Small-34-2048x1365.jpg 2048w, https:\/\/www.lamaisondabel.fr\/wp-content\/uploads\/2024\/06\/Arnaud-Reichert-Photographe-Small-34-50x33.jpg 50w\" sizes=\"(max-width: 810px) 100vw, 810px\" \/><\/p>\n<h2><img loading=\"lazy\" decoding=\"async\" class=\"aligncenter size-large wp-image-2154\" src=\"https:\/\/www.lamaisondabel.fr\/wp-content\/uploads\/2024\/06\/Arnaud-Reichert-Photographe-Small-20-1024x683.jpg\" alt=\"\" width=\"810\" height=\"540\" srcset=\"https:\/\/www.lamaisondabel.fr\/wp-content\/uploads\/2024\/06\/Arnaud-Reichert-Photographe-Small-20-1024x683.jpg 1024w, https:\/\/www.lamaisondabel.fr\/wp-content\/uploads\/2024\/06\/Arnaud-Reichert-Photographe-Small-20-300x200.jpg 300w, https:\/\/www.lamaisondabel.fr\/wp-content\/uploads\/2024\/06\/Arnaud-Reichert-Photographe-Small-20-768x512.jpg 768w, https:\/\/www.lamaisondabel.fr\/wp-content\/uploads\/2024\/06\/Arnaud-Reichert-Photographe-Small-20-1536x1024.jpg 1536w, https:\/\/www.lamaisondabel.fr\/wp-content\/uploads\/2024\/06\/Arnaud-Reichert-Photographe-Small-20-2048x1365.jpg 2048w, https:\/\/www.lamaisondabel.fr\/wp-content\/uploads\/2024\/06\/Arnaud-Reichert-Photographe-Small-20-50x33.jpg 50w\" sizes=\"(max-width: 810px) 100vw, 810px\" \/><\/h2>\n<h2 style=\"text-align: center;\">Ouvert toute l&#8217;ann\u00e9e<\/h2>\n<p style=\"text-align: center;\">Logement entier &#8211; Maison ind\u00e9pendante.<\/p>\n<p style=\"text-align: center;\">\u00a0<\/p>\n<div style=\"text-align: center;\">\n<div class=\"wp-block-uagb-container uagb-block-bf9fc09d\">\n<div class=\"wp-block-uagb-container uagb-block-d65ea7f2\">\n<div class=\"wp-block-uagb-advanced-heading uagb-block-c7f4308f\">\n<p>&nbsp;<\/p>\n<p class=\"uagb-heading-text\">La motivation\u00a0 premi\u00e8re est de vous accueillir chaleureusement et de faire en sorte que vous vous sentiez chez vous d\u00e8s votre arriv\u00e9e. Nous croyons en l\u2019hospitalit\u00e9, en offrant un service personnalis\u00e9 et en mettant \u00e0 votre disposition une maison confortable o\u00f9 vous pourrez vous d\u00e9tendre et profiter de vos vacances.<\/p>\n<p class=\"uagb-desc-text\">Au fil des ann\u00e9es, nous avons eu le plaisir de servir de nombreux clients satisfaits, des familles en qu\u00eate d\u2019\u00e9vasion, des amis qui cherchent \u00e0 se retrouver ou des couples en qu\u00eate de tranquillit\u00e9. Nous sommes fiers de leurs t\u00e9moignages positifs et de la confiance qu\u2019ils nous accordent chaque ann\u00e9e.<\/p>\n<\/div>\n<\/div>\n<\/div>\n<\/div>\n<p>&nbsp;<\/p>\n<p><strong>G\u00eete tout confort<\/strong><\/p>\n<div class=\"wp-block-uagb-advanced-heading uagb-block-27006203\">\n<p class=\"uagb-desc-text\">Profitez d\u2019un s\u00e9jour agr\u00e9able dans notre g\u00eete enti\u00e8rement \u00e9quip\u00e9<\/p>\n<\/div>\n<div class=\"wp-block-uagb-info-box uagb-block-d67bb4e5 uagb-infobox__content-wrap  uagb-infobox-icon-above-title uagb-infobox-image-valign-top\">\n<div class=\"uagb-ifb-content\">\n<div class=\"uagb-ifb-title-wrap\">\n<p class=\"uagb-ifb-title\">Notre g\u00eete est id\u00e9al pour une famille ou un groupe de 4 personnes<\/p>\n<\/div>\n<p class=\"uagb-ifb-desc\">B\u00e9n\u00e9ficiez de tout le confort n\u00e9cessaire avec nos \u00e9quipements modernes et notre connexion internet via Satellite SpaceX STARLINK . Le g\u00eete est adapt\u00e9 pour le t\u00e9l\u00e9travail. Wifi\u00a0 &#8211; Climatisation r\u00e9versible<\/p>\n<\/div>\n<\/div>\n<div class=\"wp-block-uagb-advanced-heading uagb-block-97560d77\">\n<h3>\u00a0<\/h3>\n<h3 class=\"uagb-heading-text\">Emplacement id\u00e9al<\/h3>\n<p class=\"uagb-desc-text\">S\u00e9journez dans un environnement paisible et profitez de la proximit\u00e9 de nombreuses activit\u00e9s<\/p>\n<\/div>\n<div class=\"wp-block-uagb-info-box uagb-block-8fb21d3b uagb-infobox__content-wrap  uagb-infobox-icon-above-title uagb-infobox-image-valign-top\">\n<div class=\"uagb-ifb-content\">\n<div class=\"uagb-ifb-title-wrap\">\n<p class=\"uagb-ifb-title\">Situ\u00e9 dans un cadre tranquille, notre g\u00eete vous offre calme et s\u00e9r\u00e9nit\u00e9<\/p>\n<\/div>\n<p class=\"uagb-ifb-desc\">D\u00e9couvrez les activit\u00e9s de plein air, les attractions touristiques et les restaurants \u00e0 proximit\u00e9<\/p>\n<div class=\"wp-block-uagb-advanced-heading uagb-block-6d350afc\">\n<h3>\u00a0<\/h3>\n<h3 class=\"uagb-heading-text\">Flexibilit\u00e9 totale<\/h3>\n<p class=\"uagb-desc-text\">Louez notre g\u00eete toute l\u2019ann\u00e9e et profitez de vacances selon vos envies<\/p>\n<\/div>\n<div class=\"wp-block-uagb-info-box uagb-block-3e2c37a0 uagb-infobox__content-wrap  uagb-infobox-icon-above-title uagb-infobox-image-valign-top\">\n<div class=\"uagb-ifb-content\">\n<div class=\"uagb-ifb-title-wrap\">\n<p class=\"uagb-ifb-title\">Notre g\u00eete est ouvert toute l\u2019ann\u00e9e, vous offrant une flexibilit\u00e9 maximale dans la planification de vos vacances<\/p>\n<\/div>\n<p class=\"uagb-ifb-desc\">R\u00e9servez d\u00e8s maintenant et faites de La Maison d\u2019Abel votre destination id\u00e9ale toute l\u2019ann\u00e9e<\/p>\n<\/div>\n<\/div>\n<\/div>\n<\/div>\n<p>&nbsp;<\/p>\n<p style=\"text-align: center;\"><img loading=\"lazy\" decoding=\"async\" class=\"aligncenter size-full wp-image-2076\" src=\"https:\/\/www.lamaisondabel.fr\/wp-content\/uploads\/2023\/12\/image_2023-12-31_170724232.png\" alt=\"\" width=\"671\" height=\"268\" srcset=\"https:\/\/www.lamaisondabel.fr\/wp-content\/uploads\/2023\/12\/image_2023-12-31_170724232.png 671w, https:\/\/www.lamaisondabel.fr\/wp-content\/uploads\/2023\/12\/image_2023-12-31_170724232-300x120.png 300w, https:\/\/www.lamaisondabel.fr\/wp-content\/uploads\/2023\/12\/image_2023-12-31_170724232-50x20.png 50w\" sizes=\"(max-width: 671px) 100vw, 671px\" \/><\/p>\n<p>&nbsp;<\/p>\n<div style=\"text-align: center;\">\n<p><span style=\"color: #0000ff;\">Concilier Mer &amp; Montagne pendant vos vacances !<\/span><\/p>\n<section id=\"h.p_BIiPkTdnJuZ0\" class=\"yaqOZd LB7kq tpmmCb gk8rDe\">\n<div class=\"mYVXT\">\n<div class=\"LS81yb VICjCf\" tabindex=\"-1\">\n<div class=\"hJDwNd-AhqUyc-uQSCkd purZT-AhqUyc-II5mzb pSzOP-AhqUyc-qWD73c JNdkSc\">\n<div class=\"oKdM2c\">\n<div class=\"hJDwNd-AhqUyc-ibL1re jXK9ad D2fZ2 OjCsFc wHaque L6cTce-purZT L6cTce-pSzOP\">\n<div class=\"jXK9ad-SmKAyb jXK9ad-SmKAyb-c4YZDc\">\n<div class=\"tyJCtd baZpAe\">La Maison d&#8217;Abel est un g\u00eete ind\u00e9pendant,\u00a0 d&#8217;une superficie d&#8217;environ 90 m2, dans un petit hameau sur la commune de Le Bosc\u00a0 dans le d\u00e9partement de l&#8217;H\u00e9rault &#8211; A cinq minutes de Lod\u00e8ve.<\/div>\n<\/div>\n<\/div>\n<\/div>\n<\/div>\n<\/div>\n<\/div>\n<\/section>\n<section id=\"h.p_bxZevu-8LMIz\" class=\"yaqOZd\">\n<div class=\"mYVXT\">\n<div class=\"LS81yb VICjCf\" tabindex=\"-1\">\n<div class=\"hJDwNd-AhqUyc-uQSCkd purZT-AhqUyc-II5mzb pSzOP-AhqUyc-qWD73c JNdkSc\">\n<div class=\"oKdM2c\">\n<div id=\"h.p_COE2XdbALMIa\" class=\"hJDwNd-AhqUyc-uQSCkd jXK9ad D2fZ2 OjCsFc wHaque GNzUNc\">\n<div class=\"jXK9ad-SmKAyb jXK9ad-SmKAyb-c4YZDc\">\n<div class=\"tyJCtd mGzaTb baZpAe\">\n<p>&nbsp;<\/p>\n<p class=\"zfr3Q\">Le g\u00eete se compose d&#8217;une cuisine, d&#8217;un s\u00e9jour, de deux grandes chambres , de deux terrasses\u00a0 (l&#8217;une expos\u00e9 nord \u00a0avec son barbecue et l&#8217;autre expos\u00e9e plein sud, avec parasol et salon de jardin, 2 fauteuils relax), d&#8217;une salle de bain (douche italienne, WC s\u00e9par\u00e9s) et un local \u00e0 v\u00e9los ferm\u00e9 \u00e0 clef &#8211;<\/p>\n<p id=\"h.p_8cdrA7FovndN\" class=\"zfr3Q\">La maison est enti\u00e8rement \u00e9quip\u00e9e. La maison d&#8217;Abel est pr\u00e9vue pour 4 personnes &#8211; les draps et le linge de maison sont compris dans le loyer &#8211; les lits sont faits \u00e0 votre arriv\u00e9e &#8211; lave vaisselle &#8211;\u00a0 lave linge- fours &#8211; Wifi gratuit dans toute la maison et sur les terrasses &#8211;\u00a0 TV \u00e9crans plats dans s\u00e9jour et dans chaque chambre.<\/p>\n<p id=\"h.p_mWsZovdEvkyL\" class=\"zfr3Q\"><a href=\"http:\/\/www.lamaisondabel.fr\/index.php\/localisation\/\">Acc\u00e8s facile \u00e0 la Maison d&#8217;Abel\u00a0 : \u00e0 deux\u00a0 minutes de l&#8217;A75<\/a><\/p>\n<p class=\"zfr3Q\">Vous \u00eates dans une r\u00e9gion touristique et par cons\u00e9quent de nombreux\u00a0 <a href=\"http:\/\/www.lamaisondabel.fr\/index.php\/a-visiter-dans-la-region\/\">sites \u00e0 visiter<\/a> tels que\u00a0 le Cirque de Navacelle, Saint Guilhem le D\u00e9sert, le lac du Salagou, La Couvretoirade, Le Prieur\u00e9 de Grammont, Lod\u00e8ve avec sa cath\u00e9drale et son mus\u00e9e, les march\u00e9s de Pezenas, Clermont, Lod\u00e8ve, Gignac&#8230;<\/p>\n<p class=\"zfr3Q\"><a href=\"http:\/\/www.lamaisondabel.fr\/index.php\/les-plages\/\">La Maison d&#8217;Abel est \u00e0\u00a0 45 minutes des plages<\/a>.<\/p>\n<\/div>\n<\/div>\n<\/div>\n<p><em><span style=\"font-size: 12px;\">Le g\u00eete atteint sa majorit\u00e9 en 2024 : 18 ans de location saisonni\u00e8re !<\/span><\/em><\/p>\n<div id=\"h.p_COE2XdbALMIa\" class=\"hJDwNd-AhqUyc-uQSCkd jXK9ad D2fZ2 OjCsFc wHaque GNzUNc\">\n<div class=\"jXK9ad-SmKAyb jXK9ad-SmKAyb-c4YZDc\">\n<p>&nbsp;<\/p>\n<\/div>\n<\/div>\n<\/div>\n<\/div>\n<\/div>\n<\/div>\n<\/section>\n<\/div>\n","protected":false},"excerpt":{"rendered":"<p>2026 Bienvenue \u00e0 la Maison d&#8217;Abel G\u00eete ouvert toute l&#8217;ann\u00e9e Maison ind\u00e9pendante \u00e0 la campagne \u00a0 En location saisonni\u00e8re depuis vingt ans cette ann\u00e9e. &nbsp; Votre maison de vacances id\u00e9ale pour des s\u00e9jours inoubliables ! Ouvert toute l&#8217;ann\u00e9e Logement entier &#8211; Maison ind\u00e9pendante. \u00a0 &nbsp; La motivation\u00a0 premi\u00e8re est de vous accueillir chaleureusement et de [&hellip;]<\/p>\n","protected":false},"author":1,"featured_media":0,"parent":0,"menu_order":0,"comment_status":"closed","ping_status":"closed","template":"","meta":{"footnotes":""},"wppr_data":{"cwp_meta_box_check":"No"},"yoast_head":"<!-- This site is optimized with the Yoast SEO plugin v22.8 - https:\/\/yoast.com\/wordpress\/plugins\/seo\/ -->\n<title>- La Maison d&#039;Abel<\/title>\n<meta name=\"robots\" content=\"index, follow, max-snippet:-1, max-image-preview:large, max-video-preview:-1\" \/>\n<link rel=\"canonical\" href=\"https:\/\/www.lamaisondabel.fr\/\" \/>\n<meta property=\"og:locale\" content=\"fr_FR\" \/>\n<meta property=\"og:type\" content=\"article\" \/>\n<meta property=\"og:title\" content=\"- La Maison d&#039;Abel\" \/>\n<meta property=\"og:description\" content=\"2026 Bienvenue \u00e0 la Maison d&#8217;Abel G\u00eete ouvert toute l&#8217;ann\u00e9e Maison ind\u00e9pendante \u00e0 la campagne \u00a0 En location saisonni\u00e8re depuis vingt ans cette ann\u00e9e. &nbsp; Votre maison de vacances id\u00e9ale pour des s\u00e9jours inoubliables ! Ouvert toute l&#8217;ann\u00e9e Logement entier &#8211; Maison ind\u00e9pendante. \u00a0 &nbsp; La motivation\u00a0 premi\u00e8re est de vous accueillir chaleureusement et de [&hellip;]\" \/>\n<meta property=\"og:url\" content=\"https:\/\/www.lamaisondabel.fr\/\" \/>\n<meta property=\"og:site_name\" content=\"La Maison d&#039;Abel\" \/>\n<meta property=\"article:modified_time\" content=\"2026-03-29T11:10:33+00:00\" \/>\n<meta property=\"og:image\" content=\"https:\/\/www.lamaisondabel.fr\/wp-content\/uploads\/2024\/06\/Arnaud-Reichert-Photographe-Small-21-1024x683.jpg\" \/>\n<meta name=\"twitter:card\" content=\"summary_large_image\" \/>\n<meta name=\"twitter:label1\" content=\"Dur\u00e9e de lecture estim\u00e9e\" \/>\n\t<meta name=\"twitter:data1\" content=\"4 minutes\" \/>\n<script type=\"application\/ld+json\" class=\"yoast-schema-graph\">{\"@context\":\"https:\/\/schema.org\",\"@graph\":[{\"@type\":\"WebPage\",\"@id\":\"https:\/\/www.lamaisondabel.fr\/\",\"url\":\"https:\/\/www.lamaisondabel.fr\/\",\"name\":\"- La Maison d&#039;Abel\",\"isPartOf\":{\"@id\":\"https:\/\/www.lamaisondabel.fr\/#website\"},\"primaryImageOfPage\":{\"@id\":\"https:\/\/www.lamaisondabel.fr\/#primaryimage\"},\"image\":{\"@id\":\"https:\/\/www.lamaisondabel.fr\/#primaryimage\"},\"thumbnailUrl\":\"https:\/\/www.lamaisondabel.fr\/wp-content\/uploads\/2024\/06\/Arnaud-Reichert-Photographe-Small-21-1024x683.jpg\",\"datePublished\":\"2019-03-03T17:13:01+00:00\",\"dateModified\":\"2026-03-29T11:10:33+00:00\",\"inLanguage\":\"fr-FR\",\"potentialAction\":[{\"@type\":\"ReadAction\",\"target\":[\"https:\/\/www.lamaisondabel.fr\/\"]}]},{\"@type\":\"ImageObject\",\"inLanguage\":\"fr-FR\",\"@id\":\"https:\/\/www.lamaisondabel.fr\/#primaryimage\",\"url\":\"https:\/\/www.lamaisondabel.fr\/wp-content\/uploads\/2024\/06\/Arnaud-Reichert-Photographe-Small-21-scaled.jpg\",\"contentUrl\":\"https:\/\/www.lamaisondabel.fr\/wp-content\/uploads\/2024\/06\/Arnaud-Reichert-Photographe-Small-21-scaled.jpg\",\"width\":2560,\"height\":1707},{\"@type\":\"WebSite\",\"@id\":\"https:\/\/www.lamaisondabel.fr\/#website\",\"url\":\"https:\/\/www.lamaisondabel.fr\/\",\"name\":\"La Maison d&#039;Abel\",\"description\":\"Lac du Salagou - Maison en location saisonni\u00e8re - Ouvert toute l&#039;ann\u00e9e.\",\"potentialAction\":[{\"@type\":\"SearchAction\",\"target\":{\"@type\":\"EntryPoint\",\"urlTemplate\":\"https:\/\/www.lamaisondabel.fr\/?s={search_term_string}\"},\"query-input\":\"required name=search_term_string\"}],\"inLanguage\":\"fr-FR\"}]}<\/script>\n<!-- \/ Yoast SEO plugin. -->","yoast_head_json":{"title":"- La Maison d&#039;Abel","robots":{"index":"index","follow":"follow","max-snippet":"max-snippet:-1","max-image-preview":"max-image-preview:large","max-video-preview":"max-video-preview:-1"},"canonical":"https:\/\/www.lamaisondabel.fr\/","og_locale":"fr_FR","og_type":"article","og_title":"- La Maison d&#039;Abel","og_description":"2026 Bienvenue \u00e0 la Maison d&#8217;Abel G\u00eete ouvert toute l&#8217;ann\u00e9e Maison ind\u00e9pendante \u00e0 la campagne \u00a0 En location saisonni\u00e8re depuis vingt ans cette ann\u00e9e. &nbsp; Votre maison de vacances id\u00e9ale pour des s\u00e9jours inoubliables ! Ouvert toute l&#8217;ann\u00e9e Logement entier &#8211; Maison ind\u00e9pendante. \u00a0 &nbsp; La motivation\u00a0 premi\u00e8re est de vous accueillir chaleureusement et de [&hellip;]","og_url":"https:\/\/www.lamaisondabel.fr\/","og_site_name":"La Maison d&#039;Abel","article_modified_time":"2026-03-29T11:10:33+00:00","og_image":[{"url":"https:\/\/www.lamaisondabel.fr\/wp-content\/uploads\/2024\/06\/Arnaud-Reichert-Photographe-Small-21-1024x683.jpg"}],"twitter_card":"summary_large_image","twitter_misc":{"Dur\u00e9e de lecture estim\u00e9e":"4 minutes"},"schema":{"@context":"https:\/\/schema.org","@graph":[{"@type":"WebPage","@id":"https:\/\/www.lamaisondabel.fr\/","url":"https:\/\/www.lamaisondabel.fr\/","name":"- La Maison d&#039;Abel","isPartOf":{"@id":"https:\/\/www.lamaisondabel.fr\/#website"},"primaryImageOfPage":{"@id":"https:\/\/www.lamaisondabel.fr\/#primaryimage"},"image":{"@id":"https:\/\/www.lamaisondabel.fr\/#primaryimage"},"thumbnailUrl":"https:\/\/www.lamaisondabel.fr\/wp-content\/uploads\/2024\/06\/Arnaud-Reichert-Photographe-Small-21-1024x683.jpg","datePublished":"2019-03-03T17:13:01+00:00","dateModified":"2026-03-29T11:10:33+00:00","inLanguage":"fr-FR","potentialAction":[{"@type":"ReadAction","target":["https:\/\/www.lamaisondabel.fr\/"]}]},{"@type":"ImageObject","inLanguage":"fr-FR","@id":"https:\/\/www.lamaisondabel.fr\/#primaryimage","url":"https:\/\/www.lamaisondabel.fr\/wp-content\/uploads\/2024\/06\/Arnaud-Reichert-Photographe-Small-21-scaled.jpg","contentUrl":"https:\/\/www.lamaisondabel.fr\/wp-content\/uploads\/2024\/06\/Arnaud-Reichert-Photographe-Small-21-scaled.jpg","width":2560,"height":1707},{"@type":"WebSite","@id":"https:\/\/www.lamaisondabel.fr\/#website","url":"https:\/\/www.lamaisondabel.fr\/","name":"La Maison d&#039;Abel","description":"Lac du Salagou - Maison en location saisonni\u00e8re - Ouvert toute l&#039;ann\u00e9e.","potentialAction":[{"@type":"SearchAction","target":{"@type":"EntryPoint","urlTemplate":"https:\/\/www.lamaisondabel.fr\/?s={search_term_string}"},"query-input":"required name=search_term_string"}],"inLanguage":"fr-FR"}]}},"_links":{"self":[{"href":"https:\/\/www.lamaisondabel.fr\/index.php\/wp-json\/wp\/v2\/pages\/6"}],"collection":[{"href":"https:\/\/www.lamaisondabel.fr\/index.php\/wp-json\/wp\/v2\/pages"}],"about":[{"href":"https:\/\/www.lamaisondabel.fr\/index.php\/wp-json\/wp\/v2\/types\/page"}],"author":[{"embeddable":true,"href":"https:\/\/www.lamaisondabel.fr\/index.php\/wp-json\/wp\/v2\/users\/1"}],"replies":[{"embeddable":true,"href":"https:\/\/www.lamaisondabel.fr\/index.php\/wp-json\/wp\/v2\/comments?post=6"}],"version-history":[{"count":110,"href":"https:\/\/www.lamaisondabel.fr\/index.php\/wp-json\/wp\/v2\/pages\/6\/revisions"}],"predecessor-version":[{"id":2221,"href":"https:\/\/www.lamaisondabel.fr\/index.php\/wp-json\/wp\/v2\/pages\/6\/revisions\/2221"}],"wp:attachment":[{"href":"https:\/\/www.lamaisondabel.fr\/index.php\/wp-json\/wp\/v2\/media?parent=6"}],"curies":[{"name":"wp","href":"https:\/\/api.w.org\/{rel}","templated":true}]}}