{"id":61,"date":"2019-03-03T17:27:53","date_gmt":"2019-03-03T17:27:53","guid":{"rendered":"http:\/\/www.lamaisondabel.fr\/wordpress_o\/?page_id=61"},"modified":"2019-03-03T17:28:07","modified_gmt":"2019-03-03T17:28:07","slug":"votre-voiture","status":"publish","type":"page","link":"https:\/\/www.lamaisondabel.fr\/index.php\/votre-voiture\/","title":{"rendered":"Votre voiture"},"content":{"rendered":"<p id=\"h.p_WE33CoqjOJTv\" class=\"zfr3Q\">Le stationnement de votre voiture pendant votre s\u00e9jour sur la voie publique devant &#8220;La Maison d&#8217;Abel&#8221;<\/p>\n<p id=\"h.p_HOKhNaQ7OKAW\" class=\"zfr3Q\">Le g\u00eete est dans un hameau, il n&#8217;y a aucun probl\u00e8me de stationnement !<\/p>\n<p id=\"h.p_6ffMsNzyX6lH\" class=\"zfr3Q\">Moto, petit bateau, petite remorque : possibilit\u00e9 garage ferm\u00e9 (entente pr\u00e9alable)<\/p>\n","protected":false},"excerpt":{"rendered":"<p>Le stationnement de votre voiture pendant votre s\u00e9jour sur la voie publique devant &#8220;La Maison d&#8217;Abel&#8221; Le g\u00eete est dans un hameau, il n&#8217;y a aucun probl\u00e8me de stationnement ! Moto, petit bateau, petite remorque : possibilit\u00e9 garage ferm\u00e9 (entente pr\u00e9alable)<\/p>\n","protected":false},"author":1,"featured_media":0,"parent":0,"menu_order":0,"comment_status":"closed","ping_status":"closed","template":"","meta":{"footnotes":""},"wppr_data":[],"yoast_head":"<!-- This site is optimized with the Yoast SEO plugin v22.8 - https:\/\/yoast.com\/wordpress\/plugins\/seo\/ -->\n<title>Votre voiture - La Maison d&#039;Abel<\/title>\n<meta name=\"robots\" content=\"index, follow, max-snippet:-1, max-image-preview:large, max-video-preview:-1\" \/>\n<link rel=\"canonical\" href=\"https:\/\/www.lamaisondabel.fr\/index.php\/votre-voiture\/\" \/>\n<meta property=\"og:locale\" content=\"fr_FR\" \/>\n<meta property=\"og:type\" content=\"article\" \/>\n<meta property=\"og:title\" content=\"Votre voiture - La Maison d&#039;Abel\" \/>\n<meta property=\"og:description\" content=\"Le stationnement de votre voiture pendant votre s\u00e9jour sur la voie publique devant &#8220;La Maison d&#8217;Abel&#8221; Le g\u00eete est dans un hameau, il n&#8217;y a aucun probl\u00e8me de stationnement ! Moto, petit bateau, petite remorque : possibilit\u00e9 garage ferm\u00e9 (entente pr\u00e9alable)\" \/>\n<meta property=\"og:url\" content=\"https:\/\/www.lamaisondabel.fr\/index.php\/votre-voiture\/\" \/>\n<meta property=\"og:site_name\" content=\"La Maison d&#039;Abel\" \/>\n<meta property=\"article:modified_time\" content=\"2019-03-03T17:28:07+00:00\" \/>\n<meta name=\"twitter:card\" content=\"summary_large_image\" \/>\n<script type=\"application\/ld+json\" class=\"yoast-schema-graph\">{\"@context\":\"https:\/\/schema.org\",\"@graph\":[{\"@type\":\"WebPage\",\"@id\":\"https:\/\/www.lamaisondabel.fr\/index.php\/votre-voiture\/\",\"url\":\"https:\/\/www.lamaisondabel.fr\/index.php\/votre-voiture\/\",\"name\":\"Votre voiture - La Maison d&#039;Abel\",\"isPartOf\":{\"@id\":\"https:\/\/www.lamaisondabel.fr\/#website\"},\"datePublished\":\"2019-03-03T17:27:53+00:00\",\"dateModified\":\"2019-03-03T17:28:07+00:00\",\"breadcrumb\":{\"@id\":\"https:\/\/www.lamaisondabel.fr\/index.php\/votre-voiture\/#breadcrumb\"},\"inLanguage\":\"fr-FR\",\"potentialAction\":[{\"@type\":\"ReadAction\",\"target\":[\"https:\/\/www.lamaisondabel.fr\/index.php\/votre-voiture\/\"]}]},{\"@type\":\"BreadcrumbList\",\"@id\":\"https:\/\/www.lamaisondabel.fr\/index.php\/votre-voiture\/#breadcrumb\",\"itemListElement\":[{\"@type\":\"ListItem\",\"position\":1,\"name\":\"Accueil\",\"item\":\"https:\/\/www.lamaisondabel.fr\/\"},{\"@type\":\"ListItem\",\"position\":2,\"name\":\"Votre voiture\"}]},{\"@type\":\"WebSite\",\"@id\":\"https:\/\/www.lamaisondabel.fr\/#website\",\"url\":\"https:\/\/www.lamaisondabel.fr\/\",\"name\":\"La Maison d&#039;Abel\",\"description\":\"Lac du Salagou - Maison en location saisonni\u00e8re - Ouvert toute l&#039;ann\u00e9e.\",\"potentialAction\":[{\"@type\":\"SearchAction\",\"target\":{\"@type\":\"EntryPoint\",\"urlTemplate\":\"https:\/\/www.lamaisondabel.fr\/?s={search_term_string}\"},\"query-input\":\"required name=search_term_string\"}],\"inLanguage\":\"fr-FR\"}]}<\/script>\n<!-- \/ Yoast SEO plugin. -->","yoast_head_json":{"title":"Votre voiture - La Maison d&#039;Abel","robots":{"index":"index","follow":"follow","max-snippet":"max-snippet:-1","max-image-preview":"max-image-preview:large","max-video-preview":"max-video-preview:-1"},"canonical":"https:\/\/www.lamaisondabel.fr\/index.php\/votre-voiture\/","og_locale":"fr_FR","og_type":"article","og_title":"Votre voiture - La Maison d&#039;Abel","og_description":"Le stationnement de votre voiture pendant votre s\u00e9jour sur la voie publique devant &#8220;La Maison d&#8217;Abel&#8221; Le g\u00eete est dans un hameau, il n&#8217;y a aucun probl\u00e8me de stationnement ! Moto, petit bateau, petite remorque : possibilit\u00e9 garage ferm\u00e9 (entente pr\u00e9alable)","og_url":"https:\/\/www.lamaisondabel.fr\/index.php\/votre-voiture\/","og_site_name":"La Maison d&#039;Abel","article_modified_time":"2019-03-03T17:28:07+00:00","twitter_card":"summary_large_image","schema":{"@context":"https:\/\/schema.org","@graph":[{"@type":"WebPage","@id":"https:\/\/www.lamaisondabel.fr\/index.php\/votre-voiture\/","url":"https:\/\/www.lamaisondabel.fr\/index.php\/votre-voiture\/","name":"Votre voiture - La Maison d&#039;Abel","isPartOf":{"@id":"https:\/\/www.lamaisondabel.fr\/#website"},"datePublished":"2019-03-03T17:27:53+00:00","dateModified":"2019-03-03T17:28:07+00:00","breadcrumb":{"@id":"https:\/\/www.lamaisondabel.fr\/index.php\/votre-voiture\/#breadcrumb"},"inLanguage":"fr-FR","potentialAction":[{"@type":"ReadAction","target":["https:\/\/www.lamaisondabel.fr\/index.php\/votre-voiture\/"]}]},{"@type":"BreadcrumbList","@id":"https:\/\/www.lamaisondabel.fr\/index.php\/votre-voiture\/#breadcrumb","itemListElement":[{"@type":"ListItem","position":1,"name":"Accueil","item":"https:\/\/www.lamaisondabel.fr\/"},{"@type":"ListItem","position":2,"name":"Votre voiture"}]},{"@type":"WebSite","@id":"https:\/\/www.lamaisondabel.fr\/#website","url":"https:\/\/www.lamaisondabel.fr\/","name":"La Maison d&#039;Abel","description":"Lac du Salagou - Maison en location saisonni\u00e8re - Ouvert toute l&#039;ann\u00e9e.","potentialAction":[{"@type":"SearchAction","target":{"@type":"EntryPoint","urlTemplate":"https:\/\/www.lamaisondabel.fr\/?s={search_term_string}"},"query-input":"required name=search_term_string"}],"inLanguage":"fr-FR"}]}},"_links":{"self":[{"href":"https:\/\/www.lamaisondabel.fr\/index.php\/wp-json\/wp\/v2\/pages\/61"}],"collection":[{"href":"https:\/\/www.lamaisondabel.fr\/index.php\/wp-json\/wp\/v2\/pages"}],"about":[{"href":"https:\/\/www.lamaisondabel.fr\/index.php\/wp-json\/wp\/v2\/types\/page"}],"author":[{"embeddable":true,"href":"https:\/\/www.lamaisondabel.fr\/index.php\/wp-json\/wp\/v2\/users\/1"}],"replies":[{"embeddable":true,"href":"https:\/\/www.lamaisondabel.fr\/index.php\/wp-json\/wp\/v2\/comments?post=61"}],"version-history":[{"count":1,"href":"https:\/\/www.lamaisondabel.fr\/index.php\/wp-json\/wp\/v2\/pages\/61\/revisions"}],"predecessor-version":[{"id":62,"href":"https:\/\/www.lamaisondabel.fr\/index.php\/wp-json\/wp\/v2\/pages\/61\/revisions\/62"}],"wp:attachment":[{"href":"https:\/\/www.lamaisondabel.fr\/index.php\/wp-json\/wp\/v2\/media?parent=61"}],"curies":[{"name":"wp","href":"https:\/\/api.w.org\/{rel}","templated":true}]}}