{"id":761,"date":"2019-03-07T07:42:21","date_gmt":"2019-03-07T07:42:21","guid":{"rendered":"http:\/\/www.lamaisondabel.fr\/wordpress_o\/?page_id=761"},"modified":"2021-06-01T13:44:15","modified_gmt":"2021-06-01T13:44:15","slug":"politique-de-confidentialite","status":"publish","type":"page","link":"https:\/\/www.lamaisondabel.fr\/index.php\/politique-de-confidentialite\/","title":{"rendered":"Politique de confidentialit\u00e9"},"content":{"rendered":"\r\n<h2 class=\"wp-block-heading\">Pr\u00e9sentation :<\/h2>\r\n\r\n\r\n<ul>\r\n\t<li>L\u2019adresse du site est : <em><strong>http:\/\/www.lamaisondabel.fr<\/strong><\/em><\/li>\r\n\t<li>H\u00e9bergeur : OVH<\/li>\r\n\t<li>Les noms de domaine <strong>lamaisondabel.fr\u00a0 \u00a0<\/strong> <em><strong>hugounenq.fr<\/strong><\/em> et <strong>hugounenq.com <\/strong>appartiennent\u00a0 en nom propre au propri\u00e9taire du g\u00eete.<\/li>\r\n\t<li>Site d\u00e9di\u00e9\u00a0 \u00e0 la pr\u00e9sentation de la location du g\u00eete\u00a0 <em>&#8220;La Maison d&#8217;Abel&#8221;<\/em>.<\/li>\r\n\t<li>La consultation du livret d&#8217;accueil, \u00e0\u00a0 disposition de l&#8217;occupant en place, est prot\u00e9g\u00e9 par un mot de passe.<\/li>\r\n\t<li>Responsable de publication : <em><strong>webmaster@lamaisondabel.fr<\/strong><\/em><\/li>\r\n\t<li>Contact : <em><strong>contact@lamaisondabel.fr<\/strong><\/em><\/li>\r\n<\/ul>\r\n\r\n\r\n\r\n<h3 class=\"wp-block-heading\">Formulaires de contact et demande de codes d&#8217;acc\u00e8s\u00a0<\/h3>\r\n<ul>\r\n\t<li>Les formulaires sont transmis par mail<\/li>\r\n\t<li>Aucune information n&#8217;est conserv\u00e9e dans les bases de donn\u00e9es du site<\/li>\r\n\t<li>Ce formulaire est destin\u00e9 uniquement \u00e0 des fins administratives internes pour la gestion de la location.<\/li>\r\n\t<li>L&#8217;adresse IP n&#8217;est pas transmise dans les formulaires.<\/li>\r\n<\/ul>\r\n\r\n\r\n<h3 class=\"wp-block-heading\">Formulaire avis sur le site<\/h3>\r\n<ul>\r\n\t<li>Le formulaire est totalement anonyme\u00a0<\/li>\r\n\t<li>L&#8217;adresse Ip n&#8217;est pas transmise ou enregistr\u00e9e dans les bases de donn\u00e9es du site.<\/li>\r\n<\/ul>\r\n<p>&nbsp;<\/p>\r\n<h3>Cookies<\/h3>\r\n\r\n\r\n\r\n<ul>\r\n\t<li>Un certain nombre de cookies sont mis en place pour enregistrer vos informations de connexion et vos pr\u00e9f\u00e9rences d\u2019\u00e9cran.<\/li>\r\n\t<li>La dur\u00e9e de vie d\u2019un cookie de connexion est de deux jours, celle d\u2019un cookie d\u2019option d\u2019\u00e9cran est d\u2019un an.<\/li>\r\n\t<li>Si vous cochez \u00ab Se souvenir de moi \u00bb, votre cookie de connexion sera conserv\u00e9 pendant deux semaines.<\/li>\r\n\t<li>Si vous vous d\u00e9connectez de votre compte, le cookie de connexion sera effac\u00e9.<\/li>\r\n<\/ul>\r\n\r\n\r\n\r\n<h3 class=\"wp-block-heading\">Contenu embarqu\u00e9 depuis d\u2019autres sites<\/h3>\r\n\r\n\r\n<p>Le contenu int\u00e9gr\u00e9 depuis d\u2019autres sites se comporte de la m\u00eame mani\u00e8re que si le visiteur se rendait sur cet autre site.\u00a0Ces sites web pourraient collecter des donn\u00e9es sur vous, utiliser des cookies, embarquer des outils de suivis tiers, suivre vos interactions avec ces contenus embarqu\u00e9s si vous disposez d\u2019un compte connect\u00e9 sur leur site web.<\/p>\r\n\r\n\r\n\r\n\r\n<h2 class=\"wp-block-heading\">Les droits que vous avez sur vos donn\u00e9es<\/h2>\r\n\r\n\r\n<ul>\r\n\t<li>Vos\u00a0 informations\u00a0 sont transmises uniquement par mail a des fins administratives pour la gestion de la location.<\/li>\r\n\t<li>Contacter la <a href=\"https:\/\/www.cnil.fr\/\" target=\"_blank\" rel=\"noopener noreferrer\">CNIL<\/a> pour plus d&#8217;informations.<\/li>\r\n<\/ul>\r\n\r\n\r\n\r\n<h2 class=\"wp-block-heading\">Demandes de rectification\u00a0<\/h2>\r\n<p>Contacter le webmaster \u00e0 l&#8217;aide du formulaire de contact ou le formulaire &#8220;Votre avis&#8221;<\/p>\r\n<h2>Mise \u00e0 jour du site :<\/h2>\r\n<p>Derni\u00e8re mise \u00e0 jour du site : MAI 2021<\/p>\r\n<p>&nbsp;<\/p>\r\n<h2><span style=\"font-size: 14px;\">INFORMATIONS D\u2019ORDRE TECHNIQUE :<\/span><\/h2>\r\n<h2><br \/>\r\n<span style=\"font-size: 10px;\">Le pr\u00e9sent site http:\/\/www.lamaisondabel.fr\u00a0 est accessible 24 heures sur 24 et 7 jours sur 7, \u00e0 l&#8217;exception des cas de force majeure, difficult\u00e9s informatiques, difficult\u00e9s li\u00e9es \u00e0 la structure des r\u00e9seaux de communication ou difficult\u00e9s d&#8217;ordre technique. Pour des raisons de maintenance, le site pourra \u00eatre interrompu \u00e0 tout moment.<\/span><\/h2>\r\n<p>&nbsp;<\/p>\r\n\r\n\r\n<h3 class=\"wp-block-heading\">\u00a0<\/h3>\r\n","protected":false},"excerpt":{"rendered":"<p>Pr\u00e9sentation : L\u2019adresse du site est : http:\/\/www.lamaisondabel.fr H\u00e9bergeur : OVH Les noms de domaine lamaisondabel.fr\u00a0 \u00a0 hugounenq.fr et hugounenq.com appartiennent\u00a0 en nom propre au propri\u00e9taire du g\u00eete. Site d\u00e9di\u00e9\u00a0 \u00e0 la pr\u00e9sentation de la location du g\u00eete\u00a0 &#8220;La Maison d&#8217;Abel&#8221;. La consultation du livret d&#8217;accueil, \u00e0\u00a0 disposition de l&#8217;occupant en place, est prot\u00e9g\u00e9 par [&hellip;]<\/p>\n","protected":false},"author":1,"featured_media":0,"parent":0,"menu_order":0,"comment_status":"closed","ping_status":"closed","template":"","meta":{"footnotes":""},"wppr_data":{"cwp_meta_box_check":"No"},"yoast_head":"<!-- This site is optimized with the Yoast SEO plugin v22.8 - https:\/\/yoast.com\/wordpress\/plugins\/seo\/ -->\n<title>Politique de confidentialit\u00e9 - La Maison d&#039;Abel<\/title>\n<meta name=\"robots\" content=\"index, follow, max-snippet:-1, max-image-preview:large, max-video-preview:-1\" \/>\n<link rel=\"canonical\" href=\"https:\/\/www.lamaisondabel.fr\/index.php\/politique-de-confidentialite\/\" \/>\n<meta property=\"og:locale\" content=\"fr_FR\" \/>\n<meta property=\"og:type\" content=\"article\" \/>\n<meta property=\"og:title\" content=\"Politique de confidentialit\u00e9 - La Maison d&#039;Abel\" \/>\n<meta property=\"og:description\" content=\"Pr\u00e9sentation : L\u2019adresse du site est : http:\/\/www.lamaisondabel.fr H\u00e9bergeur : OVH Les noms de domaine lamaisondabel.fr\u00a0 \u00a0 hugounenq.fr et hugounenq.com appartiennent\u00a0 en nom propre au propri\u00e9taire du g\u00eete. Site d\u00e9di\u00e9\u00a0 \u00e0 la pr\u00e9sentation de la location du g\u00eete\u00a0 &#8220;La Maison d&#8217;Abel&#8221;. La consultation du livret d&#8217;accueil, \u00e0\u00a0 disposition de l&#8217;occupant en place, est prot\u00e9g\u00e9 par [&hellip;]\" \/>\n<meta property=\"og:url\" content=\"https:\/\/www.lamaisondabel.fr\/index.php\/politique-de-confidentialite\/\" \/>\n<meta property=\"og:site_name\" content=\"La Maison d&#039;Abel\" \/>\n<meta property=\"article:modified_time\" content=\"2021-06-01T13:44:15+00:00\" \/>\n<meta name=\"twitter:card\" content=\"summary_large_image\" \/>\n<meta name=\"twitter:label1\" content=\"Dur\u00e9e de lecture estim\u00e9e\" \/>\n\t<meta name=\"twitter:data1\" content=\"2 minutes\" \/>\n<script type=\"application\/ld+json\" class=\"yoast-schema-graph\">{\"@context\":\"https:\/\/schema.org\",\"@graph\":[{\"@type\":\"WebPage\",\"@id\":\"https:\/\/www.lamaisondabel.fr\/index.php\/politique-de-confidentialite\/\",\"url\":\"https:\/\/www.lamaisondabel.fr\/index.php\/politique-de-confidentialite\/\",\"name\":\"Politique de confidentialit\u00e9 - La Maison d&#039;Abel\",\"isPartOf\":{\"@id\":\"https:\/\/www.lamaisondabel.fr\/#website\"},\"datePublished\":\"2019-03-07T07:42:21+00:00\",\"dateModified\":\"2021-06-01T13:44:15+00:00\",\"breadcrumb\":{\"@id\":\"https:\/\/www.lamaisondabel.fr\/index.php\/politique-de-confidentialite\/#breadcrumb\"},\"inLanguage\":\"fr-FR\",\"potentialAction\":[{\"@type\":\"ReadAction\",\"target\":[\"https:\/\/www.lamaisondabel.fr\/index.php\/politique-de-confidentialite\/\"]}]},{\"@type\":\"BreadcrumbList\",\"@id\":\"https:\/\/www.lamaisondabel.fr\/index.php\/politique-de-confidentialite\/#breadcrumb\",\"itemListElement\":[{\"@type\":\"ListItem\",\"position\":1,\"name\":\"Accueil\",\"item\":\"https:\/\/www.lamaisondabel.fr\/\"},{\"@type\":\"ListItem\",\"position\":2,\"name\":\"Politique de confidentialit\u00e9\"}]},{\"@type\":\"WebSite\",\"@id\":\"https:\/\/www.lamaisondabel.fr\/#website\",\"url\":\"https:\/\/www.lamaisondabel.fr\/\",\"name\":\"La Maison d&#039;Abel\",\"description\":\"Lac du Salagou - Maison en location saisonni\u00e8re - Ouvert toute l&#039;ann\u00e9e.\",\"potentialAction\":[{\"@type\":\"SearchAction\",\"target\":{\"@type\":\"EntryPoint\",\"urlTemplate\":\"https:\/\/www.lamaisondabel.fr\/?s={search_term_string}\"},\"query-input\":\"required name=search_term_string\"}],\"inLanguage\":\"fr-FR\"}]}<\/script>\n<!-- \/ Yoast SEO plugin. -->","yoast_head_json":{"title":"Politique de confidentialit\u00e9 - La Maison d&#039;Abel","robots":{"index":"index","follow":"follow","max-snippet":"max-snippet:-1","max-image-preview":"max-image-preview:large","max-video-preview":"max-video-preview:-1"},"canonical":"https:\/\/www.lamaisondabel.fr\/index.php\/politique-de-confidentialite\/","og_locale":"fr_FR","og_type":"article","og_title":"Politique de confidentialit\u00e9 - La Maison d&#039;Abel","og_description":"Pr\u00e9sentation : L\u2019adresse du site est : http:\/\/www.lamaisondabel.fr H\u00e9bergeur : OVH Les noms de domaine lamaisondabel.fr\u00a0 \u00a0 hugounenq.fr et hugounenq.com appartiennent\u00a0 en nom propre au propri\u00e9taire du g\u00eete. Site d\u00e9di\u00e9\u00a0 \u00e0 la pr\u00e9sentation de la location du g\u00eete\u00a0 &#8220;La Maison d&#8217;Abel&#8221;. La consultation du livret d&#8217;accueil, \u00e0\u00a0 disposition de l&#8217;occupant en place, est prot\u00e9g\u00e9 par [&hellip;]","og_url":"https:\/\/www.lamaisondabel.fr\/index.php\/politique-de-confidentialite\/","og_site_name":"La Maison d&#039;Abel","article_modified_time":"2021-06-01T13:44:15+00:00","twitter_card":"summary_large_image","twitter_misc":{"Dur\u00e9e de lecture estim\u00e9e":"2 minutes"},"schema":{"@context":"https:\/\/schema.org","@graph":[{"@type":"WebPage","@id":"https:\/\/www.lamaisondabel.fr\/index.php\/politique-de-confidentialite\/","url":"https:\/\/www.lamaisondabel.fr\/index.php\/politique-de-confidentialite\/","name":"Politique de confidentialit\u00e9 - La Maison d&#039;Abel","isPartOf":{"@id":"https:\/\/www.lamaisondabel.fr\/#website"},"datePublished":"2019-03-07T07:42:21+00:00","dateModified":"2021-06-01T13:44:15+00:00","breadcrumb":{"@id":"https:\/\/www.lamaisondabel.fr\/index.php\/politique-de-confidentialite\/#breadcrumb"},"inLanguage":"fr-FR","potentialAction":[{"@type":"ReadAction","target":["https:\/\/www.lamaisondabel.fr\/index.php\/politique-de-confidentialite\/"]}]},{"@type":"BreadcrumbList","@id":"https:\/\/www.lamaisondabel.fr\/index.php\/politique-de-confidentialite\/#breadcrumb","itemListElement":[{"@type":"ListItem","position":1,"name":"Accueil","item":"https:\/\/www.lamaisondabel.fr\/"},{"@type":"ListItem","position":2,"name":"Politique de confidentialit\u00e9"}]},{"@type":"WebSite","@id":"https:\/\/www.lamaisondabel.fr\/#website","url":"https:\/\/www.lamaisondabel.fr\/","name":"La Maison d&#039;Abel","description":"Lac du Salagou - Maison en location saisonni\u00e8re - Ouvert toute l&#039;ann\u00e9e.","potentialAction":[{"@type":"SearchAction","target":{"@type":"EntryPoint","urlTemplate":"https:\/\/www.lamaisondabel.fr\/?s={search_term_string}"},"query-input":"required name=search_term_string"}],"inLanguage":"fr-FR"}]}},"_links":{"self":[{"href":"https:\/\/www.lamaisondabel.fr\/index.php\/wp-json\/wp\/v2\/pages\/761"}],"collection":[{"href":"https:\/\/www.lamaisondabel.fr\/index.php\/wp-json\/wp\/v2\/pages"}],"about":[{"href":"https:\/\/www.lamaisondabel.fr\/index.php\/wp-json\/wp\/v2\/types\/page"}],"author":[{"embeddable":true,"href":"https:\/\/www.lamaisondabel.fr\/index.php\/wp-json\/wp\/v2\/users\/1"}],"replies":[{"embeddable":true,"href":"https:\/\/www.lamaisondabel.fr\/index.php\/wp-json\/wp\/v2\/comments?post=761"}],"version-history":[{"count":25,"href":"https:\/\/www.lamaisondabel.fr\/index.php\/wp-json\/wp\/v2\/pages\/761\/revisions"}],"predecessor-version":[{"id":1840,"href":"https:\/\/www.lamaisondabel.fr\/index.php\/wp-json\/wp\/v2\/pages\/761\/revisions\/1840"}],"wp:attachment":[{"href":"https:\/\/www.lamaisondabel.fr\/index.php\/wp-json\/wp\/v2\/media?parent=761"}],"curies":[{"name":"wp","href":"https:\/\/api.w.org\/{rel}","templated":true}]}}