{"id":80,"date":"2019-03-03T17:35:37","date_gmt":"2019-03-03T17:35:37","guid":{"rendered":"http:\/\/www.lamaisondabel.fr\/wordpress_o\/?page_id=80"},"modified":"2019-03-26T13:01:20","modified_gmt":"2019-03-26T13:01:20","slug":"local-a-velos","status":"publish","type":"page","link":"https:\/\/www.lamaisondabel.fr\/index.php\/local-a-velos\/","title":{"rendered":"Local \u00e0 v\u00e9los"},"content":{"rendered":"<p style=\"text-align: center;\">Pour ranger les v\u00e9los durant votre s\u00e9jour vous disposez d&#8217;un local d\u00e9di\u00e9.<\/p>\n<p>&nbsp;<\/p>\n<p style=\"text-align: center;\"><img loading=\"lazy\" decoding=\"async\" class=\"aligncenter size-full wp-image-1307\" src=\"http:\/\/www.lamaisondabel.fr\/wp-content\/uploads\/2019\/03\/vtt.jpg\" alt=\"\" width=\"283\" height=\"178\" srcset=\"https:\/\/www.lamaisondabel.fr\/wp-content\/uploads\/2019\/03\/vtt.jpg 283w, https:\/\/www.lamaisondabel.fr\/wp-content\/uploads\/2019\/03\/vtt-50x31.jpg 50w\" sizes=\"(max-width: 283px) 100vw, 283px\" \/><\/p>\n<p>&nbsp;<\/p>\n<ul>\n<li style=\"text-align: left;\">Local ferm\u00e9 \u00e0 clef,<\/li>\n<li style=\"text-align: left;\">R\u00e2telier au sol, en acier galvanis\u00e9, support pour cinq v\u00e9los.<\/li>\n<li style=\"text-align: left;\">Un robinet et son tuyau pour un nettoyage \u00e9ventuel de votre VTT.<\/li>\n<li>Local pouvant servir pour entreposer mat\u00e9riel ou \u00e9quipement de p\u00e8che&#8230;<\/li>\n<\/ul>\n<p style=\"text-align: center;\"><img loading=\"lazy\" decoding=\"async\" class=\"aligncenter size-full wp-image-82\" src=\"http:\/\/www.lamaisondabel.fr\/wp-content\/uploads\/2019\/03\/rack_velos.jpg\" alt=\"\" width=\"200\" height=\"200\" srcset=\"https:\/\/www.lamaisondabel.fr\/wp-content\/uploads\/2019\/03\/rack_velos.jpg 200w, https:\/\/www.lamaisondabel.fr\/wp-content\/uploads\/2019\/03\/rack_velos-150x150.jpg 150w\" sizes=\"(max-width: 200px) 100vw, 200px\" \/><\/p>\n<p>&nbsp;<\/p>\n<p style=\"text-align: center;\"><a href=\"http:\/\/www.lamaisondabel.fr\/index.php\/vtt-velo-randonnees\/\">Vers la page v\u00e9los &#8211; VTT\u00a0 -Randonn\u00e9es<\/a><\/p>\n<p style=\"text-align: center;\">\u00a0<\/p>\n","protected":false},"excerpt":{"rendered":"<p>Pour ranger les v\u00e9los durant votre s\u00e9jour vous disposez d&#8217;un local d\u00e9di\u00e9. &nbsp; &nbsp; Local ferm\u00e9 \u00e0 clef, R\u00e2telier au sol, en acier galvanis\u00e9, support pour cinq v\u00e9los. Un robinet et son tuyau pour un nettoyage \u00e9ventuel de votre VTT. Local pouvant servir pour entreposer mat\u00e9riel ou \u00e9quipement de p\u00e8che&#8230; &nbsp; Vers la page v\u00e9los [&hellip;]<\/p>\n","protected":false},"author":1,"featured_media":0,"parent":0,"menu_order":0,"comment_status":"closed","ping_status":"closed","template":"","meta":{"footnotes":""},"wppr_data":{"cwp_meta_box_check":"No"},"yoast_head":"<!-- This site is optimized with the Yoast SEO plugin v22.8 - https:\/\/yoast.com\/wordpress\/plugins\/seo\/ -->\n<title>Local \u00e0 v\u00e9los - La Maison d&#039;Abel<\/title>\n<meta name=\"robots\" content=\"index, follow, max-snippet:-1, max-image-preview:large, max-video-preview:-1\" \/>\n<link rel=\"canonical\" href=\"https:\/\/www.lamaisondabel.fr\/index.php\/local-a-velos\/\" \/>\n<meta property=\"og:locale\" content=\"fr_FR\" \/>\n<meta property=\"og:type\" content=\"article\" \/>\n<meta property=\"og:title\" content=\"Local \u00e0 v\u00e9los - La Maison d&#039;Abel\" \/>\n<meta property=\"og:description\" content=\"Pour ranger les v\u00e9los durant votre s\u00e9jour vous disposez d&#8217;un local d\u00e9di\u00e9. &nbsp; &nbsp; Local ferm\u00e9 \u00e0 clef, R\u00e2telier au sol, en acier galvanis\u00e9, support pour cinq v\u00e9los. Un robinet et son tuyau pour un nettoyage \u00e9ventuel de votre VTT. Local pouvant servir pour entreposer mat\u00e9riel ou \u00e9quipement de p\u00e8che&#8230; &nbsp; Vers la page v\u00e9los [&hellip;]\" \/>\n<meta property=\"og:url\" content=\"https:\/\/www.lamaisondabel.fr\/index.php\/local-a-velos\/\" \/>\n<meta property=\"og:site_name\" content=\"La Maison d&#039;Abel\" \/>\n<meta property=\"article:modified_time\" content=\"2019-03-26T13:01:20+00:00\" \/>\n<meta property=\"og:image\" content=\"http:\/\/www.lamaisondabel.fr\/wp-content\/uploads\/2019\/03\/vtt.jpg\" \/>\n<meta name=\"twitter:card\" content=\"summary_large_image\" \/>\n<script type=\"application\/ld+json\" class=\"yoast-schema-graph\">{\"@context\":\"https:\/\/schema.org\",\"@graph\":[{\"@type\":\"WebPage\",\"@id\":\"https:\/\/www.lamaisondabel.fr\/index.php\/local-a-velos\/\",\"url\":\"https:\/\/www.lamaisondabel.fr\/index.php\/local-a-velos\/\",\"name\":\"Local \u00e0 v\u00e9los - La Maison d&#039;Abel\",\"isPartOf\":{\"@id\":\"https:\/\/www.lamaisondabel.fr\/#website\"},\"primaryImageOfPage\":{\"@id\":\"https:\/\/www.lamaisondabel.fr\/index.php\/local-a-velos\/#primaryimage\"},\"image\":{\"@id\":\"https:\/\/www.lamaisondabel.fr\/index.php\/local-a-velos\/#primaryimage\"},\"thumbnailUrl\":\"http:\/\/www.lamaisondabel.fr\/wp-content\/uploads\/2019\/03\/vtt.jpg\",\"datePublished\":\"2019-03-03T17:35:37+00:00\",\"dateModified\":\"2019-03-26T13:01:20+00:00\",\"breadcrumb\":{\"@id\":\"https:\/\/www.lamaisondabel.fr\/index.php\/local-a-velos\/#breadcrumb\"},\"inLanguage\":\"fr-FR\",\"potentialAction\":[{\"@type\":\"ReadAction\",\"target\":[\"https:\/\/www.lamaisondabel.fr\/index.php\/local-a-velos\/\"]}]},{\"@type\":\"ImageObject\",\"inLanguage\":\"fr-FR\",\"@id\":\"https:\/\/www.lamaisondabel.fr\/index.php\/local-a-velos\/#primaryimage\",\"url\":\"https:\/\/www.lamaisondabel.fr\/wp-content\/uploads\/2019\/03\/vtt.jpg\",\"contentUrl\":\"https:\/\/www.lamaisondabel.fr\/wp-content\/uploads\/2019\/03\/vtt.jpg\",\"width\":283,\"height\":178},{\"@type\":\"BreadcrumbList\",\"@id\":\"https:\/\/www.lamaisondabel.fr\/index.php\/local-a-velos\/#breadcrumb\",\"itemListElement\":[{\"@type\":\"ListItem\",\"position\":1,\"name\":\"Accueil\",\"item\":\"https:\/\/www.lamaisondabel.fr\/\"},{\"@type\":\"ListItem\",\"position\":2,\"name\":\"Local \u00e0 v\u00e9los\"}]},{\"@type\":\"WebSite\",\"@id\":\"https:\/\/www.lamaisondabel.fr\/#website\",\"url\":\"https:\/\/www.lamaisondabel.fr\/\",\"name\":\"La Maison d&#039;Abel\",\"description\":\"Lac du Salagou - Maison en location saisonni\u00e8re - Ouvert toute l&#039;ann\u00e9e.\",\"potentialAction\":[{\"@type\":\"SearchAction\",\"target\":{\"@type\":\"EntryPoint\",\"urlTemplate\":\"https:\/\/www.lamaisondabel.fr\/?s={search_term_string}\"},\"query-input\":\"required name=search_term_string\"}],\"inLanguage\":\"fr-FR\"}]}<\/script>\n<!-- \/ Yoast SEO plugin. -->","yoast_head_json":{"title":"Local \u00e0 v\u00e9los - La Maison d&#039;Abel","robots":{"index":"index","follow":"follow","max-snippet":"max-snippet:-1","max-image-preview":"max-image-preview:large","max-video-preview":"max-video-preview:-1"},"canonical":"https:\/\/www.lamaisondabel.fr\/index.php\/local-a-velos\/","og_locale":"fr_FR","og_type":"article","og_title":"Local \u00e0 v\u00e9los - La Maison d&#039;Abel","og_description":"Pour ranger les v\u00e9los durant votre s\u00e9jour vous disposez d&#8217;un local d\u00e9di\u00e9. &nbsp; &nbsp; Local ferm\u00e9 \u00e0 clef, R\u00e2telier au sol, en acier galvanis\u00e9, support pour cinq v\u00e9los. Un robinet et son tuyau pour un nettoyage \u00e9ventuel de votre VTT. Local pouvant servir pour entreposer mat\u00e9riel ou \u00e9quipement de p\u00e8che&#8230; &nbsp; Vers la page v\u00e9los [&hellip;]","og_url":"https:\/\/www.lamaisondabel.fr\/index.php\/local-a-velos\/","og_site_name":"La Maison d&#039;Abel","article_modified_time":"2019-03-26T13:01:20+00:00","og_image":[{"url":"http:\/\/www.lamaisondabel.fr\/wp-content\/uploads\/2019\/03\/vtt.jpg"}],"twitter_card":"summary_large_image","schema":{"@context":"https:\/\/schema.org","@graph":[{"@type":"WebPage","@id":"https:\/\/www.lamaisondabel.fr\/index.php\/local-a-velos\/","url":"https:\/\/www.lamaisondabel.fr\/index.php\/local-a-velos\/","name":"Local \u00e0 v\u00e9los - La Maison d&#039;Abel","isPartOf":{"@id":"https:\/\/www.lamaisondabel.fr\/#website"},"primaryImageOfPage":{"@id":"https:\/\/www.lamaisondabel.fr\/index.php\/local-a-velos\/#primaryimage"},"image":{"@id":"https:\/\/www.lamaisondabel.fr\/index.php\/local-a-velos\/#primaryimage"},"thumbnailUrl":"http:\/\/www.lamaisondabel.fr\/wp-content\/uploads\/2019\/03\/vtt.jpg","datePublished":"2019-03-03T17:35:37+00:00","dateModified":"2019-03-26T13:01:20+00:00","breadcrumb":{"@id":"https:\/\/www.lamaisondabel.fr\/index.php\/local-a-velos\/#breadcrumb"},"inLanguage":"fr-FR","potentialAction":[{"@type":"ReadAction","target":["https:\/\/www.lamaisondabel.fr\/index.php\/local-a-velos\/"]}]},{"@type":"ImageObject","inLanguage":"fr-FR","@id":"https:\/\/www.lamaisondabel.fr\/index.php\/local-a-velos\/#primaryimage","url":"https:\/\/www.lamaisondabel.fr\/wp-content\/uploads\/2019\/03\/vtt.jpg","contentUrl":"https:\/\/www.lamaisondabel.fr\/wp-content\/uploads\/2019\/03\/vtt.jpg","width":283,"height":178},{"@type":"BreadcrumbList","@id":"https:\/\/www.lamaisondabel.fr\/index.php\/local-a-velos\/#breadcrumb","itemListElement":[{"@type":"ListItem","position":1,"name":"Accueil","item":"https:\/\/www.lamaisondabel.fr\/"},{"@type":"ListItem","position":2,"name":"Local \u00e0 v\u00e9los"}]},{"@type":"WebSite","@id":"https:\/\/www.lamaisondabel.fr\/#website","url":"https:\/\/www.lamaisondabel.fr\/","name":"La Maison d&#039;Abel","description":"Lac du Salagou - Maison en location saisonni\u00e8re - Ouvert toute l&#039;ann\u00e9e.","potentialAction":[{"@type":"SearchAction","target":{"@type":"EntryPoint","urlTemplate":"https:\/\/www.lamaisondabel.fr\/?s={search_term_string}"},"query-input":"required name=search_term_string"}],"inLanguage":"fr-FR"}]}},"_links":{"self":[{"href":"https:\/\/www.lamaisondabel.fr\/index.php\/wp-json\/wp\/v2\/pages\/80"}],"collection":[{"href":"https:\/\/www.lamaisondabel.fr\/index.php\/wp-json\/wp\/v2\/pages"}],"about":[{"href":"https:\/\/www.lamaisondabel.fr\/index.php\/wp-json\/wp\/v2\/types\/page"}],"author":[{"embeddable":true,"href":"https:\/\/www.lamaisondabel.fr\/index.php\/wp-json\/wp\/v2\/users\/1"}],"replies":[{"embeddable":true,"href":"https:\/\/www.lamaisondabel.fr\/index.php\/wp-json\/wp\/v2\/comments?post=80"}],"version-history":[{"count":10,"href":"https:\/\/www.lamaisondabel.fr\/index.php\/wp-json\/wp\/v2\/pages\/80\/revisions"}],"predecessor-version":[{"id":1554,"href":"https:\/\/www.lamaisondabel.fr\/index.php\/wp-json\/wp\/v2\/pages\/80\/revisions\/1554"}],"wp:attachment":[{"href":"https:\/\/www.lamaisondabel.fr\/index.php\/wp-json\/wp\/v2\/media?parent=80"}],"curies":[{"name":"wp","href":"https:\/\/api.w.org\/{rel}","templated":true}]}}