{"id":84,"date":"2019-03-03T17:37:36","date_gmt":"2019-03-03T17:37:36","guid":{"rendered":"http:\/\/www.lamaisondabel.fr\/wordpress_o\/?page_id=84"},"modified":"2019-03-04T17:50:31","modified_gmt":"2019-03-04T17:50:31","slug":"les-dispositifs-de-securite","status":"publish","type":"page","link":"https:\/\/www.lamaisondabel.fr\/index.php\/les-dispositifs-de-securite\/","title":{"rendered":"Les dispositifs de s\u00e9curit\u00e9"},"content":{"rendered":"<p id=\"h.p_KdaOpwTcMHx4\" class=\"zfr3Q\">Pour votre s\u00e9curit\u00e9 :<\/p>\n<ul class=\"n8H08c UVNKR\">\n<li id=\"h.p_qOe_-isxMV7t\" class=\"zfr3Q TYR86d\">Un extincteur sp\u00e9cial habitation dans le couloir<\/li>\n<li id=\"h.p_PYxtemRLMJrE\" class=\"zfr3Q TYR86d\">3 d\u00e9tecteurs de fum\u00e9e (un dans les combles &#8211; deux dans le logement)<\/li>\n<li id=\"h.p_AaRnM0vOMRFc\" class=\"zfr3Q TYR86d\">Un d\u00e9tecteur de monoxyde carbone avec affichage digital<\/li>\n<li id=\"h.p_AB8BLYraVmzy\" class=\"zfr3Q TYR86d\">Un <a class=\"dhtgD\" href=\"http:\/\/www.lamaisondabel.fr\/wordpress_o\/index.php\/rangement-securise-coffre\/\">coffre<\/a> fort \u00e0 clef<\/li>\n<li id=\"h.p_glNgPsmDbOR-\" class=\"zfr3Q TYR86d\">Un petit coffre \u00e0 clefs ou autres (coffre Master lock \u00e0 code)<\/li>\n<li id=\"h.p_ZCfNU9AwVn6t\" class=\"zfr3Q TYR86d\">Une armoire renforc\u00e9e type armoire \u00e0 fusils<\/li>\n<li>Une trousse de secours (pharmacie)<\/li>\n<\/ul>\n<p>&nbsp;<\/p>\n<p><img loading=\"lazy\" decoding=\"async\" class=\"aligncenter size-full wp-image-497\" src=\"http:\/\/www.lamaisondabel.fr\/wordpress_o\/wp-content\/uploads\/2019\/03\/securite_1.jpg\" alt=\"\" width=\"170\" height=\"186\" srcset=\"https:\/\/www.lamaisondabel.fr\/wp-content\/uploads\/2019\/03\/securite_1.jpg 170w, https:\/\/www.lamaisondabel.fr\/wp-content\/uploads\/2019\/03\/securite_1-46x50.jpg 46w\" sizes=\"(max-width: 170px) 100vw, 170px\" \/> <img loading=\"lazy\" decoding=\"async\" class=\"aligncenter size-medium wp-image-498\" src=\"http:\/\/www.lamaisondabel.fr\/wordpress_o\/wp-content\/uploads\/2019\/03\/securite_2.jpg\" alt=\"\" width=\"170\" height=\"178\" srcset=\"https:\/\/www.lamaisondabel.fr\/wp-content\/uploads\/2019\/03\/securite_2.jpg 170w, https:\/\/www.lamaisondabel.fr\/wp-content\/uploads\/2019\/03\/securite_2-48x50.jpg 48w\" sizes=\"(max-width: 170px) 100vw, 170px\" \/> <img loading=\"lazy\" decoding=\"async\" class=\"aligncenter size-medium wp-image-499\" src=\"http:\/\/www.lamaisondabel.fr\/wordpress_o\/wp-content\/uploads\/2019\/03\/securite_3.jpg\" alt=\"\" width=\"155\" height=\"230\" srcset=\"https:\/\/www.lamaisondabel.fr\/wp-content\/uploads\/2019\/03\/securite_3.jpg 155w, https:\/\/www.lamaisondabel.fr\/wp-content\/uploads\/2019\/03\/securite_3-34x50.jpg 34w\" sizes=\"(max-width: 155px) 100vw, 155px\" \/><img loading=\"lazy\" decoding=\"async\" class=\"wp-image-278 aligncenter\" src=\"http:\/\/www.lamaisondabel.fr\/wordpress_o\/wp-content\/uploads\/2019\/03\/trousse-de-secours-300x300.jpg\" alt=\"\" width=\"233\" height=\"233\" srcset=\"https:\/\/www.lamaisondabel.fr\/wp-content\/uploads\/2019\/03\/trousse-de-secours-300x300.jpg 300w, https:\/\/www.lamaisondabel.fr\/wp-content\/uploads\/2019\/03\/trousse-de-secours-150x150.jpg 150w, https:\/\/www.lamaisondabel.fr\/wp-content\/uploads\/2019\/03\/trousse-de-secours-768x768.jpg 768w, https:\/\/www.lamaisondabel.fr\/wp-content\/uploads\/2019\/03\/trousse-de-secours-50x50.jpg 50w, https:\/\/www.lamaisondabel.fr\/wp-content\/uploads\/2019\/03\/trousse-de-secours.jpg 800w\" sizes=\"(max-width: 233px) 100vw, 233px\" \/><\/p>\n","protected":false},"excerpt":{"rendered":"<p>Pour votre s\u00e9curit\u00e9 : Un extincteur sp\u00e9cial habitation dans le couloir 3 d\u00e9tecteurs de fum\u00e9e (un dans les combles &#8211; deux dans le logement) Un d\u00e9tecteur de monoxyde carbone avec affichage digital Un coffre fort \u00e0 clef Un petit coffre \u00e0 clefs ou autres (coffre Master lock \u00e0 code) Une armoire renforc\u00e9e type armoire \u00e0 [&hellip;]<\/p>\n","protected":false},"author":1,"featured_media":0,"parent":0,"menu_order":0,"comment_status":"closed","ping_status":"closed","template":"","meta":{"footnotes":""},"wppr_data":{"cwp_meta_box_check":"No"},"yoast_head":"<!-- This site is optimized with the Yoast SEO plugin v22.8 - https:\/\/yoast.com\/wordpress\/plugins\/seo\/ -->\n<title>Les dispositifs de s\u00e9curit\u00e9 - La Maison d&#039;Abel<\/title>\n<meta name=\"robots\" content=\"index, follow, max-snippet:-1, max-image-preview:large, max-video-preview:-1\" \/>\n<link rel=\"canonical\" href=\"https:\/\/www.lamaisondabel.fr\/index.php\/les-dispositifs-de-securite\/\" \/>\n<meta property=\"og:locale\" content=\"fr_FR\" \/>\n<meta property=\"og:type\" content=\"article\" \/>\n<meta property=\"og:title\" content=\"Les dispositifs de s\u00e9curit\u00e9 - La Maison d&#039;Abel\" \/>\n<meta property=\"og:description\" content=\"Pour votre s\u00e9curit\u00e9 : Un extincteur sp\u00e9cial habitation dans le couloir 3 d\u00e9tecteurs de fum\u00e9e (un dans les combles &#8211; deux dans le logement) Un d\u00e9tecteur de monoxyde carbone avec affichage digital Un coffre fort \u00e0 clef Un petit coffre \u00e0 clefs ou autres (coffre Master lock \u00e0 code) Une armoire renforc\u00e9e type armoire \u00e0 [&hellip;]\" \/>\n<meta property=\"og:url\" content=\"https:\/\/www.lamaisondabel.fr\/index.php\/les-dispositifs-de-securite\/\" \/>\n<meta property=\"og:site_name\" content=\"La Maison d&#039;Abel\" \/>\n<meta property=\"article:modified_time\" content=\"2019-03-04T17:50:31+00:00\" \/>\n<meta property=\"og:image\" content=\"http:\/\/www.lamaisondabel.fr\/wordpress_o\/wp-content\/uploads\/2019\/03\/securite_1.jpg\" \/>\n<meta name=\"twitter:card\" content=\"summary_large_image\" \/>\n<script type=\"application\/ld+json\" class=\"yoast-schema-graph\">{\"@context\":\"https:\/\/schema.org\",\"@graph\":[{\"@type\":\"WebPage\",\"@id\":\"https:\/\/www.lamaisondabel.fr\/index.php\/les-dispositifs-de-securite\/\",\"url\":\"https:\/\/www.lamaisondabel.fr\/index.php\/les-dispositifs-de-securite\/\",\"name\":\"Les dispositifs de s\u00e9curit\u00e9 - La Maison d&#039;Abel\",\"isPartOf\":{\"@id\":\"https:\/\/www.lamaisondabel.fr\/#website\"},\"primaryImageOfPage\":{\"@id\":\"https:\/\/www.lamaisondabel.fr\/index.php\/les-dispositifs-de-securite\/#primaryimage\"},\"image\":{\"@id\":\"https:\/\/www.lamaisondabel.fr\/index.php\/les-dispositifs-de-securite\/#primaryimage\"},\"thumbnailUrl\":\"http:\/\/www.lamaisondabel.fr\/wordpress_o\/wp-content\/uploads\/2019\/03\/securite_1.jpg\",\"datePublished\":\"2019-03-03T17:37:36+00:00\",\"dateModified\":\"2019-03-04T17:50:31+00:00\",\"breadcrumb\":{\"@id\":\"https:\/\/www.lamaisondabel.fr\/index.php\/les-dispositifs-de-securite\/#breadcrumb\"},\"inLanguage\":\"fr-FR\",\"potentialAction\":[{\"@type\":\"ReadAction\",\"target\":[\"https:\/\/www.lamaisondabel.fr\/index.php\/les-dispositifs-de-securite\/\"]}]},{\"@type\":\"ImageObject\",\"inLanguage\":\"fr-FR\",\"@id\":\"https:\/\/www.lamaisondabel.fr\/index.php\/les-dispositifs-de-securite\/#primaryimage\",\"url\":\"https:\/\/www.lamaisondabel.fr\/wp-content\/uploads\/2019\/03\/securite_1.jpg\",\"contentUrl\":\"https:\/\/www.lamaisondabel.fr\/wp-content\/uploads\/2019\/03\/securite_1.jpg\",\"width\":170,\"height\":186},{\"@type\":\"BreadcrumbList\",\"@id\":\"https:\/\/www.lamaisondabel.fr\/index.php\/les-dispositifs-de-securite\/#breadcrumb\",\"itemListElement\":[{\"@type\":\"ListItem\",\"position\":1,\"name\":\"Accueil\",\"item\":\"https:\/\/www.lamaisondabel.fr\/\"},{\"@type\":\"ListItem\",\"position\":2,\"name\":\"Les dispositifs de s\u00e9curit\u00e9\"}]},{\"@type\":\"WebSite\",\"@id\":\"https:\/\/www.lamaisondabel.fr\/#website\",\"url\":\"https:\/\/www.lamaisondabel.fr\/\",\"name\":\"La Maison d&#039;Abel\",\"description\":\"Lac du Salagou - Maison en location saisonni\u00e8re - Ouvert toute l&#039;ann\u00e9e.\",\"potentialAction\":[{\"@type\":\"SearchAction\",\"target\":{\"@type\":\"EntryPoint\",\"urlTemplate\":\"https:\/\/www.lamaisondabel.fr\/?s={search_term_string}\"},\"query-input\":\"required name=search_term_string\"}],\"inLanguage\":\"fr-FR\"}]}<\/script>\n<!-- \/ Yoast SEO plugin. -->","yoast_head_json":{"title":"Les dispositifs de s\u00e9curit\u00e9 - La Maison d&#039;Abel","robots":{"index":"index","follow":"follow","max-snippet":"max-snippet:-1","max-image-preview":"max-image-preview:large","max-video-preview":"max-video-preview:-1"},"canonical":"https:\/\/www.lamaisondabel.fr\/index.php\/les-dispositifs-de-securite\/","og_locale":"fr_FR","og_type":"article","og_title":"Les dispositifs de s\u00e9curit\u00e9 - La Maison d&#039;Abel","og_description":"Pour votre s\u00e9curit\u00e9 : Un extincteur sp\u00e9cial habitation dans le couloir 3 d\u00e9tecteurs de fum\u00e9e (un dans les combles &#8211; deux dans le logement) Un d\u00e9tecteur de monoxyde carbone avec affichage digital Un coffre fort \u00e0 clef Un petit coffre \u00e0 clefs ou autres (coffre Master lock \u00e0 code) Une armoire renforc\u00e9e type armoire \u00e0 [&hellip;]","og_url":"https:\/\/www.lamaisondabel.fr\/index.php\/les-dispositifs-de-securite\/","og_site_name":"La Maison d&#039;Abel","article_modified_time":"2019-03-04T17:50:31+00:00","og_image":[{"url":"http:\/\/www.lamaisondabel.fr\/wordpress_o\/wp-content\/uploads\/2019\/03\/securite_1.jpg"}],"twitter_card":"summary_large_image","schema":{"@context":"https:\/\/schema.org","@graph":[{"@type":"WebPage","@id":"https:\/\/www.lamaisondabel.fr\/index.php\/les-dispositifs-de-securite\/","url":"https:\/\/www.lamaisondabel.fr\/index.php\/les-dispositifs-de-securite\/","name":"Les dispositifs de s\u00e9curit\u00e9 - La Maison d&#039;Abel","isPartOf":{"@id":"https:\/\/www.lamaisondabel.fr\/#website"},"primaryImageOfPage":{"@id":"https:\/\/www.lamaisondabel.fr\/index.php\/les-dispositifs-de-securite\/#primaryimage"},"image":{"@id":"https:\/\/www.lamaisondabel.fr\/index.php\/les-dispositifs-de-securite\/#primaryimage"},"thumbnailUrl":"http:\/\/www.lamaisondabel.fr\/wordpress_o\/wp-content\/uploads\/2019\/03\/securite_1.jpg","datePublished":"2019-03-03T17:37:36+00:00","dateModified":"2019-03-04T17:50:31+00:00","breadcrumb":{"@id":"https:\/\/www.lamaisondabel.fr\/index.php\/les-dispositifs-de-securite\/#breadcrumb"},"inLanguage":"fr-FR","potentialAction":[{"@type":"ReadAction","target":["https:\/\/www.lamaisondabel.fr\/index.php\/les-dispositifs-de-securite\/"]}]},{"@type":"ImageObject","inLanguage":"fr-FR","@id":"https:\/\/www.lamaisondabel.fr\/index.php\/les-dispositifs-de-securite\/#primaryimage","url":"https:\/\/www.lamaisondabel.fr\/wp-content\/uploads\/2019\/03\/securite_1.jpg","contentUrl":"https:\/\/www.lamaisondabel.fr\/wp-content\/uploads\/2019\/03\/securite_1.jpg","width":170,"height":186},{"@type":"BreadcrumbList","@id":"https:\/\/www.lamaisondabel.fr\/index.php\/les-dispositifs-de-securite\/#breadcrumb","itemListElement":[{"@type":"ListItem","position":1,"name":"Accueil","item":"https:\/\/www.lamaisondabel.fr\/"},{"@type":"ListItem","position":2,"name":"Les dispositifs de s\u00e9curit\u00e9"}]},{"@type":"WebSite","@id":"https:\/\/www.lamaisondabel.fr\/#website","url":"https:\/\/www.lamaisondabel.fr\/","name":"La Maison d&#039;Abel","description":"Lac du Salagou - Maison en location saisonni\u00e8re - Ouvert toute l&#039;ann\u00e9e.","potentialAction":[{"@type":"SearchAction","target":{"@type":"EntryPoint","urlTemplate":"https:\/\/www.lamaisondabel.fr\/?s={search_term_string}"},"query-input":"required name=search_term_string"}],"inLanguage":"fr-FR"}]}},"_links":{"self":[{"href":"https:\/\/www.lamaisondabel.fr\/index.php\/wp-json\/wp\/v2\/pages\/84"}],"collection":[{"href":"https:\/\/www.lamaisondabel.fr\/index.php\/wp-json\/wp\/v2\/pages"}],"about":[{"href":"https:\/\/www.lamaisondabel.fr\/index.php\/wp-json\/wp\/v2\/types\/page"}],"author":[{"embeddable":true,"href":"https:\/\/www.lamaisondabel.fr\/index.php\/wp-json\/wp\/v2\/users\/1"}],"replies":[{"embeddable":true,"href":"https:\/\/www.lamaisondabel.fr\/index.php\/wp-json\/wp\/v2\/comments?post=84"}],"version-history":[{"count":6,"href":"https:\/\/www.lamaisondabel.fr\/index.php\/wp-json\/wp\/v2\/pages\/84\/revisions"}],"predecessor-version":[{"id":500,"href":"https:\/\/www.lamaisondabel.fr\/index.php\/wp-json\/wp\/v2\/pages\/84\/revisions\/500"}],"wp:attachment":[{"href":"https:\/\/www.lamaisondabel.fr\/index.php\/wp-json\/wp\/v2\/media?parent=84"}],"curies":[{"name":"wp","href":"https:\/\/api.w.org\/{rel}","templated":true}]}}