{"id":915,"date":"2019-03-08T08:43:42","date_gmt":"2019-03-08T08:43:42","guid":{"rendered":"http:\/\/www.lamaisondabel.fr\/?page_id=915"},"modified":"2024-05-10T13:21:22","modified_gmt":"2024-05-10T13:21:22","slug":"peche","status":"publish","type":"page","link":"https:\/\/www.lamaisondabel.fr\/index.php\/peche\/","title":{"rendered":"P\u00eache"},"content":{"rendered":"<p style=\"text-align: center;\">Lac du Salagou<\/p>\n<p style=\"text-align: center;\">Rivi\u00e8re La Lergue (KILL)<\/p>\n<hr \/>\n<p style=\"text-align: center;\">Le local \u00e0 v\u00e9lo est ferm\u00e9 \u00e0 clef\u00a0 de la Maison d&#8217;Abel vous permettra de ranger votre mat\u00e9riel de retour de la p\u00eache. Robinet et tuyau d&#8217;eau pour le nettoyage.<\/p>\n<hr \/>\n<p style=\"text-align: center;\"><a href=\"https:\/\/www.pecheherault.com\/\" target=\"_blank\" rel=\"noopener noreferrer\">Lien vers F\u00e9d\u00e9ration de la p\u00e8che de l&#8217;H\u00e9rault<\/a><\/p>\n<hr \/>\n<p style=\"text-align: center;\">\u00a0<\/p>\n<hr \/>\n<p>&nbsp;<\/p>\n","protected":false},"excerpt":{"rendered":"<p>Lac du Salagou Rivi\u00e8re La Lergue (KILL) Le local \u00e0 v\u00e9lo est ferm\u00e9 \u00e0 clef\u00a0 de la Maison d&#8217;Abel vous permettra de ranger votre mat\u00e9riel de retour de la p\u00eache. Robinet et tuyau d&#8217;eau pour le nettoyage. Lien vers F\u00e9d\u00e9ration de la p\u00e8che de l&#8217;H\u00e9rault \u00a0 &nbsp;<\/p>\n","protected":false},"author":1,"featured_media":0,"parent":0,"menu_order":0,"comment_status":"closed","ping_status":"closed","template":"","meta":{"footnotes":""},"wppr_data":{"cwp_meta_box_check":"No"},"yoast_head":"<!-- This site is optimized with the Yoast SEO plugin v22.8 - https:\/\/yoast.com\/wordpress\/plugins\/seo\/ -->\n<title>P\u00eache - La Maison d&#039;Abel<\/title>\n<meta name=\"robots\" content=\"index, follow, max-snippet:-1, max-image-preview:large, max-video-preview:-1\" \/>\n<link rel=\"canonical\" href=\"https:\/\/www.lamaisondabel.fr\/index.php\/peche\/\" \/>\n<meta property=\"og:locale\" content=\"fr_FR\" \/>\n<meta property=\"og:type\" content=\"article\" \/>\n<meta property=\"og:title\" content=\"P\u00eache - La Maison d&#039;Abel\" \/>\n<meta property=\"og:description\" content=\"Lac du Salagou Rivi\u00e8re La Lergue (KILL) Le local \u00e0 v\u00e9lo est ferm\u00e9 \u00e0 clef\u00a0 de la Maison d&#8217;Abel vous permettra de ranger votre mat\u00e9riel de retour de la p\u00eache. Robinet et tuyau d&#8217;eau pour le nettoyage. Lien vers F\u00e9d\u00e9ration de la p\u00e8che de l&#8217;H\u00e9rault \u00a0 &nbsp;\" \/>\n<meta property=\"og:url\" content=\"https:\/\/www.lamaisondabel.fr\/index.php\/peche\/\" \/>\n<meta property=\"og:site_name\" content=\"La Maison d&#039;Abel\" \/>\n<meta property=\"article:modified_time\" content=\"2024-05-10T13:21:22+00:00\" \/>\n<meta name=\"twitter:card\" content=\"summary_large_image\" \/>\n<meta name=\"twitter:label1\" content=\"Dur\u00e9e de lecture estim\u00e9e\" \/>\n\t<meta name=\"twitter:data1\" content=\"1 minute\" \/>\n<script type=\"application\/ld+json\" class=\"yoast-schema-graph\">{\"@context\":\"https:\/\/schema.org\",\"@graph\":[{\"@type\":\"WebPage\",\"@id\":\"https:\/\/www.lamaisondabel.fr\/index.php\/peche\/\",\"url\":\"https:\/\/www.lamaisondabel.fr\/index.php\/peche\/\",\"name\":\"P\u00eache - La Maison d&#039;Abel\",\"isPartOf\":{\"@id\":\"https:\/\/www.lamaisondabel.fr\/#website\"},\"datePublished\":\"2019-03-08T08:43:42+00:00\",\"dateModified\":\"2024-05-10T13:21:22+00:00\",\"breadcrumb\":{\"@id\":\"https:\/\/www.lamaisondabel.fr\/index.php\/peche\/#breadcrumb\"},\"inLanguage\":\"fr-FR\",\"potentialAction\":[{\"@type\":\"ReadAction\",\"target\":[\"https:\/\/www.lamaisondabel.fr\/index.php\/peche\/\"]}]},{\"@type\":\"BreadcrumbList\",\"@id\":\"https:\/\/www.lamaisondabel.fr\/index.php\/peche\/#breadcrumb\",\"itemListElement\":[{\"@type\":\"ListItem\",\"position\":1,\"name\":\"Accueil\",\"item\":\"https:\/\/www.lamaisondabel.fr\/\"},{\"@type\":\"ListItem\",\"position\":2,\"name\":\"P\u00eache\"}]},{\"@type\":\"WebSite\",\"@id\":\"https:\/\/www.lamaisondabel.fr\/#website\",\"url\":\"https:\/\/www.lamaisondabel.fr\/\",\"name\":\"La Maison d&#039;Abel\",\"description\":\"Lac du Salagou - Maison en location saisonni\u00e8re - Ouvert toute l&#039;ann\u00e9e.\",\"potentialAction\":[{\"@type\":\"SearchAction\",\"target\":{\"@type\":\"EntryPoint\",\"urlTemplate\":\"https:\/\/www.lamaisondabel.fr\/?s={search_term_string}\"},\"query-input\":\"required name=search_term_string\"}],\"inLanguage\":\"fr-FR\"}]}<\/script>\n<!-- \/ Yoast SEO plugin. -->","yoast_head_json":{"title":"P\u00eache - La Maison d&#039;Abel","robots":{"index":"index","follow":"follow","max-snippet":"max-snippet:-1","max-image-preview":"max-image-preview:large","max-video-preview":"max-video-preview:-1"},"canonical":"https:\/\/www.lamaisondabel.fr\/index.php\/peche\/","og_locale":"fr_FR","og_type":"article","og_title":"P\u00eache - La Maison d&#039;Abel","og_description":"Lac du Salagou Rivi\u00e8re La Lergue (KILL) Le local \u00e0 v\u00e9lo est ferm\u00e9 \u00e0 clef\u00a0 de la Maison d&#8217;Abel vous permettra de ranger votre mat\u00e9riel de retour de la p\u00eache. Robinet et tuyau d&#8217;eau pour le nettoyage. Lien vers F\u00e9d\u00e9ration de la p\u00e8che de l&#8217;H\u00e9rault \u00a0 &nbsp;","og_url":"https:\/\/www.lamaisondabel.fr\/index.php\/peche\/","og_site_name":"La Maison d&#039;Abel","article_modified_time":"2024-05-10T13:21:22+00:00","twitter_card":"summary_large_image","twitter_misc":{"Dur\u00e9e de lecture estim\u00e9e":"1 minute"},"schema":{"@context":"https:\/\/schema.org","@graph":[{"@type":"WebPage","@id":"https:\/\/www.lamaisondabel.fr\/index.php\/peche\/","url":"https:\/\/www.lamaisondabel.fr\/index.php\/peche\/","name":"P\u00eache - La Maison d&#039;Abel","isPartOf":{"@id":"https:\/\/www.lamaisondabel.fr\/#website"},"datePublished":"2019-03-08T08:43:42+00:00","dateModified":"2024-05-10T13:21:22+00:00","breadcrumb":{"@id":"https:\/\/www.lamaisondabel.fr\/index.php\/peche\/#breadcrumb"},"inLanguage":"fr-FR","potentialAction":[{"@type":"ReadAction","target":["https:\/\/www.lamaisondabel.fr\/index.php\/peche\/"]}]},{"@type":"BreadcrumbList","@id":"https:\/\/www.lamaisondabel.fr\/index.php\/peche\/#breadcrumb","itemListElement":[{"@type":"ListItem","position":1,"name":"Accueil","item":"https:\/\/www.lamaisondabel.fr\/"},{"@type":"ListItem","position":2,"name":"P\u00eache"}]},{"@type":"WebSite","@id":"https:\/\/www.lamaisondabel.fr\/#website","url":"https:\/\/www.lamaisondabel.fr\/","name":"La Maison d&#039;Abel","description":"Lac du Salagou - Maison en location saisonni\u00e8re - Ouvert toute l&#039;ann\u00e9e.","potentialAction":[{"@type":"SearchAction","target":{"@type":"EntryPoint","urlTemplate":"https:\/\/www.lamaisondabel.fr\/?s={search_term_string}"},"query-input":"required name=search_term_string"}],"inLanguage":"fr-FR"}]}},"_links":{"self":[{"href":"https:\/\/www.lamaisondabel.fr\/index.php\/wp-json\/wp\/v2\/pages\/915"}],"collection":[{"href":"https:\/\/www.lamaisondabel.fr\/index.php\/wp-json\/wp\/v2\/pages"}],"about":[{"href":"https:\/\/www.lamaisondabel.fr\/index.php\/wp-json\/wp\/v2\/types\/page"}],"author":[{"embeddable":true,"href":"https:\/\/www.lamaisondabel.fr\/index.php\/wp-json\/wp\/v2\/users\/1"}],"replies":[{"embeddable":true,"href":"https:\/\/www.lamaisondabel.fr\/index.php\/wp-json\/wp\/v2\/comments?post=915"}],"version-history":[{"count":8,"href":"https:\/\/www.lamaisondabel.fr\/index.php\/wp-json\/wp\/v2\/pages\/915\/revisions"}],"predecessor-version":[{"id":2126,"href":"https:\/\/www.lamaisondabel.fr\/index.php\/wp-json\/wp\/v2\/pages\/915\/revisions\/2126"}],"wp:attachment":[{"href":"https:\/\/www.lamaisondabel.fr\/index.php\/wp-json\/wp\/v2\/media?parent=915"}],"curies":[{"name":"wp","href":"https:\/\/api.w.org\/{rel}","templated":true}]}}