{"id":99,"date":"2019-03-03T17:43:18","date_gmt":"2019-03-03T17:43:18","guid":{"rendered":"http:\/\/www.lamaisondabel.fr\/wordpress_o\/?page_id=99"},"modified":"2022-09-18T08:40:00","modified_gmt":"2022-09-18T08:40:00","slug":"la-commubne-le-bosc-34","status":"publish","type":"page","link":"https:\/\/www.lamaisondabel.fr\/index.php\/la-commubne-le-bosc-34\/","title":{"rendered":"La commune Le Bosc 34"},"content":{"rendered":"<p style=\"text-align: center;\"><img loading=\"lazy\" decoding=\"async\" class=\"aligncenter size-full wp-image-1870\" src=\"https:\/\/www.lamaisondabel.fr\/wp-content\/uploads\/2021\/07\/94124118_110159257335856_5401905489166467072_n.jpg\" alt=\"\" width=\"206\" height=\"206\" srcset=\"https:\/\/www.lamaisondabel.fr\/wp-content\/uploads\/2021\/07\/94124118_110159257335856_5401905489166467072_n.jpg 206w, https:\/\/www.lamaisondabel.fr\/wp-content\/uploads\/2021\/07\/94124118_110159257335856_5401905489166467072_n-150x150.jpg 150w, https:\/\/www.lamaisondabel.fr\/wp-content\/uploads\/2021\/07\/94124118_110159257335856_5401905489166467072_n-50x50.jpg 50w\" sizes=\"(max-width: 206px) 100vw, 206px\" \/><\/p>\n<p>&nbsp;<\/p>\n<p id=\"h.p_yP9_hihBgVyL\" class=\"zfr3Q\"><strong>Onze villages ou hameaux dont le hameau de Saint Julien !<\/strong><\/p>\n<p id=\"h.p_eUDA26tQi-sQ\" class=\"zfr3Q\"><strong>Saint Julien est l&#8217;un des plus petit hameau de la commune : une trentaine d&#8217;habitants.<\/strong><\/p>\n<p id=\"h.p_uvuud8jtjExm\" class=\"zfr3Q\"><strong>Le g\u00eete &#8220;La Maison d&#8217;Abel&#8221; est au centre du hameau.<\/strong><\/p>\n<h3 id=\"h.p_wrFVY4bXivRh\" class=\"zfr3Q OmQG5e\">\u00a0<\/h3>\n<div class=\"PwMt2d\">\u00a0<\/div>\n<p id=\"h.p_Td5RMMcchzat\" class=\"zfr3Q\"><a href=\"https:\/\/www.lebosc34.fr\/\" target=\"_blank\" rel=\"noopener noreferrer\">Site officiel de la commune Le Bosc 34700<\/a><\/p>\n<div class=\"PwMt2d\">\n<div class=\"a4qjWd EKJj3b\">\n<div class=\"U26fgb mUbCce fKz7Od LRAOtb JrP5Kb\" role=\"presentation\" aria-describedby=\"h.p_Rb18FYujhwtX\" aria-label=\"Copier le lien du titre\" aria-disabled=\"false\" data-tooltip=\"Copier le lien du titre\" aria-hidden=\"true\" data-tooltip-position=\"top\" data-tooltip-vertical-offset=\"12\" data-tooltip-horizontal-offset=\"0\">\n<div class=\"VTBa7b MbhUzd\"><a href=\"https:\/\/www.facebook.com\/LeBosc34.fr\/\">https:\/\/www.facebook.com\/LeBosc34.fr\/<\/a><\/div>\n<\/div>\n<\/div>\n<p style=\"text-align: center;\"><img loading=\"lazy\" decoding=\"async\" class=\"aligncenter size-full wp-image-1875\" src=\"https:\/\/www.lamaisondabel.fr\/wp-content\/uploads\/2021\/07\/156851560_258728072478973_698520537830325376_n.jpg\" alt=\"\" width=\"206\" height=\"206\" srcset=\"https:\/\/www.lamaisondabel.fr\/wp-content\/uploads\/2021\/07\/156851560_258728072478973_698520537830325376_n.jpg 206w, https:\/\/www.lamaisondabel.fr\/wp-content\/uploads\/2021\/07\/156851560_258728072478973_698520537830325376_n-150x150.jpg 150w, https:\/\/www.lamaisondabel.fr\/wp-content\/uploads\/2021\/07\/156851560_258728072478973_698520537830325376_n-50x50.jpg 50w\" sizes=\"(max-width: 206px) 100vw, 206px\" \/><\/p>\n<p>&nbsp;<\/p>\n<p>Situation g\u00e9ographique<\/p>\n<\/div>\n<ul class=\"n8H08c UVNKR\">\n<li id=\"h.p_SG1la3mbgWsj\" class=\"zfr3Q TYR86d\">La superficie de Le Bosc est de 2813 hectares (28.13 km2)<\/li>\n<li id=\"h.p_H7fJgTdVgX4n\" class=\"zfr3Q TYR86d\">une altitude minimum de 56 m\u00e8tres et un maximum de 432 m\u00e8tres.<\/li>\n<li id=\"h.p_cRjlA-QjgaY3\" class=\"zfr3Q TYR86d\">Le gite : 173 m d&#8217;altitude<\/li>\n<\/ul>\n<div class=\"PwMt2d\">\n<div class=\"a4qjWd EKJj3b\">\n<div class=\"U26fgb mUbCce fKz7Od LRAOtb JrP5Kb\" role=\"presentation\" aria-describedby=\"h.p_n1bhcSNliEJC\" aria-label=\"Copier le lien du titre\" aria-disabled=\"false\" data-tooltip=\"Copier le lien du titre\" aria-hidden=\"true\" data-tooltip-position=\"top\" data-tooltip-vertical-offset=\"12\" data-tooltip-horizontal-offset=\"0\">\n<div class=\"VTBa7b MbhUzd\" style=\"text-align: center;\"><a href=\"https:\/\/www.facebook.com\/LeBosc34.fr\/videos\/652456558726287\/?t=8\">Le Bosc<\/a><\/div>\n<\/div>\n<\/div>\n<p>Le nom des h\u00e2bitants :<\/p>\n<\/div>\n<p id=\"h.p_gGYre1CQg-3Y\" class=\"zfr3Q\">Les habitants de Le Bosc sont les\u00a0<strong>Boscois\u00a0<\/strong>et les<strong>\u00a0Boscoises<\/strong>.<\/p>\n<div class=\"PwMt2d\">\n<div class=\"a4qjWd EKJj3b\">\n<div class=\"U26fgb mUbCce fKz7Od LRAOtb JrP5Kb\" role=\"presentation\" aria-describedby=\"h.p_9Sb33tAtiKXC\" aria-label=\"Copier le lien du titre\" aria-disabled=\"false\" data-tooltip=\"Copier le lien du titre\" aria-hidden=\"true\" data-tooltip-position=\"top\" data-tooltip-vertical-offset=\"12\" data-tooltip-horizontal-offset=\"0\">\n<div class=\"VTBa7b MbhUzd\">\u00a0<\/div>\n<\/div>\n<\/div>\n<p>Statistiques d\u00e9mographiques :<\/p>\n<\/div>\n<p id=\"h.p_ZGlZ2OlKhO4K\" class=\"zfr3Q\">Les derni\u00e8res statistiques d\u00e9mographiques pour la commune de Le Bosc ont \u00e9t\u00e9 fix\u00e9es en 2009 et publi\u00e9es en 2012.<\/p>\n<p id=\"h.p_eHeQnjfShPGN\" class=\"zfr3Q\">Il ressort que la mairie de Le Bosc administre une population totale de 1 195 personnes, avec une densite de 42,48 personnes par km2.<\/p>\n<p id=\"h.p_8OESuEoWhPGN\" class=\"zfr3Q\">A cela il faut soustraire les r\u00e9sidences secondaires (27 personnes) pour constater que la population permanente sur la commune de Le Bosc est de 1 168 habitants.<\/p>\n","protected":false},"excerpt":{"rendered":"<p>&nbsp; Onze villages ou hameaux dont le hameau de Saint Julien ! Saint Julien est l&#8217;un des plus petit hameau de la commune : une trentaine d&#8217;habitants. Le g\u00eete &#8220;La Maison d&#8217;Abel&#8221; est au centre du hameau. \u00a0 \u00a0 Site officiel de la commune Le Bosc 34700 https:\/\/www.facebook.com\/LeBosc34.fr\/ &nbsp; Situation g\u00e9ographique La superficie de Le [&hellip;]<\/p>\n","protected":false},"author":1,"featured_media":0,"parent":0,"menu_order":0,"comment_status":"closed","ping_status":"closed","template":"","meta":{"footnotes":""},"wppr_data":{"cwp_meta_box_check":"No"},"yoast_head":"<!-- This site is optimized with the Yoast SEO plugin v22.8 - https:\/\/yoast.com\/wordpress\/plugins\/seo\/ -->\n<title>La commune Le Bosc 34 - La Maison d&#039;Abel<\/title>\n<meta name=\"robots\" content=\"index, follow, max-snippet:-1, max-image-preview:large, max-video-preview:-1\" \/>\n<link rel=\"canonical\" href=\"https:\/\/www.lamaisondabel.fr\/index.php\/la-commubne-le-bosc-34\/\" \/>\n<meta property=\"og:locale\" content=\"fr_FR\" \/>\n<meta property=\"og:type\" content=\"article\" \/>\n<meta property=\"og:title\" content=\"La commune Le Bosc 34 - La Maison d&#039;Abel\" \/>\n<meta property=\"og:description\" content=\"&nbsp; Onze villages ou hameaux dont le hameau de Saint Julien ! Saint Julien est l&#8217;un des plus petit hameau de la commune : une trentaine d&#8217;habitants. Le g\u00eete &#8220;La Maison d&#8217;Abel&#8221; est au centre du hameau. \u00a0 \u00a0 Site officiel de la commune Le Bosc 34700 https:\/\/www.facebook.com\/LeBosc34.fr\/ &nbsp; Situation g\u00e9ographique La superficie de Le [&hellip;]\" \/>\n<meta property=\"og:url\" content=\"https:\/\/www.lamaisondabel.fr\/index.php\/la-commubne-le-bosc-34\/\" \/>\n<meta property=\"og:site_name\" content=\"La Maison d&#039;Abel\" \/>\n<meta property=\"article:modified_time\" content=\"2022-09-18T08:40:00+00:00\" \/>\n<meta property=\"og:image\" content=\"https:\/\/www.lamaisondabel.fr\/wp-content\/uploads\/2021\/07\/94124118_110159257335856_5401905489166467072_n.jpg\" \/>\n<meta name=\"twitter:card\" content=\"summary_large_image\" \/>\n<meta name=\"twitter:label1\" content=\"Dur\u00e9e de lecture estim\u00e9e\" \/>\n\t<meta name=\"twitter:data1\" content=\"2 minutes\" \/>\n<script type=\"application\/ld+json\" class=\"yoast-schema-graph\">{\"@context\":\"https:\/\/schema.org\",\"@graph\":[{\"@type\":\"WebPage\",\"@id\":\"https:\/\/www.lamaisondabel.fr\/index.php\/la-commubne-le-bosc-34\/\",\"url\":\"https:\/\/www.lamaisondabel.fr\/index.php\/la-commubne-le-bosc-34\/\",\"name\":\"La commune Le Bosc 34 - La Maison d&#039;Abel\",\"isPartOf\":{\"@id\":\"https:\/\/www.lamaisondabel.fr\/#website\"},\"primaryImageOfPage\":{\"@id\":\"https:\/\/www.lamaisondabel.fr\/index.php\/la-commubne-le-bosc-34\/#primaryimage\"},\"image\":{\"@id\":\"https:\/\/www.lamaisondabel.fr\/index.php\/la-commubne-le-bosc-34\/#primaryimage\"},\"thumbnailUrl\":\"https:\/\/www.lamaisondabel.fr\/wp-content\/uploads\/2021\/07\/94124118_110159257335856_5401905489166467072_n.jpg\",\"datePublished\":\"2019-03-03T17:43:18+00:00\",\"dateModified\":\"2022-09-18T08:40:00+00:00\",\"breadcrumb\":{\"@id\":\"https:\/\/www.lamaisondabel.fr\/index.php\/la-commubne-le-bosc-34\/#breadcrumb\"},\"inLanguage\":\"fr-FR\",\"potentialAction\":[{\"@type\":\"ReadAction\",\"target\":[\"https:\/\/www.lamaisondabel.fr\/index.php\/la-commubne-le-bosc-34\/\"]}]},{\"@type\":\"ImageObject\",\"inLanguage\":\"fr-FR\",\"@id\":\"https:\/\/www.lamaisondabel.fr\/index.php\/la-commubne-le-bosc-34\/#primaryimage\",\"url\":\"https:\/\/www.lamaisondabel.fr\/wp-content\/uploads\/2021\/07\/94124118_110159257335856_5401905489166467072_n.jpg\",\"contentUrl\":\"https:\/\/www.lamaisondabel.fr\/wp-content\/uploads\/2021\/07\/94124118_110159257335856_5401905489166467072_n.jpg\",\"width\":206,\"height\":206},{\"@type\":\"BreadcrumbList\",\"@id\":\"https:\/\/www.lamaisondabel.fr\/index.php\/la-commubne-le-bosc-34\/#breadcrumb\",\"itemListElement\":[{\"@type\":\"ListItem\",\"position\":1,\"name\":\"Accueil\",\"item\":\"https:\/\/www.lamaisondabel.fr\/\"},{\"@type\":\"ListItem\",\"position\":2,\"name\":\"La commune Le Bosc 34\"}]},{\"@type\":\"WebSite\",\"@id\":\"https:\/\/www.lamaisondabel.fr\/#website\",\"url\":\"https:\/\/www.lamaisondabel.fr\/\",\"name\":\"La Maison d&#039;Abel\",\"description\":\"Lac du Salagou - Maison en location saisonni\u00e8re - Ouvert toute l&#039;ann\u00e9e.\",\"potentialAction\":[{\"@type\":\"SearchAction\",\"target\":{\"@type\":\"EntryPoint\",\"urlTemplate\":\"https:\/\/www.lamaisondabel.fr\/?s={search_term_string}\"},\"query-input\":\"required name=search_term_string\"}],\"inLanguage\":\"fr-FR\"}]}<\/script>\n<!-- \/ Yoast SEO plugin. -->","yoast_head_json":{"title":"La commune Le Bosc 34 - La Maison d&#039;Abel","robots":{"index":"index","follow":"follow","max-snippet":"max-snippet:-1","max-image-preview":"max-image-preview:large","max-video-preview":"max-video-preview:-1"},"canonical":"https:\/\/www.lamaisondabel.fr\/index.php\/la-commubne-le-bosc-34\/","og_locale":"fr_FR","og_type":"article","og_title":"La commune Le Bosc 34 - La Maison d&#039;Abel","og_description":"&nbsp; Onze villages ou hameaux dont le hameau de Saint Julien ! Saint Julien est l&#8217;un des plus petit hameau de la commune : une trentaine d&#8217;habitants. Le g\u00eete &#8220;La Maison d&#8217;Abel&#8221; est au centre du hameau. \u00a0 \u00a0 Site officiel de la commune Le Bosc 34700 https:\/\/www.facebook.com\/LeBosc34.fr\/ &nbsp; Situation g\u00e9ographique La superficie de Le [&hellip;]","og_url":"https:\/\/www.lamaisondabel.fr\/index.php\/la-commubne-le-bosc-34\/","og_site_name":"La Maison d&#039;Abel","article_modified_time":"2022-09-18T08:40:00+00:00","og_image":[{"url":"https:\/\/www.lamaisondabel.fr\/wp-content\/uploads\/2021\/07\/94124118_110159257335856_5401905489166467072_n.jpg"}],"twitter_card":"summary_large_image","twitter_misc":{"Dur\u00e9e de lecture estim\u00e9e":"2 minutes"},"schema":{"@context":"https:\/\/schema.org","@graph":[{"@type":"WebPage","@id":"https:\/\/www.lamaisondabel.fr\/index.php\/la-commubne-le-bosc-34\/","url":"https:\/\/www.lamaisondabel.fr\/index.php\/la-commubne-le-bosc-34\/","name":"La commune Le Bosc 34 - La Maison d&#039;Abel","isPartOf":{"@id":"https:\/\/www.lamaisondabel.fr\/#website"},"primaryImageOfPage":{"@id":"https:\/\/www.lamaisondabel.fr\/index.php\/la-commubne-le-bosc-34\/#primaryimage"},"image":{"@id":"https:\/\/www.lamaisondabel.fr\/index.php\/la-commubne-le-bosc-34\/#primaryimage"},"thumbnailUrl":"https:\/\/www.lamaisondabel.fr\/wp-content\/uploads\/2021\/07\/94124118_110159257335856_5401905489166467072_n.jpg","datePublished":"2019-03-03T17:43:18+00:00","dateModified":"2022-09-18T08:40:00+00:00","breadcrumb":{"@id":"https:\/\/www.lamaisondabel.fr\/index.php\/la-commubne-le-bosc-34\/#breadcrumb"},"inLanguage":"fr-FR","potentialAction":[{"@type":"ReadAction","target":["https:\/\/www.lamaisondabel.fr\/index.php\/la-commubne-le-bosc-34\/"]}]},{"@type":"ImageObject","inLanguage":"fr-FR","@id":"https:\/\/www.lamaisondabel.fr\/index.php\/la-commubne-le-bosc-34\/#primaryimage","url":"https:\/\/www.lamaisondabel.fr\/wp-content\/uploads\/2021\/07\/94124118_110159257335856_5401905489166467072_n.jpg","contentUrl":"https:\/\/www.lamaisondabel.fr\/wp-content\/uploads\/2021\/07\/94124118_110159257335856_5401905489166467072_n.jpg","width":206,"height":206},{"@type":"BreadcrumbList","@id":"https:\/\/www.lamaisondabel.fr\/index.php\/la-commubne-le-bosc-34\/#breadcrumb","itemListElement":[{"@type":"ListItem","position":1,"name":"Accueil","item":"https:\/\/www.lamaisondabel.fr\/"},{"@type":"ListItem","position":2,"name":"La commune Le Bosc 34"}]},{"@type":"WebSite","@id":"https:\/\/www.lamaisondabel.fr\/#website","url":"https:\/\/www.lamaisondabel.fr\/","name":"La Maison d&#039;Abel","description":"Lac du Salagou - Maison en location saisonni\u00e8re - Ouvert toute l&#039;ann\u00e9e.","potentialAction":[{"@type":"SearchAction","target":{"@type":"EntryPoint","urlTemplate":"https:\/\/www.lamaisondabel.fr\/?s={search_term_string}"},"query-input":"required name=search_term_string"}],"inLanguage":"fr-FR"}]}},"_links":{"self":[{"href":"https:\/\/www.lamaisondabel.fr\/index.php\/wp-json\/wp\/v2\/pages\/99"}],"collection":[{"href":"https:\/\/www.lamaisondabel.fr\/index.php\/wp-json\/wp\/v2\/pages"}],"about":[{"href":"https:\/\/www.lamaisondabel.fr\/index.php\/wp-json\/wp\/v2\/types\/page"}],"author":[{"embeddable":true,"href":"https:\/\/www.lamaisondabel.fr\/index.php\/wp-json\/wp\/v2\/users\/1"}],"replies":[{"embeddable":true,"href":"https:\/\/www.lamaisondabel.fr\/index.php\/wp-json\/wp\/v2\/comments?post=99"}],"version-history":[{"count":10,"href":"https:\/\/www.lamaisondabel.fr\/index.php\/wp-json\/wp\/v2\/pages\/99\/revisions"}],"predecessor-version":[{"id":1874,"href":"https:\/\/www.lamaisondabel.fr\/index.php\/wp-json\/wp\/v2\/pages\/99\/revisions\/1874"}],"wp:attachment":[{"href":"https:\/\/www.lamaisondabel.fr\/index.php\/wp-json\/wp\/v2\/media?parent=99"}],"curies":[{"name":"wp","href":"https:\/\/api.w.org\/{rel}","templated":true}]}}